{"id":5207,"date":"2021-08-04T16:35:17","date_gmt":"2021-08-04T16:35:17","guid":{"rendered":"https:\/\/www.unidroit.org\/?page_id=5207"},"modified":"2021-08-04T16:35:22","modified_gmt":"2021-08-04T16:35:22","slug":"affacturage","status":"publish","type":"page","link":"https:\/\/www.unidroit.org\/fr\/etudes\/affacturage\/","title":{"rendered":"Affacturage"},"content":{"rendered":"<div class=\"wpb-content-wrapper\"><p>[vc_row][vc_column css=&#8221;.vc_custom_1490017614850{margin-bottom: 30px !important;}&#8221;][vc_custom_heading text=&#8221;AFFACTURAGE&#8221; font_container=&#8221;tag:h1|text_align:left&#8221; use_theme_fonts=&#8221;yes&#8221; css=&#8221;.vc_custom_1628094945060{margin-top: 0px !important;margin-bottom: 20px !important;}&#8221;][vc_custom_heading text=&#8221;ETUDE LVIII \u2013 LE CONTRAT DE FACTORING INTERNATIONAL (1976 &#8211; 1987)<br \/>\n&#8221; font_container=&#8221;tag:h4|text_align:left&#8221; use_theme_fonts=&#8221;yes&#8221;][\/vc_column][\/vc_row][vc_row css=&#8221;.vc_custom_1622455036974{background-color: #f2f2f2 !important;}&#8221;][vc_column css=&#8221;.vc_custom_1490017614850{margin-bottom: 30px !important;}&#8221;][vc_column_text]<a href=\"https:\/\/www.unidroit.org\/french\/documents\/1987\/etude58\/s-58-34-f.pdf\">UNIDROIT 1987 \u2013 Etude LVIII \u2013 Doc. 34<\/a><\/p>\n<p>Projet de dispositions finales qui pourraient \u00eatre incorpor\u00e9es dans le projet de Convention sur l\u2019affacturage international \u00e9tabli par un comit\u00e9 d\u2019experts gouvernementaux d\u2019UNIDROIT avec Commentaires explicatifs (pr\u00e9par\u00e9 par le Secr\u00e9tariat d\u2019UNIDROIT)<\/p>\n<p>&nbsp;<\/p>\n<p><a href=\"https:\/\/www.unidroit.org\/french\/documents\/1987\/etude58\/s-58-33-f.pdf\">UNIDROIT 1987 \u2013 Etude LVIII \u2013 Doc. 33<\/a><\/p>\n<p>Projet de Convention sur l\u2019affacturage international, tel qu\u2019adopt\u00e9 par un comit\u00e9 d\u2019UNIDROIT d\u2019experts gouvernementaux le 24 avril 1987 et Rapport explicatif pr\u00e9par\u00e9 par le Secr\u00e9tariat d\u2019UNIDROIT<\/p>\n<p>&nbsp;<\/p>\n<p><a href=\"https:\/\/www.unidroit.org\/french\/documents\/1987\/etude58\/s-58-32-f.pdf\">UNIDROIT 1987 \u2013 Etude LVIII \u2013 Doc. 32<\/a><\/p>\n<p>Comit\u00e9 d\u2019experts gouvernementaux charg\u00e9 d\u2019\u00e9laborer un projet de Convention sur certains aspects du factoring international (troisi\u00e8me session, 22-24 avril 1987). Rapport de synth\u00e8se pr\u00e9par\u00e9 par le Secr\u00e9tariat d\u2019UNIDROIT<\/p>\n<p>&nbsp;<\/p>\n<p><a href=\"https:\/\/www.unidroit.org\/french\/documents\/1987\/etude58\/s-58-31-f.pdf\">UNIDROIT 1987 \u2013 Etude LVIII \u2013 Doc. 31<\/a><\/p>\n<p>Comit\u00e9 d\u2019experts gouvernementaux charg\u00e9 d\u2019\u00e9laborer un projet de Convention sur certains aspects du factoring international. Commentaires du Gouvernement des Etats-Unis d\u2019Am\u00e9rique sur le texte de l\u2019avant-projet de Convention sur l\u2019affacturage international et sur les dispositions finales propos\u00e9es<\/p>\n<p>&nbsp;<\/p>\n<p><a href=\"https:\/\/www.unidroit.org\/french\/documents\/1987\/etude58\/s-58-30-f.pdf\">UNIDROIT 1987 \u2013 Etude LVIII \u2013 Doc. 30<\/a><\/p>\n<p>Comit\u00e9 d\u2019experts gouvernementaux charg\u00e9 d\u2019\u00e9laborer un projet de Convention sur certains aspects du factoring international. Commentaires du Gouvernement des Pays-Bas sur le texte de l\u2019avant-projet de Convention sur l\u2019affacturage international et sur les dispositions finales propos\u00e9es<\/p>\n<p>&nbsp;<\/p>\n<p><a href=\"https:\/\/www.unidroit.org\/french\/documents\/1987\/etude58\/s-58-29-f.pdf\">UNIDROIT 1987 \u2013 Etude LVIII \u2013 Doc. 29\u00a0<\/a><\/p>\n<p>Comit\u00e9 d\u2019experts gouvernementaux charg\u00e9 d\u2019\u00e9laborer un projet de Convention sur certains aspects du factoring international. Commentaires des Gouvernements du Danemark et du Japon sur le texte de l\u2019avant-projet de Convention sur l\u2019affacturage international<\/p>\n<p>&nbsp;<\/p>\n<p><a href=\"https:\/\/www.unidroit.org\/french\/documents\/1987\/etude58\/s-58-28-f.pdf\">UNIDROIT 1987 \u2013 Etude LVIII \u2013 Doc. 28<\/a><\/p>\n<p>Comit\u00e9 d\u2019experts gouvernementaux charg\u00e9 d\u2019\u00e9laborer un projet de Convention sur certains aspects du factoring international. Observations des Gouvernements de l\u2019Afrique du Sud et de la Su\u00e8de sur le texte de l\u2019avant-projet de Convention sur l\u2019affacturage international<\/p>\n<p>&nbsp;<\/p>\n<p><a href=\"https:\/\/www.unidroit.org\/french\/documents\/1987\/etude58\/s-58-27-f.pdf\">UNIDROIT 1987 \u2013 Etude LVIII \u2013 Doc. 27<\/a><\/p>\n<p>Comit\u00e9 d\u2019experts gouvernementaux charg\u00e9 d\u2019\u00e9laborer un projet de Convention sur certains aspects du factoring international. Observations des Gouvernements de l\u2019Autriche, de la R\u00e9publique f\u00e9d\u00e9rale d\u2019Allemagne et du Portugal sur le texte de l\u2019avant-projet de Convention sur l\u2019affacturage international, et sur les dispositions finales propos\u00e9es<\/p>\n<p>&nbsp;<\/p>\n<p><a href=\"https:\/\/www.unidroit.org\/french\/documents\/1986\/etude58\/s-58-26-f.pdf\">UNIDROIT 1986 \u2013 Etude LVIII \u2013 Doc. 26\u00a0<\/a><\/p>\n<p>Comit\u00e9 d\u2019experts gouvernementaux charg\u00e9 d\u2019\u00e9laborer un projet de Convention sur certains aspects du factoring international. Document de travail concernant les dispositions finales qui seront incluses dans la future Convention sur l\u2019affacturage international, et comprenant une analyse des effets conjoints de l\u2019article 4 et de l\u2019article X (pr\u00e9par\u00e9 par le Secr\u00e9tariat)<\/p>\n<p>&nbsp;<\/p>\n<p><a href=\"https:\/\/www.unidroit.org\/french\/documents\/1986\/etude58\/s-58-25-f.pdf\">UNIDROIT 1986 \u2013 Etude LVIII \u2013 Doc. 25<\/a><\/p>\n<p>Comit\u00e9 d\u2019experts gouvernementaux charg\u00e9 d\u2019\u00e9laborer un projet de Convention sur certains aspects du factoring international. Commentaire pr\u00e9par\u00e9 par le Secr\u00e9tariat sur le texte de l\u2019avant-projet de Convention sur l\u2019affacturage international \u00e9tabli par le Comit\u00e9 d\u2019experts gouvernementaux lors de sa deuxi\u00e8me session tenue \u00e8 Rome du 21 au 23 avril 1986<\/p>\n<p>&nbsp;<\/p>\n<p><a href=\"https:\/\/www.unidroit.org\/french\/documents\/1986\/etude58\/s-58-24-f.pdf\">UNIDROIT 1986 \u2013 Etude LVIII \u2013 Doc. 24<\/a><\/p>\n<p>Comit\u00e9 d\u2019experts gouvernementaux charg\u00e9 d\u2019\u00e9laborer un projet de Convention sur certains aspects du factoring international (deuxi\u00e8me session, 21-23 avril 1986). Rapport de synth\u00e8se pr\u00e9par\u00e9 par le Secr\u00e9tariat d\u2019UNIDROIT<\/p>\n<p>&nbsp;<\/p>\n<p><a href=\"https:\/\/www.unidroit.org\/french\/documents\/1986\/etude58\/s-58-23-f.pdf\">UNIDROIT 1986 \u2013 Etude LVIII \u2013 Doc. 23<\/a><\/p>\n<p>Comit\u00e9 d\u2019experts gouvernementaux charg\u00e9 d\u2019\u00e9laborer un projet de Convention sur certains aspects du factoring international. Propositions du Secr\u00e9tariat relativement au texte de l\u2019avant-projet de Convention sur certains aspects de l\u2019affacturage international \u00e9tabli par le Comit\u00e9 d\u2019experts gouvernementaux lors de sa premi\u00e8re session<\/p>\n<p>&nbsp;<\/p>\n<p><a href=\"https:\/\/www.unidroit.org\/french\/documents\/1986\/etude58\/s-58-22-f.pdf\">UNIDROIT 1986 \u2013 Etude LVIII \u2013 Doc. 22<\/a><\/p>\n<p>Comit\u00e9 d\u2019experts gouvernementaux charg\u00e9 d\u2019\u00e9laborer un projet de Convention sur certains aspects du factoring international. Observations des Gouvernements et des Organisations int\u00e9ress\u00e9es sur le texte de l\u2019avant-projet de Convention sur certains aspects de l\u2019affacturage international \u00e9tabli par le Comit\u00e9 d\u2019experts gouvernementaux lors de sa premi\u00e8re session et sur le commentaire y relatif pr\u00e9par\u00e9 par le Secr\u00e9tariat<\/p>\n<p>&nbsp;<\/p>\n<p><a href=\"https:\/\/www.unidroit.org\/french\/documents\/1986\/etude58\/s-58-21-f.pdf\">UNIDROIT 1986 \u2013 Etude LVIII \u2013 Doc. 21<\/a><\/p>\n<p>Comit\u00e9 d\u2019experts gouvernementaux charg\u00e9 d\u2019\u00e9laborer un projet de Convention sur certains aspects du factoring international. Projet de dispositions finales pour l\u2019avant-projet de Convention sur certains aspects de l\u2019affacturage international (pr\u00e9par\u00e9 par le Secr\u00e9tariat d\u2019UNIDROIT)<\/p>\n<p>&nbsp;<\/p>\n<p><a href=\"https:\/\/www.unidroit.org\/french\/documents\/1985\/etude58\/s-58-20-f.pdf\">UNIDROIT 1985 \u2013 Etude LVIII \u2013 Doc. 20<\/a><\/p>\n<p>Comit\u00e9 d\u2019experts gouvernementaux charg\u00e9 d\u2019\u00e9laborer un projet de Convention sur certains aspects du factoring international. Commentaire pr\u00e9par\u00e9 par le Secr\u00e9tariat sur le texte de l\u2019avant-projet de Convention sur certains aspects de l\u2019affacturage international, \u00e9tabli par le comit\u00e9 d\u2019experts gouvernementaux lors de sa premi\u00e8re session tenue \u00e0 Rome du 22 au 25 avril 1985<\/p>\n<p>&nbsp;<\/p>\n<p><a href=\"https:\/\/www.unidroit.org\/french\/documents\/1985\/etude58\/s-58-19-f.pdf\">UNIDROIT 1985 \u2013 Etude LVIII \u2013 Doc. 19<\/a><\/p>\n<p>Comit\u00e9 d\u2019experts gouvernementaux charg\u00e9 d\u2019\u00e9laborer un projet de Convention sur certains aspects du factoring international (premi\u00e8re session, 22-25 avril 1985). Rapport de synth\u00e8se pr\u00e9par\u00e9 par le Secr\u00e9tariat d\u2019UNIDROIT<\/p>\n<p>&nbsp;<\/p>\n<p><a href=\"https:\/\/www.unidroit.org\/french\/documents\/1984\/etude58\/s-58-18-f.pdf\">UNIDROIT 1984 \u2013 Etude LVIII \u2013 Doc. 18<\/a><\/p>\n<p>Comit\u00e9 d\u2019experts gouvernementaux charg\u00e9 d\u2019\u00e9laborer des r\u00e8gles uniformes sur certains aspects du factoring international. Observations des Gouvernements sur l\u2019avant-projet de r\u00e8gles uniformes sur certains aspects du factoring international tel qu\u2019il a \u00e9t\u00e9 adopt\u00e9 par le Conseil de Direction d\u2019UNIDROIT le 5 mai 1983 au cours de sa 62\u00e8me session<\/p>\n<p>&nbsp;<\/p>\n<p><a href=\"https:\/\/www.unidroit.org\/french\/documents\/1984\/etude58\/s-58-17-f.pdf\">UNIDROIT 1984 \u2013 Etude LVIII \u2013 Doc. 17<\/a><\/p>\n<p>Observations des Gouvernements sur l\u2019Avant-projet de r\u00e8gles uniformes sur certains aspects du factoring international tel qu\u2019il a \u00e9t\u00e9 adopt\u00e9 par le Conseil de Direction d\u2019UNIDROIT le 5 mai 1983 au cours de sa 62\u00e8me session<\/p>\n<p>&nbsp;<\/p>\n<p><a href=\"https:\/\/www.unidroit.org\/french\/documents\/1983\/etude58\/s-58-16-f.pdf\">UNIDROIT 1983 \u2013 Etude LVIII \u2013 Doc. 16<\/a><\/p>\n<p>Avant-projet de r\u00e8gles uniformes sur certains aspects du factoring international approuv\u00e9 le 21 avril 1982 par le Comit\u00e9 d\u2019\u00e9tude d\u2019UNIDROIT charg\u00e9 de la pr\u00e9paration de r\u00e8gles uniformes sur le contrat de factoring et adopt\u00e9 par le Conseil de Direction d\u2019UNIDROIT le 5 mai 1983 au cours de sa 62\u00e8me session, avec Rapport explicatif (pr\u00e9par\u00e9 par le Secr\u00e9tariat d\u2019UNIDROIT)<\/p>\n<p>&nbsp;<\/p>\n<p><a href=\"https:\/\/www.unidroit.org\/french\/documents\/1983\/etude58\/s-58-15-f.pdf\">UNIDROIT 1983 \u2013 Etude LVIII \u2013 Doc. 15<\/a><\/p>\n<p>Avant-projet de r\u00e8gles uniformes sur certains aspects du factoring international approuv\u00e9 par le Comit\u00e9 d\u2019\u00e9tude d\u2019UNIDROIT charg\u00e9 de la pr\u00e9paration de r\u00e8gles uniformes sur le contrat de factoring (Propositions d\u2019amendement du texte pr\u00e9sent\u00e9es par M. le Dr. Heinrich Sommer)<\/p>\n<p>&nbsp;<\/p>\n<p><a href=\"https:\/\/www.unidroit.org\/french\/documents\/1983\/etude58\/s-58-14-f.pdf\">UNIDROIT 1983 \u2013 Etude LVIII \u2013 Doc. 14<\/a><\/p>\n<p>Avant-projet de r\u00e8gles uniformes sur certains aspects du factoring international approuv\u00e9 le 21 avril 1982 par le Comit\u00e9 d\u2019\u00e9tude d\u2019UNIDROIT charg\u00e9 de la pr\u00e9paration de r\u00e8gles uniformes sur le contrat de factoring, avec Rapport explicatif (pr\u00e9par\u00e9 par le Secr\u00e9tariat d\u2019UNIDROIT)<\/p>\n<p>&nbsp;<\/p>\n<p>&nbsp;<\/p>\n<p><a href=\"https:\/\/www.unidroit.org\/french\/documents\/1982\/etude58\/s-58-13-f.pdf\">UNIDROIT 1982 \u2013 Etude LVIII \u2013 Doc. 13<\/a><\/p>\n<p>Comit\u00e9 d\u2019\u00e9tude charg\u00e9 de la pr\u00e9paration de r\u00e8gles uniformes sur le contrat de factoring. Rapport du Secr\u00e9tariat d\u2019UNIDROIT sur la troisi\u00e8me session du comit\u00e9 tenue \u00e0 Rome du 19 au 21 avril 1982<\/p>\n<p>&nbsp;<\/p>\n<p><a href=\"https:\/\/www.unidroit.org\/french\/documents\/1982\/etude58\/s-58-12-f.pdf\">UNIDROIT 1982 \u2013 Etude LVIII \u2013 Doc. 12<\/a><\/p>\n<p>Avant-projet de r\u00e8gles uniformes sur certains aspects du factoring international approuv\u00e9 le 21 avril 1982 par le Comit\u00e9 d\u2019\u00e9tude d\u2019UNIDROIT charg\u00e9 de la pr\u00e9paration de r\u00e8gles uniformes sur le contrat de factoring<\/p>\n<p>&nbsp;<\/p>\n<p><a href=\"https:\/\/www.unidroit.org\/french\/documents\/1982\/etude58\/s-58-11-f.pdf\">UNIDROIT 1982 \u2013 Etude LVIII \u2013 Doc. 11<\/a><\/p>\n<p>Comit\u00e9 d\u2019\u00e9tude charg\u00e9 de la pr\u00e9paration de r\u00e8gles uniformes sur le contrat de factoring. Documents de travail examin\u00e9s par le Comit\u00e9 d\u2019\u00e9tude lors de sa troisi\u00e8me session, tenue \u00e0 Rome du 19 au 21 avril 1982<\/p>\n<p>&nbsp;<\/p>\n<p><a href=\"https:\/\/www.unidroit.org\/french\/documents\/1982\/etude58\/s-58-10-f.pdf\">UNIDROIT 1982 \u2013 Etude LVIII \u2013 Doc. 10<\/a><\/p>\n<p>Comit\u00e9 d\u2019\u00e9tude charg\u00e9 de la pr\u00e9paration de r\u00e8gles uniformes sur le contrat de factoring. Rapport du Secr\u00e9tariat d\u2019UNIDROIT sur la deuxi\u00e8me session du Comit\u00e9 tenue \u00e0 Rome du 27 au 29 avril 1981<\/p>\n<p>&nbsp;<\/p>\n<p><a href=\"https:\/\/www.unidroit.org\/french\/documents\/1981\/etude58\/s-58-09-f.pdf\">UNIDROIT 1981 \u2013 Etude LVIII \u2013 Doc. 9<\/a><\/p>\n<p>Comit\u00e9 d\u2019\u00e9tude charg\u00e9 de la pr\u00e9paration de r\u00e8gles uniformes sur le contrat de factoring. Propositions concernant l\u2019avant-projet de r\u00e8gles uniformes sur certains aspects du contrat de factoring international \u00e9labor\u00e9 par le Secr\u00e9tariat d\u2019UNIDROIT sur la base des discussions du Comit\u00e9 lors de sa premi\u00e8re session<\/p>\n<p>&nbsp;<\/p>\n<p><a href=\"https:\/\/www.unidroit.org\/french\/documents\/1979\/etude58\/s-58-08-f.pdf\">UNIDROIT 1979 \u2013 Etude LVIII \u2013 Doc. 8<\/a><\/p>\n<p>Comit\u00e9 d\u2019\u00e9tude charg\u00e9 de la pr\u00e9paration de r\u00e8gles uniformes sur le contrat de factoring. Avant-projet de r\u00e8gles uniformes sur certaines aspects du contrat de factoring international (pr\u00e9par\u00e9 par le Secr\u00e9tariat)<\/p>\n<p>&nbsp;<\/p>\n<p><a href=\"https:\/\/www.unidroit.org\/french\/documents\/1979\/etude58\/s-58-07-f.pdf\">UNIDROIT 1979 \u2013 Etude LVIII \u2013 Doc. 7<\/a><\/p>\n<p>Comit\u00e9 d\u2019\u00e9tude charg\u00e9 de la pr\u00e9paration de r\u00e8gles uniformes sur le contrat de factoring. Rapport du Secr\u00e9tariat d\u2019UNIDROIT sur la premi\u00e8re session du Comit\u00e9 tenue \u00e0 Rome les 5 et 6 f\u00e9vrier 1979<\/p>\n<p>&nbsp;<\/p>\n<p><a href=\"https:\/\/www.unidroit.org\/french\/documents\/1979\/etude58\/s-58-06-f.pdf\">UNIDROIT 1979 \u2013 Etude LVIII \u2013 Doc. 6<\/a><\/p>\n<p>Comit\u00e9 d\u2019\u00e9tude charg\u00e9 de la pr\u00e9paration de r\u00e8gles uniformes sur le contrat de factoring. Questions que le Comit\u00e9 d\u2019\u00e9tude pourrait souhaiter examiner \u00e0 sa 1\u00e8re session (pr\u00e9par\u00e9es par le Secr\u00e9tariat d\u2019UNIDROIT)<\/p>\n<p>&nbsp;<\/p>\n<p><a href=\"https:\/\/www.unidroit.org\/french\/documents\/1978\/etude58\/s-58-05-f.pdf\">UNIDROIT 1978 \u2013 Etude LVIII \u2013 Doc. 5<\/a><\/p>\n<p>Comit\u00e9 d\u2019\u00e9tude charg\u00e9 de la pr\u00e9paration de r\u00e8gles uniformes sur le contrat de factoring. Extrait du compte rendu de la 57\u00e8me session du Conseil de Direction relatif au contrat de factoring<\/p>\n<p>&nbsp;<\/p>\n<p><a href=\"https:\/\/www.unidroit.org\/french\/documents\/1978\/etude58\/s-58-04-f.pdf\">UNIDROIT 1978 \u2013 Etude LVIII \u2013 Doc. 4<\/a><\/p>\n<p>Groupe de travail exploratoire restreint du Conseil de Direction sur le contrat de factoring. Rapport de la session tenue \u00e0 Rome les 13 et 14 f\u00e9vrier 1978<\/p>\n<p>&nbsp;<\/p>\n<p><a href=\"https:\/\/www.unidroit.org\/french\/documents\/1977\/etude58\/s-58-03-f.pdf\">UNIDROIT 1977 \u2013 Etude LVIII \u2013 Doc. 3<\/a><\/p>\n<p>Analyse des r\u00e9ponses que le Secr\u00e9tariat a re\u00e7ues au questionnaire sur le contrat de factoring (Note du Secr\u00e9tariat)<\/p>\n<p>&nbsp;<\/p>\n<p><a href=\"https:\/\/www.unidroit.org\/french\/documents\/1976\/etude58\/s-58-02-f.pdf\">UNIDROIT 1976 \u2013 Etude LVIII \u2013 Doc. 2<\/a><\/p>\n<p>Questionnaire sur le contrat de factoring pr\u00e9par\u00e9 par le Secr\u00e9tariat<\/p>\n<p>&nbsp;<\/p>\n<p><a href=\"https:\/\/www.unidroit.org\/french\/documents\/1976\/etude58\/s-58-01-f.pdf\">UNIDROIT 1976 \u2013 Etude LVIII \u2013 Doc. 1<\/a><\/p>\n<p>Rapport sur le contrat de factoring pr\u00e9par\u00e9 par le Secr\u00e9tariat[\/vc_column_text][\/vc_column][\/vc_row][vc_row][vc_column][vc_empty_space height=&#8221;10px&#8221;][\/vc_column][\/vc_row]<\/p>\n<\/div>","protected":false},"excerpt":{"rendered":"<p>[vc_row][vc_column css=&#8221;.vc_custom_1490017614850{margin-bottom: 30px !important;}&#8221;][vc_custom_heading text=&#8221;AFFACTURAGE&#8221; font_container=&#8221;tag:h1|text_align:left&#8221; use_theme_fonts=&#8221;yes&#8221; css=&#8221;.vc_custom_1628094945060{margin-top: 0px !important;margin-bottom: 20px !important;}&#8221;][vc_custom_heading text=&#8221;ETUDE LVIII \u2013 LE CONTRAT DE FACTORING INTERNATIONAL (1976 &#8211; 1987) &#8221; font_container=&#8221;tag:h4|text_align:left&#8221; use_theme_fonts=&#8221;yes&#8221;][\/vc_column][\/vc_row][vc_row css=&#8221;.vc_custom_1622455036974{background-color: #f2f2f2 !important;}&#8221;][vc_column css=&#8221;.vc_custom_1490017614850{margin-bottom: 30px !important;}&#8221;][vc_column_text]UNIDROIT 1987 \u2013 Etude LVIII \u2013 Doc. 34 Projet de dispositions finales qui pourraient&nbsp;<a href=\"https:\/\/www.unidroit.org\/fr\/etudes\/affacturage\/\">&hellip;<\/a><\/p>\n","protected":false},"author":20,"featured_media":0,"parent":5175,"menu_order":0,"comment_status":"closed","ping_status":"closed","template":"","meta":{"ep_exclude_from_search":false,"footnotes":""},"class_list":["post-5207","page","type-page","status-publish","format-standard","hentry","odd"],"_links":{"self":[{"href":"https:\/\/www.unidroit.org\/fr\/wp-json\/wp\/v2\/pages\/5207","targetHints":{"allow":["GET"]}}],"collection":[{"href":"https:\/\/www.unidroit.org\/fr\/wp-json\/wp\/v2\/pages"}],"about":[{"href":"https:\/\/www.unidroit.org\/fr\/wp-json\/wp\/v2\/types\/page"}],"author":[{"embeddable":true,"href":"https:\/\/www.unidroit.org\/fr\/wp-json\/wp\/v2\/users\/20"}],"replies":[{"embeddable":true,"href":"https:\/\/www.unidroit.org\/fr\/wp-json\/wp\/v2\/comments?post=5207"}],"version-history":[{"count":0,"href":"https:\/\/www.unidroit.org\/fr\/wp-json\/wp\/v2\/pages\/5207\/revisions"}],"up":[{"embeddable":true,"href":"https:\/\/www.unidroit.org\/fr\/wp-json\/wp\/v2\/pages\/5175"}],"wp:attachment":[{"href":"https:\/\/www.unidroit.org\/fr\/wp-json\/wp\/v2\/media?parent=5207"}],"curies":[{"name":"wp","href":"https:\/\/api.w.org\/{rel}","templated":true}]}}