{"id":5213,"date":"2021-08-04T16:41:14","date_gmt":"2021-08-04T16:41:14","guid":{"rendered":"https:\/\/www.unidroit.org\/?page_id=5213"},"modified":"2021-08-04T16:41:19","modified_gmt":"2021-08-04T16:41:19","slug":"forwarding-agency","status":"publish","type":"page","link":"https:\/\/www.unidroit.org\/fr\/etudes\/forwarding-agency\/","title":{"rendered":"Commission de transport"},"content":{"rendered":"<div class=\"wpb-content-wrapper\"><p>[vc_row][vc_column css=&#8221;.vc_custom_1490017614850{margin-bottom: 30px !important;}&#8221;][vc_custom_heading text=&#8221;COMMISSION DE TRANSPORT&#8221; font_container=&#8221;tag:h1|text_align:left&#8221; use_theme_fonts=&#8221;yes&#8221; css=&#8221;.vc_custom_1628095317460{margin-top: 0px !important;margin-bottom: 20px !important;}&#8221;][vc_custom_heading text=&#8221;ETUDE XXXVI \u2013 COMMISSION DE TRANSPORT (1953 &#8211; 1966)<br \/>\n&#8221; font_container=&#8221;tag:h4|text_align:left&#8221; use_theme_fonts=&#8221;yes&#8221;][\/vc_column][\/vc_row][vc_row css=&#8221;.vc_custom_1622455036974{background-color: #f2f2f2 !important;}&#8221;][vc_column css=&#8221;.vc_custom_1490017614850{margin-bottom: 30px !important;}&#8221;][vc_column_text]<a href=\"https:\/\/www.unidroit.org\/french\/documents\/1966\/etude36\/s-36-43-f.pdf\">U.D.P. 1966 \u2013 Etude XXXVI \u2013 Commission de transport \u2013 Doc. 43<\/a><\/p>\n<p>Comit\u00e9 d\u2019experts sur la commission de transport et le transport combin\u00e9 de marchandises. Projet de Convention relative au contrat de commission en mati\u00e8re de transport international de marchandises et Rapport explicatif<\/p>\n<p>&nbsp;<\/p>\n<p>U.P.L. 1966 \u2013 Paper XXXVI \u2013 Forwarding agency \u2013 Doc. 43<\/p>\n<p>Expert Committee on Contract of Agency for Forwarding Agents and on Combined Carriage of Goods. Draft Convention on contract of agency for forwarding agents relating to international carriage of goods and Explanatory report<\/p>\n<p>&nbsp;<\/p>\n<p>U.D.P. 1966 \u2013 Etude XXXVI \u2013 Commission de transport \u2013 Doc. 42<\/p>\n<p>Comit\u00e9 d\u2019experts sur la commission de transport et le transport combin\u00e9 de marchandises. Rapport explicatif du Projet de Convention relative au contrat de commission en mati\u00e8re de transport international de marchandises<\/p>\n<p>&nbsp;<\/p>\n<p>U.P.L. 1965 \u2013 Paper XXXVI \u2013 Forwarding agency \u2013 Doc. 41<\/p>\n<p>Expert Committee on Contract of Agency for Forwarding Agents and on Combined Carriage of Goods. Draft Convention on contract of agency for forwarding agents relating to international carriage of goods<\/p>\n<p>&nbsp;<\/p>\n<p><a href=\"https:\/\/www.unidroit.org\/french\/documents\/1965\/etude36\/s-36-41-f.pdf\">U.D.P. 1965 \u2013 Etude XXXVI \u2013 Commission de transport \u2013 Doc. 41<\/a><\/p>\n<p>Comit\u00e9 d\u2019experts sur la commission de transport et le transport combin\u00e9 de marchandises. Projet de Convention relative au contrat de commission en mati\u00e8re de transport international de marchandises<\/p>\n<p>&nbsp;<\/p>\n<p>U.D.P. 1967 &#8211; Etudes XXXVI et XLII \u2013 Commission de transport \u2013 Doc. 40; Transport combin\u00e9 \u2013 Doc. 31<\/p>\n<p>Comit\u00e9 d\u2019experts sur la commission de transport et le transport combin\u00e9 de marchandises. Compte-rendu de la deuxi\u00e8me session du Comit\u00e9 (Rome, 11-16 octobre 1965)<\/p>\n<p>&nbsp;<\/p>\n<p>U.D.P. 1965 \u2013 Etude XXXVI \u2013 Commission de transport \u2013 Doc. 39<\/p>\n<p>Comit\u00e9 d\u2019experts sur la commission de transport et le transport combin\u00e9 de marchandises. Commentaire de M. Willem Vanderperren sur le Projet de Convention relative au contrat de commission en mati\u00e8re de transport international de marchandises r\u00e9vis\u00e9 lors de la premi\u00e8re session du Comit\u00e9 (Vienne, le 31 mai \u2013 5 juin 1965)<\/p>\n<p>&nbsp;<\/p>\n<p>U.D.P. 1965 \u2013 Etude XXXVI \u2013 Commission de transport \u2013 Doc. 38<\/p>\n<p>Comit\u00e9 d\u2019experts sur la commission de transport et le transport combin\u00e9 de marchandises. Projet de Convention relative au contrat de commission en mati\u00e8re de transport international de marchandises<\/p>\n<p>&nbsp;<\/p>\n<p>U.D.P. 1965 \u2013 Etude XXXVI \u2013 Commission de transport \u2013 Doc. 37<\/p>\n<p>Comit\u00e9 d\u2019experts sur la commission de transport et le transport combin\u00e9 de marchandises. Compte-rendu de la premi\u00e8re session du Comit\u00e9 (Vienne, 31 mai \u2013 5 juin 1965)<\/p>\n<p>&nbsp;<\/p>\n<p>U.D.P. 1963 \u2013 Etude XXXVI \u2013 Commission de transport \u2013 Doc. 36<\/p>\n<p>Comit\u00e9 d\u2019\u00e9tude en mati\u00e8re de commission de transport. Projet de Convention relative au contrat de commission de transport international de marchandises et Expos\u00e9 des motifs<\/p>\n<p>&nbsp;<\/p>\n<p>U.D.P. 1961 \u2013 Etude XLIII \u2013 Transport combin\u00e9 Doc. 26 \/ Etude XXXVI \u2013 Commission de transport \u2013 Doc. 35<\/p>\n<p>Comit\u00e9 d\u2019\u00e9tude en mati\u00e8re de commission de transport combin\u00e9 et sur le contrat de commission de transport. Proc\u00e8s-verbaux de la sixi\u00e8me session du Comit\u00e9 d\u2019\u00e9tude tenue \u00e0 Rome du 16 au 24 octobre 1961<\/p>\n<p>&nbsp;<\/p>\n<p>U.D.P. 1961 \u2013 Etude XXXVI \u2013 Commission de transport \u2013 Doc. 34<\/p>\n<p>Comit\u00e9 d\u2019\u00e9tude en mati\u00e8re de commission de transport. Projet de Convention relative \u00e0 la commission de transport international de marchandises et Expos\u00e9 des motifs \u2013 Octobre 1961<\/p>\n<p>&nbsp;<\/p>\n<p>U.D.P. 1961 \u2013 Etude XXXVI \u2013 Commission de transport \u2013 Doc. 33<\/p>\n<p>Comit\u00e9 d\u2019\u00e9tude en mati\u00e8re de commission de transport. Expos\u00e9 des motifs du Projet de Convention relative \u00e0 la commission de transport international de marchandises (Doc. 32) amend\u00e9 par M. Algot Bagge<\/p>\n<p>&nbsp;<\/p>\n<p>U.D.P. 1961 \u2013 Etude XXXVI \u2013 Commission de transport \u2013 Doc. 32<\/p>\n<p>Comit\u00e9 d\u2019\u00e9tude en mati\u00e8re de commission de transport. Projet de Convention relative \u00e0 la commission de transport international de marchandises avec les amendements en vue de son harmonisation avec le projet de Convention relative au transport international combin\u00e9s de marchandises, pr\u00e9c\u00e9d\u00e9 d\u2019une Note d\u2019observations relative \u00e0 cette harmonisation par M. Algot Bagge<\/p>\n<p>&nbsp;<\/p>\n<p>U.D.P. 1961 \u2013 Etude XXXVI \u2013 Commission de transport \u2013 Doc. 31<\/p>\n<p>Comit\u00e9 d\u2019\u00e9tude en mati\u00e8re de commission de transport. Projet de Convention relative \u00e0 la commission de transport international de marchandises et Expos\u00e9 des motifs \u2013 Avril 1961<\/p>\n<p>&nbsp;<\/p>\n<p>U.D.P. 1960 \u2013 Etude XXXVI \u2013 Commission de transport \u2013 Doc. 30<\/p>\n<p>Comit\u00e9 d\u2019\u00e9tude en mati\u00e8re de commission de transport. Note sur le Projet de Convention relative \u00e0 la commission de transport international de marchandises et sur l\u2019Avant-projet de Convention relative au transport international combin\u00e9 de marchandises par M. Jean Georges Sauveplanne, Secr\u00e9taire Note du Secr\u00e9tariat<\/p>\n<p>&nbsp;<\/p>\n<p>U.D.P. 1960 \u2013 Etude XXXVI \u2013 Commission de transport \u2013 Doc. 29(1)<\/p>\n<p>Comit\u00e9 d\u2019\u00e9tude en mati\u00e8re de commission de transport. Rapport du Comit\u00e9 d\u2019\u00e9tude sur le remaniement du Projet de Convention relative \u00e0 la commission de transport international de marchandises et Note du Secr\u00e9tariat \u2013 Avril 1960<\/p>\n<p>&nbsp;<\/p>\n<p>U.D.P. 1960 \u2013 Etude XXXVI \u2013 Commission de transport \u2013 Doc. 29<\/p>\n<p>Comit\u00e9 d\u2019\u00e9tude en mati\u00e8re de commission de transport. Rapport du Comit\u00e9 d\u2019\u00e9tude sur le remaniement du Projet de Convention relative \u00e0 la commission de transport international de marchandises et Note du Secr\u00e9tariat \u2013 Mars 1960<\/p>\n<p>&nbsp;<\/p>\n<p>U.D.P. 1959 \u2013 Etude XXXVI \u2013 Commission de transport \u2013 Doc. 28<\/p>\n<p>Comit\u00e9 d\u2019\u00e9tude en mati\u00e8re de commission de transport. Projet de Convention relative \u00e0 la commission de transport international de marchandises et Expos\u00e9 des motifs<\/p>\n<p>&nbsp;<\/p>\n<p>U.D.P. 1959 \u2013 Etude XXXVI \u2013 Commission de transport \u2013 Doc. 27<\/p>\n<p>Comit\u00e9 d\u2019\u00e9tude en mati\u00e8re de commission de transport. Observations des experts consult\u00e9s par l\u2019Institut sur le texte du Projet d\u2019Ischia (Doc. 26)<\/p>\n<p>&nbsp;<\/p>\n<p>U.D.P. 1958 \u2013 Etude XXXVI \u2013 Commission de transport \u2013 Doc. 26<\/p>\n<p>Comit\u00e9 d\u2019\u00e9tude en mati\u00e8re de commission de transport. Avant-projet de Convention relative \u00e0 la commission de transport international de marchandises issu des travaux de la cinqui\u00e8me session du Comit\u00e9 (Ischia, les 29 septembre \u2013 4 octobre 1958)<\/p>\n<p>&nbsp;<\/p>\n<p>U.D.P. 1958 \u2013 Etude XXXVI \u2013 Commission de transport \u2013 Doc. 25<\/p>\n<p>Comit\u00e9 d\u2019\u00e9tude en mati\u00e8re de commission de transport. Proc\u00e8s-verbaux de la cinqui\u00e8me session du Comit\u00e9 d\u2019\u00e9tude tenue \u00e0 Ischia du 29 septembre au 4 octobre 1958<\/p>\n<p>&nbsp;<\/p>\n<p>U.D.P. 1958 \u2013 Etude XXXVI \u2013 Commission de transport \u2013 Doc. 24<\/p>\n<p>Comit\u00e9 d\u2019\u00e9tude en mati\u00e8re de commission de transport. Avant-projet de Convention relative \u00e0 la commission de transport international de marchandises. Amendements propos\u00e9s par M. Jan Hostie au texte issu des travaux de la quatri\u00e8me session du Comit\u00e9<\/p>\n<p>&nbsp;<\/p>\n<p>U.D.P. 1957 \u2013 Etude XXXVI \u2013 Commission de transport \u2013 Doc. 23<\/p>\n<p>Comit\u00e9 d\u2019\u00e9tude en mati\u00e8re de commission de transport. Avant-projet de Convention relative \u00e0 la commission de transport international de marchandises issu des travaux de la quatri\u00e8me session du Comit\u00e9 (Rome, les 30 septembre \u2013 5 octobre 1957)<\/p>\n<p>&nbsp;<\/p>\n<p>U.D.P. 1957 \u2013 Etude XXXVI \u2013 Commission de transport \u2013 Doc. 22<\/p>\n<p>Comit\u00e9 d\u2019\u00e9tude en mati\u00e8re de commission de transport. Proc\u00e8s-verbaux de la quatri\u00e8me session du Comit\u00e9 d\u2019\u00e9tude tenue \u00e0 Rome du 30 septembre au 5 octobre 1957<\/p>\n<p>&nbsp;<\/p>\n<p>U.D.P. 1957 \u2013 Etude XXXVI \u2013 Commission de transport \u2013 Doc. 21<\/p>\n<p>Comit\u00e9 d\u2019\u00e9tude en mati\u00e8re de commission de transport. Projet de Convention \u00e9labor\u00e9 par M. Algot Bagge en prenant en consid\u00e9ration les r\u00e9ponses au Questionnaire adress\u00e9 aux experts (Doc. 19)<\/p>\n<p>&nbsp;<\/p>\n<p>U.D.P. 1957 \u2013 Etude XXXVI \u2013 Commission de transport \u2013 Doc. 20<\/p>\n<p>Comit\u00e9 d\u2019\u00e9tude en mati\u00e8re de commission de transport. Amendements propos\u00e9s par M. Jan Hostie au texte de l\u2019Avant-projet d\u2019Oslo<\/p>\n<p>&nbsp;<\/p>\n<p>U.D.P. 1957 \u2013 Etude XXXVI \u2013 Commission de transport \u2013 Doc. 19 ter<\/p>\n<p>Comit\u00e9 d\u2019\u00e9tude en mati\u00e8re de commission de transport. R\u00e9ponses parvenues \u00e0 la date du 30 septembre 1957 au Questionnaire adress\u00e9 aux experts consult\u00e9s par l\u2019Institut<\/p>\n<p>&nbsp;<\/p>\n<p>U.D.P. 1957 \u2013 Etude XXXVI \u2013 Commission de transport \u2013 Doc. 19 bis<\/p>\n<p>Comit\u00e9 d\u2019\u00e9tude en mati\u00e8re de commission de transport. R\u00e9ponses parvenues \u00e0 la date du 31 ao\u00fbt 1957 au Questionnaire adress\u00e9 aux experts consult\u00e9s par l\u2019Institut<\/p>\n<p>&nbsp;<\/p>\n<p>U.D.P. 1957 \u2013 Etude XXXVI \u2013 Commission de transport \u2013 Doc. 19<\/p>\n<p>Comit\u00e9 d\u2019\u00e9tude en mati\u00e8re de commission de transport. R\u00e9ponses parvenues \u00e0 la date du 15 juin 1957 au Questionnaire adress\u00e9 aux experts consult\u00e9s par l\u2019Institut<\/p>\n<p>&nbsp;<\/p>\n<p>U.D.P. 1957 \u2013 Etude XXXVI \u2013 Commission de transport \u2013 Doc. 18<\/p>\n<p>Comit\u00e9 d\u2019\u00e9tude en mati\u00e8re de commission de transport. Questionnaire adress\u00e9 aux experts consult\u00e9s par l\u2019Institut<\/p>\n<p>&nbsp;<\/p>\n<p>U.P.R [1956] \u2013 Studien XXXVI \u2013 Spedition \u2013 Dok. 17<\/p>\n<p>Studienkomitee f\u00fcr spedition. Vorentwurf eines \u00dcbereinkommens nach den Beschl\u00fcssen der III. Tagung des Komitees (Oslo, 28 Mai bis 5. Juni 1956)<\/p>\n<p>&nbsp;<\/p>\n<p><a href=\"https:\/\/www.unidroit.org\/french\/documents\/1956\/etude36\/s-36-17-f.pdf\">U.D.P. 1956 \u2013 Etude XXXVI \u2013 Commission de transport \u2013 Doc. 17<\/a><\/p>\n<p>Comit\u00e9 d\u2019\u00e9tude en mati\u00e8re de commission de transport. Avant-projet de Convention issu des travaux de la troisi\u00e8me session du Comit\u00e9 (Oslo, 28 mai \u2013 5 juin 1956)<\/p>\n<p>&nbsp;<\/p>\n<p>U.D.P. 1956 \u2013 Etude XXXVI \u2013 Commission de transport \u2013 Doc. 16<\/p>\n<p>Comit\u00e9 d\u2019\u00e9tude en mati\u00e8re de commission de transport. Proc\u00e8s-verbaux de la troisi\u00e8me session du Comit\u00e9 d\u2019\u00e9tude tenue \u00e0 Oslo du 28 mai au 5 juin 1956<\/p>\n<p>&nbsp;<\/p>\n<p>U.D.P. 1956 \u2013 Etude XXXVI \u2013 Commission de transport \u2013 Doc. 15<\/p>\n<p>Comit\u00e9 d\u2019\u00e9tude en mati\u00e8re de commission de transport. Amendements propos\u00e9s par M. Jan Hostie au Projet de Convention relative \u00e0 la commission en mati\u00e8re de transports internationaux de marchandises<\/p>\n<p>&nbsp;<\/p>\n<p><a href=\"https:\/\/www.unidroit.org\/french\/documents\/1956\/etude36\/s-36-14-f.pdf\">U.D.P. 1956 \u2013 Etude XXXVI \u2013 Commission de transport \u2013 Doc. 14<\/a><\/p>\n<p>Comit\u00e9 d\u2019\u00e9tude en mati\u00e8re de commission de transport. Note du Secr\u00e9tariat concernant la position juridique du commissionnaire \u00ab ducroire \u00bb dans la commission de transport<\/p>\n<p>&nbsp;<\/p>\n<p><a href=\"https:\/\/www.unidroit.org\/french\/documents\/1956\/etude36\/s-36-13-f.pdf\">U.D.P. 1956 \u2013 Etude XXXVI \u2013 Commission de transport \u2013 Doc. 13<\/a><\/p>\n<p>Comit\u00e9 d\u2019\u00e9tude en mati\u00e8re de commission de transport. Note du Secr\u00e9tariat concernant les garanties et les privil\u00e8ges qui accompagnent les cr\u00e9ances du commissionnaire de transport vis-\u00e0-vis du commettant<\/p>\n<p>&nbsp;<\/p>\n<p>U.P.R [1955] \u2013 Studien XXXVI \u2013 Kommissions Vetrag \u2013 Dok. 12<\/p>\n<p>Komitee betreffend den Kommissions Vertrag im Internationalen Transport. Vorentwurf ausgearbeitet von Herrn Algot Bagge auf Grund der Bemerkungen des Redaktions-Komitees<\/p>\n<p>&nbsp;<\/p>\n<p><a href=\"https:\/\/www.unidroit.org\/french\/documents\/1955\/etude36\/s-36-12-f.pdf\">U.D.P. 1955 \u2013 Etude XXXVI \u2013 Commission de transport \u2013 Doc. 12<\/a><\/p>\n<p>Comit\u00e9 d\u2019\u00e9tude en mati\u00e8re de commission de transport. Projet de Convention \u00e9labor\u00e9 par M. Algot Bagge, sur la base des observations du Comit\u00e9 de r\u00e9daction<\/p>\n<p>&nbsp;<\/p>\n<p>U.D.P. 1955 \u2013 Etude XXXVI \u2013 Commission de transport \u2013 Doc. 11<\/p>\n<p>Comit\u00e9 d\u2019\u00e9tude en mati\u00e8re de commission de transport. Commentaire de M. Algot Bagge sur les amendements apport\u00e9s au Projet d\u2019octobre 1955 r\u00e9latif \u00e0 la Commission en mati\u00e8re de transports internationaux<\/p>\n<p>&nbsp;<\/p>\n<p>U.D.P. 1955 \u2013 Etude XXXVI \u2013 Commission de transport \u2013 Doc. 10<\/p>\n<p>Comit\u00e9 d\u2019\u00e9tude en mati\u00e8re de commission de transport. Observations de M. M\u00e9n\u00e9las Prodromid\u00e8s sur le Projet de Convention internationale \u00e9labor\u00e9 par M. Algot Bagge en octobre 1955<\/p>\n<p>&nbsp;<\/p>\n<p>U.D.P. 1955 \u2013 Etude XXXVI \u2013 Commission de transport \u2013 Doc. 9<\/p>\n<p>Comit\u00e9 d\u2019\u00e9tude en mati\u00e8re de commission de transport. Observations (octobre 1955) de M. Algot Bagge sur le projet soumis par lui au Comit\u00e9 de r\u00e9daction<\/p>\n<p>&nbsp;<\/p>\n<p>U.D.P. 1955 \u2013 Etude XXXVI \u2013 Commission de transport \u2013 Doc. 8<\/p>\n<p>Comit\u00e9 d\u2019\u00e9tude en mati\u00e8re de commission de transport. Projet de Convention soumis par M. Algot Bagge au Comit\u00e9 de r\u00e9daction<\/p>\n<p>&nbsp;<\/p>\n<p>U.D.P. 1955 \u2013 Etude XXXVI \u2013 Commission de transport \u2013 Doc. 7<\/p>\n<p>Comit\u00e9 d\u2019\u00e9tude en mati\u00e8re de commission de transport. Proc\u00e8s-verbaux de la deuxi\u00e8me session du Comit\u00e9 d\u2019\u00e9tude tenue \u00e0 Rome du 21 au 30 mars 1955<\/p>\n<p>&nbsp;<\/p>\n<p>U.D.P. 1955 \u2013 Etude XXXVI \u2013 Commission de transport \u2013 Doc. 6<\/p>\n<p>Comit\u00e9 d\u2019\u00e9tude en mati\u00e8re de commission de transport. Projet de Convention \u00e9labor\u00e9 par M. Algot Bagge<\/p>\n<p>&nbsp;<\/p>\n<p>U.D.P. 1955 \u2013 Etude XXXVI \u2013 Commission de transport \u2013 Doc. 5<\/p>\n<p>Comit\u00e9 d\u2019\u00e9tude en mati\u00e8re de commission de transport. Memorandum du Secr\u00e9tariat de l\u2019Institut sur les questions d\u00e9battues lors de la premi\u00e8re session du Comit\u00e9 d\u2019\u00e9tude<\/p>\n<p>&nbsp;<\/p>\n<p>U.D.P. 1953 \u2013 Etude XXXVI \u2013 Commission de transport \u2013 Doc. 4<\/p>\n<p>Comit\u00e9 d\u2019\u00e9tude en mati\u00e8re de commission de transport. Lignes g\u00e9n\u00e9rales approuv\u00e9es \u00e0 titre personnel par les participants \u00e0 la premi\u00e8re session du Comit\u00e9 de la commission de transport (tenue \u00e0 Rome du 8 au 13 octobre 1953) comme bases pr\u00e9liminaires des travaux<\/p>\n<p>&nbsp;<\/p>\n<p>U.D.P. 1953 \u2013 Etude XXXVI \u2013 Commission de transport \u2013 Doc. 3<\/p>\n<p>Comit\u00e9 d\u2019\u00e9tude en mati\u00e8re de commission de transport. Compte-rendu de la premi\u00e8re session du Comit\u00e9 d\u2019\u00e9tude en mati\u00e8re de commission de transport tenue \u00e0 Rome du 8 au 13 octobre 1953<\/p>\n<p>&nbsp;<\/p>\n<p><a href=\"https:\/\/www.unidroit.org\/french\/documents\/1953\/etude36\/s-36-02-f.pdf\">U.P.L. 1953 \u2013 Papers XXXVI \u2013 Forwarding agents \u2013 Doc. 2<\/a>\u00a0[en anglais seulement]<\/p>\n<p>Forwarding Agency (Commission de transport). A preliminary study on the status of law according to some of the principal national legislations with regard to the prospect of unification, by Dr. C.F.P. de Holstein, Honorary collaborator of the Institute<\/p>\n<p>&nbsp;<\/p>\n<p><a href=\"https:\/\/www.unidroit.org\/french\/documents\/1953\/etude36\/s-36-01-f.pdf\">U.D.P. 1953 \u2013 Etude XXXVI \u2013 Commission de transport \u2013 Doc. 1<\/a><\/p>\n<p>Comit\u00e9 d\u2019\u00e9tude en mati\u00e8re de commission de transport. Expos\u00e9 des probl\u00e8mes \u00e0 \u00eatre pris en consid\u00e9ration par le Comit\u00e9. M\u00e9morandum de M. Algot Bagge, pr\u00e9sident du Comit\u00e9 de la commission de transport[\/vc_column_text][\/vc_column][\/vc_row][vc_row][vc_column][vc_empty_space height=&#8221;10px&#8221;][\/vc_column][\/vc_row]<\/p>\n<\/div>","protected":false},"excerpt":{"rendered":"<p>[vc_row][vc_column css=&#8221;.vc_custom_1490017614850{margin-bottom: 30px !important;}&#8221;][vc_custom_heading text=&#8221;COMMISSION DE TRANSPORT&#8221; font_container=&#8221;tag:h1|text_align:left&#8221; use_theme_fonts=&#8221;yes&#8221; css=&#8221;.vc_custom_1628095317460{margin-top: 0px !important;margin-bottom: 20px !important;}&#8221;][vc_custom_heading text=&#8221;ETUDE XXXVI \u2013 COMMISSION DE TRANSPORT (1953 &#8211; 1966) &#8221; font_container=&#8221;tag:h4|text_align:left&#8221; use_theme_fonts=&#8221;yes&#8221;][\/vc_column][\/vc_row][vc_row css=&#8221;.vc_custom_1622455036974{background-color: #f2f2f2 !important;}&#8221;][vc_column css=&#8221;.vc_custom_1490017614850{margin-bottom: 30px !important;}&#8221;][vc_column_text]U.D.P. 1966 \u2013 Etude XXXVI \u2013 Commission de transport \u2013 Doc. 43 Comit\u00e9 d\u2019experts&nbsp;<a href=\"https:\/\/www.unidroit.org\/fr\/etudes\/forwarding-agency\/\">&hellip;<\/a><\/p>\n","protected":false},"author":20,"featured_media":0,"parent":5175,"menu_order":0,"comment_status":"closed","ping_status":"closed","template":"","meta":{"ep_exclude_from_search":false,"footnotes":""},"class_list":["post-5213","page","type-page","status-publish","format-standard","hentry","odd"],"_links":{"self":[{"href":"https:\/\/www.unidroit.org\/fr\/wp-json\/wp\/v2\/pages\/5213","targetHints":{"allow":["GET"]}}],"collection":[{"href":"https:\/\/www.unidroit.org\/fr\/wp-json\/wp\/v2\/pages"}],"about":[{"href":"https:\/\/www.unidroit.org\/fr\/wp-json\/wp\/v2\/types\/page"}],"author":[{"embeddable":true,"href":"https:\/\/www.unidroit.org\/fr\/wp-json\/wp\/v2\/users\/20"}],"replies":[{"embeddable":true,"href":"https:\/\/www.unidroit.org\/fr\/wp-json\/wp\/v2\/comments?post=5213"}],"version-history":[{"count":0,"href":"https:\/\/www.unidroit.org\/fr\/wp-json\/wp\/v2\/pages\/5213\/revisions"}],"up":[{"embeddable":true,"href":"https:\/\/www.unidroit.org\/fr\/wp-json\/wp\/v2\/pages\/5175"}],"wp:attachment":[{"href":"https:\/\/www.unidroit.org\/fr\/wp-json\/wp\/v2\/media?parent=5213"}],"curies":[{"name":"wp","href":"https:\/\/api.w.org\/{rel}","templated":true}]}}