{"id":5219,"date":"2021-08-04T17:49:30","date_gmt":"2021-08-04T17:49:30","guid":{"rendered":"https:\/\/www.unidroit.org\/?page_id=5219"},"modified":"2021-08-04T17:49:35","modified_gmt":"2021-08-04T17:49:35","slug":"assurance","status":"publish","type":"page","link":"https:\/\/www.unidroit.org\/fr\/etudes\/assurance\/","title":{"rendered":"Assurance"},"content":{"rendered":"<div class=\"wpb-content-wrapper\"><p>[vc_row][vc_column css=&#8221;.vc_custom_1490017614850{margin-bottom: 30px !important;}&#8221;][vc_custom_heading text=&#8221;ASSURANCE&#8221; font_container=&#8221;tag:h1|text_align:left&#8221; use_theme_fonts=&#8221;yes&#8221; css=&#8221;.vc_custom_1628099326660{margin-top: 0px !important;margin-bottom: 20px !important;}&#8221;][vc_custom_heading text=&#8221;&#8221; font_container=&#8221;tag:h4|text_align:left&#8221; use_theme_fonts=&#8221;yes&#8221;][\/vc_column][\/vc_row][vc_row css=&#8221;.vc_custom_1622455036974{background-color: #f2f2f2 !important;}&#8221;][vc_column css=&#8221;.vc_custom_1490017614850{margin-bottom: 30px !important;}&#8221;][vc_column_text]ETUDE XXII \u2013 ASSURANCES CALAMITES (1939)<br \/>\nETUDE XIII &#8211; ASSURANCES (1932 &#8211; 1936)<br \/>\nETUDE XVII &#8211; RESPONSABILITE CIVILE ET ASSURANCE OBLIGATOIRE DES AUTOMOBILISTES (1935 &#8211; 1956)[\/vc_column_text][\/vc_column][\/vc_row][vc_row][vc_column][vc_empty_space height=&#8221;10px&#8221;][\/vc_column][\/vc_row][vc_row css=&#8221;.vc_custom_1456742899760{margin-bottom: 50px !important;}&#8221;][vc_column css=&#8221;.vc_custom_1491470213593{margin-bottom: 0px !important;}&#8221;][vc_tta_accordion shape=&#8221;square&#8221; color=&#8221;white&#8221; active_section=&#8221;&#8221; collapsible_all=&#8221;true&#8221; el_class=&#8221;wh-accordion&#8221; css=&#8221;.vc_custom_1620737860528{margin-bottom: 0px !important;}&#8221;][vc_tta_section title=&#8221;ETUDE XXII \u2013 ASSURANCES CALAMITES (1939)&#8221; tab_id=&#8221;1456405893720-a55ec26a-b30a&#8221;][vc_column_text]S.d.N. \u2013 U.D.P. 1939 \u2013 Etude XXII \u2013 Assurances calamit\u00e9s \u2013 Doc. 1<br \/>\nComit\u00e9 d\u2019\u00e9tude pour l\u2019assurance contre les calamit\u00e9s. Etude pr\u00e9liminaire<\/p>\n<p>&nbsp;<\/p>\n<p>L.o.N. \u2013 U.D.P. 1939 \u2013 Papers XXII \u2013 Public calamity insurance \u2013 Doc. 1a<br \/>\nDraft Scheme on Public Calamity Insurance[\/vc_column_text][\/vc_tta_section][vc_tta_section title=&#8221;ETUDE XIII &#8211; ASSURANCES (1932 &#8211; 1936)&#8221; tab_id=&#8221;1488897069871-af7a84cf-bd9a&#8221;][vc_column_text]S.d.N. \u2013 U.D.P. 1936 \u2013 Etude XIII &#8211; Assurances &#8211; Doc. 5<br \/>\nLe contrat de r\u00e9assurance. Etude de droit compar\u00e9 par Bruno de Mori<\/p>\n<p>&nbsp;<\/p>\n<p>S.d.N. \u2013 U.D.P. 1935 \u2013 Etude XIII &#8211; Assurances &#8211; Doc. 4<br \/>\nSyndicat national fasciste de la r\u00e9assurance. R\u00e9sum\u00e9 du m\u00e9moire sur le contrat de r\u00e9assurance<\/p>\n<p>&nbsp;<\/p>\n<p>S.d.N. \u2013 U.D.P. 1935 \u2013 Etude XIII &#8211; Assurances &#8211; Doc. 3(1)<br \/>\nContrats de r\u00e9assurance. Etude pr\u00e9liminaire \u00e9tablie par les soins de la Soci\u00e9t\u00e9 &#8220;Le Assicurazioni d&#8217;Italia&#8221; sous la direction de M. Luigi Amoroso de l&#8217;Universit\u00e9 de Rome<\/p>\n<p>&nbsp;<\/p>\n<p>S.d.N. \u2013 U.D.P. 1932 \u2013 Etude XIII &#8211; Assurances &#8211; Doc. 2<br \/>\nPrincipales dispositions l\u00e9gislatives des plus importants pays d&#8217;Europe en mati\u00e8re d&#8217;assurance.<\/p>\n<p>&nbsp;<\/p>\n<p>S.d.N. \u2013 U.D.P. 1932 \u2013 Etude XIII &#8211; Assurances &#8211; Doc. 1<br \/>\nLe second Congr\u00e8s national italien de science des assurances[\/vc_column_text][\/vc_tta_section][vc_tta_section title=&#8221;ETUDE XVII &#8211; RESPONSABILITE CIVILE ET ASSURANCE OBLIGATOIRE DES AUTOMOBILISTES (1935 &#8211; 1956)&#8221; tab_id=&#8221;1622916863325-d6d71056-f082&#8243;][vc_column_text][U.D.P. 1956 \u2013 Etude XVII &#8211; document sans num\u00e9ro] Observations sur les articles de l\u2019Avant-projet de Convention<\/p>\n<p>&nbsp;<\/p>\n<p>&nbsp;<\/p>\n<p>[U.D.P. 1956 \u2013 Etude XVII &#8211; document sans num\u00e9ro] Observations sur le Rapport de M. von Merkatz pr\u00e9sent\u00e9es par M. le Prof. G.M. Baldi, expert de l\u2019Institut<\/p>\n<p>&nbsp;<\/p>\n<p>&nbsp;<\/p>\n<p>U.D.P. 1955 \u2013 Etude XVII &#8211; Doc. 36<br \/>\nObservations de l\u2019Institut sur l\u2019Avant-projet de Rapport de M. von Merkatz sur l\u2019assurance obligatoire des automobilistes<\/p>\n<p>&nbsp;<\/p>\n<p>U.D.P. 1955 \u2013 Etude XVII &#8211; Doc. 35<br \/>\nResponsabilit\u00e9 civile et assurance obligatoire des automobilistes. Memorandum \u00e0 l\u2019usage du Conseil de l\u2019Europe<\/p>\n<p>&nbsp;<\/p>\n<p>U.D.P. 1951 \u2013 Etude XVII \u2013 Automobilistes &#8211; Doc. 34(1)<br \/>\nResponsabilit\u00e9 civile et assurance obligatoire des automobilistes. Rapport concernant la r\u00e9vision du Projet de dispositions uniformes sur l\u2019assurance obligatoire des automobilistes<\/p>\n<p>&nbsp;<\/p>\n<p>U.D.P. 1950 \u2013 Papers XVII \u2013 Motorists &#8211; Doc. 33<br \/>\nCivil Liability and Compulsory Insurance of Motorists. Memorandum<\/p>\n<p>&nbsp;<\/p>\n<p>U.D.P. 1950 \u2013 Etude XVII \u2013 Automobilistes &#8211; Doc. 33<br \/>\nResponsabilit\u00e9 civile et assurance obligatoire des automobilistes. Memorandum<\/p>\n<p>&nbsp;<\/p>\n<p>U.D.P. 1948 \u2013 Etude XVII \u2013 Responsabilit\u00e9 automobilistes &#8211; Doc. 32<br \/>\nResponsabilit\u00e9 civile et assurance obligatoire des automobilistes. Questionnaire<\/p>\n<p>&nbsp;<\/p>\n<p>U.D.P. 1940 \u2013 Papers XVII \u2013 Motorists\u2019 liability and insurance &#8211; Doc. 31<\/p>\n<p>International Unification in the Matter of Civil Liability and Compulsory Insurance of Motorists. Preliminary Drafts and Reports<\/p>\n<p>&nbsp;<\/p>\n<p>U.D.P. 1940 \u2013 Etude XVII \u2013 Responsabilit\u00e9 et assurance automobilistes &#8211; Doc. 31<br \/>\nUnification internationale en mati\u00e8re de responsabilit\u00e9 civile et d\u2019assurance obligatoire des automobilistes. Avant-projets et Rapports<\/p>\n<p>&nbsp;<\/p>\n<p>U.D.P. 1940 \u2013 Etude XVII \u2013 Responsabilit\u00e9 automobilistes &#8211; Doc. 30<\/p>\n<p>Comit\u00e9 d\u2019\u00e9tude pour la responsabilit\u00e9 civile des automobilistes. Loi du Reich du 7 novembre 1939, introduisant l\u2019assurance obligatoire pour les d\u00e9tenteurs de v\u00e9hicules automobiles et modifiant la loi sur la circulation des automobiles et la loi sur le contrat d\u2019assurance<\/p>\n<p>&nbsp;<\/p>\n<p>S.d.N. \u2013 U.D.P. 1937 \u2013 Etude XVII \u2013 Responsabilit\u00e9 automobilistes &#8211; Doc. 29<br \/>\nComit\u00e9 d\u2019\u00e9tude pour la responsabilit\u00e9 civile des automobilistes. Rapport de la Commission juridique de l\u2019A.I.A.C.R., 24 f\u00e9vrier 1938, sur 1) l\u2019Avant-projet d\u2019une loi uniforme sur la responsabilit\u00e9 civile des automobilistes (Doc. 27) ; 2) l\u2019Avant-projet de dispositions uniformes sur l\u2019assurance obligatoire des automobilistes (Doc. 28)<\/p>\n<p>&nbsp;<\/p>\n<p>S.d.N. \u2013 U.D.P. 1937 \u2013 Etude XVII \u2013 Responsabilit\u00e9 automobilistes &#8211; Doc. 28<br \/>\nComit\u00e9 d\u2019\u00e9tude pour la responsabilit\u00e9 civile des automobilistes. Avant-projet de dispositions uniformes sur l\u2019assurance obligatoire des automobilistes<\/p>\n<p>&nbsp;<\/p>\n<p>S.d.N. \u2013 U.D.P. 1937 \u2013 Etude XVII \u2013 Responsabilit\u00e9 automobilistes &#8211; Doc. 27<br \/>\nStudienausschuss f\u00fcr die Haftpflicht der Kraftfahrzeugfahrer. Entwurf Einheitlichen Gesetzes \u00fcber die Haftpflicht der Kraftfahrer<\/p>\n<p>&nbsp;<\/p>\n<p>S.d.N. \u2013 U.D.P. 1937 \u2013 Etude XVII \u2013 Responsabilit\u00e9 automobilistes &#8211; Doc. 27<br \/>\nComit\u00e9 d\u2019\u00e9tude pour la responsabilit\u00e9 civile des automobilistes. Avant-projet d\u2019une loi uniforme sur la responsabilit\u00e9 civile des automobilistes<\/p>\n<p>&nbsp;<\/p>\n<p>S.d.N. \u2013 U.D.P. 1937 \u2013 Etude XVII \u2013 Responsabilit\u00e9 civiles automobilistes &#8211; Doc. 26(1)<br \/>\nComit\u00e9 d\u2019\u00e9tude pour la responsabilit\u00e9 civile des automobilistes. Proc\u00e8s-verbaux, quatri\u00e8me session (Abbazia, 6-9 mai 1937)<\/p>\n<p>&nbsp;<\/p>\n<p>S.d.N. \u2013 U.D.P. 1937 \u2013 Etude XVII \u2013 Responsabilit\u00e9 automobilistes &#8211; Doc. 25<br \/>\nComit\u00e9 d\u2019\u00e9tude pour la responsabilit\u00e9 civile des automobilistes. Rapport sur le Projet de dispositions uniformes sur l\u2019assurance obligatoire des automobilistes<\/p>\n<p>&nbsp;<\/p>\n<p>S.d.N. \u2013 U.D.P. 1937 \u2013 Etude XVII \u2013 Responsabilit\u00e9 automobilistes &#8211; Doc. 24<br \/>\nComit\u00e9 d\u2019\u00e9tude pour la responsabilit\u00e9 civile des automobilistes. Rapport sur le Projet d\u2019une loi uniforme sur la responsabilit\u00e9 civile des automobilistes<\/p>\n<p>&nbsp;<\/p>\n<p>S.d.N. \u2013 U.D.P. 1937 \u2013 Etude XVII \u2013 Responsabilit\u00e9 civile automobilistes &#8211; Doc. 23<br \/>\nStudienausschuss f\u00fcr die Haftpflicht der Kraftfahrzeugfahrer. Entwurf Einheitlicher Bestimmungen \u00fcber die Zwangshaftpflichtversicherung der Kraftfahrer<\/p>\n<p>&nbsp;<\/p>\n<p>S.d.N. \u2013 U.D.P. 1937 \u2013 Etude XVII \u2013 Responsabilit\u00e9 automobilistes &#8211; Doc. 23<br \/>\nComit\u00e9 d\u2019\u00e9tude pour la responsabilit\u00e9 civile des automobilistes. Avant-projet de dispositions uniformes sur l\u2019assurance obligatoire des automobilistes<\/p>\n<p>&nbsp;<\/p>\n<p>S.d.N. \u2013 U.D.P. 1937 \u2013 Etude XVII \u2013 Responsabilit\u00e9 automobilistes &#8211; Doc. 22<br \/>\nComit\u00e9 d\u2019\u00e9tude pour la responsabilit\u00e9 civile des automobilistes. Avant-projet d\u2019une loi uniforme sur la responsabilit\u00e9 des automobilistes<\/p>\n<p>&nbsp;<\/p>\n<p>S.d.N. \u2013 U.D.P. 1937 \u2013 Etude XVII \u2013 Responsabilit\u00e9 automobilistes &#8211; Doc. 21<br \/>\nComit\u00e9 d\u2019\u00e9tude pour la responsabilit\u00e9 civile des automobilistes. Observations et suggestions concernant le projet d\u2019une loi uniforme sur la responsabilit\u00e9 civile des automobilistes et le projet de dispositions uniformes sur l\u2019assurance obligatoire des automobilistes, ainsi que les rapports les accompagnant<\/p>\n<p>&nbsp;<\/p>\n<p>S.d.N. \u2013 U.D.P. 1937 \u2013 Etude XVII \u2013 Responsabilit\u00e9 automobilistes (document sans num\u00e9ro en fran\u00e7ais et allemand)<\/p>\n<p>Comit\u00e9 d\u2019\u00e9tude pour la responsabilit\u00e9 civile des automobilistes. Projet de l\u2019Acad\u00e9mie de Droit allemand pour un Loi sur l\u2019assurance-responsabilit\u00e9 civile obligatoire des d\u00e9teneurs de v\u00e9hicules automobiles \/ Studienausschuss f\u00fcr die Haftpflicht der Kraftfahrzeugfahrer. Entwurf der Akademie f\u00fcr Deutsches Recht f\u00fcr ein Gesetz betr. Pflichtversigherung f\u00fcr Kraftfahrzeughalter<\/p>\n<p>&nbsp;<\/p>\n<p>S.d.N. \u2013 U.D.P. 1936 \u2013 Etude XVII \u2013 Responsabilit\u00e9 automobilistes &#8211; Doc. 20<br \/>\nComit\u00e9 d\u2019\u00e9tude pour la responsabilit\u00e9 civile des automobilistes. Rapport sur le projet de dispositions uniformes sur l\u2019assurance obligatoire des automobilistes<\/p>\n<p>&nbsp;<\/p>\n<p>S.d.N. \u2013 U.D.P. 1936 \u2013 Etude XVII Responsabilit\u00e9 automobilistes &#8211; Doc. 19<br \/>\nComit\u00e9 d\u2019\u00e9tude pour la responsabilit\u00e9 civile des automobilistes. Rapport sur le projet d\u2019une loi uniforme sur la responsabilit\u00e9 civile des automobilistes<\/p>\n<p>&nbsp;<\/p>\n<p>S.d.N. \u2013 U.D.P. 1936 \u2013 Etude XVII \u2013 Responsabilit\u00e9 automobilistes &#8211; Doc. 18<br \/>\nComit\u00e9 d\u2019\u00e9tude pour la responsabilit\u00e9 civile des automobilistes. Proc\u00e8s-verbaux, troisi\u00e8me session (Rome, 23-26 novembre 1936)<\/p>\n<p>&nbsp;<\/p>\n<p><a href=\"https:\/\/www.unidroit.org\/french\/documents\/1936\/etude17\/s-17-17-01-f.pdf\">S.d.N. \u2013 U.D.P. 1936 \u2013 Etude XVII \u2013 Responsabilit\u00e9 automobilistes &#8211; Doc. 17(1)<\/a>\u00a0(en fran\u00e7ais et allemand)<br \/>\nComit\u00e9 d\u2019\u00e9tude pour la responsabilit\u00e9 civile des automobilistes. Avant-projet de dispositions uniformes sur l\u2019assurance obligatoire des automobilistes \/ Studienausschuss f\u00fcr die Haftpflicht der Kraftfahrzeugfahrer. Vorentwurf eines einheitlichen Gesetzes \u00fcber die Haftpflicht der Kraftfahrzeugfahrer<\/p>\n<p>&nbsp;<\/p>\n<p><a href=\"https:\/\/www.unidroit.org\/french\/documents\/1936\/etude17\/s-17-17-f.pdf\">S.d.N. \u2013 U.D.P. 1936 \u2013 Etude XVII \u2013 Responsabilit\u00e9 automobilistes &#8211; Doc. 17<\/a><br \/>\nComit\u00e9 d\u2019\u00e9tude pour la responsabilit\u00e9 civile des automobilistes. Avant-projet de dispositions uniformes sur l\u2019assurance obligatoire des automobilistes<\/p>\n<p>&nbsp;<\/p>\n<p>S.d.N. \u2013 U.D.P. 1936 \u2013 Etude XVII \u2013 Responsabilit\u00e9 automobilistes &#8211; Doc. 16(2) [en fran\u00e7ais et allemand] Studienausschuss f\u00fcr die Haftpflicht der Kraftfahrzeugfahrer. Vorentwurf eines einheitlichen Gesetzes \u00fcber die Haftpflicht der Kraftfahrzeugfahrer \/ Comit\u00e9 d\u2019\u00e9tude pour la responsabilit\u00e9 civile des automobilistes. Avant-projet de loi uniforme sur la responsabilit\u00e9 civile des automobilistes<\/p>\n<p>&nbsp;<\/p>\n<p>S.d.N. \u2013 U.D.P. 1936 \u2013 Etude XVII \u2013 Responsabilit\u00e9 automobilistes &#8211; Doc. 16(1)<br \/>\nComit\u00e9 d\u2019\u00e9tude pour la responsabilit\u00e9 civile des automobilistes. Avant-projet de loi uniforme sur la responsabilit\u00e9 civile des automobilistes<\/p>\n<p>&nbsp;<\/p>\n<p>S.d.N. \u2013 U.D.P. 1936 \u2013 Etude XVII \u2013 Responsabilit\u00e9 automobilistes &#8211; Doc. 15<br \/>\nComit\u00e9 d\u2019\u00e9tude pour la responsabilit\u00e9 civile des automobilistes. R\u00e9sum\u00e9 des r\u00e9ponses au questionnaire envoy\u00e9 aux organisations d\u2019assurance, conform\u00e9ment \u00e0 la r\u00e9solution N\u00b0 IX, Doc. N\u00b0 12<\/p>\n<p>&nbsp;<\/p>\n<p>[Document de 1936 sans num\u00e9ro]Contribution \u00e0 la cr\u00e9ation d\u2019une l\u00e9gislation nouvelle en mati\u00e8re de circulation automobile (Extrait de l\u2019article de M. le Prof. Ernst Bruck, paru dans la revue \u00ab Le Assicurazioni \u00bb<\/p>\n<p>&nbsp;<\/p>\n<p>&nbsp;<\/p>\n<p>S.d.N. \u2013 U.D.P. 1936 \u2013 Etude XVII \u2013 Responsabilit\u00e9 automobilistes &#8211; Doc. 14(1)<br \/>\nComit\u00e9 d\u2019\u00e9tude pour la responsabilit\u00e9 civile des automobilistes. Avant-projet de dispositions sur l\u2019assurance obligatoire des automobilistes<\/p>\n<p>&nbsp;<\/p>\n<p>S.d.N. \u2013 U.D.P. 1936 \u2013 Etude XVII \u2013 Responsabilit\u00e9 automobilistes &#8211; Doc. 14<br \/>\nComit\u00e9 d\u2019\u00e9tude pour la responsabilit\u00e9 civile des automobilistes. Premi\u00e8res lignes d\u2019un Avant-projet de loi uniforme sur l\u2019assurance obligatoire des automobilistes<\/p>\n<p>&nbsp;<\/p>\n<p>S.d.N. \u2013 U.D.P. 1936 \u2013 Etude XVII \u2013 Responsabilit\u00e9 automobilistes &#8211; Doc. 13<br \/>\nEtude sur les exceptions d\u00e9rivant du contrat d\u2019assurance et de la loi sur le contrat d\u2019assurance ayant pour effet de r\u00e9duire ou de supprimer la couverture sur les dommages<\/p>\n<p>&nbsp;<\/p>\n<p>S.d.N. \u2013 U.D.P. 1936 \u2013 Etude XVII \u2013 Responsabilit\u00e9 automobilistes &#8211; Doc. 12 bis<br \/>\nComit\u00e9 d\u2019\u00e9tude pour la responsabilit\u00e9 civile des automobilistes. Proc\u00e8s-verbaux, deuxi\u00e8me session (Milan, 27-31 mars 1936)<\/p>\n<p>&nbsp;<\/p>\n<p>[Document de 1936 sans num\u00e9ro]Questionnaire envoy\u00e9 aux organisations d\u2019assurance concernant les syst\u00e8mes de contr\u00f4le des v\u00e9hicules automobiles, l\u2019assurance obligatoire des v\u00e9hicules automobiles en service publique, les m\u00e9thodes pour la formation des primes d\u2019assurance<\/p>\n<p>&nbsp;<\/p>\n<p>S.d.N. \u2013 U.D.P. 1936 \u2013 Etude XVII \u2013 Responsabilit\u00e9 automobilistes &#8211; Doc. 12<br \/>\nComit\u00e9 d\u2019\u00e9tude pour la responsabilit\u00e9 civile des automobilistes. Texte des r\u00e9solutions adopt\u00e9es par le Comit\u00e9 au cours de la deuxi\u00e8me session en mati\u00e8re d\u2019assurance obligatoire des automobilistes (Milan, 27-31 mars 1936)<\/p>\n<p>&nbsp;<\/p>\n<p>S.d.N. \u2013 U.D.P. 1936 \u2013 Etude XVII \u2013 Responsabilit\u00e9 automobilistes &#8211; Doc. 11<br \/>\nComit\u00e9 d\u2019\u00e9tude pour la responsabilit\u00e9 civile des automobilistes. Premi\u00e8re lignes d\u2019un Avant-projet de loi uniforme sur la responsabilit\u00e9 civile des automobilistes<\/p>\n<p>&nbsp;<\/p>\n<p>S.d.N. \u2013 U.D.P. 1936 \u2013 Etude XVII \u2013 Responsabilit\u00e9 automobilistes &#8211; Doc. 10<br \/>\nComit\u00e9 d\u2019\u00e9tude pour la responsabilit\u00e9 civile des automobilistes. Premi\u00e8re lignes d\u2019un Avant-projet de loi uniforme (Doc. 7) et modifications propos\u00e9es par MM. Delaquis et Josserand<\/p>\n<p>&nbsp;<\/p>\n<p>S.d.N. \u2013 U.D.P. 1936 \u2013 Etude XVII \u2013 Responsabilit\u00e9 automobilistes &#8211; Doc. 9<br \/>\nComit\u00e9 d\u2019\u00e9tude pour la responsabilit\u00e9 civile des automobilistes. Questionnaire concernant l\u2019assurance obligatoire des automobilistes<\/p>\n<p>&nbsp;<\/p>\n<p>S.d.N. \u2013 U.D.P. 1935 \u2013 Etude XVII \u2013 Responsabilit\u00e9 automobilistes &#8211; Doc. 7<br \/>\nAvant-projet d\u2019une loi internationale uniforme sur la responsabilit\u00e9 civile des automobilistes<\/p>\n<p>S.d.N. \u2013 U.D.P. 1936 \u2013 Etude XVII \u2013 Responsabilit\u00e9 civile des automobilistes &#8211; Doc. 8<br \/>\nAssurance obligatoire des automobilistes. Etude pr\u00e9liminaire<\/p>\n<p>&nbsp;<\/p>\n<p>S.d.N. \u2013 U.D.P. 1935 \u2013 Etude XVII \u2013 Responsabilit\u00e9 automobilistes &#8211; Doc. 6 bis<br \/>\nComit\u00e9 d\u2019\u00e9tude pour la responsabilit\u00e9 civile des automobilistes. Proc\u00e8s-verbaux, premi\u00e8re session (Rome, 27-30 mai 1935)<\/p>\n<p>&nbsp;<\/p>\n<p>S.d.N. \u2013 U.D.P. 1935 \u2013 Etude XVII \u2013 Responsabilit\u00e9 automobilistes &#8211; Doc. 6(1)<br \/>\nPremi\u00e8re session du Comit\u00e9 pour la responsabilit\u00e9 civile des automobilistes : Rome, 27-30 mai 1935 \u2013 R\u00e9sum\u00e9 des r\u00e9solutions<\/p>\n<p>&nbsp;<\/p>\n<p>S.d.N. \u2013 U.D.P. 1935 \u2013 Etude XVII \u2013 Responsabilit\u00e9 automobilistes &#8211; Doc. 5<br \/>\nProposition de M. le Prof. Sanchez Roman y Gallifa<\/p>\n<p>&nbsp;<\/p>\n<p>S.d.N. \u2013 U.D.P. 1935 \u2013 Etude XVII \u2013 Responsabilit\u00e9 automobilistes &#8211; Doc. 4<br \/>\nQuestionnaire concernant la responsabilit\u00e9 civile des automobilistes<\/p>\n<p>&nbsp;<\/p>\n<p>S.d.N. \u2013 U.D.P. 1935 \u2013 Etude XVII \u2013 Responsabilit\u00e9 automobilistes &#8211; Doc. 3<br \/>\nResponsabilit\u00e9 civile des automobilistes. Observations sur l\u2019unification des r\u00e8gles de droit priv\u00e9 se rapportant aux transports internationaux effectu\u00e9s par v\u00e9hicules-automobiles commerciaux. (Aide-M\u00e9moire \u00e9labor\u00e9 par M. Simon Rundstein, membre du Conseil de Direction de l\u2019Institut, \u00e0 l\u2019occasion de la Conf\u00e9rence Paneurop\u00e9enne sur la circulation routi\u00e8re, convoqu\u00e9e \u00e0 Gen\u00e8ve par la S.d.N. le 16 mars 1931.)<\/p>\n<p>&nbsp;<\/p>\n<p>S.d.N. \u2013 U.D.P. 1935 \u2013 Etude XVII \u2013 Responsabilit\u00e9 civile des automobilistes &#8211; Doc. 2<br \/>\nResponsabilit\u00e9 civile des automobilistes. Documents communiqu\u00e9s par l\u2019Association internationale des Automobile-Clubs reconnus<\/p>\n<p>&nbsp;<\/p>\n<p>S.d.N. \u2013 U.D.P. 1935 \u2013 Etude XVII \u2013 Responsabilit\u00e9 civile des automobilistes &#8211; Doc. 1<br \/>\nResponsabilit\u00e9 civile des automobilistes. Etude pr\u00e9liminaire[\/vc_column_text][\/vc_tta_section][\/vc_tta_accordion][\/vc_column][\/vc_row]<\/p>\n<\/div>","protected":false},"excerpt":{"rendered":"<p>[vc_row][vc_column css=&#8221;.vc_custom_1490017614850{margin-bottom: 30px !important;}&#8221;][vc_custom_heading text=&#8221;ASSURANCE&#8221; font_container=&#8221;tag:h1|text_align:left&#8221; use_theme_fonts=&#8221;yes&#8221; css=&#8221;.vc_custom_1628099326660{margin-top: 0px !important;margin-bottom: 20px !important;}&#8221;][vc_custom_heading text=&#8221;&#8221; font_container=&#8221;tag:h4|text_align:left&#8221; use_theme_fonts=&#8221;yes&#8221;][\/vc_column][\/vc_row][vc_row css=&#8221;.vc_custom_1622455036974{background-color: #f2f2f2 !important;}&#8221;][vc_column css=&#8221;.vc_custom_1490017614850{margin-bottom: 30px !important;}&#8221;][vc_column_text]ETUDE XXII \u2013 ASSURANCES CALAMITES (1939) ETUDE XIII &#8211; ASSURANCES (1932 &#8211; 1936) ETUDE XVII &#8211; RESPONSABILITE CIVILE ET ASSURANCE OBLIGATOIRE DES AUTOMOBILISTES (1935 &#8211;&nbsp;<a href=\"https:\/\/www.unidroit.org\/fr\/etudes\/assurance\/\">&hellip;<\/a><\/p>\n","protected":false},"author":20,"featured_media":0,"parent":5175,"menu_order":0,"comment_status":"closed","ping_status":"closed","template":"","meta":{"ep_exclude_from_search":false,"footnotes":""},"class_list":["post-5219","page","type-page","status-publish","format-standard","hentry","odd"],"_links":{"self":[{"href":"https:\/\/www.unidroit.org\/fr\/wp-json\/wp\/v2\/pages\/5219","targetHints":{"allow":["GET"]}}],"collection":[{"href":"https:\/\/www.unidroit.org\/fr\/wp-json\/wp\/v2\/pages"}],"about":[{"href":"https:\/\/www.unidroit.org\/fr\/wp-json\/wp\/v2\/types\/page"}],"author":[{"embeddable":true,"href":"https:\/\/www.unidroit.org\/fr\/wp-json\/wp\/v2\/users\/20"}],"replies":[{"embeddable":true,"href":"https:\/\/www.unidroit.org\/fr\/wp-json\/wp\/v2\/comments?post=5219"}],"version-history":[{"count":0,"href":"https:\/\/www.unidroit.org\/fr\/wp-json\/wp\/v2\/pages\/5219\/revisions"}],"up":[{"embeddable":true,"href":"https:\/\/www.unidroit.org\/fr\/wp-json\/wp\/v2\/pages\/5175"}],"wp:attachment":[{"href":"https:\/\/www.unidroit.org\/fr\/wp-json\/wp\/v2\/media?parent=5219"}],"curies":[{"name":"wp","href":"https:\/\/api.w.org\/{rel}","templated":true}]}}