{"id":5234,"date":"2021-08-04T18:20:48","date_gmt":"2021-08-04T18:20:48","guid":{"rendered":"https:\/\/www.unidroit.org\/?page_id=5234"},"modified":"2021-08-04T18:20:53","modified_gmt":"2021-08-04T18:20:53","slug":"obligations-alimentaires","status":"publish","type":"page","link":"https:\/\/www.unidroit.org\/fr\/etudes\/obligations-alimentaires\/","title":{"rendered":"Obligations alimentaires"},"content":{"rendered":"<div class=\"wpb-content-wrapper\"><p>[vc_row][vc_column css=&#8221;.vc_custom_1490017614850{margin-bottom: 30px !important;}&#8221;][vc_custom_heading text=&#8221;OBLIGATIONS ALIMENTAIRES&#8221; font_container=&#8221;tag:h1|text_align:left&#8221; use_theme_fonts=&#8221;yes&#8221; css=&#8221;.vc_custom_1628101291694{margin-top: 0px !important;margin-bottom: 20px !important;}&#8221;][vc_custom_heading text=&#8221;ETUDE II &#8211; EXECUTION A L&#8217;ETRANGER DES OBLIGATIONS ALIMENTAIRES (1929 &#8211; 1951)<br \/>\n&#8221; font_container=&#8221;tag:h4|text_align:left&#8221; use_theme_fonts=&#8221;yes&#8221;][\/vc_column][\/vc_row][vc_row css=&#8221;.vc_custom_1622455036974{background-color: #f2f2f2 !important;}&#8221;][vc_column css=&#8221;.vc_custom_1490017614850{margin-bottom: 30px !important;}&#8221;][vc_column_text]U.D.P 1951 &#8211; Etude II &#8211; Dettes alimentaires &#8211; Doc. 20<\/p>\n<p>Memorandum de l&#8217;Institut au sujet des observations des Gouvernements, des Agences sp\u00e9cialis\u00e9es et des Organisations non-gouvernementales sur l&#8217;Avant-Projet d&#8217;une Convention pour la reconnaissance et l&#8217;ex\u00e9cution \u00e0 l&#8217;\u00e9tranger des d\u00e9cisions en mati\u00e8re d&#8217;obligations alimentaires &#8211; janvier 1951<\/p>\n<p>&nbsp;<\/p>\n<p>U.D.P 1950 &#8211; Etude II &#8211; Obligations alimentaires &#8211; Doc. 16 (1)<\/p>\n<p>Avant-projet d&#8217;une Convention pour la Reconnaisance et l&#8217;Ex\u00e9cution \u00e0 l&#8217;Etranger des d\u00e9cisions en mati\u00e8re d&#8217;Obligations Alimentaires (Edition revis\u00e9e) \/ Preliminary Draft of a Convention on the Recognition and Enforcement Abroad of Maintenance Obligations (Revised edition) &#8211; Rome 1950<\/p>\n<p>&nbsp;<\/p>\n<p>U.D.P 1949 &#8211; Etude II &#8211; Dettes alimentaires &#8211; Doc. 19<\/p>\n<p>Troisi\u00e8me session du Comit\u00e9 d&#8217;\u00e9tudes pour l&#8217;ex\u00e9cution \u00e0 l&#8217;\u00e9tranger des obligations alimentaires. Proc\u00e8s-verbaux. La Haye, 17-19 novembre 1949 &#8211; d\u00e9cembre 1949<\/p>\n<p>&nbsp;<\/p>\n<p>U.D.P 1949 &#8211; Etude II &#8211; Dettes alimentaires &#8211; Doc. 18<\/p>\n<p>Comit\u00e9 pour l&#8217;ex\u00e9cution \u00e0 l&#8217;\u00e9tranger des obligations alimentaires. Propositions d&#8217;amendement de l&#8217;Avant-projet d&#8217;une Convention pour l&#8217;ex\u00e9cution \u00e0 l&#8217;\u00e9tranger des obligations alimentaires. Rapport illustratif et Nouvelle r\u00e9daction de l&#8217;Avant-Projet &#8211; octobre 1949<\/p>\n<p>&nbsp;<\/p>\n<p>U.D.P 1949 &#8211; Etude II &#8211; Dettes alimentaires &#8211; Doc. 17<\/p>\n<p>Comit\u00e9 pour l&#8217;ex\u00e9cution \u00e0 l&#8217;\u00e9tranger des obligations alimentaires. Observations sur l&#8217;Avant-projet d&#8217;une Convention pour l&#8217;ex\u00e9cution \u00e0 l&#8217;\u00e9tranger des obligations alimentaires, en vue d&#8217;une revision de ce dernier &#8211; octobre 1949<\/p>\n<p>&nbsp;<\/p>\n<p>U.D.P 1949 &#8211; Etude II &#8211; Dettes alimentaires &#8211; Doc. 17<\/p>\n<p>Comit\u00e9 pour l&#8217;ex\u00e9cution \u00e0 l&#8217;\u00e9tranger des obligations alimentaires. Propositions d&#8217;amendement de l&#8217;Avant-projet d&#8217;une Convention pour l&#8217;ex\u00e9cution \u00e0 l&#8217;\u00e9tranger des obligations alimentaires. Rapport illustratif et Texte des Amendements &#8211; octobre 1949<\/p>\n<p>&nbsp;<\/p>\n<p>U.D.P. 1949 &#8211; Etude II &#8211; Dettes alimentaires &#8211; Doc. 13(2)<\/p>\n<p>L&#8217;ex\u00e9cution \u00e0 l&#8217;\u00e9tranger des obligations alimentaires. Appendice au Doc. 13(1) &#8211; d\u00e9cembre 1949<\/p>\n<p>&nbsp;<\/p>\n<p>U.D.P 1948 &#8211; Etude II &#8211; Obligations alimentaires &#8211; Doc. 16<\/p>\n<p>Avant-projet d&#8217;une Convention pour l&#8217;ex\u00e9cution \u00e0 l&#8217;\u00e9tranger des obligations alimentaires \/ Preliminary Draft of a Convention on the Enforcement Abroad of Maintenance Obligations &#8211; Rome 1948<\/p>\n<p>&nbsp;<\/p>\n<p>S.d.N. &#8211; U.D.P 1938 &#8211; Etude II &#8211; Dettes alimentaires &#8211; Doc. 15 [in French and in English]<\/p>\n<p>Soci\u00e9t\u00e9 des Nations &#8211; Institut International de Rome pour l&#8217;Unification du Droit Priv\u00e9. Comit\u00e9 pour l&#8217;ex\u00e9cution \u00e0 l&#8217;\u00e9tranger des obligations alimentaires. Avant-projet de Convention adopt\u00e9 par le Comit\u00e9 lors de sa deuxi\u00e8me session, tenue \u00e0 S.ta Margherita du 24 au 27 octobre 1938 &#8211; novembre 1938<\/p>\n<p>&nbsp;<\/p>\n<p>S.d.N. &#8211; U.D.P 1938 &#8211; Etude II &#8211; Dettes alimentaires &#8211; Doc. 14<\/p>\n<p>Soci\u00e9t\u00e9 des Nations &#8211; Institut International de Rome pour l&#8217;Unification du Droit Priv\u00e9. Deuxi\u00e8me session du Comit\u00e9 pour l&#8217;ex\u00e9cution \u00e0 l&#8217;\u00e9tranger des obligations alimentaires. Proc\u00e8s-verbaux, S.ta Margherita Ligure, les 24 &#8211; 27 octobre 1938 &#8211; d\u00e9cembre 1938<\/p>\n<p>&nbsp;<\/p>\n<p>S.d.N. &#8211; U.D.P 1938 &#8211; Etude II &#8211; Dettes alimentaires &#8211; Doc. 13(1)<\/p>\n<p>Soci\u00e9t\u00e9 des Nations &#8211; Institut International de Rome pour l&#8217;Unification du Droit Priv\u00e9. L&#8217;ex\u00e9cution \u00e0 l&#8217;\u00e9tranger des obligations alimentaires &#8211; octobre 1938<br \/>\nLe Doc. 13(1) est compl\u00e9t\u00e9 par:<\/p>\n<p>U.D.P. 1949 &#8211; Etude II &#8211; Dettes alimentaires &#8211; Doc. 13(2) &#8211;\u00a0L&#8217;ex\u00e9cution \u00e0 l&#8217;\u00e9tranger des obligations alimentaires. Appendice au Doc. 13(1) &#8211; d\u00e9cembre 1949<\/p>\n<p>&nbsp;<\/p>\n<p>S.d.N. &#8211; U.D.P 1938 &#8211; Etude II &#8211; Dettes alimentaires &#8211; Doc. 12<\/p>\n<p>Soci\u00e9t\u00e9 des Nations &#8211; Institut International de Rome pour l&#8217;Unification du Droit Priv\u00e9. Obligations alimentaires entre les membres de la famille l\u00e9gitime. Premi\u00e8re partie: Obligations alimentaires entre \u00e9poux (Allemagne, Angleterre, France, Italie, Su\u00e8de, Suisse); Deuxi\u00e8me partie: Obligations alimentaires entre ascendants et descendants, entre collat\u00e9raux et entre alli\u00e9s &#8211; octobre 1938<\/p>\n<p>&nbsp;<\/p>\n<p>S.d.N. &#8211; U.D.P 1938 &#8211; Etude II &#8211; Dettes alimentaires &#8211; Doc. 11 bis<\/p>\n<p>Soci\u00e9t\u00e9 des Nations &#8211; Institut International de Rome pour l&#8217;Unification du Droit Priv\u00e9. Comit\u00e9 pour l&#8217;ex\u00e9cution \u00e0 l&#8217;\u00e9tranger des obligations alimentaires. Traduction fran\u00e7aise des Observations de MM. Borchard et Gutteridge sur les Bases Provisoires adopt\u00e9es \u00e0 Bruxelles le 4 ao\u00fbt 1937 (Doc. 8) &#8211; octobre 1938<\/p>\n<p>&nbsp;<\/p>\n<p>S.d.N. &#8211; U.D.P 1938 &#8211; Etude II &#8211; Dettes alimentaires &#8211; Doc. 11 [en anglais]<\/p>\n<p>Soci\u00e9t\u00e9 des Nations &#8211; Institut International de Rome pour l&#8217;Unification du Droit Priv\u00e9. Comit\u00e9 pour l&#8217;ex\u00e9cution \u00e0 l&#8217;\u00e9tranger des obligations alimentaires. Observations de MM. Borchard et Gutteridge sur les Bases Provisoires adopt\u00e9es \u00e0 Bruxelles le 4 ao\u00fbt 1937 (Doc. 8) &#8211; octobre 1938<\/p>\n<p>&nbsp;<\/p>\n<p>S.d.N. &#8211; U.D.P 1938 &#8211; Etude II &#8211; Dettes alimentaires &#8211; Doc. 10<\/p>\n<p>Soci\u00e9t\u00e9 des Nations &#8211; Institut International de Rome pour l&#8217;Unification du Droit Priv\u00e9. Comit\u00e9 pour l&#8217;ex\u00e9cution \u00e0 l&#8217;\u00e9tranger des obligations alimentaires. Avant-projet de convention sur l&#8217;ex\u00e9cution \u00e0 l&#8217;\u00e9tranger des mesures en mati\u00e8re d&#8217;obligations alimentaires r\u00e9dig\u00e9 d&#8217;apr\u00e8s les Bases Provisoires, adopt\u00e9es \u00e0 Bruxelles le 4 ao\u00fbt 1937 (Doc. 8) &#8211; octobre 1938<\/p>\n<p>&nbsp;<\/p>\n<p>S.d.N. &#8211; U.D.P 1937 &#8211; Etude II &#8211; Dettes alimentaires &#8211; Doc. 9<\/p>\n<p>Soci\u00e9t\u00e9 des Nations &#8211; Institut International de Rome pour l&#8217;Unification du Droit Priv\u00e9. Premi\u00e8re session du Comit\u00e9 pour l&#8217;ex\u00e9cution \u00e0 l&#8217;\u00e9tranger des obligations alimentaires. Proc\u00e8s-verbaux, Bruxelles, 1<sup>er<\/sup>\u00a0&#8211; 4 ao\u00fbt 1937 &#8211; septembre 1937<\/p>\n<p>&nbsp;<\/p>\n<p>S.d.N. &#8211; U.D.P 1937 &#8211; Etude II &#8211; Dettes alimentaires &#8211; Doc. 8<\/p>\n<p>Soci\u00e9t\u00e9 des Nations &#8211; Institut International de Rome pour l&#8217;Unification du Droit Priv\u00e9. Comit\u00e9 d&#8217;experts pour l&#8217;ex\u00e9cution \u00e0 l&#8217;\u00e9tranger des obligations alimentaires. Bases provisoires adopt\u00e9es \u00e0 Bruxelles, en s\u00e9ance du 4 ao\u00fbt 1937 &#8211; ao\u00fbt 1937<\/p>\n<p>&nbsp;<\/p>\n<p>S.d.N. &#8211; U.D.P 1936 &#8211; Etude II &#8211; Dettes alimentaires &#8211; Doc. 7<\/p>\n<p>Soci\u00e9t\u00e9 des Nations &#8211; Institut International de Rome pour l&#8217;Unification du Droit Priv\u00e9. L&#8217;obligation alimentaire dans le droit de famille. Annex 2 de l&#8217;Etude pr\u00e9liminaire (Doc. 5): Documentation legislative et donn\u00e9es bibliographiques &#8211; juillet 1936<\/p>\n<p>&nbsp;<\/p>\n<p>S.d.N. &#8211; U.D.P 1937 &#8211; Etude II &#8211; Dettes alimentaires &#8211; Doc. 6<\/p>\n<p>Soci\u00e9t\u00e9 des Nations &#8211; Institut International de Rome pour l&#8217;Unification du Droit Priv\u00e9. Questionnaire concernant l&#8217;ex\u00e9cution \u00e0 l&#8217;\u00e9tranger des obligations alimentaires &#8211; juillet 1937<\/p>\n<p>&nbsp;<\/p>\n<p>S.d.N. &#8211; U.D.P 1937 &#8211; Etude II &#8211; Dettes alimentaires &#8211; Doc. 5<\/p>\n<p>Soci\u00e9t\u00e9 des Nations &#8211; Institut International de Rome pour l&#8217;Unification du Droit Priv\u00e9. Ex\u00e9cution \u00e0 l&#8217;\u00e9tranger des obligations alimentaires &#8211; juin 1937<\/p>\n<p>&nbsp;<\/p>\n<p>S.d.N. &#8211; U.D.P 1936 &#8211; Etude II &#8211; Dettes alimentaires &#8211; Doc. 5<\/p>\n<p>Soci\u00e9t\u00e9 des Nations &#8211; Institut International de Rome pour l&#8217;Unification du Droit Priv\u00e9. L&#8217;obligation alimentaire dans le droit de famille. Etude pr\u00e9liminaire &#8211; mai 1936<\/p>\n<p>&nbsp;<\/p>\n<p>S.d.N. &#8211; U.D.P 1935 &#8211; Etude II &#8211; Dettes alimentaires &#8211; Doc. 5<\/p>\n<p>Soci\u00e9t\u00e9 des Nations &#8211; Institut International de Rome pour l&#8217;Unification du Droit Priv\u00e9. Dettes alimentaires. Etude pr\u00e9liminaire &#8211; septembre 1935<\/p>\n<p>&nbsp;<\/p>\n<p>S.d.N. &#8211; U.D.P 1930 &#8211; Etude II &#8211; Dettes alimentaires &#8211; Doc. 4<\/p>\n<p>Esquisse d&#8217;un projet de convention internationale pour l&#8217;unification du droit et la simplification de la proc\u00e9dure d&#8217;ex\u00e9cution en mati\u00e8re de dettes alimentaires; Dettes alimentaires: Aper\u00e7u sur l&#8217;\u00e9tat actuel de la question (document pr\u00e9sent\u00e9 \u00e0 la IX\u00e8me session du Conseil de Direction (U.D.P. 1935 &#8211; C.D. IX\u00e8me session, point 15 OdJ)<\/p>\n<p>&nbsp;<\/p>\n<p>S.d.N. &#8211; U.D.P 1929 &#8211; Etude II &#8211; Dettes alimentaires &#8211; Doc. 3<\/p>\n<p>Quelques observations sur les probl\u00e8mes de droit international priv\u00e9 en mati\u00e8re de dettes alimentaires<\/p>\n<p>&nbsp;<\/p>\n<p>S.d.N. &#8211; U.D.P 1929 &#8211; Etude II &#8211; Dettes alimentaires &#8211; Doc. 2<\/p>\n<p>Aper\u00e7u sommaire sur l&#8217;\u00e9tat actuel de la l\u00e9gislation en mati\u00e8re de dettes alimentaires<\/p>\n<p>&nbsp;<\/p>\n<p>S.d.N. &#8211; U.D.P 1929 &#8211; Etude II &#8211; Dettes alimentaires &#8211; Doc. 1<\/p>\n<p>Dettes alimentaires. L\u00e9gislations dans les divers pays[\/vc_column_text][\/vc_column][\/vc_row][vc_row][vc_column][vc_empty_space height=&#8221;10px&#8221;][\/vc_column][\/vc_row]<\/p>\n<\/div>","protected":false},"excerpt":{"rendered":"<p>[vc_row][vc_column css=&#8221;.vc_custom_1490017614850{margin-bottom: 30px !important;}&#8221;][vc_custom_heading text=&#8221;OBLIGATIONS ALIMENTAIRES&#8221; font_container=&#8221;tag:h1|text_align:left&#8221; use_theme_fonts=&#8221;yes&#8221; css=&#8221;.vc_custom_1628101291694{margin-top: 0px !important;margin-bottom: 20px !important;}&#8221;][vc_custom_heading text=&#8221;ETUDE II &#8211; EXECUTION A L&#8217;ETRANGER DES OBLIGATIONS ALIMENTAIRES (1929 &#8211; 1951) &#8221; font_container=&#8221;tag:h4|text_align:left&#8221; use_theme_fonts=&#8221;yes&#8221;][\/vc_column][\/vc_row][vc_row css=&#8221;.vc_custom_1622455036974{background-color: #f2f2f2 !important;}&#8221;][vc_column css=&#8221;.vc_custom_1490017614850{margin-bottom: 30px !important;}&#8221;][vc_column_text]U.D.P 1951 &#8211; Etude II &#8211; Dettes alimentaires &#8211; Doc. 20 Memorandum&nbsp;<a href=\"https:\/\/www.unidroit.org\/fr\/etudes\/obligations-alimentaires\/\">&hellip;<\/a><\/p>\n","protected":false},"author":20,"featured_media":0,"parent":5175,"menu_order":0,"comment_status":"closed","ping_status":"closed","template":"","meta":{"ep_exclude_from_search":false,"footnotes":""},"class_list":["post-5234","page","type-page","status-publish","format-standard","hentry","odd"],"_links":{"self":[{"href":"https:\/\/www.unidroit.org\/fr\/wp-json\/wp\/v2\/pages\/5234","targetHints":{"allow":["GET"]}}],"collection":[{"href":"https:\/\/www.unidroit.org\/fr\/wp-json\/wp\/v2\/pages"}],"about":[{"href":"https:\/\/www.unidroit.org\/fr\/wp-json\/wp\/v2\/types\/page"}],"author":[{"embeddable":true,"href":"https:\/\/www.unidroit.org\/fr\/wp-json\/wp\/v2\/users\/20"}],"replies":[{"embeddable":true,"href":"https:\/\/www.unidroit.org\/fr\/wp-json\/wp\/v2\/comments?post=5234"}],"version-history":[{"count":0,"href":"https:\/\/www.unidroit.org\/fr\/wp-json\/wp\/v2\/pages\/5234\/revisions"}],"up":[{"embeddable":true,"href":"https:\/\/www.unidroit.org\/fr\/wp-json\/wp\/v2\/pages\/5175"}],"wp:attachment":[{"href":"https:\/\/www.unidroit.org\/fr\/wp-json\/wp\/v2\/media?parent=5234"}],"curies":[{"name":"wp","href":"https:\/\/api.w.org\/{rel}","templated":true}]}}