{"id":5237,"date":"2021-08-04T18:23:55","date_gmt":"2021-08-04T18:23:55","guid":{"rendered":"https:\/\/www.unidroit.org\/?page_id=5237"},"modified":"2021-08-04T18:23:59","modified_gmt":"2021-08-04T18:23:59","slug":"methodologie","status":"publish","type":"page","link":"https:\/\/www.unidroit.org\/fr\/etudes\/methodologie\/","title":{"rendered":"M\u00e9thodologie"},"content":{"rendered":"<div class=\"wpb-content-wrapper\"><p>[vc_row][vc_column css=&#8221;.vc_custom_1490017614850{margin-bottom: 30px !important;}&#8221;][vc_custom_heading text=&#8221;M\u00c9THODOLOGIE&#8221; font_container=&#8221;tag:h1|text_align:left&#8221; use_theme_fonts=&#8221;yes&#8221; css=&#8221;.vc_custom_1628101430641{margin-top: 0px !important;margin-bottom: 20px !important;}&#8221;][vc_custom_heading text=&#8221;&#8221; font_container=&#8221;tag:h4|text_align:left&#8221; use_theme_fonts=&#8221;yes&#8221;][\/vc_column][\/vc_row][vc_row css=&#8221;.vc_custom_1622455036974{background-color: #f2f2f2 !important;}&#8221;][vc_column css=&#8221;.vc_custom_1490017614850{margin-bottom: 30px !important;}&#8221;][vc_column_text]ETUDE XXXIX \u2013 METHODES DE L&#8217;UNIFICATION DU DROIT (1956)<br \/>\nETUDE XXXVII \u2013 INTERPRETATION DES LOIS UNIFORMES (1955 &#8211; 1960)[\/vc_column_text][\/vc_column][\/vc_row][vc_row][vc_column][vc_empty_space height=&#8221;10px&#8221;][\/vc_column][\/vc_row][vc_row css=&#8221;.vc_custom_1456742899760{margin-bottom: 50px !important;}&#8221;][vc_column css=&#8221;.vc_custom_1491470213593{margin-bottom: 0px !important;}&#8221;][vc_tta_accordion shape=&#8221;square&#8221; color=&#8221;white&#8221; active_section=&#8221;&#8221; collapsible_all=&#8221;true&#8221; el_class=&#8221;wh-accordion&#8221; css=&#8221;.vc_custom_1620737860528{margin-bottom: 0px !important;}&#8221;][vc_tta_section title=&#8221;ETUDE XXXIX \u2013 METHODES DE L&#8217;UNIFICATION DU DROIT (1956)&#8221; tab_id=&#8221;1456405893720-a55ec26a-b30a&#8221;][vc_column_text]U.D.P. 1956 \u2013 Etude XXXIX \u2013 Doc. 1<br \/>\nLes m\u00e9thodes de l\u2019unification du droit. Rapport pr\u00e9liminaire[\/vc_column_text][\/vc_tta_section][vc_tta_section title=&#8221;ETUDE XXXVII \u2013 INTERPRETATION DES LOIS UNIFORMES (1955 &#8211; 1960)&#8221; tab_id=&#8221;1488897069871-af7a84cf-bd9a&#8221;][vc_column_text]U.D.P. 1960 \u2013 Etude XXXVII \u2013 Doc. 7<br \/>\nEtude des questions relatives \u00e0 l\u2019interpr\u00e9tation des lois uniformes. Mesures de conciliation et de solution par la voie juridictionnelle sugg\u00e9r\u00e9es par le Conseil de Direction par Jean Georges Sauveplanne, Secr\u00e9taire G\u00e9n\u00e9ral adjoint de l\u2019Institut<\/p>\n<p>&nbsp;<\/p>\n<p>U.D.P. 1959 \u2013 Etude XXXVII \u2013 Doc. 6<br \/>\nEtude des questions relatives \u00e0 l\u2019interpr\u00e9tation des lois uniformes. Les proc\u00e9dures de conciliation et le recours juridictionnel dans l\u2019interpr\u00e9tation des lois uniformes par Jean Georges Sauveplanne, Secr\u00e9taire G\u00e9n\u00e9ral adjoint de l\u2019Institut<\/p>\n<p>&nbsp;<\/p>\n<p>U.D.P. 1958 \u2013 Etude XXXVII \u2013 Doc. 5<br \/>\nEtude des questions relatives \u00e0 l\u2019interpr\u00e9tation des lois uniformes. Rapport pr\u00e9liminaire sur l\u2019interpr\u00e9tation judiciaire de la Convention de Varsovie (Edition r\u00e8vis\u00e9e)<\/p>\n<p>&nbsp;<\/p>\n<p>U.D.P. 1957 \u2013 Etude XXXVII \u2013 Doc. 4<br \/>\nEtude des questions relatives \u00e0 l\u2019interpr\u00e9tation des lois uniformes. Rapport pr\u00e9liminaire sur l\u2019interpr\u00e9tation judiciaire de la Convention de Varsovie<\/p>\n<p>&nbsp;<\/p>\n<p>U.D.P. 1956 \u2013 Etude XXXVII \u2013 Doc. 3<br \/>\nEtude des questions relatives \u00e0 l\u2019interpr\u00e9tation des lois uniformes. Enqu\u00eate-type sur l\u2019interpr\u00e9tation de certaines Conventions de Droit Priv\u00e9, par Ludovico Bentivoglio et Antonio Malintoppi<\/p>\n<p>&nbsp;<\/p>\n<p>U.D.P. 1955 \u2013 Etude XXXVII \u2013 Doc. 2<br \/>\nSous-commission pour l\u2019\u00e9tude des questions relatives \u00e0 l\u2019interpr\u00e9tation des lois uniformes. Proc\u00e8s-verbaux de la 1\u00e8re session (Rome, les 15 et 16 avril 1955) : Extrait des Proc\u00e8s-verbaux de la 35\u00e8me session du Conseil de Direction<\/p>\n<p>&nbsp;<\/p>\n<p>U.D.P. 1955 \u2013 Etude XXXVII \u2013 Doc. 1<br \/>\nEtude des questions relatives \u00e0 l\u2019interpr\u00e9tation des lois uniformes[\/vc_column_text][\/vc_tta_section][\/vc_tta_accordion][\/vc_column][\/vc_row]<\/p>\n<\/div>","protected":false},"excerpt":{"rendered":"<p>[vc_row][vc_column css=&#8221;.vc_custom_1490017614850{margin-bottom: 30px !important;}&#8221;][vc_custom_heading text=&#8221;M\u00c9THODOLOGIE&#8221; font_container=&#8221;tag:h1|text_align:left&#8221; use_theme_fonts=&#8221;yes&#8221; css=&#8221;.vc_custom_1628101430641{margin-top: 0px !important;margin-bottom: 20px !important;}&#8221;][vc_custom_heading text=&#8221;&#8221; font_container=&#8221;tag:h4|text_align:left&#8221; use_theme_fonts=&#8221;yes&#8221;][\/vc_column][\/vc_row][vc_row css=&#8221;.vc_custom_1622455036974{background-color: #f2f2f2 !important;}&#8221;][vc_column css=&#8221;.vc_custom_1490017614850{margin-bottom: 30px !important;}&#8221;][vc_column_text]ETUDE XXXIX \u2013 METHODES DE L&#8217;UNIFICATION DU DROIT (1956) ETUDE XXXVII \u2013 INTERPRETATION DES LOIS UNIFORMES (1955 &#8211; 1960)[\/vc_column_text][\/vc_column][\/vc_row][vc_row][vc_column][vc_empty_space height=&#8221;10px&#8221;][\/vc_column][\/vc_row][vc_row css=&#8221;.vc_custom_1456742899760{margin-bottom: 50px !important;}&#8221;][vc_column css=&#8221;.vc_custom_1491470213593{margin-bottom: 0px&nbsp;<a href=\"https:\/\/www.unidroit.org\/fr\/etudes\/methodologie\/\">&hellip;<\/a><\/p>\n","protected":false},"author":20,"featured_media":0,"parent":5175,"menu_order":0,"comment_status":"closed","ping_status":"closed","template":"","meta":{"ep_exclude_from_search":false,"footnotes":""},"class_list":["post-5237","page","type-page","status-publish","format-standard","hentry","odd"],"_links":{"self":[{"href":"https:\/\/www.unidroit.org\/fr\/wp-json\/wp\/v2\/pages\/5237","targetHints":{"allow":["GET"]}}],"collection":[{"href":"https:\/\/www.unidroit.org\/fr\/wp-json\/wp\/v2\/pages"}],"about":[{"href":"https:\/\/www.unidroit.org\/fr\/wp-json\/wp\/v2\/types\/page"}],"author":[{"embeddable":true,"href":"https:\/\/www.unidroit.org\/fr\/wp-json\/wp\/v2\/users\/20"}],"replies":[{"embeddable":true,"href":"https:\/\/www.unidroit.org\/fr\/wp-json\/wp\/v2\/comments?post=5237"}],"version-history":[{"count":0,"href":"https:\/\/www.unidroit.org\/fr\/wp-json\/wp\/v2\/pages\/5237\/revisions"}],"up":[{"embeddable":true,"href":"https:\/\/www.unidroit.org\/fr\/wp-json\/wp\/v2\/pages\/5175"}],"wp:attachment":[{"href":"https:\/\/www.unidroit.org\/fr\/wp-json\/wp\/v2\/media?parent=5237"}],"curies":[{"name":"wp","href":"https:\/\/api.w.org\/{rel}","templated":true}]}}