{"id":5243,"date":"2021-08-04T18:29:03","date_gmt":"2021-08-04T18:29:03","guid":{"rendered":"https:\/\/www.unidroit.org\/?page_id=5243"},"modified":"2021-08-04T18:29:07","modified_gmt":"2021-08-04T18:29:07","slug":"ressources-naturelles","status":"publish","type":"page","link":"https:\/\/www.unidroit.org\/fr\/etudes\/ressources-naturelles\/","title":{"rendered":"Ressources naturelles"},"content":{"rendered":"<div class=\"wpb-content-wrapper\"><p>[vc_row][vc_column css=&#8221;.vc_custom_1490017614850{margin-bottom: 30px !important;}&#8221;][vc_custom_heading text=&#8221;RESSOURCES NATURELLES&#8221; font_container=&#8221;tag:h1|text_align:left&#8221; use_theme_fonts=&#8221;yes&#8221; css=&#8221;.vc_custom_1628101745463{margin-top: 0px !important;margin-bottom: 20px !important;}&#8221;][vc_custom_heading text=&#8221;&#8221; font_container=&#8221;tag:h4|text_align:left&#8221; use_theme_fonts=&#8221;yes&#8221;][\/vc_column][\/vc_row][vc_row css=&#8221;.vc_custom_1622455036974{background-color: #f2f2f2 !important;}&#8221;][vc_column css=&#8221;.vc_custom_1490017614850{margin-bottom: 30px !important;}&#8221;][vc_column_text]Etude XXXII \u2013 ENERGIE ELECTRIQUE (1951 &#8211; 1952)<br \/>\nEtude XXX \u2013 PRODUITS DE BASE (1951)[\/vc_column_text][\/vc_column][\/vc_row][vc_row][vc_column][vc_empty_space height=&#8221;10px&#8221;][\/vc_column][\/vc_row][vc_row css=&#8221;.vc_custom_1456742899760{margin-bottom: 50px !important;}&#8221;][vc_column css=&#8221;.vc_custom_1491470213593{margin-bottom: 0px !important;}&#8221;][vc_tta_accordion shape=&#8221;square&#8221; color=&#8221;white&#8221; active_section=&#8221;&#8221; collapsible_all=&#8221;true&#8221; el_class=&#8221;wh-accordion&#8221; css=&#8221;.vc_custom_1620737860528{margin-bottom: 0px !important;}&#8221;][vc_tta_section title=&#8221;ETUDE XXXII \u2013 ENERGIE ELECTRIQUE (1951 &#8211; 1952)&#8221; tab_id=&#8221;1456405893720-a55ec26a-b30a&#8221;][vc_column_text]U.D.P. 1952 \u2013 Etude XXXII &#8211; Energie \u00e9lectrique \u2013 Doc. 2<\/p>\n<p>Note additionnelle de l\u2019Institut sur les probl\u00e8mes relevant du droit priv\u00e9 concernant les Echanges Internationaux de l\u2019\u00e9nergie \u00e9lectrique<\/p>\n<p>&nbsp;<\/p>\n<p>U.D.P. 1951 \u2013 Etude XXXII &#8211; Energie \u00e9lectrique \u2013 Doc. 1<\/p>\n<p>Note de l\u2019Institut sur les probl\u00e8mes de droit priv\u00e9 relatifs \u00e0 l\u2019\u00e9nergie \u00e9lectrique dans le relations internationales[\/vc_column_text][\/vc_tta_section][vc_tta_section title=&#8221;ETUDE XXX \u2013 PRODUITS DE BASE (1951)&#8221; tab_id=&#8221;1488897069871-af7a84cf-bd9a&#8221;][vc_column_text]U.D.P. 1951 \u2013 Etude XXX &#8211; Produits de base \u2013 Doc. 1<\/p>\n<p>R\u00e9ponse de l\u2019Institut \u00e0 la demande d\u2019avis du Groupe de travail du Comit\u00e9 de l\u2019industrie et des produits de base de la Commission \u00e9conomique pour l\u2019Europe des Nations Unies[\/vc_column_text][\/vc_tta_section][\/vc_tta_accordion][\/vc_column][\/vc_row]<\/p>\n<\/div>","protected":false},"excerpt":{"rendered":"<p>[vc_row][vc_column css=&#8221;.vc_custom_1490017614850{margin-bottom: 30px !important;}&#8221;][vc_custom_heading text=&#8221;RESSOURCES NATURELLES&#8221; font_container=&#8221;tag:h1|text_align:left&#8221; use_theme_fonts=&#8221;yes&#8221; css=&#8221;.vc_custom_1628101745463{margin-top: 0px !important;margin-bottom: 20px !important;}&#8221;][vc_custom_heading text=&#8221;&#8221; font_container=&#8221;tag:h4|text_align:left&#8221; use_theme_fonts=&#8221;yes&#8221;][\/vc_column][\/vc_row][vc_row css=&#8221;.vc_custom_1622455036974{background-color: #f2f2f2 !important;}&#8221;][vc_column css=&#8221;.vc_custom_1490017614850{margin-bottom: 30px !important;}&#8221;][vc_column_text]Etude XXXII \u2013 ENERGIE ELECTRIQUE (1951 &#8211; 1952) Etude XXX \u2013 PRODUITS DE BASE (1951)[\/vc_column_text][\/vc_column][\/vc_row][vc_row][vc_column][vc_empty_space height=&#8221;10px&#8221;][\/vc_column][\/vc_row][vc_row css=&#8221;.vc_custom_1456742899760{margin-bottom: 50px !important;}&#8221;][vc_column css=&#8221;.vc_custom_1491470213593{margin-bottom: 0px !important;}&#8221;][vc_tta_accordion shape=&#8221;square&#8221; color=&#8221;white&#8221;&nbsp;<a href=\"https:\/\/www.unidroit.org\/fr\/etudes\/ressources-naturelles\/\">&hellip;<\/a><\/p>\n","protected":false},"author":20,"featured_media":0,"parent":5175,"menu_order":0,"comment_status":"closed","ping_status":"closed","template":"","meta":{"ep_exclude_from_search":false,"footnotes":""},"class_list":["post-5243","page","type-page","status-publish","format-standard","hentry","odd"],"_links":{"self":[{"href":"https:\/\/www.unidroit.org\/fr\/wp-json\/wp\/v2\/pages\/5243","targetHints":{"allow":["GET"]}}],"collection":[{"href":"https:\/\/www.unidroit.org\/fr\/wp-json\/wp\/v2\/pages"}],"about":[{"href":"https:\/\/www.unidroit.org\/fr\/wp-json\/wp\/v2\/types\/page"}],"author":[{"embeddable":true,"href":"https:\/\/www.unidroit.org\/fr\/wp-json\/wp\/v2\/users\/20"}],"replies":[{"embeddable":true,"href":"https:\/\/www.unidroit.org\/fr\/wp-json\/wp\/v2\/comments?post=5243"}],"version-history":[{"count":0,"href":"https:\/\/www.unidroit.org\/fr\/wp-json\/wp\/v2\/pages\/5243\/revisions"}],"up":[{"embeddable":true,"href":"https:\/\/www.unidroit.org\/fr\/wp-json\/wp\/v2\/pages\/5175"}],"wp:attachment":[{"href":"https:\/\/www.unidroit.org\/fr\/wp-json\/wp\/v2\/media?parent=5243"}],"curies":[{"name":"wp","href":"https:\/\/api.w.org\/{rel}","templated":true}]}}