{"id":5258,"date":"2021-08-05T13:44:24","date_gmt":"2021-08-05T13:44:24","guid":{"rendered":"https:\/\/www.unidroit.org\/?page_id=5258"},"modified":"2021-10-13T15:47:25","modified_gmt":"2021-10-13T13:47:25","slug":"droit-prive-et-devel-agricole","status":"publish","type":"page","link":"https:\/\/www.unidroit.org\/fr\/etudes\/droit-prive-et-devel-agricole\/","title":{"rendered":"Droit priv\u00e9 et d\u00e9vel. agricole"},"content":{"rendered":"<div class=\"wpb-content-wrapper\"><p>[vc_row][vc_column css=&#8221;.vc_custom_1490017614850{margin-bottom: 30px !important;}&#8221;][vc_custom_heading text=&#8221;DROIT PRIV\u00c9 ET D\u00c9VELOPPEMENT AGRICOLE&#8221; font_container=&#8221;tag:h1|text_align:left&#8221; use_theme_fonts=&#8221;yes&#8221; css=&#8221;.vc_custom_1634132376111{margin-top: 0px !important;margin-bottom: 20px !important;}&#8221;][vc_custom_heading text=&#8221;&#8221; font_container=&#8221;tag:h4|text_align:left&#8221; use_theme_fonts=&#8221;yes&#8221;][\/vc_column][\/vc_row][vc_row css=&#8221;.vc_custom_1622455036974{background-color: #f2f2f2 !important;}&#8221;][vc_column css=&#8221;.vc_custom_1490017614850{margin-bottom: 30px !important;}&#8221;][vc_column_text]\u00c9TUDE LXXX &#8211; DROIT PRIV\u00c9 ET D\u00c9VELOPPEMENT AGRICOLE (2009 &#8211; )<br \/>\n\u00c9TUDE LXXX A &#8211; PR\u00c9PARATION D\u2019UN GUIDE JURIDIQUE POUR L\u2019AGRICULTURE SOUS CONTRAT (2012 &#8211; 2015)<br \/>\n\u00c9TUDE LXXX B &#8211; GUIDE INTERNATIONAL SUR LES CONTRATS D\u2019INVESTISSEMENT EN TERRES AGRICOLES<br \/>\n\u00c9TUDE LXXX C \u2013 PR\u00c9PARATION D\u2019UN DOCUMENT D\u2019ORIENTATION INTERNATIONAL SUR LA STRUCTURE JURIDIQUE DES ENTREPRISES AGRICOLES<\/p>\n<p>[\/vc_column_text][\/vc_column][\/vc_row][vc_row][vc_column][vc_empty_space height=&#8221;10px&#8221;][\/vc_column][\/vc_row][vc_row css=&#8221;.vc_custom_1456742899760{margin-bottom: 50px !important;}&#8221;][vc_column css=&#8221;.vc_custom_1491470213593{margin-bottom: 0px !important;}&#8221;][vc_tta_accordion shape=&#8221;square&#8221; color=&#8221;white&#8221; active_section=&#8221;&#8221; collapsible_all=&#8221;true&#8221; el_class=&#8221;wh-accordion&#8221; css=&#8221;.vc_custom_1620737860528{margin-bottom: 0px !important;}&#8221;][vc_tta_section title=&#8221;\u00c9TUDE LXXX &#8211; DROIT PRIV\u00c9 ET D\u00c9VELOPPEMENT AGRICOLE (2009 &#8211; )&#8221; tab_id=&#8221;1456405893720-a55ec26a-b30a&#8221;][vc_column_text]<strong>Historique<\/strong><\/p>\n<p style=\"text-align: justify;\">A sa 88\u00e8me session (2009), le Conseil de Direction a examin\u00e9 une note pr\u00e9par\u00e9e par le Secr\u00e9tariat contenant un certain nombre de r\u00e9flexions quant \u00e0 la possibilit\u00e9 pour UNIDROIT d\u00b4aborder un nouveau domaine d\u00b4activit\u00e9s sp\u00e9cialement centr\u00e9 sur les interactions entre le droit priv\u00e9 et le d\u00e9veloppement \u00e9conomique et social (UNIDROIT 23009 \u2013 C.D. (88)\u00a07 Add.6). Le Conseil est convenu que le mandat large d\u00b4UNIDROIT dans le domaine du droit priv\u00e9 offrait en effet \u00e0 l\u00b4Institut un ample \u00e9ventail d\u00b4opportunit\u00e9s lui permettant de contribuer aux objectifs de d\u00e9veloppement \u00e9tablis par la communaut\u00e9 internationale, en particulier dans le domaine des investissements et de la production agricoles, ce qui pourrait \u00e9galement permettre de mieux explorer des synergies avec d\u00b4autres organisations intergouvernementales et de d\u00e9velopper des projets conjoints avec certaines d\u00b4entre elles.<\/p>\n<p style=\"text-align: justify;\">A sa 89\u00e8me session (2010), le Conseil de Direction a examin\u00e9 un document du Secr\u00e9tariat sur les \u201cAspects de droit priv\u00e9 du financement agricole\u201d (UNIDROIT 2010 \u2013 C.D. (89)\u00a07 Add.4), qui soulignait notamment que peu d\u00b4attention avait \u00e9t\u00e9 r\u00e9serv\u00e9e \u00e0 la question de savoir \u201cdans quelle mesure les divers domaines du droit priv\u00e9 qui touchent aux d\u00e9cisions d\u00b4investissement et aux m\u00e9canismes de financement et de distribution pour les produits de base agricoles dans la plupart des pays soutiennent l\u00b4investissement agricole durable, facilitent la mobilisation de capitaux pour les entreprises rurales ou favorisent des choix rationnels et efficaces pour la distribution des produits de base agricoles\u201d. Le Conseil est convenu que le Secr\u00e9tariat devrait poursuivre les recherches pr\u00e9liminaires en vue d\u00b4identifier des domaines concernant lesquels UNIDROIT pourrait apporter une contribution utile, notamment dans la perspective de compl\u00e9ter les travaux effectu\u00e9s par d\u00b4autres organisations. Le Conseil a d\u00e9cid\u00e9 de recommander d\u00b4inclure au Programme de travail de l\u00b4Institut les aspects de droit priv\u00e9 du financement agricole, et cette recommandation a \u00e9t\u00e9 ent\u00e9rin\u00e9e par l\u00b4Assembl\u00e9e G\u00e9n\u00e9rale d\u00b4UNIDROIT \u00e0 sa 67\u00e8me session le 1er d\u00e9cembre 2010 (UNIDROIT 2010 \u2013 A.G. (67)\u00a09 r\u00e9v.).<\/p>\n<p style=\"text-align: justify;\">Le Secr\u00e9tariat a poursuivi les consultations informelles avec deux organisations bas\u00e9es \u00e0 Rome qui sont sp\u00e9cialis\u00e9es en mati\u00e8re de d\u00e9veloppement et\/ou de financement agricole \u2013 que sont l\u00b4Organisation des Nations Unies pour l\u00b4alimentation et l\u00b4agriculture (FAO) et le Fonds international de d\u00e9veloppement agricole (FIDA), et a particip\u00e9 \u00e0 deux r\u00e9unions que celles\u2013ci ont organis\u00e9es respectivement en mars et avril 2011. D\u00b4autre part, afin d\u00b4explorer la nature de la contribution qu\u00b4UNIDROIT peut apporter aux efforts globaux visant \u00e0 faire face aux objectifs de s\u00e9curit\u00e9 alimentaire compte tenu du mandat sp\u00e9cifique de l\u00b4Organisation et de son expertise en mati\u00e8re de formulation de r\u00e8gles uniformes de droit priv\u00e9 et en synergie avec les organisations multilat\u00e9rales travaillant pour le d\u00e9veloppement agricole, le Secr\u00e9tariat a organis\u00e9 un Colloque sur \u201cLa promotion de l\u00b4investissement pour la production agricole: aspects de droit priv\u00e9\u201d qui s\u00b4est tenu \u00e0 Rome les 8\u201310 novembre 2011.<\/p>\n<p style=\"text-align: justify;\">Colloque sur \u201cLa promotion de l\u00b4investissement pour la production agricole: aspects de droit priv\u00e9\u201d tenu \u00e0 Rome les 8-10 novembre 2011 &#8211;\u00a0<a href=\"https:\/\/www.unidroit.org\/french\/workprogramme\/study080\/colloquium\/20111108-10\/rep-f.pdf\">Compte rendu pr\u00e9par\u00e9 par le Secr\u00e9tariat d&#8217;UNIDROIT<\/a><\/p>\n<p style=\"text-align: justify;\">Les Actes du Colloque ont paru dans le num\u00e9ro 2012-1\/2 de la Revue de droit uniforme &#8211;\u00a0<a href=\"https:\/\/www.unidroit.org\/english\/workprogramme\/study080\/colloquium\/20111108-10\/acts-ef.pdf\">Table des mati\u00e8res<\/a><\/p>\n<p style=\"text-align: justify;\"><strong>Travaux futurs d\u2019UNIDROIT dans le domaine du droit priv\u00e9 et du d\u00e9veloppement agricole<\/strong><\/p>\n<p style=\"text-align: justify;\">Sur la base des contributions faites au Colloque de novembre 2011 et des consultations men\u00e9es avec des partenaires multilat\u00e9raux potentiels, le Conseil de Direction d\u2019UNIDROIT a \u00e9tabli \u00e0 sa 91\u00e8me session (Rome, mai 2012) une liste de sujets qui pourront faire l\u2019objet de travaux futurs d\u2019UNIDROIT dans le domaine du droit priv\u00e9 et du d\u00e9veloppement agricole. Il a d\u00e9cid\u00e9:<\/p>\n<p style=\"text-align: justify;\">a) d\u2019autoriser la constitution d\u2019un Comit\u00e9 d\u2019\u00e9tude charg\u00e9 de la pr\u00e9paration d\u2019un guide juridique pour l\u2019agriculture sous contrat en invitant la FAO, le FIDA et d\u2019autres organisations internationales int\u00e9ress\u00e9es \u00e0 participer \u00e0 ses travaux;<\/p>\n<p style=\"text-align: justify;\">b) de charger le Secr\u00e9tariat de poursuivre \u2013 dans la mesure des ressources disponibles \u2013 les consultations et des travaux pr\u00e9liminaires, en vue de la pr\u00e9paration \u00e9ventuelle dans l\u2019avenir d\u2019un guide international sur les contrats d\u2019investissements fonciers, compte tenu en particulier des Principes d\u2019UNIDROIT relatifs aux contrats du commerce international;<\/p>\n<p style=\"text-align: justify;\">c) de charger le Secr\u00e9tariat de suivre \u2013 dans la mesure des ressources disponibles \u2013 les d\u00e9veloppements intervenant au niveau international et national en mati\u00e8re de r\u00e9formes et modernisation des r\u00e9gimes fonciers, et de prendre note des projets \u00e9ventuels de travaux futurs en mati\u00e8re de structure juridique des entreprises agricoles et de guide sur le financement agricole, en vue d\u2019une d\u00e9cision \u00e0 une date ult\u00e9rieure, \u00e0 la lumi\u00e8re des travaux qui auront alors \u00e9t\u00e9 effectu\u00e9s par UNIDROIT dans le domaine agricole;<\/p>\n<p style=\"text-align: justify;\">d) de donner mandat au Secr\u00e9tariat pour promouvoir \u2013 dans la mesure des ressources disponibles \u2013 les instruments d\u2019UNIDROIT en mati\u00e8re de financement qui trouvent une application particuli\u00e8re dans le domaine du financement agricole, en particulier les Conventions d\u2019UNIDROIT sur le cr\u00e9dit\u2013bail international et sur l\u2019affacturage international, ainsi que la loi\u2013type d\u2019UNIDROIT sur la location et la location\u2013financement.<\/p>\n<p>[\/vc_column_text][\/vc_tta_section][vc_tta_section title=&#8221;\u00c9TUDE LXXX A &#8211; PR\u00c9PARATION D\u2019UN GUIDE JURIDIQUE POUR L\u2019AGRICULTURE SOUS CONTRAT (2012 &#8211; 2015)&#8221; tab_id=&#8221;1488897069871-af7a84cf-bd9a&#8221;][vc_column_text]<strong>Documentation<\/strong><\/p>\n<p><strong>\u00a0<\/strong><\/p>\n<p><a href=\"https:\/\/www.unidroit.org\/french\/workprogramme\/study080a\/s-80a-pres20130102-f.pdf\">Note descriptive \u2013 Pr\u00e9paration d\u2019un Guide juridique pour l\u2019agriculture sous contrat (mise \u00e0 jour 1 octobre 2013)<\/a><\/p>\n<p>&nbsp;<\/p>\n<p><a href=\"https:\/\/www.unidroit.org\/english\/documents\/2012\/study80a\/wg01\/s-80a-01rev-e.pdf\">UNIDROIT 2012 \u2013 Study 80 A \u2013 Doc. 1 rev. (November 2012)<\/a><br \/>\nPreparation of a Legal Guide on Contract Farming \u2013 A preliminary outline of issues (prepared by the UNIDROIT Secretariat) (en anglais seulement).<\/p>\n<p>&nbsp;<\/p>\n<p><a href=\"https:\/\/www.unidroit.org\/french\/documents\/2013\/etude80a\/wg01\/s-80a-02-f.pdf\">UNIDROIT 2012 \u2013 Etude 80 A \u2013 Doc. 2 (<span id=\"result_box\" lang=\"fr\">f\u00e9vrier<\/span>\u00a02013)<\/a><br \/>\nRapport de la premi\u00e8re r\u00e9union (Rome,ETUDE LXXX A &#8211; PREPARATION D\u2019UN GUIDE JURIDIQUE POUR L\u2019AGRICULTURE SOUS CONTRAT 28 \u2013 31 janvier 2013)<\/p>\n<p>&nbsp;<\/p>\n<p><a href=\"https:\/\/www.unidroit.org\/english\/documents\/2013\/study80a\/wg02\/s-80a-07-e.pdf\">UNIDROIT 2013 \u2013 Etude 80 A \u2013 Doc. 7 (September 2013):<\/a>\u00a0Rapport de la deuxi\u00e8me r\u00e9union (Rome, 3 \u2013 5 juin 2013)\u00a0(en anglais)[\/vc_column_text][\/vc_tta_section][vc_tta_section title=&#8221;\u00c9TUDE LXXX B &#8211; GUIDE INTERNATIONAL SUR LES CONTRATS D\u2019INVESTISSEMENT EN TERRES AGRICOLES&#8221; tab_id=&#8221;1634132542132-c5cbed20-b648&#8243;][vc_column_text]<em>Les documents du Groupe de travail sont disponibles en anglais seulement<\/em><\/p>\n<p><strong>Groupe de travail (Quatri\u00e8me r\u00e9union, 9 \u2013 11 octobre 2018)<\/strong><\/p>\n<p><a href=\"https:\/\/www.unidroit.org\/english\/documents\/2018\/study80b\/wg04\/s-80b-wg04-inf01-rev02-e.pdf\">WG4 Inf. 1 rev. 2<\/a>\u00a0\u00a0 \u00a0 \u00a0 \u00a0 Draft annotated agenda<\/p>\n<p><a href=\"https:\/\/www.unidroit.org\/english\/documents\/2018\/study80b\/wg04\/s-80b-wg04-05-e.pdf\">Doc. 5<\/a>\u00a0\u00a0 \u00a0 \u00a0 \u00a0\u00a0 \u00a0\u00a0\u00a0\u00a0\u00a0\u00a0\u00a0\u00a0\u00a0\u00a0\u00a0\u00a0\u00a0\u00a0 Report on the fourth meeting<\/p>\n<p><strong>Groupe de travail (Troisi\u00e8me r\u00e9union, 25 \u2013 27 avril 2018)<\/strong><\/p>\n<p><a href=\"https:\/\/www.unidroit.org\/english\/documents\/2018\/study80b\/wg03\/s-80b-wg03-inf01-e.pdf\">WG3 Inf. 1 rev.<\/a>\u00a0\u00a0 \u00a0 \u00a0 \u00a0 Draft annotated agenda<\/p>\n<p><a href=\"https:\/\/www.unidroit.org\/english\/documents\/2018\/study80b\/s-80b-04-e.pdf\">Doc. 4<\/a>\u00a0\u00a0\u00a0\u00a0\u00a0\u00a0\u00a0\u00a0\u00a0\u00a0\u00a0\u00a0\u00a0\u00a0\u00a0\u00a0\u00a0\u00a0\u00a0\u00a0\u00a0 Report on the third meeting<\/p>\n<p><strong>Groupe de travail (Deuxi\u00e8me r\u00e9union, 13 \u2013 15 september 2017)<\/strong><\/p>\n<p><a href=\"https:\/\/www.unidroit.org\/english\/documents\/2017\/study80b\/wg02\/s-80b-wg02-inf01-rev-e.pdf\">WG2 Inf. 1 rev.<\/a>\u00a0\u00a0 \u00a0\u00a0 Draft annotated agenda<\/p>\n<p><a href=\"https:\/\/www.unidroit.org\/english\/documents\/2018\/study80b\/s-80b-03-e.pdf\">Doc. 3<\/a>\u00a0\u00a0 \u00a0 \u00a0 \u00a0 \u00a0 \u00a0 \u00a0 \u00a0\u00a0\u00a0 Report on the second meeting<\/p>\n<p><strong>Groupe de travail (Premi\u00e8re r\u00e9union, 3 \u2013 5 mai 2017)<\/strong><\/p>\n<p><a href=\"https:\/\/www.unidroit.org\/english\/documents\/2017\/study80b\/wg\/s-80b-inf01-rev-e.pdf\">Inf. 1 rev.<\/a>\u00a0\u00a0 \u00a0 \u00a0 \u00a0 \u00a0\u00a0 Draft annotated agenda<\/p>\n<p><a href=\"https:\/\/www.unidroit.org\/english\/documents\/2017\/study80b\/wg\/s-80b-01rev-e.pdf\">Doc. 1 rev.<\/a>\u00a0\u00a0 \u00a0 \u00a0 \u00a0\u00a0 Preparation of an international instrument on agricultural land<br \/>\ninvestment contracts: A preliminary outline of issues<\/p>\n<p><a href=\"https:\/\/www.unidroit.org\/english\/documents\/2017\/study80b\/wg\/s-80b-02-e.pdf\">Doc. 2<\/a>\u00a0\u00a0\u00a0\u00a0\u00a0\u00a0\u00a0\u00a0\u00a0\u00a0\u00a0\u00a0\u00a0\u00a0 \u00a0 Report on the first meeting[\/vc_column_text][\/vc_tta_section][vc_tta_section title=&#8221;\u00c9TUDE LXXX C \u2013 PR\u00c9PARATION D\u2019UN DOCUMENT D\u2019ORIENTATION INTERNATIONAL SUR LA STRUCTURE JURIDIQUE DES ENTREPRISES AGRICOLES&#8221; tab_id=&#8221;1634132637127-50ee9c97-5e3c&#8221;][vc_column_text]<\/p>\n<p style=\"text-align: justify;\">Cons\u00e9quence naturelle du\u00a0<a href=\"https:\/\/www.unidroit.org\/fr\/instruments\/agriculture-contractuelle\/guide-juridique\">Guide juridique sur l\u2019agriculture contractuelle<\/a>\u00a0(finalis\u00e9 en 2015) et du\u00a0<a href=\"https:\/\/www.unidroit.org\/fr\/current-studies-fr\/contrats-en-terres-agricoles\">Guide juridique sur les contrats d\u2019investissement en terres agricoles<\/a>\u00a0(finalis\u00e9 en 2020 \u2013 en anglais), la Structure juridique des entreprises agricoles est le projet le plus r\u00e9cent du partenariat tripartite entre l\u2019Institut international pour l\u2019unification du droit priv\u00e9 (Unidroit), l\u2019Organisation des Nations unies pour l\u2019alimentation et l\u2019agriculture (FAO) et le Fonds international de d\u00e9veloppement agricole (FIDA).<\/p>\n<p style=\"text-align: justify;\">Le projet sur la Structure juridique des entreprises agricoles a \u00e9t\u00e9 choisi par le Conseil de Direction d\u2019Unidroit, lors de sa 98\u00e8me session (Rome, 8-10 mai 2019) et approuv\u00e9 par l\u2019Assembl\u00e9e G\u00e9n\u00e9rale lors de sa 78\u00e8me session (Rome, 12 d\u00e9cembre 2019) pour \u00eatre d\u00e9velopp\u00e9 dans le cadre du\u00a0<a href=\"https:\/\/www.unidroit.org\/french\/governments\/councildocuments\/2019session\/cd-98-14-rev-f.pdf\">Programme de travail 2020-2022<\/a>, avec un niveau de priorit\u00e9 moyen.<\/p>\n<p style=\"text-align: justify;\">Dans un premier temps, le Conseil de Direction a recommand\u00e9 que le Secr\u00e9tariat fasse une \u00e9valuation et une \u00e9tude de faisabilit\u00e9 sur la structure juridique pour les investissements dans les activit\u00e9s agricoles afin de v\u00e9rifier si une contribution d\u2019Unidroit pourrait \u00eatre utile.<\/p>\n<p>[\/vc_column_text][\/vc_tta_section][\/vc_tta_accordion][\/vc_column][\/vc_row]<\/p>\n<\/div>","protected":false},"excerpt":{"rendered":"<p>[vc_row][vc_column css=&#8221;.vc_custom_1490017614850{margin-bottom: 30px !important;}&#8221;][vc_custom_heading text=&#8221;DROIT PRIV\u00c9 ET D\u00c9VELOPPEMENT AGRICOLE&#8221; font_container=&#8221;tag:h1|text_align:left&#8221; use_theme_fonts=&#8221;yes&#8221; css=&#8221;.vc_custom_1634132376111{margin-top: 0px !important;margin-bottom: 20px !important;}&#8221;][vc_custom_heading text=&#8221;&#8221; font_container=&#8221;tag:h4|text_align:left&#8221; use_theme_fonts=&#8221;yes&#8221;][\/vc_column][\/vc_row][vc_row css=&#8221;.vc_custom_1622455036974{background-color: #f2f2f2 !important;}&#8221;][vc_column css=&#8221;.vc_custom_1490017614850{margin-bottom: 30px !important;}&#8221;][vc_column_text]\u00c9TUDE LXXX &#8211; DROIT PRIV\u00c9 ET D\u00c9VELOPPEMENT AGRICOLE (2009 &#8211; ) \u00c9TUDE LXXX A &#8211; PR\u00c9PARATION D\u2019UN GUIDE JURIDIQUE POUR L\u2019AGRICULTURE&nbsp;<a href=\"https:\/\/www.unidroit.org\/fr\/etudes\/droit-prive-et-devel-agricole\/\">&hellip;<\/a><\/p>\n","protected":false},"author":20,"featured_media":0,"parent":5175,"menu_order":0,"comment_status":"closed","ping_status":"closed","template":"","meta":{"ep_exclude_from_search":false,"footnotes":""},"class_list":["post-5258","page","type-page","status-publish","format-standard","hentry","odd"],"_links":{"self":[{"href":"https:\/\/www.unidroit.org\/fr\/wp-json\/wp\/v2\/pages\/5258","targetHints":{"allow":["GET"]}}],"collection":[{"href":"https:\/\/www.unidroit.org\/fr\/wp-json\/wp\/v2\/pages"}],"about":[{"href":"https:\/\/www.unidroit.org\/fr\/wp-json\/wp\/v2\/types\/page"}],"author":[{"embeddable":true,"href":"https:\/\/www.unidroit.org\/fr\/wp-json\/wp\/v2\/users\/20"}],"replies":[{"embeddable":true,"href":"https:\/\/www.unidroit.org\/fr\/wp-json\/wp\/v2\/comments?post=5258"}],"version-history":[{"count":0,"href":"https:\/\/www.unidroit.org\/fr\/wp-json\/wp\/v2\/pages\/5258\/revisions"}],"up":[{"embeddable":true,"href":"https:\/\/www.unidroit.org\/fr\/wp-json\/wp\/v2\/pages\/5175"}],"wp:attachment":[{"href":"https:\/\/www.unidroit.org\/fr\/wp-json\/wp\/v2\/media?parent=5258"}],"curies":[{"name":"wp","href":"https:\/\/api.w.org\/{rel}","templated":true}]}}