{"id":5274,"date":"2021-08-05T14:14:27","date_gmt":"2021-08-05T14:14:27","guid":{"rendered":"https:\/\/www.unidroit.org\/?page_id=5274"},"modified":"2021-08-05T14:14:32","modified_gmt":"2021-08-05T14:14:32","slug":"concurrence-deloyale","status":"publish","type":"page","link":"https:\/\/www.unidroit.org\/fr\/etudes\/concurrence-deloyale\/","title":{"rendered":"Concurrence d\u00e9loyale"},"content":{"rendered":"<div class=\"wpb-content-wrapper\"><p>[vc_row][vc_column css=&#8221;.vc_custom_1490017614850{margin-bottom: 30px !important;}&#8221;][vc_custom_heading text=&#8221;CONCURRENCE DELOYALE&#8221; font_container=&#8221;tag:h1|text_align:left&#8221; use_theme_fonts=&#8221;yes&#8221; css=&#8221;.vc_custom_1628172912794{margin-top: 0px !important;margin-bottom: 20px !important;}&#8221;][vc_custom_heading text=&#8221;ETUDE XLI \u2013 CONCURRENCE DELOYALE (1957 &#8211; 1959)<br \/>\n&#8221; font_container=&#8221;tag:h4|text_align:left&#8221; use_theme_fonts=&#8221;yes&#8221;][\/vc_column][\/vc_row][vc_row css=&#8221;.vc_custom_1622455036974{background-color: #f2f2f2 !important;}&#8221;][vc_column css=&#8221;.vc_custom_1490017614850{margin-bottom: 30px !important;}&#8221;][vc_column_text]U.D.P. 1959 \u2013 Etude XLI \u2013 Doc. 2<\/p>\n<p>Rapport sur les possibilit\u00e9s de r\u00e9aliser une certaine unification en mati\u00e8re de concurrence d\u00e9loyale par Monsieur le Pr\u00e9sident Plinio Bolla, Membre du Conseil de Direction de l\u2019Institut<\/p>\n<p>&nbsp;<\/p>\n<p>U.D.P. 1957 \u2013 Etude XLI \u2013 Doc. 1<\/p>\n<p>Observations pr\u00e9liminaires pour un code comparatif en mati\u00e8re de concurrence d\u00e9loyale[\/vc_column_text][\/vc_column][\/vc_row][vc_row][vc_column][vc_empty_space height=&#8221;10px&#8221;][\/vc_column][\/vc_row]<\/p>\n<\/div>","protected":false},"excerpt":{"rendered":"<p>[vc_row][vc_column css=&#8221;.vc_custom_1490017614850{margin-bottom: 30px !important;}&#8221;][vc_custom_heading text=&#8221;CONCURRENCE DELOYALE&#8221; font_container=&#8221;tag:h1|text_align:left&#8221; use_theme_fonts=&#8221;yes&#8221; css=&#8221;.vc_custom_1628172912794{margin-top: 0px !important;margin-bottom: 20px !important;}&#8221;][vc_custom_heading text=&#8221;ETUDE XLI \u2013 CONCURRENCE DELOYALE (1957 &#8211; 1959) &#8221; font_container=&#8221;tag:h4|text_align:left&#8221; use_theme_fonts=&#8221;yes&#8221;][\/vc_column][\/vc_row][vc_row css=&#8221;.vc_custom_1622455036974{background-color: #f2f2f2 !important;}&#8221;][vc_column css=&#8221;.vc_custom_1490017614850{margin-bottom: 30px !important;}&#8221;][vc_column_text]U.D.P. 1959 \u2013 Etude XLI \u2013 Doc. 2 Rapport sur les possibilit\u00e9s de r\u00e9aliser une certaine&nbsp;<a href=\"https:\/\/www.unidroit.org\/fr\/etudes\/concurrence-deloyale\/\">&hellip;<\/a><\/p>\n","protected":false},"author":20,"featured_media":0,"parent":5175,"menu_order":0,"comment_status":"closed","ping_status":"closed","template":"","meta":{"ep_exclude_from_search":false,"footnotes":""},"class_list":["post-5274","page","type-page","status-publish","format-standard","hentry","odd"],"_links":{"self":[{"href":"https:\/\/www.unidroit.org\/fr\/wp-json\/wp\/v2\/pages\/5274","targetHints":{"allow":["GET"]}}],"collection":[{"href":"https:\/\/www.unidroit.org\/fr\/wp-json\/wp\/v2\/pages"}],"about":[{"href":"https:\/\/www.unidroit.org\/fr\/wp-json\/wp\/v2\/types\/page"}],"author":[{"embeddable":true,"href":"https:\/\/www.unidroit.org\/fr\/wp-json\/wp\/v2\/users\/20"}],"replies":[{"embeddable":true,"href":"https:\/\/www.unidroit.org\/fr\/wp-json\/wp\/v2\/comments?post=5274"}],"version-history":[{"count":0,"href":"https:\/\/www.unidroit.org\/fr\/wp-json\/wp\/v2\/pages\/5274\/revisions"}],"up":[{"embeddable":true,"href":"https:\/\/www.unidroit.org\/fr\/wp-json\/wp\/v2\/pages\/5175"}],"wp:attachment":[{"href":"https:\/\/www.unidroit.org\/fr\/wp-json\/wp\/v2\/media?parent=5274"}],"curies":[{"name":"wp","href":"https:\/\/api.w.org\/{rel}","templated":true}]}}