{"id":5280,"date":"2021-08-05T18:02:00","date_gmt":"2021-08-05T18:02:00","guid":{"rendered":"https:\/\/www.unidroit.org\/?page_id=5280"},"modified":"2025-02-18T11:06:53","modified_gmt":"2025-02-18T10:06:53","slug":"bibliotheque","status":"publish","type":"page","link":"https:\/\/www.unidroit.org\/fr\/bibliotheque\/","title":{"rendered":"Biblioth\u00e8que"},"content":{"rendered":"<div class=\"wpb-content-wrapper\"><p>[vc_row][vc_column css=&#8221;.vc_custom_1490017614850{margin-bottom: 30px !important;}&#8221;][vc_custom_heading text=&#8221;BIBLIOTH\u00c8QUE&#8221; font_container=&#8221;tag:h1|text_align:left&#8221; use_theme_fonts=&#8221;yes&#8221; css=&#8221;.vc_custom_1631013178387{margin-top: 0px !important;margin-bottom: 20px !important;}&#8221;][\/vc_column][\/vc_row][vc_row css=&#8221;.vc_custom_1622455036974{background-color: #f2f2f2 !important;}&#8221;][vc_column css=&#8221;.vc_custom_1490017614850{margin-bottom: 30px !important;}&#8221;][vc_column_text css=&#8221;.vc_custom_1652253738883{padding-right: 35px !important;padding-left: 35px !important;background-color: #f2f2f2 !important;}&#8221;]<\/p>\n<p style=\"text-align: justify;\">D\u00e8s la fondation d\u2019UNIDROIT, une des t\u00e2ches prioritaires a \u00e9t\u00e9 la constitution d\u2019un centre de documentation juridique international destin\u00e9 \u00e0 soutenir les travaux d\u2019\u00e9tude et de recherche de l\u2019Organisation. De simple appendice des activit\u00e9s l\u00e9gislatives et scientifiques d\u2019UNIDROIT, la Biblioth\u00e8que est devenue l\u2019un des principaux centres de documentation juridique en Europe et dans le monde.<\/p>\n<p>[\/vc_column_text][\/vc_column][\/vc_row][vc_row][vc_column][vc_column_text][\/vc_column_text][\/vc_column][\/vc_row][vc_row equal_height=&#8221;yes&#8221;][vc_column width=&#8221;1\/3&#8243; css=&#8221;.vc_custom_1621244755570{padding-top: 30px !important;padding-right: 35px !important;padding-bottom: 35px !important;padding-left: 35px !important;background-color: #ffffff !important;}&#8221;]\t\t<div class=\"wh-content-box  scp_content_box-d41d8cd98f00b204e9800998ecf8427e\">\n\t\t\t\t\t\t\t\t\t\t\t\t[vc_column_text css=&#8221;&#8221;]<span style=\"color: #000000; font-family: Montserrat;\"><a href=\"https:\/\/www.unidroit.org\/library\/overview\/\" target=\"_blank\" rel=\"noopener\">Pr\u00e9sentation<\/a><\/span>[\/vc_column_text][vc_separator css=&#8221;.vc_custom_1621244961390{padding-top: 15px !important;padding-bottom: 15px !important;}&#8221;][vc_column_text css=&#8221;&#8221;]<span style=\"color: #000000; font-family: Montserrat;\"><a href=\"https:\/\/www.unidroit.org\/library\/access-and-hours\/\" target=\"_blank\" rel=\"noopener\">Acc\u00e8s et horaires<\/a><\/span>[\/vc_column_text]\t\t<\/div>\n\t\t[\/vc_column][vc_column width=&#8221;1\/3&#8243; css=&#8221;.vc_custom_1491554183958{padding-top: 30px !important;padding-right: 0px !important;padding-bottom: 30px !important;padding-left: 0px !important;background-color: #ffffff !important;}&#8221; el_class=&#8221;wh-z-index-10&#8243;]\t\t<div class=\"wh-content-box  scp_content_box-d41d8cd98f00b204e9800998ecf8427e\">\n\t\t\t\t\t\t\t\t\t\t\t\t[vc_column_text css=&#8221;&#8221;]<span style=\"color: #000000; font-family: Montserrat;\"><a href=\"https:\/\/www.unidroit.org\/library\/library-rules\/\" target=\"_blank\" rel=\"noopener\">R\u00e8glement<\/a><\/span>[\/vc_column_text][vc_separator css=&#8221;.vc_custom_1621244961390{padding-top: 15px !important;padding-bottom: 15px !important;}&#8221;][vc_column_text css=&#8221;&#8221;]<span style=\"color: #000000; font-family: Montserrat;\"><a href=\"https:\/\/www.unidroit.org\/fr\/bibliotheque\/collections\/\" target=\"_blank\" rel=\"noopener\">Collections<\/a><\/span>[\/vc_column_text]\t\t<\/div>\n\t\t[\/vc_column][vc_column width=&#8221;1\/3&#8243; css=&#8221;.vc_custom_1621245145132{padding-top: 30px !important;padding-right: 35px !important;padding-bottom: 35px !important;padding-left: 20px !important;background-color: #ffffff !important;}&#8221;]\t\t<div class=\"wh-content-box  scp_content_box-d41d8cd98f00b204e9800998ecf8427e\">\n\t\t\t\t\t\t\t\t\t\t\t\t[vc_column_text css=&#8221;&#8221;]<span style=\"color: #000000; font-family: Montserrat;\"><a href=\"http:\/\/udt-aleph.hosted.exlibrisgroup.com:8991\/F\" target=\"_blank\" rel=\"noopener\">Catalogue en ligne<\/a><\/span>[\/vc_column_text]\t\t<\/div>\n\t\t[\/vc_column][\/vc_row][vc_row][vc_column][vc_column_text][\/vc_column_text][\/vc_column][\/vc_row]<\/p>\n<\/div>","protected":false},"excerpt":{"rendered":"<p>[vc_row][vc_column css=&#8221;.vc_custom_1490017614850{margin-bottom: 30px !important;}&#8221;][vc_custom_heading text=&#8221;BIBLIOTH\u00c8QUE&#8221; font_container=&#8221;tag:h1|text_align:left&#8221; use_theme_fonts=&#8221;yes&#8221; css=&#8221;.vc_custom_1631013178387{margin-top: 0px !important;margin-bottom: 20px !important;}&#8221;][\/vc_column][\/vc_row][vc_row css=&#8221;.vc_custom_1622455036974{background-color: #f2f2f2 !important;}&#8221;][vc_column css=&#8221;.vc_custom_1490017614850{margin-bottom: 30px !important;}&#8221;][vc_column_text css=&#8221;.vc_custom_1652253738883{padding-right: 35px !important;padding-left: 35px !important;background-color: #f2f2f2 !important;}&#8221;] D\u00e8s la fondation d\u2019UNIDROIT, une des t\u00e2ches prioritaires a \u00e9t\u00e9 la constitution d\u2019un centre de documentation juridique international destin\u00e9 \u00e0&nbsp;<a href=\"https:\/\/www.unidroit.org\/fr\/bibliotheque\/\">&hellip;<\/a><\/p>\n","protected":false},"author":20,"featured_media":0,"parent":0,"menu_order":0,"comment_status":"closed","ping_status":"closed","template":"","meta":{"ep_exclude_from_search":false,"footnotes":""},"class_list":["post-5280","page","type-page","status-publish","format-standard","hentry","odd"],"_links":{"self":[{"href":"https:\/\/www.unidroit.org\/fr\/wp-json\/wp\/v2\/pages\/5280","targetHints":{"allow":["GET"]}}],"collection":[{"href":"https:\/\/www.unidroit.org\/fr\/wp-json\/wp\/v2\/pages"}],"about":[{"href":"https:\/\/www.unidroit.org\/fr\/wp-json\/wp\/v2\/types\/page"}],"author":[{"embeddable":true,"href":"https:\/\/www.unidroit.org\/fr\/wp-json\/wp\/v2\/users\/20"}],"replies":[{"embeddable":true,"href":"https:\/\/www.unidroit.org\/fr\/wp-json\/wp\/v2\/comments?post=5280"}],"version-history":[{"count":4,"href":"https:\/\/www.unidroit.org\/fr\/wp-json\/wp\/v2\/pages\/5280\/revisions"}],"predecessor-version":[{"id":31040,"href":"https:\/\/www.unidroit.org\/fr\/wp-json\/wp\/v2\/pages\/5280\/revisions\/31040"}],"wp:attachment":[{"href":"https:\/\/www.unidroit.org\/fr\/wp-json\/wp\/v2\/media?parent=5280"}],"curies":[{"name":"wp","href":"https:\/\/api.w.org\/{rel}","templated":true}]}}