{"id":5283,"date":"2021-08-05T18:04:12","date_gmt":"2021-08-05T18:04:12","guid":{"rendered":"https:\/\/www.unidroit.org\/?page_id=5283"},"modified":"2026-03-12T10:37:58","modified_gmt":"2026-03-12T09:37:58","slug":"presentation","status":"publish","type":"page","link":"https:\/\/www.unidroit.org\/fr\/bibliotheque\/presentation\/","title":{"rendered":"Pr\u00e9sentation"},"content":{"rendered":"<div class=\"wpb-content-wrapper\"><p>[vc_row][vc_column css=&#8221;.vc_custom_1490017614850{margin-bottom: 30px !important;}&#8221;][vc_custom_heading text=&#8221;PR\u00c9SENTATION&#8221; font_container=&#8221;tag:h1|text_align:left&#8221; use_theme_fonts=&#8221;yes&#8221; css=&#8221;.vc_custom_1628186693379{margin-top: 0px !important;margin-bottom: 20px !important;}&#8221;][vc_column_text css=&#8221;.vc_custom_1773308378298{padding-top: 35px !important;padding-right: 35px !important;padding-bottom: 35px !important;padding-left: 35px !important;background-color: #f2f2f2 !important;}&#8221;]<strong>PR\u00c9SENTATION DE LA BIBLIOTH\u00c8QUE<\/strong><\/p>\n<p><strong>\u00a0<\/strong><\/p>\n<p>Les collections de la Biblioth\u00e8que repr\u00e9sentent actuellement plus de 260.000 volumes provenant d\u2019un grand nombre de pays et couvrent les principaux domaines du droit priv\u00e9, ainsi que, dans une moindre mesure, d\u2019autres branches du droit (propri\u00e9t\u00e9 intellectuelle, droit international public, droit \u00e9conomique, ainsi que droit romain et droit canon). La Biblioth\u00e8que est particuli\u00e8rement bien fournie dans les domaines qui ont fait, et font, l\u2019objet des travaux l\u00e9gislatifs d&#8217;UNIDROIT. Ces domaines sont, notamment, l\u2019unification du droit (universelle, r\u00e9gionale et interne), les op\u00e9rations commerciales internationales comme les contrats en g\u00e9n\u00e9ral (les Principes d\u2019UNIDROIT relatifs aux contrats du commerce international) et les contrats sp\u00e9ciaux (vente, affacturage, cr\u00e9dit-bail, franchisage, repr\u00e9sentation, op\u00e9rations garanties, etc.), droit des transports, de la responsabilit\u00e9 civile, de la famille, r\u00e9solution des diff\u00e9rends, droit des biens culturels, droit international priv\u00e9 et de la proc\u00e9dure civile, et droit des march\u00e9s internationaux de capitaux.<\/p>\n<p>&nbsp;<\/p>\n<p>La Biblioth\u00e8que permet d&#8217;acc\u00e9der \u00e0 de nombreuses sources bibliographiques nationales et internationales. Une place particuli\u00e8re est r\u00e9serv\u00e9e aux collections\u00a0 portant sur la l\u00e9gislation et la jurisprudence \u2013 surtout de droit priv\u00e9 \u2013 des pays europ\u00e9ens ainsi que des Etats-Unis d\u2019Am\u00e9rique, du Canada, d\u2019Australie, de nombreux pays latino-am\u00e9ricains, africains et asiatiques.<\/p>\n<p>&nbsp;<\/p>\n<p>La Biblioth\u00e8que renferme, outre l\u2019ensemble des documents d\u2019UNIDROIT, la documentation d\u2019autres organisations internationales, telles que la Soci\u00e9t\u00e9 des Nations, l\u2019Organisation internationale du travail, l\u2019Organisation maritime internationale, l\u2019Union europ\u00e9enne, le Conseil de l\u2019Europe, l\u2019Organisation des Etats am\u00e9ricains, le Conseil nordique et la Conf\u00e9rence de La Haye de droit international priv\u00e9. Par ailleurs, la Biblioth\u00e8que d\u2019UNIDROIT \u00e9tait une des biblioth\u00e8ques d\u00e9positaires de l\u2019Organisation des Nations Unies pendant plusieurs d\u00e9cennies et conserve encore de nombreux documents officiels et publications de l\u2019ONU.<\/p>\n<p>&nbsp;<\/p>\n<p>Le\u00a0<a href=\"http:\/\/udt-aleph.hosted.exlibrisgroup.com\/F\" target=\"_blank\" rel=\"noopener\">Catalogue <\/a>informatis\u00e9\u00a0est disponible en ligne.<\/p>\n<p>&nbsp;<\/p>\n<p>&nbsp;<\/p>\n<p><strong>CHERCHEURS\u00a0 INDEPENDANTS EN VISITE<\/strong><\/p>\n<p><strong>\u00a0<\/strong><\/p>\n<p>La Biblioth\u00e8que d\u2019UNIDROIT est non seulement un centre de recherches pour les juristes de l&#8217;organisation\u00a0 et pour les chercheurs en visite, mais \u00e9galement un lieu o\u00f9 se croisent personnes et cultures juridiques diff\u00e9rentes, o\u00f9 les activit\u00e9s l\u00e9gislatives r\u00e9alis\u00e9es depuis 100 ans par UNIDROIT sont une source d&#8217;\u00e9mulation et \u00e9change dans le cadre de l&#8217;environnement exceptionnel qu&#8217;est la Villa Aldobrandini, situ\u00e9e au c\u0153ur de Rome.<\/p>\n<p>&nbsp;<\/p>\n<p>Les fonctionnaires gouvernementaux et les membres de la profession juridique, en particulier les professeurs et les praticiens, mais aussi les \u00e9tudiants du monde entier, sont les bienvenus \u00e0 la Biblioth\u00e8que. Son l\u2019acc\u00e8s leur est ouvert apr\u00e8s acceptation d\u2019une demande formelle adress\u00e9e au Responsable de la Biblioth\u00e8que (veuillez consulter <a href=\"https:\/\/www.unidroit.org\/fr\/bibliotheque\/acces-et-horaires\/\">cette page<\/a>). Cette acceptation peut \u00eatre utilis\u00e9e par les candidats pour obtenir un soutien financier de la part de donateurs ext\u00e9rieurs ou de leurs institutions de provenance pour la dur\u00e9e de leur s\u00e9jour \u00e0 Rome. Une attention sp\u00e9ciale est accord\u00e9e aux projets portant sur les activit\u00e9s l\u00e9gislatives pass\u00e9es ou en cours d\u2019UNIDROIT.[\/vc_column_text][\/vc_column][\/vc_row]<\/p>\n<\/div>","protected":false},"excerpt":{"rendered":"<p>[vc_row][vc_column css=&#8221;.vc_custom_1490017614850{margin-bottom: 30px !important;}&#8221;][vc_custom_heading text=&#8221;PR\u00c9SENTATION&#8221; font_container=&#8221;tag:h1|text_align:left&#8221; use_theme_fonts=&#8221;yes&#8221; css=&#8221;.vc_custom_1628186693379{margin-top: 0px !important;margin-bottom: 20px !important;}&#8221;][vc_column_text css=&#8221;.vc_custom_1773308378298{padding-top: 35px !important;padding-right: 35px !important;padding-bottom: 35px !important;padding-left: 35px !important;background-color: #f2f2f2 !important;}&#8221;]PR\u00c9SENTATION DE LA BIBLIOTH\u00c8QUE \u00a0 Les collections de la Biblioth\u00e8que repr\u00e9sentent actuellement plus de 260.000 volumes provenant d\u2019un grand nombre de pays et&nbsp;<a href=\"https:\/\/www.unidroit.org\/fr\/bibliotheque\/presentation\/\">&hellip;<\/a><\/p>\n","protected":false},"author":20,"featured_media":0,"parent":5280,"menu_order":0,"comment_status":"closed","ping_status":"closed","template":"","meta":{"ep_exclude_from_search":false,"footnotes":""},"class_list":["post-5283","page","type-page","status-publish","format-standard","hentry","odd"],"_links":{"self":[{"href":"https:\/\/www.unidroit.org\/fr\/wp-json\/wp\/v2\/pages\/5283","targetHints":{"allow":["GET"]}}],"collection":[{"href":"https:\/\/www.unidroit.org\/fr\/wp-json\/wp\/v2\/pages"}],"about":[{"href":"https:\/\/www.unidroit.org\/fr\/wp-json\/wp\/v2\/types\/page"}],"author":[{"embeddable":true,"href":"https:\/\/www.unidroit.org\/fr\/wp-json\/wp\/v2\/users\/20"}],"replies":[{"embeddable":true,"href":"https:\/\/www.unidroit.org\/fr\/wp-json\/wp\/v2\/comments?post=5283"}],"version-history":[{"count":3,"href":"https:\/\/www.unidroit.org\/fr\/wp-json\/wp\/v2\/pages\/5283\/revisions"}],"predecessor-version":[{"id":39161,"href":"https:\/\/www.unidroit.org\/fr\/wp-json\/wp\/v2\/pages\/5283\/revisions\/39161"}],"up":[{"embeddable":true,"href":"https:\/\/www.unidroit.org\/fr\/wp-json\/wp\/v2\/pages\/5280"}],"wp:attachment":[{"href":"https:\/\/www.unidroit.org\/fr\/wp-json\/wp\/v2\/media?parent=5283"}],"curies":[{"name":"wp","href":"https:\/\/api.w.org\/{rel}","templated":true}]}}