{"id":5292,"date":"2021-08-05T18:09:46","date_gmt":"2021-08-05T18:09:46","guid":{"rendered":"https:\/\/www.unidroit.org\/?page_id=5292"},"modified":"2025-02-18T08:43:00","modified_gmt":"2025-02-18T07:43:00","slug":"collections","status":"publish","type":"page","link":"https:\/\/www.unidroit.org\/fr\/bibliotheque\/collections\/","title":{"rendered":"Collections"},"content":{"rendered":"<div class=\"wpb-content-wrapper\"><p>[vc_row][vc_column css=&#8221;.vc_custom_1490017614850{margin-bottom: 30px !important;}&#8221;][vc_custom_heading text=&#8221;COLLECTIONS&#8221; font_container=&#8221;tag:h1|text_align:left&#8221; use_theme_fonts=&#8221;yes&#8221; css=&#8221;.vc_custom_1739863936045{margin-top: 0px !important;margin-bottom: 20px !important;}&#8221;][vc_column_text css=&#8221;.vc_custom_1739864577152{padding-top: 35px !important;padding-right: 35px !important;padding-bottom: 35px !important;padding-left: 35px !important;background-color: #f2f2f2 !important;}&#8221;]<strong>COLLECTION GORLA<\/strong><\/p>\n<p style=\"text-align: justify;\">En 1987, le Professeur Gino Gorla, ancien Professeur de droit compar\u00e9 \u00e0 l\u2019Universit\u00e9 de Rome \u00abLa Sapienza\u00bb a fait don \u00e0 la Biblioth\u00e8que d\u2019UNIDROIT de sa collection d\u2019ouvrages anciens qu\u2019il a consult\u00e9s pour ses recherches sur la jurisprudence en Europe du XVII\u00e8me si\u00e8cle au d\u00e9but du XIX\u00e8me si\u00e8cle.<\/p>\n<p style=\"text-align: justify;\">Cette collection de 550 titres est compos\u00e9e de 900 volumes contenant des trait\u00e9s, des commentaires, des collections de <em>decisiones, resolutiones, consilia, responsa, allegationes<\/em> et <em>controversiae forenses<\/em> et des ouvrages ayant trait au droit commercial et au droit maritime.<\/p>\n<p style=\"text-align: justify;\">La collection, catalogu\u00e9e par Mme Paula Howarth (Secr\u00e9tariat d\u2019UNIDROIT), a \u00e9t\u00e9 conserv\u00e9e int\u00e9gralement et se trouve actuellement dans une salle de la Biblioth\u00e8que qui lui est r\u00e9serv\u00e9e.<\/p>\n<p><a href=\"https:\/\/www.unidroit.org\/library\/catalogue\/\" target=\"_blank\" rel=\"noopener\">Gorla Collection Catalogue<\/a>[\/vc_column_text][\/vc_column][\/vc_row][vc_row][vc_column css=&#8221;.vc_custom_1490017614850{margin-bottom: 30px !important;}&#8221;][vc_column_text css=&#8221;.vc_custom_1739864106976{padding-top: 35px !important;padding-right: 35px !important;padding-bottom: 35px !important;padding-left: 35px !important;background-color: #f2f2f2 !important;}&#8221;]<strong>COLLECTION CORDERO-MOSS<\/strong><\/p>\n<p style=\"text-align: justify;\">La Collection Cordero-Moss trouve son origine dans la g\u00e9n\u00e9reuse donation faite \u00e0 la Biblioth\u00e8que d\u2019UNIDROIT par la Professeure Giuditta Cordero-Moss (Universit\u00e9 d\u2019Oslo), comprenant une partie de la biblioth\u00e8que du Professeur Franco Cordero, \u00e9minent acad\u00e9micien italien, ainsi qu\u2019un ensemble d\u2019ouvrages de droit priv\u00e9 norv\u00e9gien. Cette Collection constitue une ressource pr\u00e9cieuse pour l\u2019\u00e9tude du droit priv\u00e9 des pays d\u2019Europe du Nord et du droit compar\u00e9, contribuant ainsi au rayonnement du Centre d\u2019\u00e9tudes nordiques et de droit priv\u00e9 transnational (Nordic Law Centre \u2013 NLC), cr\u00e9\u00e9 par UNIDROIT pour promouvoir la recherche et la coop\u00e9ration acad\u00e9mique dans ces domaines.<\/p>\n<p>[\/vc_column_text][\/vc_column][\/vc_row]<\/p>\n<\/div>","protected":false},"excerpt":{"rendered":"<p>[vc_row][vc_column css=&#8221;.vc_custom_1490017614850{margin-bottom: 30px !important;}&#8221;][vc_custom_heading text=&#8221;COLLECTIONS&#8221; font_container=&#8221;tag:h1|text_align:left&#8221; use_theme_fonts=&#8221;yes&#8221; css=&#8221;.vc_custom_1739863936045{margin-top: 0px !important;margin-bottom: 20px !important;}&#8221;][vc_column_text css=&#8221;.vc_custom_1739864577152{padding-top: 35px !important;padding-right: 35px !important;padding-bottom: 35px !important;padding-left: 35px !important;background-color: #f2f2f2 !important;}&#8221;]COLLECTION GORLA En 1987, le Professeur Gino Gorla, ancien Professeur de droit compar\u00e9 \u00e0 l\u2019Universit\u00e9 de Rome \u00abLa Sapienza\u00bb a fait don \u00e0&nbsp;<a href=\"https:\/\/www.unidroit.org\/fr\/bibliotheque\/collections\/\">&hellip;<\/a><\/p>\n","protected":false},"author":20,"featured_media":0,"parent":5280,"menu_order":0,"comment_status":"closed","ping_status":"closed","template":"","meta":{"ep_exclude_from_search":false,"footnotes":""},"class_list":["post-5292","page","type-page","status-publish","format-standard","hentry","odd"],"_links":{"self":[{"href":"https:\/\/www.unidroit.org\/fr\/wp-json\/wp\/v2\/pages\/5292","targetHints":{"allow":["GET"]}}],"collection":[{"href":"https:\/\/www.unidroit.org\/fr\/wp-json\/wp\/v2\/pages"}],"about":[{"href":"https:\/\/www.unidroit.org\/fr\/wp-json\/wp\/v2\/types\/page"}],"author":[{"embeddable":true,"href":"https:\/\/www.unidroit.org\/fr\/wp-json\/wp\/v2\/users\/20"}],"replies":[{"embeddable":true,"href":"https:\/\/www.unidroit.org\/fr\/wp-json\/wp\/v2\/comments?post=5292"}],"version-history":[{"count":5,"href":"https:\/\/www.unidroit.org\/fr\/wp-json\/wp\/v2\/pages\/5292\/revisions"}],"predecessor-version":[{"id":31032,"href":"https:\/\/www.unidroit.org\/fr\/wp-json\/wp\/v2\/pages\/5292\/revisions\/31032"}],"up":[{"embeddable":true,"href":"https:\/\/www.unidroit.org\/fr\/wp-json\/wp\/v2\/pages\/5280"}],"wp:attachment":[{"href":"https:\/\/www.unidroit.org\/fr\/wp-json\/wp\/v2\/media?parent=5292"}],"curies":[{"name":"wp","href":"https:\/\/api.w.org\/{rel}","templated":true}]}}