{"id":5301,"date":"2021-08-05T18:41:12","date_gmt":"2021-08-05T18:41:12","guid":{"rendered":"https:\/\/www.unidroit.org\/?page_id=5301"},"modified":"2022-06-08T14:27:56","modified_gmt":"2022-06-08T12:27:56","slug":"publications","status":"publish","type":"page","link":"https:\/\/www.unidroit.org\/fr\/publications\/","title":{"rendered":"Publications"},"content":{"rendered":"<div class=\"wpb-content-wrapper\"><p>[vc_row][vc_column css=&#8221;.vc_custom_1490017614850{margin-bottom: 30px !important;}&#8221;][vc_custom_heading text=&#8221;PUBLICATIONS&#8221; font_container=&#8221;tag:h1|text_align:left&#8221; use_theme_fonts=&#8221;yes&#8221; css=&#8221;.vc_custom_1622751863087{margin-top: 0px !important;margin-bottom: 20px !important;}&#8221;][\/vc_column][\/vc_row][vc_row css=&#8221;.vc_custom_1622455036974{background-color: #f2f2f2 !important;}&#8221;][vc_column css=&#8221;.vc_custom_1490017614850{margin-bottom: 30px !important;}&#8221;][vc_column_text css=&#8221;.vc_custom_1654691328171{padding-right: 35px !important;padding-left: 35px !important;background-color: #f2f2f2 !important;}&#8221;]<\/p>\n<p style=\"text-align: justify;\">UNIDROIT a publi\u00e9 de nombreuses de publications depuis sa fondation. La plus importante est la <a href=\"https:\/\/www.unidroit.org\/publications\/uniform-law-review\/\">Uniform Law Review\/ Revue de droit uniforme<\/a>, actuellement publi\u00e9e par Oxford University Press.<\/p>\n<p style=\"text-align: justify;\">UNIDROIT organise p\u00e9riodiquement des conf\u00e9rences, r\u00e9unions et s\u00e9minaires internationaux, dont les actes sont publi\u00e9s dans la Revue de droit uniforme.<\/p>\n<p style=\"text-align: justify;\">UNIDROIT publie \u00e9galement d&#8217;autres textes, tels que des commentaires relatifs \u00e0 ses instruments, des rapports, des m\u00e9morandums, etc. (voir ci-dessous).<\/p>\n<p>[\/vc_column_text][\/vc_column][\/vc_row][vc_row][vc_column][vc_column_text]<\/p>\n<p>[\/vc_column_text][\/vc_column][\/vc_row][vc_row equal_height=&#8221;yes&#8221;][vc_column width=&#8221;1\/2&#8243; css=&#8221;.vc_custom_1621244755570{padding-top: 30px !important;padding-right: 35px !important;padding-bottom: 35px !important;padding-left: 35px !important;background-color: #ffffff !important;}&#8221;]\t\t<div class=\"wh-content-box  scp_content_box-d41d8cd98f00b204e9800998ecf8427e\">\n\t\t\t\t\t\t\t\t\t\t\t\t[vc_column_text]<span style=\"color: #000000; font-family: Montserrat;\"><a href=\"https:\/\/www.unidroit.org\/publications\/unidroit-publications\/\">Publications d\u2019UNIDROIT<\/a><\/span>[\/vc_column_text]\t\t<\/div>\n\t\t[\/vc_column][vc_column width=&#8221;1\/2&#8243; css=&#8221;.vc_custom_1491554183958{padding-top: 30px !important;padding-right: 0px !important;padding-bottom: 30px !important;padding-left: 0px !important;background-color: #ffffff !important;}&#8221; el_class=&#8221;wh-z-index-10&#8243;]\t\t<div class=\"wh-content-box  scp_content_box-d41d8cd98f00b204e9800998ecf8427e\">\n\t\t\t\t\t\t\t\t\t\t\t\t[vc_column_text]<span style=\"color: #000000; font-family: Montserrat;\"><a href=\"https:\/\/www.unidroit.org\/publications\/uniform-law-review\/\">Revue de droit uniforme<\/a><\/span>[\/vc_column_text]\t\t<\/div>\n\t\t[\/vc_column][\/vc_row][vc_row][vc_column][vc_column_text][\/vc_column_text][\/vc_column][\/vc_row]<\/p>\n<\/div>","protected":false},"excerpt":{"rendered":"<p>[vc_row][vc_column css=&#8221;.vc_custom_1490017614850{margin-bottom: 30px !important;}&#8221;][vc_custom_heading text=&#8221;PUBLICATIONS&#8221; font_container=&#8221;tag:h1|text_align:left&#8221; use_theme_fonts=&#8221;yes&#8221; css=&#8221;.vc_custom_1622751863087{margin-top: 0px !important;margin-bottom: 20px !important;}&#8221;][\/vc_column][\/vc_row][vc_row css=&#8221;.vc_custom_1622455036974{background-color: #f2f2f2 !important;}&#8221;][vc_column css=&#8221;.vc_custom_1490017614850{margin-bottom: 30px !important;}&#8221;][vc_column_text css=&#8221;.vc_custom_1654691328171{padding-right: 35px !important;padding-left: 35px !important;background-color: #f2f2f2 !important;}&#8221;] UNIDROIT a publi\u00e9 de nombreuses de publications depuis sa fondation. La plus importante est la Uniform Law Review\/ Revue de&nbsp;<a href=\"https:\/\/www.unidroit.org\/fr\/publications\/\">&hellip;<\/a><\/p>\n","protected":false},"author":20,"featured_media":0,"parent":0,"menu_order":0,"comment_status":"closed","ping_status":"closed","template":"","meta":{"ep_exclude_from_search":false,"footnotes":""},"class_list":["post-5301","page","type-page","status-publish","format-standard","hentry","odd"],"_links":{"self":[{"href":"https:\/\/www.unidroit.org\/fr\/wp-json\/wp\/v2\/pages\/5301","targetHints":{"allow":["GET"]}}],"collection":[{"href":"https:\/\/www.unidroit.org\/fr\/wp-json\/wp\/v2\/pages"}],"about":[{"href":"https:\/\/www.unidroit.org\/fr\/wp-json\/wp\/v2\/types\/page"}],"author":[{"embeddable":true,"href":"https:\/\/www.unidroit.org\/fr\/wp-json\/wp\/v2\/users\/20"}],"replies":[{"embeddable":true,"href":"https:\/\/www.unidroit.org\/fr\/wp-json\/wp\/v2\/comments?post=5301"}],"version-history":[{"count":0,"href":"https:\/\/www.unidroit.org\/fr\/wp-json\/wp\/v2\/pages\/5301\/revisions"}],"wp:attachment":[{"href":"https:\/\/www.unidroit.org\/fr\/wp-json\/wp\/v2\/media?parent=5301"}],"curies":[{"name":"wp","href":"https:\/\/api.w.org\/{rel}","templated":true}]}}