{"id":5304,"date":"2021-08-05T18:58:43","date_gmt":"2021-08-05T18:58:43","guid":{"rendered":"https:\/\/www.unidroit.org\/?page_id=5304"},"modified":"2025-08-28T11:34:37","modified_gmt":"2025-08-28T09:34:37","slug":"publications-dunidroit","status":"publish","type":"page","link":"https:\/\/www.unidroit.org\/fr\/publications\/publications-dunidroit\/","title":{"rendered":"Publications d&#8217;UNIDROIT"},"content":{"rendered":"<p><strong>PUBLICATIONS FOR SALE BY UNIDROIT \u2013 PUBLICATIONS EN VENTE AUPRES D\u2019UNIDROIT<\/strong><\/p>\n<p><em>UNIDROIT publishes both monographs on its work and periodicals. Bookshops are given a 20% discount.<\/em><\/p>\n<p><em>UNIDROIT publie des monographies sur ses travaux\u00a0ainsi que\u00a0des p\u00e9riodiques. Une r\u00e9duction de 20% est appliqu\u00e9e aux librairies.<br \/>\n<\/em><\/p>\n<p>&nbsp;<\/p>\n<p><strong><img loading=\"lazy\" decoding=\"async\" src=\"https:\/\/www.unidroit.org\/images\/arrows\/black-right-01.gif\" alt=\"black right 01\" width=\"12\" height=\"12\" \/>\u00a0June 2025<\/strong><\/p>\n<p>UNIDROIT is pleased to announce the publication of\u00a0<strong><em>Thirty Years of the UNIDROIT Principles of International Commercial Contracts: Past, Present and Future Relevance<\/em><\/strong>, which collects acts from the conference held 6-7 May 2024 celebrating the 30<sup>th<\/sup>\u00a0anniversary of the adoption of the UPICC, along with a few additional contributions. \u00a0<a href=\"https:\/\/www.unidroit.org\/wp-content\/uploads\/2025\/06\/Thirty-Years-of-UPICC-Flyer-and-Order-Form-4-pg.pdf\">ORDER FORM<\/a><\/p>\n<p>The contributors to this volume, which include some of the original drafters as well as additional experts with a wide representation of legal traditions and backgrounds, examine past and present achievement and identify strengths and areas where improvement and further development could be envisaged for the future.<\/p>\n<p>&nbsp;<\/p>\n<p><em><strong><img loading=\"lazy\" decoding=\"async\" src=\"https:\/\/www.unidroit.org\/images\/arrows\/black-right-01.gif\" alt=\"black right 01\" width=\"12\" height=\"12\" \/>\u00a0Juin 2025<\/strong><\/em><\/p>\n<p>UNIDROIT a le plaisir d\u2019annoncer la publication de l\u2019ouvrage\u00a0<strong><em>Thirty Years of the UNIDROIT Principles of International Commercial Contracts: Past, Present and Future Relevance<\/em><\/strong>, qui rassemble les actes de la conf\u00e9rence tenue les 6 et 7 mai 2024 pour c\u00e9l\u00e9brer le 30<sup>\u00e8me<\/sup>\u00a0anniversaire de l\u2019adoption des Principes d\u2019UNIDROIT, ainsi que quelques contributions suppl\u00e9mentaires.\u00a0<a href=\"https:\/\/www.unidroit.org\/wp-content\/uploads\/2025\/06\/Thirty-Years-of-UPICC-Flyer-and-Order-Form-4-pg.pdf\">BON DE COMMANDE<\/a><\/p>\n<p>Les auteurs de cet ouvrage, parmi lesquels figurent certains des r\u00e9dacteurs ayant contribu\u00e9 \u00e0 la premi\u00e8re version des Principes, ainsi que d\u2019autres experts repr\u00e9sentant un large \u00e9ventail de traditions et de cultures juridiques, analysent les r\u00e9alisations pass\u00e9es et pr\u00e9sentes et identifient les points forts ainsi que les domaines o\u00f9 des am\u00e9liorations et des d\u00e9veloppements futurs pourraient \u00eatre envisag\u00e9s.<\/p>\n<p>&nbsp;<\/p>\n<p><strong><img loading=\"lazy\" decoding=\"async\" src=\"https:\/\/www.unidroit.org\/images\/arrows\/black-right-01.gif\" alt=\"black right 01\" width=\"12\" height=\"12\" \/>\u00a0October 2024<\/strong><\/p>\n<p>The third edition of the\u00a0<strong>Official Commentary on the Cape Town Convention on International Interests in Mobile Equipment and Protocol thereto on Matters Specific to Railway Rolling Stock\u00a0<\/strong>by Professor Sir Roy Goode is now available for purchase. \u2013\u00a0<a href=\"https:\/\/www.unidroit.org\/wp-content\/uploads\/2025\/01\/OC-Rail-3rd-edition-2024-Order-Form-1.pdf\">Order Form<\/a><\/p>\n<p>Ten years having elapsed since the publication of the second edition, this third edition brings the text fully up to date, examining in detail both the Convention and the Rail Protocol as well as the Rail Registry Regulations, which only came into force along with the Protocol on 8 March 2024.<\/p>\n<p><em><strong><img loading=\"lazy\" decoding=\"async\" src=\"https:\/\/www.unidroit.org\/images\/arrows\/black-right-01.gif\" alt=\"black right 01\" width=\"12\" height=\"12\" \/>\u00a0Octobre 2024<\/strong><\/em><\/p>\n<p>La troisi\u00e8me \u00e9dition du\u00a0<strong>Official Commentary on the Cape Town Convention on International Interests in Mobile Equipment and Protocol thereto on Matters Specific to Railway Rolling Stock<\/strong>\u00a0par le Professeur Sir Roy Goode est maintenant disponible en vente. \u2013\u00a0<a href=\"https:\/\/www.unidroit.org\/wp-content\/uploads\/2025\/01\/OC-Rail-3rd-edition-2024-Order-Form-1.pdf\">Bon de commande<\/a><\/p>\n<p>Dix ans apr\u00e8s la publication de la deuxi\u00e8me \u00e9dition, cette troisi\u00e8me \u00e9dition met le texte \u00e0 jour, examinant en d\u00e9tail la Convention et le Protocole ferroviaire ainsi que le R\u00e8glement du Registre ferroviaire, qui n\u2019est entr\u00e9 en vigueur avec le Protocole que le 8 mars 2024.<\/p>\n<p>&nbsp;<\/p>\n<p><strong><img loading=\"lazy\" decoding=\"async\" src=\"https:\/\/www.unidroit.org\/images\/arrows\/black-right-01.gif\" alt=\"black right 01\" width=\"12\" height=\"12\" \/>\u00a0September 2024:\u00a0<u>25 years later\u2026 The 1995 UNIDROIT Convention \u2013 Cultural objects at the crossroad of rights and interests<\/u>\u00a0now available for purchase<\/strong><\/p>\n<p>Gathering together the interventions for the 25<sup>th<\/sup>\u00a0anniversary conference of the 1995 UNIDROIT Convention, which was held at the seat of UNIDROIT in Rome on 8 and 9 October 2020, this soft-bound publication features essays in both French and English and dual-language summaries of each contribution. The manifold themes explored cover the protection and circulation of cultural objects, the interplay and interdependence of rules and cultural instruments, and challenges and future steps for the field. Please see this\u00a0<a href=\"https:\/\/www.unidroit.org\/wp-content\/uploads\/2024\/09\/Order-Form-25-Years.pdf\">order form<\/a>\u00a0for more information.<\/p>\n<p><em><strong><img loading=\"lazy\" decoding=\"async\" src=\"https:\/\/www.unidroit.org\/images\/arrows\/black-right-01.gif\" alt=\"black right 01\" width=\"12\" height=\"12\" \/>\u00a0Septembre 2024:\u00a0<\/strong><\/em><strong><u>25 ans apr\u00e8s\u2026 La Convention d\u2019UNIDROIT de 1995 \u2013 Les biens culturels au carrefour des droits et des int\u00e9r\u00eats<\/u>\u00a0est maintenant disponible en vente<\/strong><\/p>\n<p>R\u00e9unissant les interventions de la Conf\u00e9rence du 25<sup>\u00e8me<\/sup>\u00a0anniversaire de la Convention d\u2019UNIDROIT de 1995, qui s\u2019est tenue au si\u00e8ge d\u2019UNIDROIT \u00e0 Rome les 8 et 9 octobre 2020, cette publication broch\u00e9e pr\u00e9sente des textes soit en fran\u00e7ais qu\u2019en anglais ainsi que des r\u00e9sum\u00e9s dans les deux langues de chaque contribution. Les nombreux th\u00e8mes explor\u00e9s comprennent la protection et la circulation des biens culturels, l\u2019interaction et l\u2019interd\u00e9pendance des r\u00e8gles et des instruments culturels et les d\u00e9fis et les \u00e9tapes futures dans ce champ. Veuillez consulter ce\u00a0<a href=\"https:\/\/www.unidroit.org\/wp-content\/uploads\/2024\/09\/Order-Form-25-Years.pdf\">bon de commande<\/a>\u00a0pour plus d\u2019informations.<\/p>\n<p>&nbsp;<\/p>\n<p><strong><img loading=\"lazy\" decoding=\"async\" src=\"https:\/\/www.unidroit.org\/images\/arrows\/black-right-01.gif\" alt=\"black right 01\" width=\"12\" height=\"12\" \/>\u00a0March 2024<\/strong><\/p>\n<p>The Revised Fifth Edition of the\u00a0<strong>Official Commentary on the Cape Town Convention on International Interests in Mobile Equipment and Protocol thereto on Matters Specific to Aircraft Equipment<\/strong>\u00a0by Professor Sir Roy Goode, was published in March 2024.\u00a0<a href=\"https:\/\/www.unidroit.org\/wp-content\/uploads\/2024\/04\/OC-Aircraft-Revised-Fifth-Edition-2024-Order-Form.pdf\">Order Form<\/a><\/p>\n<p>The Revised Fifth Edition of the Official Commentary provides a substantially revised and expanded analysis of the Cape Town Convention and Aircraft Protocol, addressing a range of issues thrown up in practice and incorporating the ninth edition of the regulations for the International Registry. With 75 illustrative examples and 18 appendices, together running to nearly 900 pages, it provides a comprehensive and authoritative guide which is indispensable for all manufacturers, financiers, lessors and their legal advisors involved in transactions relating to aircraft equipment.<\/p>\n<p><em><strong><img loading=\"lazy\" decoding=\"async\" src=\"https:\/\/www.unidroit.org\/images\/arrows\/black-right-01.gif\" alt=\"black right 01\" width=\"12\" height=\"12\" \/>\u00a0Mars 2024<\/strong><\/em><\/p>\n<p><em>La cinqui\u00e8me \u00e9dition r\u00e9vis\u00e9e du Official Commentary on the Convention on International Interests in Mobile Equipment and Protocol thereto on Matters Specific to Aircraft Equipment par le Professeur Sir Roy Goode a \u00e9t\u00e9 publi\u00e9 en mars 2024.\u00a0<\/em><em>Pour commander le volume, remplir le Bon de commande de la publication en cliquant\u00a0<a href=\"https:\/\/www.unidroit.org\/wp-content\/uploads\/2024\/04\/OC-Aircraft-Revised-Fifth-Edition-2024-Order-Form.pdf\">ici<\/a>.<\/em><\/p>\n<p><em>La cinqui\u00e8me \u00e9dition r\u00e9vis\u00e9e du Official Commentary fournit une analyse consid\u00e9rablement r\u00e9vis\u00e9e et \u00e9largie de la Convention du Cap et du Protocole a\u00e9ronautique, traitant une s\u00e9rie de questions soulev\u00e9es dans la pratique et incorporant la neuvi\u00e8me \u00e9dition du r\u00e8glement du Registre international. Avec 75 exemples et 18 annexes, le tout sur presque 900 pages, il s\u2019agit d\u2019un guide complet et faisant r\u00e9f\u00e9rence, indispensable pour tous les fabricants, les financeurs, les bailleurs et leurs conseillers juridiques impliqu\u00e9s dans les op\u00e9rations relatives aux mat\u00e9riels d\u2019\u00e9quipement a\u00e9ronautique.<\/em><\/p>\n<p>&nbsp;<\/p>\n<ul>\n<li><a href=\"https:\/\/www.unidroit.org\/publications\/conference-diplomatique\/\">Actes de la Conf\u00e9rence diplomatique pour l\u2019adoption des projets de Conventions d\u2019UNIDROIT sur l\u2019affacturage international et sur le cr\u00e9dit-bail international, mai 1988, Ottawa<\/a><\/li>\n<li>Acts and Proceedings of the Diplomatic Conference for the adoption of the draft UNIDROIT Conventions on International Factoring and International Financial Leasing, Ottawa, 9-28 May 1988 (available only in pdf)\u00a0<a href=\"https:\/\/www.unidroit.org\/english\/publications\/conference\/1988factoring-leasing-1-e.pdf\">Volume I<\/a>,\u00a0<a href=\"https:\/\/www.unidroit.org\/english\/publications\/conference\/1988factoring-leasing-2-e.pdf\">Volume II<\/a><\/li>\n<li><a href=\"https:\/\/www.unidroit.org\/instruments\/franchising\/model-law\/spanish\/\">Ley Modelo sobre la divulgaci\u00f3n de la informaci\u00f3n en materia de franquicia<\/a><\/li>\n<li><a href=\"https:\/\/www.unidroit.org\/instruments\/franchising\/guide-first-edition-1998\/other-languages\/\">Gu\u00eda de UNIDROIT para los Acuerdos de Franquicia Principal Internacional<\/a><\/li>\n<li>Guide sur les Accords internationaux de franchise principale (first edition)<\/li>\n<li>Guide to International Master Franchise Arrangements (sold out \/ \u00e9puis\u00e9e)<\/li>\n<li><a href=\"https:\/\/www.unidroit.org\/instruments\/franchising\/guide-second-edition-2007\/order-form\/\">Guide to International Master Franchise Arrangements (second edition 2007)\u00a0<\/a><a href=\"https:\/\/www.unidroit.org\/publications\/unidroit-publications\/\">UNIDROIT Publications<\/a><\/li>\n<li><a href=\"https:\/\/www.unidroit.org\/instruments\/franchising\/guide-second-edition-2007\/korean\/\">The Korean language version of the Guide to International Master Franchise Arrangements (Second edition)<\/a><\/li>\n<li><a href=\"https:\/\/www.unidroit.org\/publications\/international-uniform-law-in-practice\/\">International Uniform Law in Practice \/ Le droit uniforme international dans la pratique. Acts and Proceedings of the 3rd Congress on Private Law held by the International Institute for the Unification of Private Law (UNIDROIT), Rome, 7-10 September 1987<\/a><\/li>\n<li><a href=\"http:\/\/www.unidroit.org\/english\/guides\/2015contractfarming\/cf-guide-2015-e.pdf\">Legal Guide on Contract Farming<\/a>\u00a0\/\u00a0<a href=\"https:\/\/www.unidroit.org\/french\/publications\/guides\/contract-farming\/pres-f.pdf\">Guide juridique sur l\u2019agriculture contractuelle<\/a>\u00a0\/\u00a0<a href=\"https:\/\/www.unidroit.org\/spanish\/guides\/2015contractfarming\/cf-guide-2015-s.pdf\">Gu\u00eda jur\u00eddica sobre agricultura por contrato UNIDROIT\/FAO\/FIDA<\/a><\/li>\n<li><a href=\"https:\/\/www.unidroit.org\/wp-content\/uploads\/2022\/05\/alic-guide-2022-of.pdf\">UNIDROIT\/IFAD Legal Guide on Agricultural Land Investment Contracts<\/a><\/li>\n<li>Los Principios de UNIDROIT: Un Derecho Com\u00fan para las Am\u00e9ricas ? The UNIDROIT Principles: a Common Law of Contracts for the Americas? Actas \u2013 Congreso Interamericano \/ Acts Inter-American Congress \/ Valencia, Venezuela \u2013 6-9 November 1996<\/li>\n<li><a href=\"https:\/\/www.unidroit.org\/publications\/106-unidroit-publications\/106-worldwide-harmonisation-of-private-law-and-regional-economic-integration-acts-of-the-congress-to-celebrate-the-75th-anniversary-of-the-founding-of-the-international-institute-for-the-unification-of-private-law-unidroit-rome-27-28-september-2002\">Worldwide Harmonisation of Private Law and Regional Economic Integration. Acts of the Congress to celebrate the 75th Anniversary of the Founding of the International Institute for the Unification of Private Law (UNIDROIT), Rome, 27-28 September 2002<\/a><\/li>\n<li><a href=\"https:\/\/www.unidroit.org\/english\/principles\/contracts\/principles2010\/principles2010-orderform-e.pdf\">UNIDROIT Principles of International Commercial Contracts 2010<\/a><\/li>\n<li><a href=\"https:\/\/www.unidroit.org\/english\/principles\/contracts\/principles2016\/orderform2016-e.pdf\">UNIDROIT Principles of International Commercial Contracts 2016<\/a><\/li>\n<li><a href=\"https:\/\/www.unidroit.org\/french\/principles\/contracts\/principles2016\/orderform2016-f.pdf\">Principes d\u2019UNIDROIT relatifs aux contrats du commerce international 2016<\/a><\/li>\n<li><a href=\"https:\/\/www.unidroit.org\/english\/publications\/list.pdf\">Principios UNIDROIT sobre los contratos comerciales internacionales 2016<\/a><\/li>\n<li><a href=\"https:\/\/www.unidroit.org\/wp-content\/uploads\/2022\/11\/Eppur-si-muove-Dec-2016-ID.pdf\">Eppur si muove: The Age of Uniform Law. Essays in honour of Michael Joachim Bonell to celebrate his 70th birthday<\/a><\/li>\n<\/ul>\n<p><em><strong>Prof. Sir Roy Goode\u2019s Official Commentaries to the Cape Town Convention and Protocols\u00a0<\/strong><\/em>\u2013\u00a0<a href=\"https:\/\/www.unidroit.org\/wp-content\/uploads\/2025\/06\/Consolidated-OCs-order-form-2025.pdf\">consolidated order form\/\u00a0<em>bon de commande consolid\u00e9<\/em><\/a><\/p>\n<ul>\n<li><a href=\"https:\/\/www.unidroit.org\/wp-content\/uploads\/2024\/04\/OC-Aircraft-Revised-Fifth-Edition-2024-Order-Form.pdf\">Official Commentary on the Convention on International Interests in Mobile Equipment and Protocol thereto on Matters specific to Aircraft Equipment<\/a>\u00a0(Revised fifth edition, 2024)<\/li>\n<li><a href=\"https:\/\/www.unidroit.org\/wp-content\/uploads\/2023\/03\/oc-aircraft-5ed-order-form-ev.pdf\">Official Commentary on the Convention on International Interests in Mobile Equipment and Protocol thereto on Matters specific to Aircraft Equipment<\/a>\u00a0(Fifth edition 2022) \u2013\u00a0<em>electronic version<\/em>\u00a0(pdf)<\/li>\n<li><a href=\"https:\/\/www.unidroit.org\/wp-content\/uploads\/2025\/01\/OC-Rail-3rd-edition-2024-Order-Form-1.pdf\">Official Commentary on the Convention on International Interests in Mobile Equipment and Luxembourg Protocol thereto on Matters specific to Railway Rolling Stock<\/a> (Third edition, 2024) &#8211; <a href=\"https:\/\/www.unidroit.org\/wp-content\/uploads\/2025\/08\/Revised-corrigenda-OC-Rail-third-edition-2024.pdf\">Corrigenda<\/a><\/li>\n<li><a href=\"https:\/\/www.unidroit.org\/wp-content\/uploads\/2022\/11\/Space-OC-leaflet-2015-ID.pdf\">Official Commentary on the Convention on International Interests in Mobile Equipment and Protocol thereto on Matters specific to Space Assets<\/a><\/li>\n<li><a href=\"https:\/\/www.unidroit.org\/wp-content\/uploads\/2022\/11\/Publication-Order-Form-MAC-ID.pdf\">Official Commentary on the Convention on International Interests in Mobile Equipment and Protocol thereto on Matters Specific to Mining, Agricultural and Construction Equipment<\/a>\u00a0and\u00a0<a href=\"https:\/\/www.unidroit.org\/english\/conventions\/mobile-equipment\/publications\/mac\/2021-goode-ctc-mac-commentary-order-form-corr.pdf\">Addenda and Corrigenda<\/a><\/li>\n<\/ul>\n<p>&nbsp;<\/p>\n<p><strong>OTHER PUBLICATIONS \u2013\u00a0<em>AUTRES PUBLICATIONS<\/em><\/strong><\/p>\n<p>Acts and Proceedings of the Diplomatic Conference for the adoption of the draft UNIDROIT Convention on the International Return of Stolen or Illegally Exported Cultural Ojects, June 1995, Rome<\/p>\n<p>Actes de la Conf\u00e9rence diplomatique pour l\u2019adoption du Projet de Convention d\u2019UNIDROIT sur le retour international des biens culturels vol\u00e9s ou illicitement export\u00e9s, juin 1995, Rome<\/p>\n<p><a href=\"https:\/\/www.unidroit.org\/wp-content\/uploads\/2025\/06\/2026-Publications-order-form.pdf\" target=\"_blank\" rel=\"noopener noreferrer\"><strong>FULL LIST OF PUBLICATIONS FOR SALE AND ORDER FORM \/\u00a0<em>LISTE COMPLETE DES PUBLICATIONS EN VENTE ET BON DE COMMANDE<\/em><\/strong><\/a><\/p>\n","protected":false},"excerpt":{"rendered":"<p>PUBLICATIONS FOR SALE BY UNIDROIT \u2013 PUBLICATIONS EN VENTE AUPRES D\u2019UNIDROIT UNIDROIT publishes both monographs on its work and periodicals. Bookshops are given a 20% discount. UNIDROIT publie des monographies sur ses travaux\u00a0ainsi que\u00a0des p\u00e9riodiques. Une r\u00e9duction de 20% est appliqu\u00e9e aux librairies. &nbsp; \u00a0June&nbsp;<a href=\"https:\/\/www.unidroit.org\/fr\/publications\/publications-dunidroit\/\">&hellip;<\/a><\/p>\n","protected":false},"author":20,"featured_media":0,"parent":5301,"menu_order":0,"comment_status":"closed","ping_status":"closed","template":"","meta":{"ep_exclude_from_search":false,"footnotes":""},"class_list":["post-5304","page","type-page","status-publish","format-standard","hentry","odd"],"_links":{"self":[{"href":"https:\/\/www.unidroit.org\/fr\/wp-json\/wp\/v2\/pages\/5304","targetHints":{"allow":["GET"]}}],"collection":[{"href":"https:\/\/www.unidroit.org\/fr\/wp-json\/wp\/v2\/pages"}],"about":[{"href":"https:\/\/www.unidroit.org\/fr\/wp-json\/wp\/v2\/types\/page"}],"author":[{"embeddable":true,"href":"https:\/\/www.unidroit.org\/fr\/wp-json\/wp\/v2\/users\/20"}],"replies":[{"embeddable":true,"href":"https:\/\/www.unidroit.org\/fr\/wp-json\/wp\/v2\/comments?post=5304"}],"version-history":[{"count":3,"href":"https:\/\/www.unidroit.org\/fr\/wp-json\/wp\/v2\/pages\/5304\/revisions"}],"predecessor-version":[{"id":35100,"href":"https:\/\/www.unidroit.org\/fr\/wp-json\/wp\/v2\/pages\/5304\/revisions\/35100"}],"up":[{"embeddable":true,"href":"https:\/\/www.unidroit.org\/fr\/wp-json\/wp\/v2\/pages\/5301"}],"wp:attachment":[{"href":"https:\/\/www.unidroit.org\/fr\/wp-json\/wp\/v2\/media?parent=5304"}],"curies":[{"name":"wp","href":"https:\/\/api.w.org\/{rel}","templated":true}]}}