{"id":5319,"date":"2021-08-07T07:47:37","date_gmt":"2021-08-07T07:47:37","guid":{"rendered":"https:\/\/www.unidroit.org\/?page_id=5319"},"modified":"2025-09-05T09:43:44","modified_gmt":"2025-09-05T07:43:44","slug":"instruments","status":"publish","type":"page","link":"https:\/\/www.unidroit.org\/fr\/instruments\/","title":{"rendered":"Instruments"},"content":{"rendered":"<div class=\"wpb-content-wrapper\"><p>[vc_row][vc_column css=&#8221;.vc_custom_1490017614850{margin-bottom: 30px !important;}&#8221;][vc_custom_heading text=&#8221;INSTRUMENTS&#8221; font_container=&#8221;tag:h1|text_align:left&#8221; use_theme_fonts=&#8221;yes&#8221; css=&#8221;.vc_custom_1622484884623{margin-top: 0px !important;margin-bottom: 20px !important;}&#8221;][\/vc_column][\/vc_row][vc_row css=&#8221;.vc_custom_1622455036974{background-color: #f2f2f2 !important;}&#8221;][vc_column css=&#8221;.vc_custom_1490017614850{margin-bottom: 30px !important;}&#8221;][vc_column_text css=&#8221;.vc_custom_1631010914980{padding-right: 35px !important;padding-left: 35px !important;background-color: #f2f2f2 !important;}&#8221;]<\/p>\n<p style=\"text-align: justify;\">UNIDROIT a \u00e9labor\u00e9 de nombreux instruments internationaux au cours des ann\u00e9es, notamment des Conventions et des Protocoles internationaux, des Lois types, des Principes et des Guides juridiques et contractuels.<\/p>\n<p style=\"text-align: justify;\">UNIDROIT a \u00e9t\u00e9 d\u00e9sign\u00e9 D\u00e9positaire de ses instruments les plus r\u00e9cents:<\/p>\n<ul style=\"text-align: justify;\">\n<li>la Convention du Cap de 2001 relative aux garanties internationales portant sur des mat\u00e9riels d&#8217;\u00e9quipement mobiles et ses Protocoles portant sur les questions sp\u00e9cifiques aux mat\u00e9riels d&#8217;\u00e9quipement a\u00e9ronautiques (Le Cap, 2001), sur les questions sp\u00e9cifiques au mat\u00e9riel roulant ferroviaire (Luxembourg, 2007), sur les questions sp\u00e9cifiques aux biens spatiaux (Berlin, 2012) et sur les questions sp\u00e9cifiques aux mat\u00e9riels d&#8217;\u00e9quipement miniers, agricoles et de construction (2019) et<\/li>\n<li>la Convention de Gen\u00e8ve de 2009 sur les r\u00e8gles mat\u00e9rielles relatives aux titres interm\u00e9di\u00e9s.<\/li>\n<\/ul>\n<p style=\"text-align: justify;\">Les instruments de droit uniforme \u00e9labor\u00e9s par l\u2019organisation prennent traditionnellement la forme de conventions internationales \u00e0 appliquer une fois que les formalit\u00e9s n\u00e9cessaires pour leur entr\u00e9e en vigueur dans une juridiction particuli\u00e8re ont \u00e9t\u00e9 compl\u00e9t\u00e9es (instruments \u00e0 caract\u00e8re contraignant). Toutefois, on a de plus en plus recours \u00e0 d\u2019autres formes d\u2019unification dans des domaines o\u00f9 un instrument \u00e0 caract\u00e8re contraignant n\u2019est pas consid\u00e9r\u00e9 comme essentiel. Ces alternatives (instruments non contraignants) peuvent inclure des lois mod\u00e8les que les \u00c9tats peuvent prendre en consid\u00e9ration lors de la pr\u00e9paration d\u2019une r\u00e9glementation nationale dans la mati\u00e8re trait\u00e9e, ou encore des principes g\u00e9n\u00e9raux que les parties contractantes, les arbitres et les magistrats d\u00e9cident d\u2019utiliser ou pas; des guides juridiques ou contractuels qui fournissent des informations, des orientations sur les meilleures pratiques et des conseils \u00e0 l\u2019adresse des b\u00e9n\u00e9ficiaires.<\/p>\n<p>[\/vc_column_text][\/vc_column][\/vc_row][vc_row][vc_column][vc_column_text][\/vc_column_text][vc_column_text]<\/p>\n<p>&nbsp;<\/p>\n<p>[\/vc_column_text][\/vc_column][\/vc_row][vc_row equal_height=&#8221;yes&#8221;][vc_column width=&#8221;1\/3&#8243; css=&#8221;.vc_custom_1621244755570{padding-top: 30px !important;padding-right: 35px !important;padding-bottom: 35px !important;padding-left: 35px !important;background-color: #ffffff !important;}&#8221;]\t\t<div class=\"wh-content-box  scp_content_box-d41d8cd98f00b204e9800998ecf8427e\">\n\t\t\t\t\t\t\t\t\t\t\t\t[vc_column_text css=&#8221;&#8221;]<a href=\"https:\/\/www.unidroit.org\/fr\/instruments\/actifs-numeriques-et-droit-prive\/\">Actifs num\u00e9riques et droit priv\u00e9<\/a>[\/vc_column_text][vc_separator css=&#8221;.vc_custom_1621244961390{padding-top: 15px !important;padding-bottom: 15px !important;}&#8221;][vc_column_text]<a href=\"https:\/\/www.unidroit.org\/fr\/instruments\/affacturage\/\">Affacturage<\/a>[\/vc_column_text][vc_separator css=&#8221;.vc_custom_1621244961390{padding-top: 15px !important;padding-bottom: 15px !important;}&#8221;][vc_column_text]<a href=\"https:\/\/www.unidroit.org\/fr\/instruments\/agriculture\/\">Agriculture<\/a>[\/vc_column_text][vc_separator css=&#8221;.vc_custom_1621244961390{padding-top: 15px !important;padding-bottom: 15px !important;}&#8221;][vc_column_text]<a href=\"https:\/\/www.unidroit.org\/instruments\/cultural-property\/\">Biens Culturels<\/a>[\/vc_column_text][vc_separator css=&#8221;.vc_custom_1621244961390{padding-top: 15px !important;padding-bottom: 15px !important;}&#8221;][vc_column_text]<a href=\"https:\/\/www.unidroit.org\/instruments\/commercial-contracts\/\">Contrats du commerce<\/a>[\/vc_column_text]\t\t<\/div>\n\t\t[\/vc_column][vc_column width=&#8221;1\/3&#8243; css=&#8221;.vc_custom_1491554183958{padding-top: 30px !important;padding-right: 0px !important;padding-bottom: 30px !important;padding-left: 0px !important;background-color: #ffffff !important;}&#8221; el_class=&#8221;wh-z-index-10&#8243;]\t\t<div class=\"wh-content-box  scp_content_box-d41d8cd98f00b204e9800998ecf8427e\">\n\t\t\t\t\t\t\t\t\t\t\t\t[vc_column_text css=&#8221;&#8221;]<a href=\"https:\/\/www.unidroit.org\/instruments\/reinsurance-contracts\/\">Contrats de r\u00e9assurance<\/a>[\/vc_column_text][vc_separator css=&#8221;.vc_custom_1621244961390{padding-top: 15px !important;padding-bottom: 15px !important;}&#8221;][vc_column_text]<a href=\"https:\/\/www.unidroit.org\/instruments\/leasing\/\">Cr\u00e9dit-bail<\/a>[\/vc_column_text][vc_separator css=&#8221;.vc_custom_1621244961390{padding-top: 15px !important;padding-bottom: 15px !important;}&#8221;][vc_column_text]<a href=\"https:\/\/www.unidroit.org\/instruments\/franchising\/\">Franchisage<\/a>[\/vc_column_text][vc_separator css=&#8221;.vc_custom_1621244961390{padding-top: 15px !important;padding-bottom: 15px !important;}&#8221;][vc_column_text]<a href=\"https:\/\/www.unidroit.org\/instruments\/security-interests\/\">Garanties internationales<\/a>[\/vc_column_text][vc_separator css=&#8221;.vc_custom_1621244961390{padding-top: 15px !important;padding-bottom: 15px !important;}&#8221;][vc_column_text css=&#8221;&#8221;]<a href=\"https:\/\/www.unidroit.org\/fr\/instruments\/guide-legislatif-sur-la-liquidation-bancaire\/\">Insolvabilit\u00e9<\/a>[\/vc_column_text][vc_separator css=&#8221;.vc_custom_1621244961390{padding-top: 15px !important;padding-bottom: 15px !important;}&#8221;][vc_column_text]<a href=\"https:\/\/www.unidroit.org\/instruments\/capital-markets\/\">March\u00e9s financiers<\/a>[\/vc_column_text]\t\t<\/div>\n\t\t[\/vc_column][vc_column width=&#8221;1\/3&#8243; css=&#8221;.vc_custom_1621245145132{padding-top: 30px !important;padding-right: 35px !important;padding-bottom: 35px !important;padding-left: 20px !important;background-color: #ffffff !important;}&#8221;]\t\t<div class=\"wh-content-box  scp_content_box-d41d8cd98f00b204e9800998ecf8427e\">\n\t\t\t\t\t\t\t\t\t\t\t\t[vc_column_text css=&#8221;&#8221;]<a href=\"https:\/\/www.unidroit.org\/instruments\/civil-procedure\/\">Proc\u00e9dure civile<\/a>[\/vc_column_text][vc_separator css=&#8221;.vc_custom_1621244961390{padding-top: 15px !important;padding-bottom: 15px !important;}&#8221;][vc_column_text css=&#8221;&#8221;]<a href=\"https:\/\/www.unidroit.org\/fr\/instruments\/recepisses-dentrepot\/\">R\u00e9c\u00e9piss\u00e9s d\u2019entrep\u00f4t<\/a>[\/vc_column_text][vc_separator css=&#8221;.vc_custom_1621244961390{padding-top: 15px !important;padding-bottom: 15px !important;}&#8221;][vc_column_text]<a href=\"https:\/\/www.unidroit.org\/instruments\/agency\/\">Repr\u00e9sentation<\/a>[\/vc_column_text][vc_separator css=&#8221;.vc_custom_1621244961390{padding-top: 15px !important;padding-bottom: 15px !important;}&#8221;][vc_column_text]<a href=\"https:\/\/www.unidroit.org\/instruments\/international-will\/\">Testaments<\/a>[\/vc_column_text][vc_separator css=&#8221;.vc_custom_1621244961390{padding-top: 15px !important;padding-bottom: 15px !important;}&#8221;][vc_column_text]<a href=\"https:\/\/www.unidroit.org\/instruments\/transport\/\">Transport<\/a>[\/vc_column_text][vc_separator css=&#8221;.vc_custom_1621244961390{padding-top: 15px !important;padding-bottom: 15px !important;}&#8221;][vc_column_text]<a href=\"https:\/\/www.unidroit.org\/instruments\/international-sales\/\">Vente Internationale<\/a>[\/vc_column_text]\t\t<\/div>\n\t\t[\/vc_column][\/vc_row][vc_row][vc_column css=&#8221;.vc_custom_1708943023274{margin-bottom: 60px !important;}&#8221;][vc_column_text]<\/p>\n<p style=\"text-align: center;\"><a href=\"https:\/\/www.unidroit.org\/wp-content\/uploads\/2024\/02\/231231-implementation-of-instruments-f.pdf\"><strong>Mise en \u0153uvre d\u2019instruments internationaux adopt\u00e9s sous les auspices d\u2019&#8217;autres organisations et bas\u00e9s sur des projets ou des Conventions d\u2019UNIDROIT, ou sur des travaux men\u00e9s au sein d\u2019UNIDROIT<\/strong><\/a><\/p>\n<p style=\"text-align: center;\"><strong>\u00a0<\/strong><\/p>\n<p>[\/vc_column_text][vc_column_text][\/vc_column_text][\/vc_column][\/vc_row]<\/p>\n<\/div>","protected":false},"excerpt":{"rendered":"<p>[vc_row][vc_column css=&#8221;.vc_custom_1490017614850{margin-bottom: 30px !important;}&#8221;][vc_custom_heading text=&#8221;INSTRUMENTS&#8221; font_container=&#8221;tag:h1|text_align:left&#8221; use_theme_fonts=&#8221;yes&#8221; css=&#8221;.vc_custom_1622484884623{margin-top: 0px !important;margin-bottom: 20px !important;}&#8221;][\/vc_column][\/vc_row][vc_row css=&#8221;.vc_custom_1622455036974{background-color: #f2f2f2 !important;}&#8221;][vc_column css=&#8221;.vc_custom_1490017614850{margin-bottom: 30px !important;}&#8221;][vc_column_text css=&#8221;.vc_custom_1631010914980{padding-right: 35px !important;padding-left: 35px !important;background-color: #f2f2f2 !important;}&#8221;] UNIDROIT a \u00e9labor\u00e9 de nombreux instruments internationaux au cours des ann\u00e9es, notamment des Conventions et des Protocoles internationaux, des Lois&nbsp;<a href=\"https:\/\/www.unidroit.org\/fr\/instruments\/\">&hellip;<\/a><\/p>\n","protected":false},"author":20,"featured_media":0,"parent":0,"menu_order":0,"comment_status":"closed","ping_status":"closed","template":"","meta":{"ep_exclude_from_search":false,"footnotes":""},"class_list":["post-5319","page","type-page","status-publish","format-standard","hentry","odd"],"_links":{"self":[{"href":"https:\/\/www.unidroit.org\/fr\/wp-json\/wp\/v2\/pages\/5319","targetHints":{"allow":["GET"]}}],"collection":[{"href":"https:\/\/www.unidroit.org\/fr\/wp-json\/wp\/v2\/pages"}],"about":[{"href":"https:\/\/www.unidroit.org\/fr\/wp-json\/wp\/v2\/types\/page"}],"author":[{"embeddable":true,"href":"https:\/\/www.unidroit.org\/fr\/wp-json\/wp\/v2\/users\/20"}],"replies":[{"embeddable":true,"href":"https:\/\/www.unidroit.org\/fr\/wp-json\/wp\/v2\/comments?post=5319"}],"version-history":[{"count":2,"href":"https:\/\/www.unidroit.org\/fr\/wp-json\/wp\/v2\/pages\/5319\/revisions"}],"predecessor-version":[{"id":35278,"href":"https:\/\/www.unidroit.org\/fr\/wp-json\/wp\/v2\/pages\/5319\/revisions\/35278"}],"wp:attachment":[{"href":"https:\/\/www.unidroit.org\/fr\/wp-json\/wp\/v2\/media?parent=5319"}],"curies":[{"name":"wp","href":"https:\/\/api.w.org\/{rel}","templated":true}]}}