{"id":5491,"date":"2021-08-09T18:03:12","date_gmt":"2021-08-09T18:03:12","guid":{"rendered":"https:\/\/www.unidroit.org\/?page_id=5491"},"modified":"2021-08-09T18:03:14","modified_gmt":"2021-08-09T18:03:14","slug":"presentation","status":"publish","type":"page","link":"https:\/\/www.unidroit.org\/fr\/instruments\/affacturage\/convention\/presentation\/","title":{"rendered":"Pr\u00e9sentation"},"content":{"rendered":"<div class=\"wpb-content-wrapper\"><p>[vc_row][vc_column css=&#8221;.vc_custom_1490017614850{margin-bottom: 30px !important;}&#8221;][vc_custom_heading text=&#8221;PRESENTATION&#8221; font_container=&#8221;tag:h1|text_align:left&#8221; use_theme_fonts=&#8221;yes&#8221; css=&#8221;.vc_custom_1628532226592{margin-top: 0px !important;margin-bottom: 20px !important;}&#8221;][vc_custom_heading text=&#8221;&#8221; font_container=&#8221;tag:h4|text_align:left&#8221; use_theme_fonts=&#8221;yes&#8221;][\/vc_column][\/vc_row][vc_row css=&#8221;.vc_custom_1622455036974{background-color: #f2f2f2 !important;}&#8221;][vc_column css=&#8221;.vc_custom_1490017614850{margin-bottom: 30px !important;}&#8221;][vc_column_text]<strong>HISTORIQUE<\/strong><\/p>\n<p>&nbsp;<\/p>\n<p>1. &#8211; L&#8217;origine des travaux sur [l\u2019affacturage] remonte \u00e0 la d\u00e9cision prise par le Conseil de Direction d&#8217;UNIDROIT \u00e0 sa 53<sup>\u00e8me<\/sup>\u00a0session tenue \u00e0 Rome en f\u00e9vrier 1974, sur la base d&#8217;un m\u00e9morandum pr\u00e9par\u00e9 par le Secr\u00e9tariat, d&#8217;inclure au Programme de travail pour la p\u00e9riode triennale 1975-1977 la question des cessions de cr\u00e9ances en g\u00e9n\u00e9ral et, plus particuli\u00e8rement, celle du contrat de factoring. Le Conseil pria \u00e9galement le Secr\u00e9tariat de pr\u00e9parer une \u00e9tude pr\u00e9liminaire sur ce contrat pour lui permettre de se prononcer sur l&#8217;ordre de priorit\u00e9 qui pourrait \u00eatre attach\u00e9 \u00e0 ce sujet, en vue de l&#8217;\u00e9laboration de r\u00e8gles uniformes.<\/p>\n<p>&nbsp;<\/p>\n<p>2. &#8211; Le Conseil de Direction fut saisi d&#8217;un rapport pr\u00e9liminaire soumis par le Secr\u00e9tariat \u00e0 sa 55<sup>\u00e8me<\/sup>\u00a0session, tenue \u00e0 Rome en septembre 1976, et autorisa une plus large diffusion du rapport et d&#8217;un questionnaire l&#8217;accompagnant, en particulier aux praticiens; \u00e0 sa 56<sup>\u00e8me<\/sup>\u00a0session, il d\u00e9cida de constituer un groupe restreint de membres du Conseil de Direction, assist\u00e9 d&#8217;un ou de plusieurs experts en mati\u00e8re de factoring, pour examiner l&#8217;analyse des r\u00e9ponses au questionnaire. Les conclusions d\u00e9taill\u00e9es du groupe furent port\u00e9es \u00e0 l&#8217;attention du Conseil de Direction \u00e0 sa 57<sup>\u00e8me<\/sup>\u00a0session, tenue \u00e0 Rome en avril 1978 et, conform\u00e9ment au mandat que lui avait donn\u00e9 le Conseil, le Pr\u00e9sident d&#8217;UNIDROIT constitua un Comit\u00e9 d&#8217;\u00e9tude charg\u00e9 de la pr\u00e9paration de r\u00e8gles uniformes sur le contrat de factoring. Le comit\u00e9 d&#8217;\u00e9tude tint trois sessions \u00e0 Rome, la premi\u00e8re les 5 et 6 f\u00e9vrier 1979, la seconde du 27 au 29 avril 1981 et la troisi\u00e8me du 19 au 21 avril 1982. A la conclusion de celle-ci, le Comit\u00e9 d&#8217;\u00e9tude adopta l&#8217;avant-projet de r\u00e8gles uniformes sur certains aspects du factoring international.<\/p>\n<p>&nbsp;<\/p>\n<p>3. &#8211; Lors de sa 62<sup>\u00e8me<\/sup>\u00a0session tenue \u00e0 Rome en mai 1983, le Conseil de Direction approuva ce projet de r\u00e8gles et d\u00e9cida d&#8217;adresser aux Gouvernements des Etats membres d&#8217;UNIDROIT avec une demande d&#8217;observations, le texte de l\u2019avant-projet accompagn\u00e9 du rapport explicatif pr\u00e9par\u00e9 par le Secr\u00e9tariat. A la lumi\u00e8re des observations re\u00e7ues, le Conseil de Direction d\u00e9cida \u00e0 sa 63<sup>\u00e8me<\/sup>\u00a0session en mai 1984 de constituer un Comit\u00e9 d&#8217;experts gouvernementaux charg\u00e9 d&#8217;\u00e9laborer un projet de r\u00e8gles uniformes sur certains aspects du factoring international (ci-apr\u00e8s d\u00e9nomm\u00e9 &#8220;le comit\u00e9&#8221;).<\/p>\n<p>&nbsp;<\/p>\n<p>4. &#8211; Le texte de l&#8217;avant-projet de r\u00e8gles uniformes fut discut\u00e9 et r\u00e9vis\u00e9 lors de trois sessions du comit\u00e9, tenues \u00e0 Rome du 22 au 25 avril 1985, du 21 au 23 avril 1986 et du 22 au 24 avril 1987, respectivement. A ses deuxi\u00e8me et troisi\u00e8me sessions, le comit\u00e9 s&#8217;est pench\u00e9 \u00e9galement sur un projet de dispositions finales pr\u00e9par\u00e9 par le Secr\u00e9tariat. M Royston M. Goode a pr\u00e9sid\u00e9 l&#8217;ensemble des travaux du comit\u00e9 ainsi que ceux d&#8217;un comit\u00e9 de r\u00e9daction qui s&#8217;est r\u00e9uni \u00e0 chaque session pour rendre compte des amendements apport\u00e9s par le comit\u00e9 pl\u00e9nier. En tout, 33 Etats membres d&#8217;UNIDROIT, quatre Etats non-membres, trois organisations intergouvernementales, deux organisations internationales non-gouvernementales, ainsi que trois associations professionnelles internationales et trois associations professionnelles nationales ont particip\u00e9 aux travaux du comit\u00e9.<\/p>\n<p>&nbsp;<\/p>\n<p>5. &#8211; A l&#8217;issue de sa troisi\u00e8me session, le comit\u00e9 a conclu ses travaux en adoptant le texte d&#8217;un projet de Convention sur l&#8217;affacturage international, d\u00e9sormais pr\u00eat \u00e0 \u00eatre soumis \u00e0 une Conf\u00e9rence diplomatique pour son adoption. Lors de la s\u00e9ance de cl\u00f4ture de la troisi\u00e8me et derni\u00e8re session du Comit\u00e9 d&#8217;UNIDROIT d&#8217;experts gouvernementaux charg\u00e9 d&#8217;\u00e9laborer un projet de Convention sur le cr\u00e9dit-bail international qui s&#8217;est tenue cons\u00e9cutivement \u00e0 celle du Comit\u00e9 d&#8217;experts gouvernementaux charg\u00e9 d&#8217;\u00e9laborer un projet de Convention sur l&#8217;affacturage international, le repr\u00e9sentant du Canada a annonc\u00e9 que son Gouvernement offrait de r\u00e9unir une Conf\u00e9rence diplomatique pour l&#8217;adoption des deux projets de Conventions susmentionn\u00e9s sur son territoire.<\/p>\n<p>&nbsp;<\/p>\n<p>(Extrait du document UNIDROIT 1987 Etude LVIII \u2013 Doc. 33)<\/p>\n<p>&nbsp;<\/p>\n<p>Le projet de Convention sur l&#8217;affacturage international et le projet de Convention sur le cr\u00e9dit-bail international ont \u00e9t\u00e9 adopt\u00e9s lors d\u2019une Conf\u00e9rence diplomatique organis\u00e9e par le Gouvernement canadien et tenue \u00e0 Ottawa du 9 au 28 mai 1988.[\/vc_column_text][\/vc_column][\/vc_row][vc_row][vc_column][vc_empty_space height=&#8221;10px&#8221;][\/vc_column][\/vc_row]<\/p>\n<\/div>","protected":false},"excerpt":{"rendered":"<p>[vc_row][vc_column css=&#8221;.vc_custom_1490017614850{margin-bottom: 30px !important;}&#8221;][vc_custom_heading text=&#8221;PRESENTATION&#8221; font_container=&#8221;tag:h1|text_align:left&#8221; use_theme_fonts=&#8221;yes&#8221; css=&#8221;.vc_custom_1628532226592{margin-top: 0px !important;margin-bottom: 20px !important;}&#8221;][vc_custom_heading text=&#8221;&#8221; font_container=&#8221;tag:h4|text_align:left&#8221; use_theme_fonts=&#8221;yes&#8221;][\/vc_column][\/vc_row][vc_row css=&#8221;.vc_custom_1622455036974{background-color: #f2f2f2 !important;}&#8221;][vc_column css=&#8221;.vc_custom_1490017614850{margin-bottom: 30px !important;}&#8221;][vc_column_text]HISTORIQUE &nbsp; 1. &#8211; L&#8217;origine des travaux sur [l\u2019affacturage] remonte \u00e0 la d\u00e9cision prise par le Conseil de Direction d&#8217;UNIDROIT \u00e0 sa 53\u00e8me\u00a0session tenue \u00e0&nbsp;<a href=\"https:\/\/www.unidroit.org\/fr\/instruments\/affacturage\/convention\/presentation\/\">&hellip;<\/a><\/p>\n","protected":false},"author":20,"featured_media":0,"parent":5488,"menu_order":0,"comment_status":"closed","ping_status":"closed","template":"","meta":{"ep_exclude_from_search":false,"footnotes":""},"class_list":["post-5491","page","type-page","status-publish","format-standard","hentry","odd"],"_links":{"self":[{"href":"https:\/\/www.unidroit.org\/fr\/wp-json\/wp\/v2\/pages\/5491","targetHints":{"allow":["GET"]}}],"collection":[{"href":"https:\/\/www.unidroit.org\/fr\/wp-json\/wp\/v2\/pages"}],"about":[{"href":"https:\/\/www.unidroit.org\/fr\/wp-json\/wp\/v2\/types\/page"}],"author":[{"embeddable":true,"href":"https:\/\/www.unidroit.org\/fr\/wp-json\/wp\/v2\/users\/20"}],"replies":[{"embeddable":true,"href":"https:\/\/www.unidroit.org\/fr\/wp-json\/wp\/v2\/comments?post=5491"}],"version-history":[{"count":0,"href":"https:\/\/www.unidroit.org\/fr\/wp-json\/wp\/v2\/pages\/5491\/revisions"}],"up":[{"embeddable":true,"href":"https:\/\/www.unidroit.org\/fr\/wp-json\/wp\/v2\/pages\/5488"}],"wp:attachment":[{"href":"https:\/\/www.unidroit.org\/fr\/wp-json\/wp\/v2\/media?parent=5491"}],"curies":[{"name":"wp","href":"https:\/\/api.w.org\/{rel}","templated":true}]}}