{"id":5503,"date":"2021-08-09T18:17:51","date_gmt":"2021-08-09T18:17:51","guid":{"rendered":"https:\/\/www.unidroit.org\/?page_id=5503"},"modified":"2021-08-09T18:17:55","modified_gmt":"2021-08-09T18:17:55","slug":"bibliographie","status":"publish","type":"page","link":"https:\/\/www.unidroit.org\/fr\/instruments\/affacturage\/convention\/bibliographie\/","title":{"rendered":"Bibliographie"},"content":{"rendered":"<div class=\"wpb-content-wrapper\"><p>[vc_row][vc_column css=&#8221;.vc_custom_1490017614850{margin-bottom: 30px !important;}&#8221;][vc_custom_heading text=&#8221;BIBLIOGRAPHIE&#8221; font_container=&#8221;tag:h1|text_align:left&#8221; use_theme_fonts=&#8221;yes&#8221; css=&#8221;.vc_custom_1628533044969{margin-top: 0px !important;margin-bottom: 20px !important;}&#8221;][vc_custom_heading text=&#8221;AFFACTURAGE &#8211; BIBLIOGRAPHIE&#8221; font_container=&#8221;tag:h4|text_align:left&#8221; use_theme_fonts=&#8221;yes&#8221;][\/vc_column][\/vc_row][vc_row css=&#8221;.vc_custom_1622455036974{background-color: #f2f2f2 !important;}&#8221;][vc_column css=&#8221;.vc_custom_1490017614850{margin-bottom: 30px !important;}&#8221;][vc_column_text]Barzon, F., Il factoring internazionale e la Convenzione di Ottawa del 28.5.1988, Figure della contrattazione internazionale, in: Figure della contrattazione internazionale (I nuovi contratti nella prassi civile e commerciale, 11), Torino, Utet, 2004, 389-445<\/p>\n<p>&nbsp;<\/p>\n<p><span lang=\"EN-GB\">BASEDOW, J.,\u00a0<\/span><span lang=\"DE\">Internationales Factoring zwischen Kollisionsrecht und Unidroit-Konvention,Zeitschrift f\u00fcr Europ\u00e4isches Privatrecht, (1997), 615<\/span><\/p>\n<p>&nbsp;<\/p>\n<p><span lang=\"EN-GB\">BENICKE, C.,\u00a0<\/span><span lang=\"DE\">Unidroit-Konvention zum Factoring, Konkordatsehe,Praxis des Internationalen Privat- und Verfahrensrechts (IPRax), 15 (1994), 337<\/span><\/p>\n<p>&nbsp;<\/p>\n<p><span lang=\"EN-GB\"><br \/>\nBERAUDO, J.-P.,\u00a0<\/span><span lang=\"FR\">Le nouveau droit du cr\u00e9dit-bail international et de l&#8217;affacturage international (1er mai 1995),La Semaine juridique.\u00a0<\/span><span lang=\"EN-GB\">Cahiers de droit de l&#8217;entreprise, (1995), Etudes et chroniques, 185<\/span><\/p>\n<p>&nbsp;<\/p>\n<p><span lang=\"EN-GB\"><br \/>\nBEY, E.,\u00a0<\/span><span lang=\"FR\">L&#8217;affacturage international, Revue de Jurisprudence et de droit des affaires, (1996), 326\u00a0<em>et seq<\/em>.<\/span><\/p>\n<p>&nbsp;<\/p>\n<p><span lang=\"EN-GB\"><br \/>\nBOUTIN I, G.,\u00a0<\/span><span lang=\"ES\">Del contrato de factoraje internacional,\u00a0<\/span><span lang=\"FR\">Panama, Editions Etude Ma\u00eetre Boutin, 1998, pp.\u00a0<\/span><span lang=\"EN-GB\">VIII-95<\/span><\/p>\n<p>&nbsp;<\/p>\n<p><span lang=\"EN-GB\"><br \/>\nBRINK, U.,New German legislation opens door to ratification of Unidroit Factoring Convention [in English and in French],<\/span><span lang=\"FR\">Uniform Law Review \/ Revue de droit uniforme, 1889-4, 770-775<\/span><\/p>\n<p>&nbsp;<\/p>\n<p>CALZOLAIO, E., Il factoring internazionale e la Convenzione Unidroit, in: Calzolaio, E. Il factoring in Europa, 123-145, Milano, Giuffr\u00e8, 1997<\/p>\n<p>&nbsp;<\/p>\n<p>CANTELE, V., Convenzione Unidroit sul factoring internazionale: prime riflessioni,Corriere Giuridico, (1993), 1155<\/p>\n<p>&nbsp;<\/p>\n<p>&nbsp;<\/p>\n<p><span lang=\"PT\">CASTRO<\/span><span lang=\"PT\">, R.A. de Oliveira, O factoring internacional no Brasil e na Argentina: una proposta de unifica\u00e7\u00e3on com base na Conven\u00e7\u00e3on de Ottawa do Unidroit \u2013 Tesi \u2013 Orientadora: Araminta de Azevedo Mercadante,S\u00e3o Paulo: Universidade de S\u00e3o Paulo, 2008, pp.\u00a0397<\/span><\/p>\n<p>&nbsp;<\/p>\n<p>CRUZ TORRES, R.,\u00a0<span lang=\"ES\">El factoring internacional: estructura y modalidades operativas,Revista de Derecho Mercantil, (1998), N\u00fam. 227, 225-243<\/span><\/p>\n<p>&nbsp;<\/p>\n<p>DUTREY GUANTES, Y.,\u00a0<span lang=\"ES\">El contrato internacional de factoring. ,Madrid, Universidad Complutense Facultad de Derecho, Servicio de Publicaciones, 2000, pp. 368<\/span><\/p>\n<p>&nbsp;<\/p>\n<p><span lang=\"EN-GB\"><br \/>\nFALKENHAYN, A. von,\u00a0<\/span><span lang=\"DE\">Das Verh\u00e4ltnis von Factor und Debitor beim Factoring. Abtretungsverbot und andere Einwendungen im deutschen und amerikanischen Recht und nach der Unidroit-Konvention (Studien zum Europ\u00e4ischen und Internationalen Wirtschaftsrecht, Band 7), Frankfurt am Main, Peter Lang, 1999<\/span><\/p>\n<p>&nbsp;<\/p>\n<p><span lang=\"EN-GB\"><br \/>\nFERRARI, F.,\u00a0<\/span><span lang=\"DE\">Der internationale Anwendungsbereich des Ottawa-\u00dcbereinkommens von 1988 \u00fcber Internationales Factoring, Recht der Internationalen Wirtschaft, 42 (1996), 181<\/span><\/p>\n<p>&nbsp;<\/p>\n<p><span lang=\"EN-GB\"><br \/>\nFERRARI, F., The international sphere of application of the 1988 Ottawa Convention on International Factoring, in: RABELLO, A.M. &#8211; ZANOTTI, A. (Eds.) &#8211; Developments in European, Italian and Israeli Law, 235-268 (Seminario Giuridico della Universit\u00e0 di Bologna, Miscellanee 24), Milano, Giuffr\u00e8 Editore, 2001<\/span><\/p>\n<p>&nbsp;<\/p>\n<p>FERRARI, F., Il Factoring internazionale &#8211; Commento alla Convenzione Unidroit sul Factoring Internazionale, Milano, CEDAM, 1999, pp. xvii + 404<\/p>\n<p>&nbsp;<\/p>\n<p>FERRARI, F., L&#8217;ambito di applicazione internazionale della Convenzione di Ottawa sul &#8220;factoring&#8221; internazionale, Rivista Trimestrale di Diritto e Procedura Civile, 50 (1996), 195<\/p>\n<p>&nbsp;<\/p>\n<p><span lang=\"EN-GB\"><br \/>\nFERRARI, F., The international sphere of application of the 1988 Ottawa Convention on International Factoring, International Lawyer, 31 (1997), 41-63<\/span><\/p>\n<p>&nbsp;<\/p>\n<p><span lang=\"EN-GB\"><br \/>\nFERRARI, F., The international sphere of application of the 1988 Ottawa Convention on International Factoring, in: The Unification of International Commercial Law, 135-157. ,Baden-Baden, Nomos Verlagsgesellschaft, 1998<\/span><\/p>\n<p>&nbsp;<\/p>\n<p><span lang=\"EN-GB\"><br \/>\nFERRARI, F.,\u00a0<\/span><span lang=\"DE\">Unidroit. \u00dcbereinkommen \u00fcber Internationales Factoring (Ottawa 1988),M\u00fcnchener Kommentar zum Handelsgesetzbuch, Band 5 Viertes Buch.\u00a0<\/span><span lang=\"EN-GB\">Handelsgesch\u00e4fte Erster Abschnitt. Allgemeine Vorschriften \u00a7\u00a7 343-372<\/span><\/p>\n<p>&nbsp;<\/p>\n<p><span lang=\"EN-GB\"><br \/>\nFERRARI, F., General principles and international uniform commercial law conventions: a study of the 1980 Vienna Sales Convention and the 1988 Unidroit Conventions, Uniform Law Review \/ Revue de droit uniforme, 1997-3, 451<\/span><\/p>\n<p>&nbsp;<\/p>\n<p>FERRARI, F., Principi generali inseriti nelle convenzioni internazionali di diritto uniforme: l&#8217;esempio della vendita, del &#8220;factoring&#8221; e del &#8220;leasing&#8221;, Rivista Trimestrale di Diritto e Procedura Civile, 51 (1997), 651<\/p>\n<p>&nbsp;<\/p>\n<p><span lang=\"EN-GB\"><br \/>\nHAUSLER, C.,\u00a0<\/span><span lang=\"DE\">Das Unidroit \u00dcbereinkommen \u00fcber internationales Factoring (Ottawa 1988) unter besonderer Ber\u00fccksichtigung seiner Anwendbarkeit. Zugleich ein Beitrag zur Lehre vom internationalen Einheitsrecht (Europ\u00e4ische Hochschulschriften, Reihe II Rechtswissen-schaft, Bd. 2438), Frankfurt am Main, Berlin, Bonn, Bern, New York, Paris, Wien, Peter Lang, 1998, 411<\/span><\/p>\n<p>&nbsp;<\/p>\n<p><span lang=\"EN-GB\"><br \/>\nHAUSLER, C.,\u00a0<\/span><span lang=\"DE\">Die Neuregelung der internationalen Forderungsfinanzierung durch das Unidroit-\u00dcbereinkommen \u00fcber internationales Factoring, in: Handbuch des nationalen und internationalen Factoring, 269. 3., v\u00f6llig neu bearbeitete Auflage. ,Frankfurt am Main, Fritz Knapp Verlag, 540<\/span><\/p>\n<p>&nbsp;<\/p>\n<p>LEYVA SAAVEDRA, J.,\u00a0<span lang=\"ES\">Convenci\u00f3n del Unidroit sobre el factoring internacional, in: LEYVA SAAVEDRA, J. &#8211; Contratos de empresa, Tomo I, 521-533 (Tratado de derecho privado, Volumen II), Lima, Editorial San Marcos, 1997<\/span><\/p>\n<p>&nbsp;<\/p>\n<p>MARIANI, P., L&#8217;entrata in vigore delle due Convenzioni Unidroit sul leasing internazionale e sul factoring internazionale, Rivista di Diritto Internazionale Privato e Processuale, 31 (1995), 562<\/p>\n<p>&nbsp;<\/p>\n<p><span lang=\"EN-GB\">M\u00fcllerChen, M.,\u00a0<\/span><span lang=\"DE\">Abtretungsverbote im internationalen Rechts und Handelsverkehr, in: Schwenzer, I. \u2013 Hager, G. (Eds.) \u2013 Festschrift f\u00fcr Peter Schlechtriem zum 70.\u00a0<\/span><span lang=\"EN-GB\">Geburtstag,T\u00fcbingen, J.B.C. Mohr (Paul Siebeck), 2003, 903-921<\/span><\/p>\n<p>&nbsp;<\/p>\n<p><span lang=\"EN-GB\"><br \/>\nPAPEIANS de MORCHOVEN, J.-C., Unidroit Convention on International Factoring and its implementation in French Law and Belgian Law [in English and in French], Revue de droit des affaires internationales, (1996), 835<\/span><\/p>\n<p>&nbsp;<\/p>\n<p>RIO PASCUAL, A.D.,\u00a0<span lang=\"ES\">La convenci\u00f3n Unidroit de Ottawa de 28 mayo de 1988 sobre el factoring internacional, Revista de Derecho Mercantil, (1997), N\u00fam. 223, 299<\/span><\/p>\n<p>&nbsp;<\/p>\n<p>SANCHEZ JIMENEZ, A.,\u00a0<span lang=\"ES\">El contrato de factoring, in: Calvo Caravaca, A.L. &#8211; Fern\u00e1ndez de la G\u00e1ndara, L. (Ed.) &#8211; Contratos internacionales, 933-977<\/span>, Madrid, Tecnos, 1997<\/p>\n<p>&nbsp;<\/p>\n<p><span lang=\"EN-GB\"><br \/>\nSOMMER, H.J., Factoring, international factoring networks and the FCI Code of International Factoring Customs, in: Uniform Law Studies in memory of Malcolm Evans ,Uniform Law Review \/ Revue de droit uniforme, 1998-2\/3, 685-691<\/span><\/p>\n<p>&nbsp;<\/p>\n<p>Tonolo, S., La legge applicabile ai nuovi contratti: i casi del factoring e del franchising internazionale,Contratto e Impresa\/Europa, 8 (2003), 542-573<\/p>\n<p>&nbsp;<\/p>\n<p><span lang=\"EN-GB\"><br \/>\nTORSELLO, M., The relationship between the parties to the factoring contract according to the 1988 Unidroit Convention on International Factoring [in English and in French],Revue de droit des affaires internationales, (2000), 43- 59<\/span><\/p>\n<p>&nbsp;<\/p>\n<p><span lang=\"EN-GB\"><br \/>\nTORSELLO, M., The relationship between the parties to the factoring contract according to the 1988 Unidroit Convention on International Factoring, in: RABELLO, A.M. &#8211; ZANOTTI, A. (Eds.) &#8211; Developments in European, Italian and Israeli Law, 269-290 (Seminario Giuridico della Universit\u00e0 di Bologna, Miscellanee 24), Milano, Giuffr\u00e8 Editore, 2001<\/span><\/p>\n<p>&nbsp;<\/p>\n<p>TORSELLO, M., I rapporti tra le parti del contratto di factoring tra disciplina uniforme e molteplicit\u00e0 delle fonti,Contratto e Impresa, 15 (1999), 538-618<\/p>\n<p>&nbsp;<\/p>\n<p><span lang=\"EN-GB\"><br \/>\nWELLER, M.,\u00a0<\/span><span lang=\"DE\">Die Unidroit-Konvention von Ottawa \u00fcber internationales Factoring,Recht der Internationalen Wirtschaft, 45 (1999), 161-169<\/span><\/p>\n<p>&nbsp;<\/p>\n<p><span lang=\"EN-GB\"><br \/>\nZACCARIA, A.,\u00a0<\/span><span lang=\"DE\">Internationales Factoring nach Inkrafttreten der Konvention von Ottawa,Praxis des Internationalen Privat- und Verfahrensrechts (IPRax), 15 (1995), 279<\/span>[\/vc_column_text][\/vc_column][\/vc_row][vc_row][vc_column][vc_empty_space height=&#8221;10px&#8221;][\/vc_column][\/vc_row]<\/p>\n<\/div>","protected":false},"excerpt":{"rendered":"<p>[vc_row][vc_column css=&#8221;.vc_custom_1490017614850{margin-bottom: 30px !important;}&#8221;][vc_custom_heading text=&#8221;BIBLIOGRAPHIE&#8221; font_container=&#8221;tag:h1|text_align:left&#8221; use_theme_fonts=&#8221;yes&#8221; css=&#8221;.vc_custom_1628533044969{margin-top: 0px !important;margin-bottom: 20px !important;}&#8221;][vc_custom_heading text=&#8221;AFFACTURAGE &#8211; BIBLIOGRAPHIE&#8221; font_container=&#8221;tag:h4|text_align:left&#8221; use_theme_fonts=&#8221;yes&#8221;][\/vc_column][\/vc_row][vc_row css=&#8221;.vc_custom_1622455036974{background-color: #f2f2f2 !important;}&#8221;][vc_column css=&#8221;.vc_custom_1490017614850{margin-bottom: 30px !important;}&#8221;][vc_column_text]Barzon, F., Il factoring internazionale e la Convenzione di Ottawa del 28.5.1988, Figure della contrattazione internazionale, in: Figure della contrattazione internazionale (I nuovi&nbsp;<a href=\"https:\/\/www.unidroit.org\/fr\/instruments\/affacturage\/convention\/bibliographie\/\">&hellip;<\/a><\/p>\n","protected":false},"author":20,"featured_media":0,"parent":5488,"menu_order":0,"comment_status":"closed","ping_status":"closed","template":"","meta":{"ep_exclude_from_search":false,"footnotes":""},"class_list":["post-5503","page","type-page","status-publish","format-standard","hentry","odd"],"_links":{"self":[{"href":"https:\/\/www.unidroit.org\/fr\/wp-json\/wp\/v2\/pages\/5503","targetHints":{"allow":["GET"]}}],"collection":[{"href":"https:\/\/www.unidroit.org\/fr\/wp-json\/wp\/v2\/pages"}],"about":[{"href":"https:\/\/www.unidroit.org\/fr\/wp-json\/wp\/v2\/types\/page"}],"author":[{"embeddable":true,"href":"https:\/\/www.unidroit.org\/fr\/wp-json\/wp\/v2\/users\/20"}],"replies":[{"embeddable":true,"href":"https:\/\/www.unidroit.org\/fr\/wp-json\/wp\/v2\/comments?post=5503"}],"version-history":[{"count":0,"href":"https:\/\/www.unidroit.org\/fr\/wp-json\/wp\/v2\/pages\/5503\/revisions"}],"up":[{"embeddable":true,"href":"https:\/\/www.unidroit.org\/fr\/wp-json\/wp\/v2\/pages\/5488"}],"wp:attachment":[{"href":"https:\/\/www.unidroit.org\/fr\/wp-json\/wp\/v2\/media?parent=5503"}],"curies":[{"name":"wp","href":"https:\/\/api.w.org\/{rel}","templated":true}]}}