{"id":5506,"date":"2021-08-09T18:20:09","date_gmt":"2021-08-09T18:20:09","guid":{"rendered":"https:\/\/www.unidroit.org\/?page_id=5506"},"modified":"2021-08-09T18:20:13","modified_gmt":"2021-08-09T18:20:13","slug":"order-form","status":"publish","type":"page","link":"https:\/\/www.unidroit.org\/fr\/instruments\/affacturage\/convention\/order-form\/","title":{"rendered":"Order form"},"content":{"rendered":"<div class=\"wpb-content-wrapper\"><p>[vc_row][vc_column css=&#8221;.vc_custom_1490017614850{margin-bottom: 30px !important;}&#8221;][vc_custom_heading text=&#8221;ORDER FORM&#8221; font_container=&#8221;tag:h1|text_align:left&#8221; use_theme_fonts=&#8221;yes&#8221; css=&#8221;.vc_custom_1624270513770{margin-top: 0px !important;margin-bottom: 20px !important;}&#8221;][vc_custom_heading text=&#8221;ACTES DE LA CONFERENCE DIPLOMATIQUE POUR L&#8217;ADOPTION DES PROJETS DE CONVENTIONS D&#8217;UNIDROIT SUR L&#8217;AFFACTURAGE INTERNATIONAL ET SUR LE CREDIT-BAIL INTERNATIONAL, OTTAWA, 9 &#8211; 18 MAI 1988<br \/>\n&#8221; font_container=&#8221;tag:h4|text_align:left&#8221; use_theme_fonts=&#8221;yes&#8221;][\/vc_column][\/vc_row][vc_row css=&#8221;.vc_custom_1622455036974{background-color: #f2f2f2 !important;}&#8221;][vc_column css=&#8221;.vc_custom_1490017614850{margin-bottom: 30px !important;}&#8221;][vc_column_text]Le Volume I reproduit tous les documents de base de la Conf\u00e9rence, \u00e0 savoir les textes soumis \u00e0 la Conf\u00e9rence pour adoption, en particulier les deux projets de Conventions avec leur rapport explicatif, et les documents de travail et les rapports soumis aux diff\u00e9rents organes de la Conf\u00e9rence, ainsi que les textes et les instruments adopt\u00e9s par la Conf\u00e9rence. Le Volume II contient les compte-rendus de toutes les sessions \u00e0 la fois de la Conf\u00e9rence pl\u00e9ni\u00e8re et de la Commission pl\u00e9ni\u00e8re ainsi qu&#8217;une liste compl\u00e8te de tous les documents publi\u00e9s relatifs a la Conf\u00e9rence.<\/p>\n<p>&nbsp;<\/p>\n<p><a href=\"https:\/\/www.unidroit.org\/french\/publications\/conference\/1988factoring-leasing-1-f.pdf\">Vol. I<\/a>\u00a0 &#8211;\u00a0<a href=\"https:\/\/www.unidroit.org\/french\/publications\/conference\/1988factoring-leasing-2-f.pdf\">Vol. II<\/a>[\/vc_column_text][\/vc_column][\/vc_row][vc_row][vc_column][vc_empty_space height=&#8221;10px&#8221;][\/vc_column][\/vc_row]<\/p>\n<\/div>","protected":false},"excerpt":{"rendered":"<p>[vc_row][vc_column css=&#8221;.vc_custom_1490017614850{margin-bottom: 30px !important;}&#8221;][vc_custom_heading text=&#8221;ORDER FORM&#8221; font_container=&#8221;tag:h1|text_align:left&#8221; use_theme_fonts=&#8221;yes&#8221; css=&#8221;.vc_custom_1624270513770{margin-top: 0px !important;margin-bottom: 20px !important;}&#8221;][vc_custom_heading text=&#8221;ACTES DE LA CONFERENCE DIPLOMATIQUE POUR L&#8217;ADOPTION DES PROJETS DE CONVENTIONS D&#8217;UNIDROIT SUR L&#8217;AFFACTURAGE INTERNATIONAL ET SUR LE CREDIT-BAIL INTERNATIONAL, OTTAWA, 9 &#8211; 18 MAI 1988 &#8221; font_container=&#8221;tag:h4|text_align:left&#8221; use_theme_fonts=&#8221;yes&#8221;][\/vc_column][\/vc_row][vc_row css=&#8221;.vc_custom_1622455036974{background-color: #f2f2f2 !important;}&#8221;][vc_column&nbsp;<a href=\"https:\/\/www.unidroit.org\/fr\/instruments\/affacturage\/convention\/order-form\/\">&hellip;<\/a><\/p>\n","protected":false},"author":20,"featured_media":0,"parent":5488,"menu_order":0,"comment_status":"closed","ping_status":"closed","template":"","meta":{"ep_exclude_from_search":false,"footnotes":""},"class_list":["post-5506","page","type-page","status-publish","format-standard","hentry","odd"],"_links":{"self":[{"href":"https:\/\/www.unidroit.org\/fr\/wp-json\/wp\/v2\/pages\/5506","targetHints":{"allow":["GET"]}}],"collection":[{"href":"https:\/\/www.unidroit.org\/fr\/wp-json\/wp\/v2\/pages"}],"about":[{"href":"https:\/\/www.unidroit.org\/fr\/wp-json\/wp\/v2\/types\/page"}],"author":[{"embeddable":true,"href":"https:\/\/www.unidroit.org\/fr\/wp-json\/wp\/v2\/users\/20"}],"replies":[{"embeddable":true,"href":"https:\/\/www.unidroit.org\/fr\/wp-json\/wp\/v2\/comments?post=5506"}],"version-history":[{"count":0,"href":"https:\/\/www.unidroit.org\/fr\/wp-json\/wp\/v2\/pages\/5506\/revisions"}],"up":[{"embeddable":true,"href":"https:\/\/www.unidroit.org\/fr\/wp-json\/wp\/v2\/pages\/5488"}],"wp:attachment":[{"href":"https:\/\/www.unidroit.org\/fr\/wp-json\/wp\/v2\/media?parent=5506"}],"curies":[{"name":"wp","href":"https:\/\/api.w.org\/{rel}","templated":true}]}}