{"id":5509,"date":"2021-08-09T18:23:14","date_gmt":"2021-08-09T18:23:14","guid":{"rendered":"https:\/\/www.unidroit.org\/?page_id=5509"},"modified":"2021-08-09T18:23:18","modified_gmt":"2021-08-09T18:23:18","slug":"textes-de-la-cnudci-de-la-conference-de-la-haye-et-dunidroit-sur-les-suretes","status":"publish","type":"page","link":"https:\/\/www.unidroit.org\/fr\/textes-de-la-cnudci-de-la-conference-de-la-haye-et-dunidroit-sur-les-suretes\/","title":{"rendered":"Textes de la CNUDCI, de la Conf\u00e9rence de La Haye et d&#8217;UNIDROIT sur les s\u00fbret\u00e9s"},"content":{"rendered":"<div class=\"wpb-content-wrapper\"><p>[vc_row][vc_column css=&#8221;.vc_custom_1490017614850{margin-bottom: 30px !important;}&#8221;][vc_custom_heading text=&#8221;CNUDCI&#8221; font_container=&#8221;tag:h1|text_align:left&#8221; use_theme_fonts=&#8221;yes&#8221; css=&#8221;.vc_custom_1628533424990{margin-top: 0px !important;margin-bottom: 20px !important;}&#8221;][vc_custom_heading text=&#8221;TEXTES DE LA CNUDCI, DE LA CONFERENCE DE LA HAYE ET D&#8217;UNIDROIT SUR LES SURETES<br \/>\n&#8221; font_container=&#8221;tag:h4|text_align:left&#8221; use_theme_fonts=&#8221;yes&#8221;][\/vc_column][\/vc_row][vc_row css=&#8221;.vc_custom_1622455036974{background-color: #f2f2f2 !important;}&#8221;][vc_column css=&#8221;.vc_custom_1490017614850{margin-bottom: 30px !important;}&#8221;][vc_column_text]<strong>\u00a0Textes de la CNUDCI, de la Conf\u00e9rence de La Haye et d&#8217;UNIDROIT sur les s\u00fbret\u00e9s<\/strong><\/p>\n<p><strong>\u00a0<\/strong><\/p>\n<p>Comparaison et analyse des principaux \u00e9l\u00e9ments des instruments internationaux relatifs aux op\u00e9rations garanties<\/p>\n<p>&nbsp;<\/p>\n<p>Pour aider les responsables politiques et les l\u00e9gislateurs, la\u00a0CNUDCI, la\u00a0Conf\u00e9rence de La Haye, et UNIDROIT ont \u00e9tabli le pr\u00e9sent document afin:<\/p>\n<p>&nbsp;<\/p>\n<p>a) de r\u00e9sumer la port\u00e9e et l&#8217;application des instruments relatifs aux op\u00e9rations garanties et aux op\u00e9rations de financement semblabes<\/p>\n<p>&nbsp;<\/p>\n<p>b) de montrer comment ils s&#8217;articulent les uns avec les autres; et<\/p>\n<p>&nbsp;<\/p>\n<p>c) de comparer leur champ d&#8217;application et leur th\u00e8mes de base.<\/p>\n<p>&nbsp;<\/p>\n<p>Le pr\u00e9sent document n&#8217;entend pas offrir une analyse d\u00e9taill\u00e9e de chacun de ces intruments.<\/p>\n<p>&nbsp;<\/p>\n<p><a href=\"https:\/\/www.unidroit.org\/english\/publications\/joint\/securityinterests-e.pdf\">anglais<\/a>,\u00a0<a href=\"https:\/\/www.unidroit.org\/arabic\/publications\/joint\/securityinterests-a.pdf\">arabe<\/a>,\u00a0<a href=\"https:\/\/www.unidroit.org\/chinese\/publications\/joint\/securityinterests-c.pdf\">chinois<\/a>,\u00a0<a href=\"https:\/\/www.unidroit.org\/spanish\/publications\/joint\/securityinterests-s.pdf\">espagnol<\/a>,\u00a0<a href=\"https:\/\/www.unidroit.org\/french\/publications\/joint\/securityinterests-f.pdf\">fran\u00e7ais<\/a>,\u00a0<a href=\"https:\/\/www.unidroit.org\/russian\/publications\/joint\/securityinterests-r.pdf\">russe<\/a>.[\/vc_column_text][\/vc_column][\/vc_row][vc_row][vc_column][vc_empty_space height=&#8221;10px&#8221;][\/vc_column][\/vc_row]<\/p>\n<\/div>","protected":false},"excerpt":{"rendered":"<p>[vc_row][vc_column css=&#8221;.vc_custom_1490017614850{margin-bottom: 30px !important;}&#8221;][vc_custom_heading text=&#8221;CNUDCI&#8221; font_container=&#8221;tag:h1|text_align:left&#8221; use_theme_fonts=&#8221;yes&#8221; css=&#8221;.vc_custom_1628533424990{margin-top: 0px !important;margin-bottom: 20px !important;}&#8221;][vc_custom_heading text=&#8221;TEXTES DE LA CNUDCI, DE LA CONFERENCE DE LA HAYE ET D&#8217;UNIDROIT SUR LES SURETES &#8221; font_container=&#8221;tag:h4|text_align:left&#8221; use_theme_fonts=&#8221;yes&#8221;][\/vc_column][\/vc_row][vc_row css=&#8221;.vc_custom_1622455036974{background-color: #f2f2f2 !important;}&#8221;][vc_column css=&#8221;.vc_custom_1490017614850{margin-bottom: 30px !important;}&#8221;][vc_column_text]\u00a0Textes de la CNUDCI, de la Conf\u00e9rence de La Haye&nbsp;<a href=\"https:\/\/www.unidroit.org\/fr\/textes-de-la-cnudci-de-la-conference-de-la-haye-et-dunidroit-sur-les-suretes\/\">&hellip;<\/a><\/p>\n","protected":false},"author":20,"featured_media":0,"parent":0,"menu_order":0,"comment_status":"closed","ping_status":"closed","template":"","meta":{"ep_exclude_from_search":false,"footnotes":""},"class_list":["post-5509","page","type-page","status-publish","format-standard","hentry","odd"],"_links":{"self":[{"href":"https:\/\/www.unidroit.org\/fr\/wp-json\/wp\/v2\/pages\/5509","targetHints":{"allow":["GET"]}}],"collection":[{"href":"https:\/\/www.unidroit.org\/fr\/wp-json\/wp\/v2\/pages"}],"about":[{"href":"https:\/\/www.unidroit.org\/fr\/wp-json\/wp\/v2\/types\/page"}],"author":[{"embeddable":true,"href":"https:\/\/www.unidroit.org\/fr\/wp-json\/wp\/v2\/users\/20"}],"replies":[{"embeddable":true,"href":"https:\/\/www.unidroit.org\/fr\/wp-json\/wp\/v2\/comments?post=5509"}],"version-history":[{"count":0,"href":"https:\/\/www.unidroit.org\/fr\/wp-json\/wp\/v2\/pages\/5509\/revisions"}],"wp:attachment":[{"href":"https:\/\/www.unidroit.org\/fr\/wp-json\/wp\/v2\/media?parent=5509"}],"curies":[{"name":"wp","href":"https:\/\/api.w.org\/{rel}","templated":true}]}}