{"id":5515,"date":"2021-08-09T18:35:24","date_gmt":"2021-08-09T18:35:24","guid":{"rendered":"https:\/\/www.unidroit.org\/?page_id=5515"},"modified":"2021-08-09T18:35:29","modified_gmt":"2021-08-09T18:35:29","slug":"projets-et-activites","status":"publish","type":"page","link":"https:\/\/www.unidroit.org\/fr\/instruments\/agriculture-contractuelle\/projets-et-activites\/","title":{"rendered":"Projets et activit\u00e9s"},"content":{"rendered":"<div class=\"wpb-content-wrapper\"><p>[vc_row][vc_column css=&#8221;.vc_custom_1490017614850{margin-bottom: 30px !important;}&#8221;][vc_custom_heading text=&#8221;PROJETS ET ACTIVITES&#8221; font_container=&#8221;tag:h1|text_align:left&#8221; use_theme_fonts=&#8221;yes&#8221; css=&#8221;.vc_custom_1628534159075{margin-top: 0px !important;margin-bottom: 20px !important;}&#8221;][vc_custom_heading text=&#8221;COP\/LACF &#8211; PROJETS ET ACTIVITES<br \/>\n&#8221; font_container=&#8221;tag:h4|text_align:left&#8221; use_theme_fonts=&#8221;yes&#8221;][\/vc_column][\/vc_row][vc_row css=&#8221;.vc_custom_1622455036974{background-color: #f2f2f2 !important;}&#8221;][vc_column css=&#8221;.vc_custom_1490017614850{margin-bottom: 30px !important;}&#8221;][vc_column_text]<\/p>\n<ul>\n<li><strong>PROJETS ET ACTIVITES<\/strong>&nbsp;\n<p>Les institutions et les personnes int\u00e9ress\u00e9s sont invit\u00e9es \u00e0 nous informer des projets et activit\u00e9s en relation avec le Guide juridique sur l&#8217;agriculture contractuelle UNIDROIT\/FAO\/FIDA (r\u00e9daction de textes l\u00e9gislatifs ou r\u00e9glementaires, s\u00e9minaires, cours, projets de recherche, traductions, etc.) ou des sujets connexes (aspects juridiques des contrats de production et de commercialisation).<\/p>\n<p>&nbsp;<\/p>\n<p>En janvier 2018, les projets et les activit\u00e9s mis en \u0153uvre par des organisations internationales ou des institutions nationales se rapportant au Guide juridique sur l\u2019agriculture contractuelle UNIDROIT\/FAO\/FIDA sont les suivants<\/p>\n<p>&nbsp;<\/p>\n<ul>\n<li><a href=\"https:\/\/www.unidroit.org\/english\/documents\/2018\/study80b\/activities\/180328-fao-project-upd.pdf\">FAO \u2013 Mise en \u0153uvre du Guide juridique sur l\u2019agriculture contractuelle<\/a><\/li>\n<li>IIDD \u2013 Elaboration de contrats types pour l\u2019agriculture contractuelle<\/li>\n<li><a href=\"https:\/\/www.unidroit.org\/english\/documents\/2018\/study80b\/activities\/180228-argentina-proyecto.pdf\">Argentine &#8211; Marco juridico para la agricultura familiar en el desarrollo sostenible del medio rural<\/a><\/li>\n<li><a href=\"https:\/\/www.unidroit.org\/english\/documents\/2018\/study80b\/activities\/180301-brazil-preparation.pdf\">Br\u00e9sil \u2013 Traduction en portugais du Guide juridique sur l\u2019agriculture contractuelle UNIDROIT\/FAO\/FIDA<\/a><\/li>\n<li><a href=\"https:\/\/www.unidroit.org\/english\/documents\/2018\/study80b\/activities\/180301-chile-strengthening.pdf\">Chili \u2013 Renforcer le cadre juridique des contrats agricoles au Chili et en Am\u00e9rique latine<\/a><\/li>\n<li><a href=\"https:\/\/www.unidroit.org\/english\/documents\/2018\/study80b\/activities\/180301-china-preparation.pdf\">Chine (RP) \u2013 Traduction en chinois du Guide juridique sur l\u2019agriculture contractuelle UNIDROIT\/FAO\/FIDAChine (RP) \u2013 Traduction en chinois du Guide juridique sur l\u2019agriculture contractuelle UNIDROIT\/FAO\/FIDA<\/a><\/li>\n<\/ul>\n<p>&nbsp;<\/li>\n<\/ul>\n<p>[\/vc_column_text][\/vc_column][\/vc_row]<\/p>\n<\/div>","protected":false},"excerpt":{"rendered":"<p>[vc_row][vc_column css=&#8221;.vc_custom_1490017614850{margin-bottom: 30px !important;}&#8221;][vc_custom_heading text=&#8221;PROJETS ET ACTIVITES&#8221; font_container=&#8221;tag:h1|text_align:left&#8221; use_theme_fonts=&#8221;yes&#8221; css=&#8221;.vc_custom_1628534159075{margin-top: 0px !important;margin-bottom: 20px !important;}&#8221;][vc_custom_heading text=&#8221;COP\/LACF &#8211; PROJETS ET ACTIVITES &#8221; font_container=&#8221;tag:h4|text_align:left&#8221; use_theme_fonts=&#8221;yes&#8221;][\/vc_column][\/vc_row][vc_row css=&#8221;.vc_custom_1622455036974{background-color: #f2f2f2 !important;}&#8221;][vc_column css=&#8221;.vc_custom_1490017614850{margin-bottom: 30px !important;}&#8221;][vc_column_text] PROJETS ET ACTIVITES&nbsp; Les institutions et les personnes int\u00e9ress\u00e9s sont invit\u00e9es \u00e0 nous informer des projets et&nbsp;<a href=\"https:\/\/www.unidroit.org\/fr\/instruments\/agriculture-contractuelle\/projets-et-activites\/\">&hellip;<\/a><\/p>\n","protected":false},"author":20,"featured_media":0,"parent":5192,"menu_order":0,"comment_status":"closed","ping_status":"closed","template":"","meta":{"ep_exclude_from_search":false,"footnotes":""},"class_list":["post-5515","page","type-page","status-publish","format-standard","hentry","odd"],"_links":{"self":[{"href":"https:\/\/www.unidroit.org\/fr\/wp-json\/wp\/v2\/pages\/5515","targetHints":{"allow":["GET"]}}],"collection":[{"href":"https:\/\/www.unidroit.org\/fr\/wp-json\/wp\/v2\/pages"}],"about":[{"href":"https:\/\/www.unidroit.org\/fr\/wp-json\/wp\/v2\/types\/page"}],"author":[{"embeddable":true,"href":"https:\/\/www.unidroit.org\/fr\/wp-json\/wp\/v2\/users\/20"}],"replies":[{"embeddable":true,"href":"https:\/\/www.unidroit.org\/fr\/wp-json\/wp\/v2\/comments?post=5515"}],"version-history":[{"count":0,"href":"https:\/\/www.unidroit.org\/fr\/wp-json\/wp\/v2\/pages\/5515\/revisions"}],"up":[{"embeddable":true,"href":"https:\/\/www.unidroit.org\/fr\/wp-json\/wp\/v2\/pages\/5192"}],"wp:attachment":[{"href":"https:\/\/www.unidroit.org\/fr\/wp-json\/wp\/v2\/media?parent=5515"}],"curies":[{"name":"wp","href":"https:\/\/api.w.org\/{rel}","templated":true}]}}