{"id":5540,"date":"2021-08-09T19:10:24","date_gmt":"2021-08-09T19:10:24","guid":{"rendered":"https:\/\/www.unidroit.org\/?page_id=5540"},"modified":"2025-06-05T15:03:43","modified_gmt":"2025-06-05T13:03:43","slug":"marches-financiers","status":"publish","type":"page","link":"https:\/\/www.unidroit.org\/fr\/instruments\/marches-financiers\/","title":{"rendered":"March\u00e9s financiers"},"content":{"rendered":"<div class=\"wpb-content-wrapper\"><p>[vc_row][vc_column css=&#8221;.vc_custom_1490017614850{margin-bottom: 30px !important;}&#8221;][vc_custom_heading text=&#8221;MARCH\u00c9S DE CAPITAUX &amp; DROIT FINANCIER&#8221; font_container=&#8221;tag:h1|text_align:left&#8221; use_theme_fonts=&#8221;yes&#8221; css=&#8221;.vc_custom_1749128200881{margin-top: 0px !important;margin-bottom: 20px !important;}&#8221;][vc_custom_heading text=&#8221;&#8221; font_container=&#8221;tag:h4|text_align:left&#8221; use_theme_fonts=&#8221;yes&#8221;][\/vc_column][\/vc_row][vc_row css=&#8221;.vc_custom_1622455036974{background-color: #f2f2f2 !important;}&#8221;][vc_column width=&#8221;1\/3&#8243; css=&#8221;.vc_custom_1490017614850{margin-bottom: 30px !important;}&#8221;][vc_btn title=&#8221;Convention de Gen\u00e8ve sur les titres interm\u00e9di\u00e9s (2009)&#8221; style=&#8221;custom&#8221; custom_background=&#8221;#004054&#8243; custom_text=&#8221;#ffffff&#8221; shape=&#8221;square&#8221; align=&#8221;center&#8221; css=&#8221;&#8221; link=&#8221;url:%2Ffr%2Finstruments%2Fmarches-financiers%2Fconvention-de-geneve%2F|title:Convention%20de%20Gen%C3%A8ve&#8221;][\/vc_column][vc_column width=&#8221;1\/3&#8243;][vc_btn title=&#8221;Guide l\u00e9gislatif sur les titres interm\u00e9di\u00e9s (2017)&#8221; style=&#8221;custom&#8221; custom_background=&#8221;#004054&#8243; custom_text=&#8221;#ffffff&#8221; shape=&#8221;square&#8221; align=&#8221;center&#8221; css=&#8221;&#8221; link=&#8221;url:%2Ffr%2Finstruments%2Fmarches-financiers%2Fguide-legislatif%2F|title:Guide%20l%C3%A9gislatif&#8221;][\/vc_column][vc_column width=&#8221;1\/3&#8243;][vc_btn title=&#8221;Principes concernant l\u2019applicabilit\u00e9 des clauses de r\u00e9siliation-compensation (2013)&#8221; style=&#8221;custom&#8221; custom_background=&#8221;#004054&#8243; custom_text=&#8221;#ffffff&#8221; shape=&#8221;square&#8221; align=&#8221;center&#8221; css=&#8221;&#8221; link=&#8221;url:%2Ffr%2Finstruments%2Fmarches-financiers%2Fresiliation-compensation%2F|title:R%C3%A9siliation-compensation&#8221;][\/vc_column][\/vc_row][vc_row][vc_column][vc_empty_space height=&#8221;10px&#8221;][\/vc_column][\/vc_row]<\/p>\n<\/div>","protected":false},"excerpt":{"rendered":"<p>[vc_row][vc_column css=&#8221;.vc_custom_1490017614850{margin-bottom: 30px !important;}&#8221;][vc_custom_heading text=&#8221;MARCH\u00c9S DE CAPITAUX &amp; DROIT FINANCIER&#8221; font_container=&#8221;tag:h1|text_align:left&#8221; use_theme_fonts=&#8221;yes&#8221; css=&#8221;.vc_custom_1749128200881{margin-top: 0px !important;margin-bottom: 20px !important;}&#8221;][vc_custom_heading text=&#8221;&#8221; font_container=&#8221;tag:h4|text_align:left&#8221; use_theme_fonts=&#8221;yes&#8221;][\/vc_column][\/vc_row][vc_row css=&#8221;.vc_custom_1622455036974{background-color: #f2f2f2 !important;}&#8221;][vc_column width=&#8221;1\/3&#8243; css=&#8221;.vc_custom_1490017614850{margin-bottom: 30px !important;}&#8221;][vc_btn title=&#8221;Convention de Gen\u00e8ve sur les titres interm\u00e9di\u00e9s (2009)&#8221; style=&#8221;custom&#8221; custom_background=&#8221;#004054&#8243; custom_text=&#8221;#ffffff&#8221; shape=&#8221;square&#8221; align=&#8221;center&#8221; css=&#8221;&#8221; link=&#8221;url:%2Ffr%2Finstruments%2Fmarches-financiers%2Fconvention-de-geneve%2F|title:Convention%20de%20Gen%C3%A8ve&#8221;][\/vc_column][vc_column width=&#8221;1\/3&#8243;][vc_btn title=&#8221;Guide l\u00e9gislatif&nbsp;<a href=\"https:\/\/www.unidroit.org\/fr\/instruments\/marches-financiers\/\">&hellip;<\/a><\/p>\n","protected":false},"author":20,"featured_media":0,"parent":5319,"menu_order":0,"comment_status":"closed","ping_status":"closed","template":"","meta":{"ep_exclude_from_search":false,"footnotes":""},"class_list":["post-5540","page","type-page","status-publish","format-standard","hentry","odd"],"_links":{"self":[{"href":"https:\/\/www.unidroit.org\/fr\/wp-json\/wp\/v2\/pages\/5540","targetHints":{"allow":["GET"]}}],"collection":[{"href":"https:\/\/www.unidroit.org\/fr\/wp-json\/wp\/v2\/pages"}],"about":[{"href":"https:\/\/www.unidroit.org\/fr\/wp-json\/wp\/v2\/types\/page"}],"author":[{"embeddable":true,"href":"https:\/\/www.unidroit.org\/fr\/wp-json\/wp\/v2\/users\/20"}],"replies":[{"embeddable":true,"href":"https:\/\/www.unidroit.org\/fr\/wp-json\/wp\/v2\/comments?post=5540"}],"version-history":[{"count":2,"href":"https:\/\/www.unidroit.org\/fr\/wp-json\/wp\/v2\/pages\/5540\/revisions"}],"predecessor-version":[{"id":34053,"href":"https:\/\/www.unidroit.org\/fr\/wp-json\/wp\/v2\/pages\/5540\/revisions\/34053"}],"up":[{"embeddable":true,"href":"https:\/\/www.unidroit.org\/fr\/wp-json\/wp\/v2\/pages\/5319"}],"wp:attachment":[{"href":"https:\/\/www.unidroit.org\/fr\/wp-json\/wp\/v2\/media?parent=5540"}],"curies":[{"name":"wp","href":"https:\/\/api.w.org\/{rel}","templated":true}]}}