{"id":5620,"date":"2021-08-10T17:12:36","date_gmt":"2021-08-10T17:12:36","guid":{"rendered":"https:\/\/www.unidroit.org\/?page_id=5620"},"modified":"2021-08-10T17:12:40","modified_gmt":"2021-08-10T17:12:40","slug":"suivi","status":"publish","type":"page","link":"https:\/\/www.unidroit.org\/fr\/instruments\/biens-culturels\/convention-de-1995\/suivi\/","title":{"rendered":"Suivi"},"content":{"rendered":"<div class=\"wpb-content-wrapper\"><p>[vc_row][vc_column css=&#8221;.vc_custom_1490017614850{margin-bottom: 30px !important;}&#8221;][vc_custom_heading text=&#8221;SUIVI&#8221; font_container=&#8221;tag:h1|text_align:left&#8221; use_theme_fonts=&#8221;yes&#8221; css=&#8221;.vc_custom_1628615599889{margin-top: 0px !important;margin-bottom: 20px !important;}&#8221;][vc_custom_heading text=&#8221;SUIVI&#8221; font_container=&#8221;tag:h4|text_align:left&#8221; use_theme_fonts=&#8221;yes&#8221;][\/vc_column][\/vc_row][vc_row css=&#8221;.vc_custom_1622455036974{background-color: #f2f2f2 !important;}&#8221;][vc_column css=&#8221;.vc_custom_1490017614850{margin-bottom: 30px !important;}&#8221;][vc_column_text]<strong>Premi\u00e8re r\u00e9union sur le fonctionnement pratique de la Convention d\u2019UNIDROIT de<\/strong><br \/>\n<strong>1995 sur les biens culturels vol\u00e9s ou illicitement export\u00e9s<\/strong><\/p>\n<p><strong>\u00a0<\/strong><\/p>\n<p><strong>Paris, si\u00e8ge de l\u2019UNESCO, 19 juin 2012<br \/>\n<\/strong><\/p>\n<p>&nbsp;<\/p>\n<p>Convoqu\u00e9e par le Pr\u00e9sident d\u2019UNIDROIT, conform\u00e9ment \u00e0 l\u2019article 20 de la Convention, la r\u00e9union s\u2019est tenue au si\u00e8ge de l\u2019UNESCO \u00e0 Paris le mardi 19 juin 2012, \u00e0 la veille de la\u00a0<a href=\"http:\/\/www.unesco.org\/new\/fr\/culture\/themes\/illicit-trafficking-of-cultural-property\/meeting-of-states-parties\/2nd-msp-2012\/?q=en%2Fculture%2Fthemes%2Fillicit-trafficking-of-cultural-property%2Fmeeting-of-states-parties%2F2nd-msp-2012%2F\" target=\"_blank\" rel=\"noopener\">r\u00e9union des Etats Parties \u00e0 la Convention UNESCO de 1970<\/a>\u00a0concernant les mesures \u00e0 prendre pour interdire et emp\u00eacher l\u2019importation, l\u2019exportation et le transfert illicites des biens culturels (20-21 juin 2012), pour bien marquer la compl\u00e9mentarit\u00e9 des deux instruments, et de la 18\u00e8me session du\u00a0<a href=\"http:\/\/portal.unesco.org\/culture\/fr\/ev.php-URL_ID=35283&amp;URL_DO=DO_TOPIC&amp;URL_SECTION=201.html\" target=\"_blank\" rel=\"noopener\">Comit\u00e9 intergouvernemental<\/a>\u00a0de l\u2019UNESCO pour la promotion du retour de biens culturels \u00e0 leur pays d\u2019origine ou de leur restitution en cas d\u2019appropriation (22 juin 2012).<\/p>\n<p>&nbsp;<\/p>\n<p>&nbsp;<\/p>\n<p>La r\u00e9union a \u00e9t\u00e9 l\u2019occasion d\u2019expliquer quels sont les m\u00e9canismes de revendication internationale des biens culturels en dehors des instruments internationaux pour ensuite mieux comprendre l\u2019apport des m\u00e9canismes conventionnels de 1995 tout comme l\u2019influence de la Convention de 1995 au-del\u00e0 du nombre d\u2019Etats parties. Ce fut \u00e9galement et surtout une opportunit\u00e9 pour les Etats de s\u2019exprimer pour \u00e9changer sur leurs exp\u00e9riences, de comparer les pratiques et de discuter des \u00e9ventuelles difficult\u00e9s que soul\u00e8vent la mise en oeuvre de la Convention. Des experts internationaux de premier plan ont accompagn\u00e9 les Etats Parties et non Parties \u00e0 la Convention dans leurs r\u00e9flexions.<\/p>\n<p>&nbsp;<\/p>\n<ul>\n<li>Participants \u2013 les Etats Parties \u00e0 la Convention de 1995, ainsi que les Etats signataires, tous les autres Etats membres d\u2019UNIDROIT et de l\u2019UNESCO, non Parties \u00e0 la Convention de 1995, ainsi que des organisations internationales.<\/li>\n<li><a href=\"https:\/\/www.unidroit.org\/french\/conventions\/1995culturalproperty\/1meet-120619\/progr-f.pdf\">Programme et pr\u00e9sentations<\/a><\/li>\n<li><a href=\"https:\/\/www.unidroit.org\/french\/conventions\/1995culturalproperty\/1meet-120619\/list-speakers-f.pdf\">Liste des orateurs et intervenants<\/a><\/li>\n<li><a href=\"https:\/\/www.unidroit.org\/french\/conventions\/1995culturalproperty\/1meet-120619\/dc8-cs01-03-f.pdf\">Document d&#8217;information du Secr\u00e9tariat<\/a><\/li>\n<li><a href=\"https:\/\/www.unidroit.org\/french\/conventions\/1995culturalproperty\/1meet-120619\/quest-f.pdf\">Questionnaire sur le fonctionnement pratique de la Convention<\/a><\/li>\n<li><a href=\"https:\/\/www.unidroit.org\/english\/conventions\/1995culturalproperty\/1meet-120619\/list-answquest-ef.pdf\">R\u00e9ponses des Etats au questionnaire<\/a><\/li>\n<\/ul>\n<p>&nbsp;<\/p>\n<p>Quelques articles sur la Convention de 1995 publi\u00e9s dans la Uniform Law Review \/ Revue de droit uniforme<\/p>\n<p>&nbsp;<\/p>\n<ul>\n<li><a href=\"https:\/\/www.unidroit.org\/english\/conventions\/1995culturalproperty\/articles\/s70-prott-1996-e.pdf\">UNESCO and UNIDROIT: a Partnership against Trafficking in Cultural Objects<\/a>\u00a0\u2013 Lyndel V. Prott (Uniform Law Review\/Revue de droit uniforme)<\/li>\n<li><a href=\"https:\/\/www.unidroit.org\/french\/conventions\/1995culturalproperty\/articles\/s70-lalive-1996-f.pdf\">Une avanc\u00e9e du droit international: la Convention de Rome d\u2019Unidroit sur les biens culturels vol\u00e9s ou illicitement export\u00e9s<\/a>\u00a0\u2013 Pierre Lalive d\u2019Epinay (Uniform Law Review\/Revue de droit uniforme)<\/li>\n<li><a href=\"https:\/\/www.unidroit.org\/english\/conventions\/1995culturalproperty\/articles\/s70-prott-2009-e.pdf\">The UNIDROIT Convention on Stolen or Illegally Exported Cultural Objects \u2013 Ten Years On<\/a>\u00a0&#8211; Lyndel V. Prott (Uniform Law Review\/Revue de droit uniforme)<\/li>\n<\/ul>\n<p>&nbsp;<\/p>\n<p>&nbsp;<\/p>\n<p>Contact:<br \/>\nMme Marina Schneider<br \/>\nFonctionnaire Principale &amp; D\u00e9positaire des trait\u00e9s<br \/>\nT\u00e9l. +39 06 69 62 142<br \/>\nEmail:\u00a0<span id=\"cloake230f49bd91ec1f547d2b8ca5b198916\"><a href=\"mailto:m.schneider@unidroit.org\">m.schneider@unidroit.org<\/a><\/span>[\/vc_column_text][\/vc_column][\/vc_row][vc_row][vc_column][vc_empty_space height=&#8221;10px&#8221;][\/vc_column][\/vc_row]<\/p>\n<\/div>","protected":false},"excerpt":{"rendered":"<p>[vc_row][vc_column css=&#8221;.vc_custom_1490017614850{margin-bottom: 30px !important;}&#8221;][vc_custom_heading text=&#8221;SUIVI&#8221; font_container=&#8221;tag:h1|text_align:left&#8221; use_theme_fonts=&#8221;yes&#8221; css=&#8221;.vc_custom_1628615599889{margin-top: 0px !important;margin-bottom: 20px !important;}&#8221;][vc_custom_heading text=&#8221;SUIVI&#8221; font_container=&#8221;tag:h4|text_align:left&#8221; use_theme_fonts=&#8221;yes&#8221;][\/vc_column][\/vc_row][vc_row css=&#8221;.vc_custom_1622455036974{background-color: #f2f2f2 !important;}&#8221;][vc_column css=&#8221;.vc_custom_1490017614850{margin-bottom: 30px !important;}&#8221;][vc_column_text]Premi\u00e8re r\u00e9union sur le fonctionnement pratique de la Convention d\u2019UNIDROIT de 1995 sur les biens culturels vol\u00e9s ou illicitement export\u00e9s \u00a0 Paris, si\u00e8ge de l\u2019UNESCO,&nbsp;<a href=\"https:\/\/www.unidroit.org\/fr\/instruments\/biens-culturels\/convention-de-1995\/suivi\/\">&hellip;<\/a><\/p>\n","protected":false},"author":20,"featured_media":0,"parent":5603,"menu_order":0,"comment_status":"closed","ping_status":"closed","template":"","meta":{"ep_exclude_from_search":false,"footnotes":""},"class_list":["post-5620","page","type-page","status-publish","format-standard","hentry","odd"],"_links":{"self":[{"href":"https:\/\/www.unidroit.org\/fr\/wp-json\/wp\/v2\/pages\/5620","targetHints":{"allow":["GET"]}}],"collection":[{"href":"https:\/\/www.unidroit.org\/fr\/wp-json\/wp\/v2\/pages"}],"about":[{"href":"https:\/\/www.unidroit.org\/fr\/wp-json\/wp\/v2\/types\/page"}],"author":[{"embeddable":true,"href":"https:\/\/www.unidroit.org\/fr\/wp-json\/wp\/v2\/users\/20"}],"replies":[{"embeddable":true,"href":"https:\/\/www.unidroit.org\/fr\/wp-json\/wp\/v2\/comments?post=5620"}],"version-history":[{"count":0,"href":"https:\/\/www.unidroit.org\/fr\/wp-json\/wp\/v2\/pages\/5620\/revisions"}],"up":[{"embeddable":true,"href":"https:\/\/www.unidroit.org\/fr\/wp-json\/wp\/v2\/pages\/5603"}],"wp:attachment":[{"href":"https:\/\/www.unidroit.org\/fr\/wp-json\/wp\/v2\/media?parent=5620"}],"curies":[{"name":"wp","href":"https:\/\/api.w.org\/{rel}","templated":true}]}}