{"id":5635,"date":"2021-08-10T17:26:40","date_gmt":"2021-08-10T17:26:40","guid":{"rendered":"https:\/\/www.unidroit.org\/?page_id=5635"},"modified":"2021-08-10T17:26:45","modified_gmt":"2021-08-10T17:26:45","slug":"cette-annee","status":"publish","type":"page","link":"https:\/\/www.unidroit.org\/fr\/instruments\/biens-culturels\/convention-de-1995\/cette-annee\/","title":{"rendered":"Cette ann\u00e9e"},"content":{"rendered":"<div class=\"wpb-content-wrapper\"><p>[vc_row][vc_column css=&#8221;.vc_custom_1490017614850{margin-bottom: 30px !important;}&#8221;][vc_custom_heading text=&#8221;CETTE ANNEE&#8221; font_container=&#8221;tag:h1|text_align:left&#8221; use_theme_fonts=&#8221;yes&#8221; css=&#8221;.vc_custom_1628616430783{margin-top: 0px !important;margin-bottom: 20px !important;}&#8221;][vc_custom_heading text=&#8221;BIENS CULTURELS &#8211; CONVENTION DE 1995 &#8211; CONFERENCES ET SEMINAIRES &#8211; CETTE ANNEE<br \/>\n&#8221; font_container=&#8221;tag:h4|text_align:left&#8221; use_theme_fonts=&#8221;yes&#8221;][\/vc_column][\/vc_row][vc_row css=&#8221;.vc_custom_1622455036974{background-color: #f2f2f2 !important;}&#8221;][vc_column css=&#8221;.vc_custom_1490017614850{margin-bottom: 30px !important;}&#8221;][vc_column_text]<\/p>\n<h2 class=\"art-postheader\">CONFERENCE ANNUELLE DE L\u2019ARCA<\/h2>\n<p>&nbsp;<\/p>\n<table>\n<tbody>\n<tr>\n<td><img loading=\"lazy\" decoding=\"async\" src=\"https:\/\/www.unidroit.org\/english\/news\/2018\/180623-arca-annual-conf-amelia\/pict01.jpg\" alt=\"pict01\" width=\"248\" height=\"155\" \/><\/td>\n<td><\/td>\n<td><img loading=\"lazy\" decoding=\"async\" src=\"https:\/\/www.unidroit.org\/english\/news\/2018\/180623-arca-annual-conf-amelia\/pict02.jpg\" alt=\"pict02\" width=\"281\" height=\"155\" \/><\/td>\n<\/tr>\n<\/tbody>\n<\/table>\n<p>Mme Marina Schneider, Juriste principale d&#8217;UNIDROIT, a pr\u00e9sent\u00e9 la Convention d&#8217;UNIDROIT de 1995 et le concept d&#8217;unification du droit priv\u00e9 \u00e0 la Conf\u00e9rence annuelle interdisciplinaire sur le crime culturel de l&#8217;ARCA, tenue \u00e0 Amelia (IT), les 23 et 24 juin.<\/p>\n<p>&nbsp;<\/p>\n<p>&#8211; &gt;\u00a0<a href=\"http:\/\/www.artcrimeresearch.org\/the-amelia-conference-an-interdisciplinary-art-crime-conference\/\" target=\"_blank\" rel=\"noopener\">Plus d\u2019information<\/a><\/p>\n<p>&nbsp;<\/p>\n<p>&nbsp;<\/p>\n<p>&nbsp;<\/p>\n<p>&nbsp;<\/p>\n<p>&nbsp;<\/p>\n<p>&nbsp;<\/p>\n<h2 class=\"art-postheader\">ANNEE EUROPEENNE DU PATRIMOINE CULTUREL<\/h2>\n<p>&nbsp;<\/p>\n<p><img loading=\"lazy\" decoding=\"async\" src=\"https:\/\/www.unidroit.org\/english\/news\/2018\/180604-cp-brussels\/pict01.jpg\" alt=\"pict01\" width=\"510\" height=\"200\" \/><\/p>\n<p>Les 4 et 5 juin, UNIDROIT a particip\u00e9 \u00e0 la cinqui\u00e8me r\u00e9union du Comit\u00e9 des parties prenantes de l&#8217;Ann\u00e9e europ\u00e9enne du patrimoine culturel, organis\u00e9e par la Commission europ\u00e9enne \u00e0 Bruxelles. \u00c0 cette occasion, la Commission a interrog\u00e9 les parties prenantes sur les contributions au nouvel agenda europ\u00e9en de la culture.<\/p>\n<p>-&gt;\u00a0<a href=\"https:\/\/europa.eu\/cultural-heritage\/about_fr\" target=\"_blank\" rel=\"noopener\">EYCH<\/a><\/p>\n<p>&nbsp;<\/p>\n<p>&nbsp;<\/p>\n<p>&nbsp;<\/p>\n<p>&nbsp;<\/p>\n<p>&nbsp;<\/p>\n<p>&nbsp;<\/p>\n<h2 class=\"art-postheader\">UE L&#8217;ATELIER SUR LA PROTECTION DU PATRIMOINE CULTUREL IRAQUIEN ET LA LUTTE CONTRE LE TERRORISME<\/h2>\n<p>&nbsp;<\/p>\n<table>\n<tbody>\n<tr>\n<td><img loading=\"lazy\" decoding=\"async\" src=\"https:\/\/www.unidroit.org\/english\/news\/2018\/180530-cp-eu\/pict01.jpg\" alt=\"pict01\" width=\"280\" height=\"114\" \/><\/td>\n<td><\/td>\n<td>\u00a0<img loading=\"lazy\" decoding=\"async\" src=\"https:\/\/www.unidroit.org\/english\/news\/2018\/180530-cp-eu\/pict02.jpg\" alt=\"pict02\" width=\"247\" height=\"114\" \/><\/td>\n<\/tr>\n<\/tbody>\n<\/table>\n<p>Le 30 mai, Mme Marina Schneider, juriste principale d&#8217;UNIDROIT et D\u00e9positaire des Trait\u00e9s, a particip\u00e9 \u00e0 l&#8217;Atelier sur la protection du patrimoine culturel iraquien et la lutte contre le terrorisme organis\u00e9 par l&#8217;Instrument d&#8217;assistance technique et d&#8217;\u00e9change d&#8217;informations de la Commission europ\u00e9enne.<\/p>\n<p>&nbsp;<\/p>\n<p>&nbsp;<\/p>\n<p>&nbsp;<\/p>\n<p>&nbsp;<\/p>\n<p>&nbsp;<\/p>\n<p>&nbsp;<\/p>\n<h2 class=\"art-postheader\">REUNIONS DES COMITES DE L&#8217;UNESCO<\/h2>\n<p>&nbsp;<\/p>\n<p>Entre le 28 et le 31 mai 2018, Mme Marina Schneider, juriste principale d&#8217;UNIDROIT et D\u00e9positaire des Trait\u00e9s, a particip\u00e9 \u00e0 la 6\u00e8me session du Comit\u00e9 subsidiaire de la R\u00e9union des Etats parties \u00e0 la Convention de 1970 et \u00e0 la 21\u00e8me session du Comit\u00e9 intergouvernemental pour la promotion du retour des biens culturels \u00e0 leur pays d&#8217;origine ou de restitution en cas d&#8217;appropriation ill\u00e9gale (ICPRCP), tenues au si\u00e8ge de l&#8217;UNESCO \u00e0 Paris.<\/p>\n<p>&nbsp;<\/p>\n<p>-&gt;\u00a0<a href=\"http:\/\/www.unesco.org\/new\/fr\/culture\/themes\/illicit-trafficking-of-cultural-property\/meeting-of-states-parties\/\" target=\"_blank\" rel=\"noopener\">Comit\u00e9 subsidiaire<\/a><\/p>\n<p>-&gt;\u00a0<a href=\"http:\/\/www.unesco.org\/new\/fr\/culture\/themes\/restitution-of-cultural-property\/sessions\/21st-session-2018\/\" target=\"_blank\" rel=\"noopener\">Comit\u00e9 intergouvernemental<\/a><\/p>\n<p>&nbsp;<\/p>\n<table>\n<tbody>\n<tr>\n<td><img loading=\"lazy\" decoding=\"async\" src=\"https:\/\/www.unidroit.org\/english\/news\/2018\/180528-unesco\/pict01.jpg\" alt=\"pict01\" width=\"222\" height=\"160\" \/><\/td>\n<td><\/td>\n<td>\u00a0<img loading=\"lazy\" decoding=\"async\" src=\"https:\/\/www.unidroit.org\/english\/news\/2018\/180528-unesco\/pict02.jpg\" alt=\"pict02\" width=\"310\" height=\"160\" \/><\/td>\n<\/tr>\n<tr>\n<td><em>Mme Marina Schneider, juriste principale<br \/>\nd&#8217;UNIDROIT et D\u00e9positaire des Trait\u00e9s<\/em><\/td>\n<\/tr>\n<\/tbody>\n<\/table>\n<p>&nbsp;<\/p>\n<p>&nbsp;<\/p>\n<p>&nbsp;<\/p>\n<p>&nbsp;<\/p>\n<h2 class=\"art-postheader\">CONFERENCE SUR LE TRAFIC ILLEGAL DE BIENS CULTURELS<\/h2>\n<p>&nbsp;<\/p>\n<p><img loading=\"lazy\" decoding=\"async\" src=\"https:\/\/www.unidroit.org\/english\/news\/2018\/180523-cp-brussels\/pict01.jpg\" alt=\"pict01\" width=\"520\" height=\"236\" \/><\/p>\n<p>Le 23 mai, Mme Marina Schneider, Juriste Principale et D\u00e9positaire des Trait\u00e9s d&#8217;UNIDROIT, \u00e9tait invit\u00e9e par Mme Sabine Verheyen et M. Arndt Kohn, actuellement membres du Parlement europ\u00e9en, \u00e0 une Conf\u00e9rence sur le trafic ill\u00e9gal de biens culturels, tenue au Parlement europ\u00e9en (Bruxelles). M. Pierre Moscovici, Commissaire europ\u00e9en charg\u00e9 des affaires \u00e9conomiques et financi\u00e8res, de la fiscalit\u00e9 et des douanes, des repr\u00e9sentants de l&#8217;UNESCO, de l&#8217;OMD et du march\u00e9 de l&#8217;art ont \u00e9galement particip\u00e9 au d\u00e9bat.<\/p>\n<p>&nbsp;<\/p>\n<p>\u00c0 cette occasion, la nouvelle proposition de r\u00e8glement sur l&#8217;importation de biens culturels dans l&#8217;Union europ\u00e9enne a \u00e9t\u00e9 \u00e9galement discut\u00e9e.<\/p>\n<p>&nbsp;<\/p>\n<p>-&gt;\u00a0<a href=\"https:\/\/www.unidroit.org\/english\/news\/2018\/180523-cp-brussels\/programme-e.pdf\">Programme<\/a><\/p>\n<p>&nbsp;<\/p>\n<p>&nbsp;<\/p>\n<p>&nbsp;<\/p>\n<p>&nbsp;<\/p>\n<h2 class=\"art-postheader\">PRESERVER LE PATRIMOINE CULTUREL POUR LA PAIX ET LA SECURITE INTERNATIONALE<\/h2>\n<p>&nbsp;<\/p>\n<p>Les 10 et 11 mai 2018, UNIDROIT a particip\u00e9 \u00e0 un atelier de deux jours sur le th\u00e8me \u00abPr\u00e9server le patrimoine culturel pour la paix et la s\u00e9curit\u00e9 internationale\u00bb tenu \u00e0 Rome (Italie) et organis\u00e9 par le Centre italien d&#8217;\u00e9tudes sup\u00e9rieures de d\u00e9fense, le plus haut centre d&#8217;\u00e9tudes dans le domaine de la formation et des \u00e9tudes de s\u00e9curit\u00e9 et de d\u00e9fense.<\/p>\n<p><img loading=\"lazy\" decoding=\"async\" src=\"https:\/\/www.unidroit.org\/english\/news\/2018\/180510-cp-rome\/pict01.jpg\" alt=\"pict01\" width=\"500\" height=\"320\" \/><\/p>\n<p><strong>De gauche \u00e0 droite :<\/strong>\u00a0professeur Samuel Hardy de l&#8217;Universit\u00e9 am\u00e9ricaine de Rome;<br \/>\nprofesseur Manlio Frigo de l&#8217;Universit\u00e9 de Milan; Mme Marina Schneider, Juriste Principale et<br \/>\nD\u00e9positaire des Trait\u00e9s d&#8217;UNIDROIT, et professeur Deborah Scolart de l&#8217;Universit\u00e9 Tor Vergata de Rome.<\/p>\n<p>&nbsp;<\/p>\n<p>&nbsp;<\/p>\n<p>&nbsp;<\/p>\n<p>&nbsp;<\/p>\n<p><img loading=\"lazy\" decoding=\"async\" src=\"https:\/\/www.unidroit.org\/english\/news\/2018\/180504-cp-call-case-comments\/pict01.jpg\" alt=\"pict01\" width=\"500\" height=\"280\" \/><\/p>\n<p>&nbsp;<\/p>\n<p>&nbsp;<\/p>\n<p>&nbsp;<\/p>\n<p>&nbsp;<\/p>\n<h2 class=\"art-postheader\">PROGRAMME DE FORMATION POUR LES SPECIALISTES DANS LA LUTTE CONTRE LE VOL DE BIENS CULTURELS ET LE TRAFIC ILLICITE DE BIENS CULTURELS<\/h2>\n<p>&nbsp;<\/p>\n<p>Beyrouth, Liban : du 16 au 20 avril 2018, UNIDROIT participe\u00a0au \u00ab Programme de formation pour les sp\u00e9cialistes dans la lutte contre le vol de biens culturels et le trafic illicite de biens culturels\u00a0\u00bb organis\u00e9 par l&#8217;UNESCO et financ\u00e9 par le Fonds d\u2019urgence pour le patrimoine de l\u2019UNESCO.<\/p>\n<p>&nbsp;<\/p>\n<p>Le programme de formation vise \u00e0 lutter contre le trafic de biens culturels\u00a0au Levant en fournissant des comp\u00e9tences professionnelles aux responsables gouvernementaux et universitaires du patrimoine culturel de pays d&#8217;o\u00f9 les objets vol\u00e9s proviennent.<\/p>\n<p>&nbsp;<\/p>\n<table>\n<tbody>\n<tr>\n<td><img loading=\"lazy\" decoding=\"async\" src=\"https:\/\/www.unidroit.org\/english\/news\/2018\/180416-cp-beirut\/pict04.jpg\" alt=\"pict04\" width=\"384\" height=\"250\" \/><\/td>\n<td><\/td>\n<td>\u00a0<img loading=\"lazy\" decoding=\"async\" src=\"https:\/\/www.unidroit.org\/english\/news\/2018\/180416-cp-beirut\/pict03.jpg\" alt=\"pict03\" width=\"121\" height=\"250\" \/><\/td>\n<\/tr>\n<tr>\n<td><em><strong>De gauche \u00e0 droite :<\/strong>\u00a0Mme Lynda Albertson, Directrice G\u00e9n\u00e9rale de ARCA,<br \/>\nM. Joseph Kreidi, Charg\u00e9 du projet pour le secteur de la culture du Bureau<br \/>\nde l\u2019UNESCO \u00e0 Beyrouth, et M. Samer Abdel Ghafour, conseiller\u00a0culturel<br \/>\npour\u00a0l&#8217;UNESCO.<\/em><\/td>\n<td><\/td>\n<td><\/td>\n<\/tr>\n<\/tbody>\n<\/table>\n<p>&nbsp;<\/p>\n<p>&nbsp;<\/p>\n<p>&nbsp;<\/p>\n<p>&nbsp;<\/p>\n<h2 class=\"art-postheader\">ENGAGER LE MARCHE EUROPEEN DE L&#8217;ART DANS LA LUTTE CONTRE LE TRAFIC ILLICITE DES BIENS CULTURELS<\/h2>\n<p>&nbsp;<\/p>\n<p>Le 20 et 21 mars, UNIDROIT a particip\u00e9 \u00e0 la\u00a0conf\u00e9rence de renforcement des capacit\u00e9s intitul\u00e9 &#8220;Engager le march\u00e9 europ\u00e9en de l&#8217;art dans la lutte contre le trafic illicite des biens culturels&#8221; au si\u00e8ge de l\u2019UNESCO \u00e0 Paris.<\/p>\n<p>&nbsp;<\/p>\n<p>Le projet conjoint Union europ\u00e9enne (UE)-UNESCO vise \u00e0 renforcer l&#8217;exercice de la diligence requise dans le commerce europ\u00e9en de l&#8217;art\u00a0\u2013 tout en sensibilisant les parties\u00a0concern\u00e9es aux diff\u00e9rentes implications du commerce illicite en ce qui concerne le financement du terrorisme, la criminalit\u00e9 organis\u00e9e et le blanchiment d&#8217;argent.<\/p>\n<p>&nbsp;<\/p>\n<p>Apr\u00e8s la conf\u00e9rence sera cr\u00e9\u00e9 une\u00a0plateforme web de partage des connaissances, accessible au public afin de lui permettre d&#8217;apprendre et de s&#8217;informer sur le sujet. Ce Massive Open Online Course pr\u00e9sentera toutes les informations pertinentes concernant les moyens de s&#8217;engager dans la lutte contre le trafic illicite des biens culturels \u2013en mettant \u00e9galement l&#8217;accent sur le r\u00f4le de la diligence requise.<\/p>\n<p>&nbsp;<\/p>\n<p>-&gt; Cliquez\u00a0<a href=\"http:\/\/www.unesco.org\/new\/fr\/culture\/themes\/illicit-trafficking-of-cultural-property\/partnerships\/european-union\/due-diligence-in-the-art-market\/\" target=\"_blank\" rel=\"noopener\">ici<\/a>\u00a0pour plus d\u2019information.<\/p>\n<p>-&gt;\u00a0<a href=\"http:\/\/www.unesco.org\/new\/fileadmin\/MULTIMEDIA\/HQ\/CLT\/images\/630X300\/EU_UNESCO_Art_market_Conference_Programme_EN_02.pdf\" target=\"_blank\" rel=\"noopener\">Programme<\/a><\/p>\n<p>&nbsp;<\/p>\n<table>\n<tbody>\n<tr>\n<td>\u00a0<img loading=\"lazy\" decoding=\"async\" src=\"https:\/\/www.unidroit.org\/english\/news\/2018\/180320-cp-unesco-paris\/pict01.jpeg\" alt=\"pict01\" width=\"265\" height=\"166\" \/><\/td>\n<td><\/td>\n<td><img loading=\"lazy\" decoding=\"async\" src=\"https:\/\/www.unidroit.org\/english\/news\/2018\/180320-cp-unesco-paris\/pict02.jpeg\" alt=\"pict02\" width=\"267\" height=\"166\" \/><\/td>\n<\/tr>\n<tr>\n<td><em>Le podium<\/em><\/td>\n<td><\/td>\n<td><em><strong>De gauche \u00e0 droite:<\/strong>\u00a0Mme Marina Schneider, Juriste<br \/>\nprincipale d&#8217;UNIDROIT et D\u00e9positaire du Trait\u00e9,<br \/>\nDr. Rupert Keim, Directeur associ\u00e9 de Karl &amp; Faber<br \/>\nArt Auctions et Mme Rochelle Roca Hachem,<br \/>\nSp\u00e9cialiste du programme pour la culture, UNESCO.<strong><br \/>\n<\/strong><\/em><\/td>\n<\/tr>\n<\/tbody>\n<\/table>\n<p>&nbsp;<\/p>\n<p>&nbsp;<\/p>\n<p>&nbsp;<\/p>\n<p>&nbsp;<\/p>\n<h2>SEMINAIRE INTERNATIONAL DE FORMATION SUR LA REDUCTION DE L&#8217;ECONOMIE SOUTERRAINE LIEE AUX MOUVEMENTS ILLEGAUX DE BIENS CULTURELS<\/h2>\n<p>&nbsp;<\/p>\n<p>Les 23 et 24 janvier 2018, UNIDROIT a particip\u00e9 au S\u00e9minaire international de formation sur la r\u00e9duction de l&#8217;\u00e9conomie souterraine li\u00e9e aux mouvements ill\u00e9gaux de biens\u00a0culturels,\u00a0organis\u00e9 par la\u00a0<em>Latvian School of Public Administration<\/em>\u00a0en coop\u00e9ration avec les Carabinieri TPC, INTERPOL, UNESCO, UNODC, UNIDROIT et d\u2019autres institutions,\u00a0qui s&#8217;est tenu \u00e0 Riga, en Lettonie.<\/p>\n<p>Mme Marina Schneider, Juriste principale d&#8217;UNIDROIT, a pr\u00e9sent\u00e9 les principes fondamentaux de la Convention d&#8217;UNIDROIT de 1995\u00a0ainsi que\u00a0et les t\u00e2ches\u00a0que la Lettonie devra\u00a0accomplir concernant l&#8217;adh\u00e9sion et la mise en \u0153uvre de la Convention. Mme Baiba Broka, Membre du Conseil de Direction\u00a0d&#8217;UNIDROIT et Vice-Pr\u00e9sidente du S\u00e9nat de l&#8217;Universit\u00e9 de Lettonie, a illustr\u00e9 les avantages pour la Lettonie r\u00e9sultant de l\u2019adh\u00e9sion \u00e0\u00a0la Convention d&#8217;UNIDROIT de 1995.\u00a0La Lettonie a en effet confirm\u00e9 que la proc\u00e9dure d\u2019adh\u00e9sion aux Conventions de l\u2019UNESCO de 1970 et d\u2019UNIDROIT de 1995 est en cours.<\/p>\n<p>&nbsp;<\/p>\n<p>-&gt;\u00a0<a href=\"https:\/\/www.unidroit.org\/english\/news\/2018\/180123-cp-riga\/programme-e.pdf\">Programme<\/a><\/p>\n<p>&nbsp;<\/p>\n<table>\n<tbody>\n<tr>\n<td><img loading=\"lazy\" decoding=\"async\" src=\"https:\/\/www.unidroit.org\/english\/news\/2018\/180123-cp-riga\/pcit01.png\" alt=\"pcit01\" width=\"242\" height=\"140\" \/><\/td>\n<td><\/td>\n<td><img loading=\"lazy\" decoding=\"async\" src=\"https:\/\/www.unidroit.org\/english\/news\/2018\/180123-cp-riga\/pcit02.png\" alt=\"pcit02\" width=\"280\" height=\"140\" \/><\/td>\n<\/tr>\n<tr>\n<td><em>Mme Baiba Broka, Membre du Conseil<br \/>\nde Direction\u00a0d&#8217;UNIDROIT et Vice-Pr\u00e9sidente<br \/>\ndu S\u00e9nat de l&#8217;Universit\u00e9 de Lettonie<\/em><\/td>\n<td><\/td>\n<td><em>Le public en salle<\/em><\/td>\n<\/tr>\n<\/tbody>\n<\/table>\n<p>[\/vc_column_text][\/vc_column][\/vc_row][vc_row][vc_column][vc_empty_space height=&#8221;10px&#8221;][\/vc_column][\/vc_row]<\/p>\n<\/div>","protected":false},"excerpt":{"rendered":"<p>[vc_row][vc_column css=&#8221;.vc_custom_1490017614850{margin-bottom: 30px !important;}&#8221;][vc_custom_heading text=&#8221;CETTE ANNEE&#8221; font_container=&#8221;tag:h1|text_align:left&#8221; use_theme_fonts=&#8221;yes&#8221; css=&#8221;.vc_custom_1628616430783{margin-top: 0px !important;margin-bottom: 20px !important;}&#8221;][vc_custom_heading text=&#8221;BIENS CULTURELS &#8211; CONVENTION DE 1995 &#8211; CONFERENCES ET SEMINAIRES &#8211; CETTE ANNEE &#8221; font_container=&#8221;tag:h4|text_align:left&#8221; use_theme_fonts=&#8221;yes&#8221;][\/vc_column][\/vc_row][vc_row css=&#8221;.vc_custom_1622455036974{background-color: #f2f2f2 !important;}&#8221;][vc_column css=&#8221;.vc_custom_1490017614850{margin-bottom: 30px !important;}&#8221;][vc_column_text] CONFERENCE ANNUELLE DE L\u2019ARCA &nbsp; Mme Marina Schneider, Juriste principale&nbsp;<a href=\"https:\/\/www.unidroit.org\/fr\/instruments\/biens-culturels\/convention-de-1995\/cette-annee\/\">&hellip;<\/a><\/p>\n","protected":false},"author":20,"featured_media":0,"parent":5603,"menu_order":0,"comment_status":"closed","ping_status":"closed","template":"","meta":{"ep_exclude_from_search":false,"footnotes":""},"class_list":["post-5635","page","type-page","status-publish","format-standard","hentry","odd"],"_links":{"self":[{"href":"https:\/\/www.unidroit.org\/fr\/wp-json\/wp\/v2\/pages\/5635","targetHints":{"allow":["GET"]}}],"collection":[{"href":"https:\/\/www.unidroit.org\/fr\/wp-json\/wp\/v2\/pages"}],"about":[{"href":"https:\/\/www.unidroit.org\/fr\/wp-json\/wp\/v2\/types\/page"}],"author":[{"embeddable":true,"href":"https:\/\/www.unidroit.org\/fr\/wp-json\/wp\/v2\/users\/20"}],"replies":[{"embeddable":true,"href":"https:\/\/www.unidroit.org\/fr\/wp-json\/wp\/v2\/comments?post=5635"}],"version-history":[{"count":0,"href":"https:\/\/www.unidroit.org\/fr\/wp-json\/wp\/v2\/pages\/5635\/revisions"}],"up":[{"embeddable":true,"href":"https:\/\/www.unidroit.org\/fr\/wp-json\/wp\/v2\/pages\/5603"}],"wp:attachment":[{"href":"https:\/\/www.unidroit.org\/fr\/wp-json\/wp\/v2\/media?parent=5635"}],"curies":[{"name":"wp","href":"https:\/\/api.w.org\/{rel}","templated":true}]}}