{"id":5674,"date":"2021-08-10T18:04:33","date_gmt":"2021-08-10T18:04:33","guid":{"rendered":"https:\/\/www.unidroit.org\/?page_id=5674"},"modified":"2021-08-10T18:04:38","modified_gmt":"2021-08-10T18:04:38","slug":"droit-national","status":"publish","type":"page","link":"https:\/\/www.unidroit.org\/fr\/instruments\/biens-culturels\/2012-dispositions-modeles\/droit-national\/","title":{"rendered":"Droit national"},"content":{"rendered":"<div class=\"wpb-content-wrapper\"><p>[vc_row][vc_column css=&#8221;.vc_custom_1490017614850{margin-bottom: 30px !important;}&#8221;][vc_custom_heading text=&#8221;DROIT NATIONAL&#8221; font_container=&#8221;tag:h1|text_align:left&#8221; use_theme_fonts=&#8221;yes&#8221; css=&#8221;.vc_custom_1628618712686{margin-top: 0px !important;margin-bottom: 20px !important;}&#8221;][vc_custom_heading text=&#8221;LE PEROU REVISE SA CONSTITUTION EN SE BASANT SUR LES DISPOSITIONS MODELES UNESCO-UNIDROIT<br \/>\n&#8221; font_container=&#8221;tag:h4|text_align:left&#8221; use_theme_fonts=&#8221;yes&#8221;][\/vc_column][\/vc_row][vc_row css=&#8221;.vc_custom_1622455036974{background-color: #f2f2f2 !important;}&#8221;][vc_column css=&#8221;.vc_custom_1490017614850{margin-bottom: 30px !important;}&#8221;][vc_column_text]<img loading=\"lazy\" decoding=\"async\" src=\"https:\/\/www.unidroit.org\/english\/news\/2021\/210719-cp-unesco-unidroit-mp-peru\/img01.png\" alt=\"img01\" width=\"94\" height=\"95\" \/>Le Congr\u00e8s du P\u00e9rou a adopt\u00e9, le 19 juillet 2021, une r\u00e9vision de la Constitution modifiant son article 21 (<a href=\"https:\/\/busquedas.elperuano.pe\/download\/url\/ley-de-reforma-constitucional-que-fortalece-la-lucha-anticor-ley-n-31305-1975869-4\" target=\"_blank\" rel=\"noopener\">loi N\u00ba 31304 publi\u00e9e au Journal Officiel<\/a>\u00a0en date du 23 juillet 2021).<\/p>\n<p>&nbsp;<\/p>\n<p>&nbsp;<\/p>\n<p>&nbsp;<\/p>\n<p>&nbsp;<\/p>\n<p>&nbsp;<\/p>\n<p>Cette loi \u00e9tablit la propri\u00e9t\u00e9 de l\u2019\u00c9tat sur les biens culturels non d\u00e9couverts et l\u2019expos\u00e9 des motifs de la loi fait r\u00e9f\u00e9rence aux Dispositions mod\u00e8les UNESCO-Unidroit d\u00e9finissant la propri\u00e9t\u00e9 de l\u2019Etat sur les biens culturels non d\u00e9couverts comme base de cette r\u00e9forme.<\/p>\n<p>&nbsp;<\/p>\n<p>-&gt; Voir la\u00a0<a href=\"https:\/\/busquedas.elperuano.pe\/download\/url\/ley-de-reforma-constitucional-que-fortalece-la-lucha-anticor-ley-n-31305-1975869-4\" target=\"_blank\" rel=\"noopener\">loi N\u00ba 31304<\/a><\/p>\n<p>-&gt; Voir les\u00a0<a href=\"https:\/\/www.unidroit.org\/french\/documents\/2012\/etude70a\/s-70a-main-f.pdf\">Dispositions mod\u00e8les UNESCO-UNIDROIT<\/a>[\/vc_column_text][\/vc_column][\/vc_row]<\/p>\n<\/div>","protected":false},"excerpt":{"rendered":"<p>[vc_row][vc_column css=&#8221;.vc_custom_1490017614850{margin-bottom: 30px !important;}&#8221;][vc_custom_heading text=&#8221;DROIT NATIONAL&#8221; font_container=&#8221;tag:h1|text_align:left&#8221; use_theme_fonts=&#8221;yes&#8221; css=&#8221;.vc_custom_1628618712686{margin-top: 0px !important;margin-bottom: 20px !important;}&#8221;][vc_custom_heading text=&#8221;LE PEROU REVISE SA CONSTITUTION EN SE BASANT SUR LES DISPOSITIONS MODELES UNESCO-UNIDROIT &#8221; font_container=&#8221;tag:h4|text_align:left&#8221; use_theme_fonts=&#8221;yes&#8221;][\/vc_column][\/vc_row][vc_row css=&#8221;.vc_custom_1622455036974{background-color: #f2f2f2 !important;}&#8221;][vc_column css=&#8221;.vc_custom_1490017614850{margin-bottom: 30px !important;}&#8221;][vc_column_text]Le Congr\u00e8s du P\u00e9rou a adopt\u00e9, le 19 juillet 2021, une&nbsp;<a href=\"https:\/\/www.unidroit.org\/fr\/instruments\/biens-culturels\/2012-dispositions-modeles\/droit-national\/\">&hellip;<\/a><\/p>\n","protected":false},"author":20,"featured_media":0,"parent":5658,"menu_order":0,"comment_status":"closed","ping_status":"closed","template":"","meta":{"ep_exclude_from_search":false,"footnotes":""},"class_list":["post-5674","page","type-page","status-publish","format-standard","hentry","odd"],"_links":{"self":[{"href":"https:\/\/www.unidroit.org\/fr\/wp-json\/wp\/v2\/pages\/5674","targetHints":{"allow":["GET"]}}],"collection":[{"href":"https:\/\/www.unidroit.org\/fr\/wp-json\/wp\/v2\/pages"}],"about":[{"href":"https:\/\/www.unidroit.org\/fr\/wp-json\/wp\/v2\/types\/page"}],"author":[{"embeddable":true,"href":"https:\/\/www.unidroit.org\/fr\/wp-json\/wp\/v2\/users\/20"}],"replies":[{"embeddable":true,"href":"https:\/\/www.unidroit.org\/fr\/wp-json\/wp\/v2\/comments?post=5674"}],"version-history":[{"count":0,"href":"https:\/\/www.unidroit.org\/fr\/wp-json\/wp\/v2\/pages\/5674\/revisions"}],"up":[{"embeddable":true,"href":"https:\/\/www.unidroit.org\/fr\/wp-json\/wp\/v2\/pages\/5658"}],"wp:attachment":[{"href":"https:\/\/www.unidroit.org\/fr\/wp-json\/wp\/v2\/media?parent=5674"}],"curies":[{"name":"wp","href":"https:\/\/api.w.org\/{rel}","templated":true}]}}