{"id":5701,"date":"2021-08-11T17:24:17","date_gmt":"2021-08-11T17:24:17","guid":{"rendered":"https:\/\/www.unidroit.org\/?page_id=5701"},"modified":"2021-08-11T17:24:19","modified_gmt":"2021-08-11T17:24:19","slug":"bon-de-commande","status":"publish","type":"page","link":"https:\/\/www.unidroit.org\/fr\/instruments\/representation\/bon-de-commande\/","title":{"rendered":"Bon de commande"},"content":{"rendered":"<div class=\"wpb-content-wrapper\"><p>[vc_row][vc_column css=&#8221;.vc_custom_1490017614850{margin-bottom: 30px !important;}&#8221;][vc_custom_heading text=&#8221;BON DE COMMANDE&#8221; font_container=&#8221;tag:h1|text_align:left&#8221; use_theme_fonts=&#8221;yes&#8221; css=&#8221;.vc_custom_1628702677338{margin-top: 0px !important;margin-bottom: 20px !important;}&#8221;][vc_custom_heading text=&#8221;ACTES DE LA CONFERENCE DIPLOMATIQUE POUR L&#8217;ADOPTION DU PROJET D&#8217;UNIDROIT DE CONVENTION SUR LA REPRESENTATION EN MATIERE DE VENTE INTERNATIONALE DE MARCHANDISES, GENEVE, 31 JANVIER &#8211; 17 FEVRIER 1983<br \/>\n&#8221; font_container=&#8221;tag:h4|text_align:left&#8221; use_theme_fonts=&#8221;yes&#8221;][\/vc_column][\/vc_row][vc_row css=&#8221;.vc_custom_1622455036974{background-color: #f2f2f2 !important;}&#8221;][vc_column css=&#8221;.vc_custom_1490017614850{margin-bottom: 30px !important;}&#8221;][vc_column_text]Ces Actes ont \u00e9t\u00e9 publi\u00e9s en tant que Volume 1983\/I-II de la Revue de droit uniforme.<br \/>\nPrix: \u20ac 45<\/p>\n<p>&nbsp;<\/p>\n<p>Disponibles aupr\u00e8s d&#8217;UNIDROIT:\u00a0<span id=\"cloak395b6d97778ab83cdecc7fda17a79aaf\"><a href=\"mailto:publications@unidroit.org\">publications@unidroit.org<\/a><\/span>\u00a0&#8211;\u00a0<strong><a href=\"https:\/\/www.unidroit.org\/english\/publications\/list.pdf\">Bon de commande<\/a><\/strong>[\/vc_column_text][\/vc_column][\/vc_row][vc_row][vc_column][vc_empty_space height=&#8221;10px&#8221;][\/vc_column][\/vc_row]<\/p>\n<\/div>","protected":false},"excerpt":{"rendered":"<p>[vc_row][vc_column css=&#8221;.vc_custom_1490017614850{margin-bottom: 30px !important;}&#8221;][vc_custom_heading text=&#8221;BON DE COMMANDE&#8221; font_container=&#8221;tag:h1|text_align:left&#8221; use_theme_fonts=&#8221;yes&#8221; css=&#8221;.vc_custom_1628702677338{margin-top: 0px !important;margin-bottom: 20px !important;}&#8221;][vc_custom_heading text=&#8221;ACTES DE LA CONFERENCE DIPLOMATIQUE POUR L&#8217;ADOPTION DU PROJET D&#8217;UNIDROIT DE CONVENTION SUR LA REPRESENTATION EN MATIERE DE VENTE INTERNATIONALE DE MARCHANDISES, GENEVE, 31 JANVIER &#8211; 17 FEVRIER 1983 &#8221; font_container=&#8221;tag:h4|text_align:left&#8221;&nbsp;<a href=\"https:\/\/www.unidroit.org\/fr\/instruments\/representation\/bon-de-commande\/\">&hellip;<\/a><\/p>\n","protected":false},"author":20,"featured_media":0,"parent":5537,"menu_order":0,"comment_status":"closed","ping_status":"closed","template":"","meta":{"ep_exclude_from_search":false,"footnotes":""},"class_list":["post-5701","page","type-page","status-publish","format-standard","hentry","odd"],"_links":{"self":[{"href":"https:\/\/www.unidroit.org\/fr\/wp-json\/wp\/v2\/pages\/5701","targetHints":{"allow":["GET"]}}],"collection":[{"href":"https:\/\/www.unidroit.org\/fr\/wp-json\/wp\/v2\/pages"}],"about":[{"href":"https:\/\/www.unidroit.org\/fr\/wp-json\/wp\/v2\/types\/page"}],"author":[{"embeddable":true,"href":"https:\/\/www.unidroit.org\/fr\/wp-json\/wp\/v2\/users\/20"}],"replies":[{"embeddable":true,"href":"https:\/\/www.unidroit.org\/fr\/wp-json\/wp\/v2\/comments?post=5701"}],"version-history":[{"count":0,"href":"https:\/\/www.unidroit.org\/fr\/wp-json\/wp\/v2\/pages\/5701\/revisions"}],"up":[{"embeddable":true,"href":"https:\/\/www.unidroit.org\/fr\/wp-json\/wp\/v2\/pages\/5537"}],"wp:attachment":[{"href":"https:\/\/www.unidroit.org\/fr\/wp-json\/wp\/v2\/media?parent=5701"}],"curies":[{"name":"wp","href":"https:\/\/api.w.org\/{rel}","templated":true}]}}