{"id":5766,"date":"2021-08-12T09:26:45","date_gmt":"2021-08-12T09:26:45","guid":{"rendered":"https:\/\/www.unidroit.org\/?page_id=5766"},"modified":"2021-08-13T11:06:46","modified_gmt":"2021-08-13T11:06:46","slug":"principes-dunidroit-2010","status":"publish","type":"page","link":"https:\/\/www.unidroit.org\/fr\/instruments\/contrats-du-commerce\/principes-dunidroit-2010\/","title":{"rendered":"Principes d&#8217;UNIDROIT 2010"},"content":{"rendered":"<div class=\"wpb-content-wrapper\"><p>[vc_row][vc_column css=&#8221;.vc_custom_1490017614850{margin-bottom: 30px !important;}&#8221;][vc_custom_heading text=&#8221;PRINCIPES D&#8217;UNIDROIT 2010&#8243; font_container=&#8221;tag:h1|text_align:left&#8221; use_theme_fonts=&#8221;yes&#8221; css=&#8221;.vc_custom_1628760188989{margin-top: 0px !important;margin-bottom: 20px !important;}&#8221;][vc_custom_heading text=&#8221;&#8221; font_container=&#8221;tag:h4|text_align:left&#8221; use_theme_fonts=&#8221;yes&#8221;][\/vc_column][\/vc_row][vc_row css=&#8221;.vc_custom_1622455036974{background-color: #f2f2f2 !important;}&#8221;][vc_column css=&#8221;.vc_custom_1490017614850{margin-bottom: 30px !important;}&#8221;][vc_column_text]<\/p>\n<div class=\"art-layout-cell art-content\">\n<article class=\"art-post\">\n<div class=\"art-postcontent clearfix\">\n<div class=\"categories-list\">\n<h4 class=\"first\"><a href=\"https:\/\/www.unidroit.org\/instruments\/commercial-contracts\/unidroit-principles-2010\/preamble\/\">PR\u00c9AMBULE<\/a><\/h4>\n<h4 class=\"page-header item-title\"><a href=\"https:\/\/www.unidroit.org\/instruments\/commercial-contracts\/unidroit-principles-2010\/chapter-1\/\">CHAPITRE 1 &#8211; DISPOSITIONS G\u00c9N\u00c9RALES<br \/>\n<\/a><\/h4>\n<h4 class=\"page-header item-title\"><a href=\"https:\/\/www.unidroit.org\/instruments\/commercial-contracts\/unidroit-principles-2010\/chapter-2-section-1\/\">CHAPITRE 2 &#8211; FORMATION DU CONTRAT ET POUVOIR DE REPR\u00c9SENTATION &#8211; SECTION 1: FORMATION DU CONTRAT<\/a><\/h4>\n<h4 class=\"page-header item-title\"><a href=\"https:\/\/www.unidroit.org\/instruments\/commercial-contracts\/unidroit-principles-2010\/chapter-2-section-2\/\">CHAPITRE 2 &#8211; FORMATION DU CONTRAT ET POUVOIR DE REPR\u00c9SENTATION &#8211; SECTION 2: POUVOIR DE REPR\u00c9SENTATION<\/a><\/h4>\n<h4 class=\"page-header item-title\"><a href=\"https:\/\/www.unidroit.org\/instruments\/commercial-contracts\/unidroit-principles-2010\/chapter-3-section-1\/\">CHAPITRE 3 &#8211; VALIDIT\u00c9 &#8211; SECTION 1: DISPOSITIONS G\u00c9N\u00c9RALES<\/a><\/h4>\n<h4 class=\"page-header item-title\"><a href=\"https:\/\/www.unidroit.org\/instruments\/commercial-contracts\/unidroit-principles-2010\/chapter-3-section-2\/\">CHAPITRE 3 &#8211; VALIDIT\u00c9 &#8211; SECTION 2: MOTIFS D\u2019ANNULATION<\/a><\/h4>\n<h4 class=\"page-header item-title\"><a href=\"https:\/\/www.unidroit.org\/instruments\/commercial-contracts\/unidroit-principles-2010\/chapter-3-section-3\/\">CHAPITRE 3 &#8211; VALIDIT\u00c9 &#8211; SECTION 3: ILLIC\u00c9IT\u00c9<\/a><\/h4>\n<h4 class=\"page-header item-title\"><a href=\"https:\/\/www.unidroit.org\/instruments\/commercial-contracts\/unidroit-principles-2010\/chapter-4\/\">CHAPITRE 4 &#8211; INTERPR\u00c9TATION<\/a><\/h4>\n<h4 class=\"page-header item-title\"><a href=\"https:\/\/www.unidroit.org\/instruments\/commercial-contracts\/unidroit-principles-2010\/chapter-5-section-1\/\">CHAPITRE 5 &#8211; CONTENU DU CONTRAT, DROITS DES TIERS ET OBLIGATIONS CONDITIONNELLES &#8211; SECTION 1: CONTENU DU CONTRAT<\/a><\/h4>\n<h4 class=\"page-header item-title\"><a href=\"https:\/\/www.unidroit.org\/instruments\/commercial-contracts\/unidroit-principles-2010\/chapter-5-section-2\/\">CHAPITRE 5 &#8211; CONTENU DU CONTRAT, DROITS DES TIERS ET OBLIGATIONS CONDITIONNELLES &#8211; SECTION 2: DROITS DES TIERS<\/a><\/h4>\n<h4 class=\"page-header item-title\"><a href=\"https:\/\/www.unidroit.org\/instruments\/commercial-contracts\/unidroit-principles-2010\/chapter-5-section-3\/\">CHAPITRE 5 &#8211; CONTENU DU CONTRAT, DROITS DES TIERS ET OBLIGATIONS CONDITIONNELLES &#8211; SECTION 3: OBLIGATIONS CONDITIONNELLES<\/a><\/h4>\n<h4 class=\"page-header item-title\"><a href=\"https:\/\/www.unidroit.org\/instruments\/commercial-contracts\/unidroit-principles-2010\/chapter-6-section-1\/\">CHAPITRE 6 &#8211; EX\u00c9CUTION &#8211; SECTION 1: EX\u00c9CUTION EN G\u00c9N\u00c9RAL<\/a><\/h4>\n<h4 class=\"page-header item-title\"><a href=\"https:\/\/www.unidroit.org\/instruments\/commercial-contracts\/unidroit-principles-2010\/chapter-6-section-2\/\">CHAPITRE 6 &#8211; EX\u00c9CUTION &#8211; SECTION 2: HARDSHIP<\/a><\/h4>\n<h4 class=\"page-header item-title\"><a href=\"https:\/\/www.unidroit.org\/instruments\/commercial-contracts\/unidroit-principles-2010\/chapter-7-section-1\/\">CHAPITRE 7 &#8211; INEX\u00c9CUTION &#8211; SECTION 1: INEX\u00c9CUTION EN G\u00c9N\u00c9RAL<\/a><\/h4>\n<h4 class=\"page-header item-title\"><a href=\"https:\/\/www.unidroit.org\/instruments\/commercial-contracts\/unidroit-principles-2010\/chapter-7-section-2\/\">CHAPITRE 7 &#8211; INEX\u00c9CUTION &#8211; SECTION 2: DROIT A L\u2019EX\u00c9CUTION<\/a><\/h4>\n<h4 class=\"page-header item-title\"><a href=\"https:\/\/www.unidroit.org\/instruments\/commercial-contracts\/unidroit-principles-2010\/chapter-7-section-3\/\">CHAPITRE 7 &#8211; INEX\u00c9CUTION &#8211; SECTION 3: RESOLUTION<\/a><\/h4>\n<h4 class=\"page-header item-title\"><a href=\"https:\/\/www.unidroit.org\/instruments\/commercial-contracts\/unidroit-principles-2010\/chapter-7-section-4\/\">CHAPITRE 7 &#8211; INEX\u00c9CUTION &#8211; SECTION 4: DOMMAGES-INT\u00c9R\u00caTS<\/a><\/h4>\n<h4 class=\"page-header item-title\"><a href=\"https:\/\/www.unidroit.org\/instruments\/commercial-contracts\/unidroit-principles-2010\/chapter-8\/\">CHAPITRE 8 &#8211; COMPENSATION<\/a><\/h4>\n<h4 class=\"page-header item-title\"><a href=\"https:\/\/www.unidroit.org\/instruments\/commercial-contracts\/unidroit-principles-2010\/chapter-9-section-1\/\">CHAPITRE 9 &#8211; CESSION DE CR\u00c9ANCES, CESSION DE DETTES, CESSION DE CONTRATS &#8211; SECTION 1: CESSION DE CR\u00c9ANCES<\/a><\/h4>\n<h4 class=\"page-header item-title\"><a href=\"https:\/\/www.unidroit.org\/instruments\/commercial-contracts\/unidroit-principles-2010\/chapter-9-section-2\/\">CHAPITRE 9 &#8211; CESSION DE CR\u00c9ANCES, CESSION DE DETTES, CESSION DE CONTRATS &#8211; SECTION 2: CESSION DE DETTES<\/a><\/h4>\n<h4 class=\"page-header item-title\"><a href=\"https:\/\/www.unidroit.org\/instruments\/commercial-contracts\/unidroit-principles-2010\/chapter-9-section-3\/\">CHAPITRE 9 &#8211; CESSION DE CR\u00c9ANCES, CESSION DE DETTES, CESSION DE CONTRATS &#8211; SECTION 3: CESSION DE CONTRATS<\/a><\/h4>\n<h4 class=\"page-header item-title\"><a href=\"https:\/\/www.unidroit.org\/instruments\/commercial-contracts\/unidroit-principles-2010\/chapter-10\/\">CHAPITRE 10 &#8211; D\u00c9LAIS DE PRESCRIPTION<\/a><\/h4>\n<h4 class=\"page-header item-title\"><a href=\"https:\/\/www.unidroit.org\/instruments\/commercial-contracts\/unidroit-principles-2010\/chapter-11-section-1\/\">CHAPITRE 11 &#8211; PLURALIT\u00c9 DE D\u00c9BITEURS ET DE CR\u00c9ANCIERS &#8211; SECTION 1: PLURALIT\u00c9 DE D\u00c9BITEURS<\/a><\/h4>\n<h4 class=\"last\"><a href=\"https:\/\/www.unidroit.org\/instruments\/commercial-contracts\/unidroit-principles-2010\/chapter-11-section-2\/\">CHAPITRE 11 &#8211; PLURALIT\u00c9 DE D\u00c9BITEURS ET DE CR\u00c9ANCIERS &#8211; SECTION 2: PLURALIT\u00c9 DE CR\u00c9ANCIERS<\/a><\/h4>\n<\/div>\n<\/div>\n<\/article>\n<\/div>\n<p>[\/vc_column_text][\/vc_column][\/vc_row][vc_row][vc_column][vc_empty_space height=&#8221;10px&#8221;][\/vc_column][\/vc_row]<\/p>\n<\/div>","protected":false},"excerpt":{"rendered":"<p>[vc_row][vc_column css=&#8221;.vc_custom_1490017614850{margin-bottom: 30px !important;}&#8221;][vc_custom_heading text=&#8221;PRINCIPES D&#8217;UNIDROIT 2010&#8243; font_container=&#8221;tag:h1|text_align:left&#8221; use_theme_fonts=&#8221;yes&#8221; css=&#8221;.vc_custom_1628760188989{margin-top: 0px !important;margin-bottom: 20px !important;}&#8221;][vc_custom_heading text=&#8221;&#8221; font_container=&#8221;tag:h4|text_align:left&#8221; use_theme_fonts=&#8221;yes&#8221;][\/vc_column][\/vc_row][vc_row css=&#8221;.vc_custom_1622455036974{background-color: #f2f2f2 !important;}&#8221;][vc_column css=&#8221;.vc_custom_1490017614850{margin-bottom: 30px !important;}&#8221;][vc_column_text] PR\u00c9AMBULE CHAPITRE 1 &#8211; DISPOSITIONS G\u00c9N\u00c9RALES CHAPITRE 2 &#8211; FORMATION DU CONTRAT ET POUVOIR DE REPR\u00c9SENTATION &#8211; SECTION 1: FORMATION DU CONTRAT&nbsp;<a href=\"https:\/\/www.unidroit.org\/fr\/instruments\/contrats-du-commerce\/principes-dunidroit-2010\/\">&hellip;<\/a><\/p>\n","protected":false},"author":20,"featured_media":0,"parent":5546,"menu_order":0,"comment_status":"closed","ping_status":"closed","template":"","meta":{"ep_exclude_from_search":false,"footnotes":""},"class_list":["post-5766","page","type-page","status-publish","format-standard","hentry","odd"],"_links":{"self":[{"href":"https:\/\/www.unidroit.org\/fr\/wp-json\/wp\/v2\/pages\/5766","targetHints":{"allow":["GET"]}}],"collection":[{"href":"https:\/\/www.unidroit.org\/fr\/wp-json\/wp\/v2\/pages"}],"about":[{"href":"https:\/\/www.unidroit.org\/fr\/wp-json\/wp\/v2\/types\/page"}],"author":[{"embeddable":true,"href":"https:\/\/www.unidroit.org\/fr\/wp-json\/wp\/v2\/users\/20"}],"replies":[{"embeddable":true,"href":"https:\/\/www.unidroit.org\/fr\/wp-json\/wp\/v2\/comments?post=5766"}],"version-history":[{"count":0,"href":"https:\/\/www.unidroit.org\/fr\/wp-json\/wp\/v2\/pages\/5766\/revisions"}],"up":[{"embeddable":true,"href":"https:\/\/www.unidroit.org\/fr\/wp-json\/wp\/v2\/pages\/5546"}],"wp:attachment":[{"href":"https:\/\/www.unidroit.org\/fr\/wp-json\/wp\/v2\/media?parent=5766"}],"curies":[{"name":"wp","href":"https:\/\/api.w.org\/{rel}","templated":true}]}}