{"id":5847,"date":"2021-08-13T09:58:26","date_gmt":"2021-08-13T09:58:26","guid":{"rendered":"https:\/\/www.unidroit.org\/?page_id=5847"},"modified":"2021-08-13T10:00:36","modified_gmt":"2021-08-13T10:00:36","slug":"presentation","status":"publish","type":"page","link":"https:\/\/www.unidroit.org\/fr\/instruments\/contrats-du-commerce\/principes-dunidroit-2010\/presentation\/","title":{"rendered":"Pr\u00e9sentation"},"content":{"rendered":"<div class=\"wpb-content-wrapper\"><p>[vc_row][vc_column css=&#8221;.vc_custom_1490017614850{margin-bottom: 30px !important;}&#8221;][vc_custom_heading text=&#8221;PRESENTATION&#8221; font_container=&#8221;tag:h1|text_align:left&#8221; use_theme_fonts=&#8221;yes&#8221; css=&#8221;.vc_custom_1628846834304{margin-top: 0px !important;margin-bottom: 20px !important;}&#8221;][vc_custom_heading text=&#8221;PRESENTATION &#8211; PRINCIPES D&#8217;UNIDROIT 2010&#8243; font_container=&#8221;tag:h4|text_align:left&#8221; use_theme_fonts=&#8221;yes&#8221;][\/vc_column][\/vc_row][vc_row css=&#8221;.vc_custom_1622455036974{background-color: #f2f2f2 !important;}&#8221;][vc_column css=&#8221;.vc_custom_1490017614850{margin-bottom: 30px !important;}&#8221;][vc_column_text]Lors de sa 90<sup>\u00e8me<\/sup>\u00a0session, le Conseil de Direction d\u2019UNIDROIT a adopt\u00e9 la troisi\u00e8me \u00e9dition des Principes d\u2019UNIDROIT relatifs aux contrats du commerce international (\u00ab Principes d&#8217;UNIDROIT 2010 \u00bb). Les Principes d\u2019UNIDROIT 2010 contiennent de nouvelles dispositions sur la restitution en cas d&#8217;annulation du contrat, l\u2019illic\u00e9it\u00e9, les conditions, et sur la pluralit\u00e9 de d\u00e9biteurs et de cr\u00e9anciers, alors que, par rapport au texte de l\u2019\u00e9dition 2004, la seule modification importante porte sur les Commentaires de l\u2019article 1.4.<\/p>\n<p>&nbsp;<\/p>\n<p>A sa quarante-cinqui\u00e8me session (New York, 25 juin \u2013 6 juillet 2012) la CNUDCI a d\u00e9cid\u00e9 \u00e0 l\u2019unanimit\u00e9 d\u2019avaliser les Principes d\u2019UNIDROIT 2010 (voir le Rapport de la Commission des Nations Unies pour le droit commercial international de la quarante-cinqui\u00e8me session, New York, 25 juin au 6 juillet 2012 (A\/67\/17) paragraphes 137 &#8211; 140) en recommandant l\u2019utilisation des Principes selon qu\u2019il convient, conform\u00e9ment \u00e0 l\u2019objet qui leur a \u00e9t\u00e9 assign\u00e9 dans le Pr\u00e9ambule.\u00a0<a href=\"https:\/\/www.unidroit.org\/french\/news\/principles2010-un-fr.pdf\">Voir le texte<\/a><\/p>\n<p>&nbsp;<\/p>\n<p>Membres du Groupe de travail\u00a0charg\u00e9 de l&#8217;\u00e9laboration des Principes d&#8217;UNIDROIT 2010 relatifs aux contrats du commerce international 2010<\/p>\n<p>&nbsp;<\/p>\n<p>La nouvelle \u00e9dition des Principes d\u2019UNIDROIT est form\u00e9e de 211 articles (par rapport aux 120 articles de l\u2019\u00e9dition 1994 et aux 185 articles de l\u2019\u00e9dition 2004) ainsi structur\u00e9s: Pr\u00e9ambule (<em>inchang\u00e9<\/em>); Chapitre 1: Dispositions g\u00e9n\u00e9rales (<em>inchang\u00e9<\/em>); Chapitre 2, Section 1: Formation du contrat (<em>inchang\u00e9e<\/em>), Section 2: Pouvoir de repr\u00e9sentation (<em>inchang\u00e9e<\/em>); Chapitre 3, Section 1: Dispositions g\u00e9n\u00e9rales (<em>contenant les anciens articles 3.1 (modifi\u00e9), 3.2, 3.3 et 3.19\u00a0<\/em>(modifi\u00e9)), Section 2: Vices du consentement (contenant les anciens articles 3.4 \u00e0 3.16, 3.17 (modifi\u00e9), 3.18 et 3.20, et un nouvel article 3.2.15), Section 3: Illic\u00e9it\u00e9 (nouvelle); Chapitre 4: Interpr\u00e9tation (inchang\u00e9); Chapitre 5, Section 1: Contenu du contrat (inchang\u00e9e), Section 2: Droits des tiers (inchang\u00e9e), Section 3: Conditions (nouvelle); Chapitre 6, Section 1: Ex\u00e9cution en g\u00e9n\u00e9ral (inchang\u00e9e), Section 2: Hardship (inchang\u00e9e); Chapitre 7, Section 1: Inex\u00e9cution en g\u00e9n\u00e9ral (inchang\u00e9e), Section 2: Droit \u00e0 l\u2019ex\u00e9cution (inchang\u00e9e), Section 3: R\u00e9solution (contenant les anciens articles 7.3.1 \u00e0 7.3.5, 7.3.6 (modifi\u00e9) et un nouvel article 7.3.7), Section 4: Dommages-int\u00e9r\u00eats (inchang\u00e9e); Chapitre 8: Compensation (inchang\u00e9); Chapitre 9, Section 1: Cession des cr\u00e9ances (inchang\u00e9e), Section 2: Cession des dettes (inchang\u00e9e), Section 3: Cession des contrats (inchang\u00e9e); Chapitre 10: D\u00e9lais de prescription (inchang\u00e9); Chapitre 11, Section 1: Pluralit\u00e9 de d\u00e9biteurs (nouvelle), Section 2: Pluralit\u00e9 de cr\u00e9anciers (nouvelle)..<\/p>\n<p>&nbsp;<\/p>\n<p>Afin de faciliter la comparaison, la nouvelle \u00e9dition contient un\u00a0<a href=\"https:\/\/www.unidroit.org\/english\/principles\/contracts\/principles2010\/tableofcorrespondence.pdf\">tableau de correspondance<\/a>\u00a0des articles des trois \u00e9ditions des Principes d\u2019UNIDROIT.<\/p>\n<p>&nbsp;<\/p>\n<p>A sa quarante-cinqui\u00e8me session (New York, 25 juin \u2013 6 juillet 2012) la CNUDCI a d\u00e9cid\u00e9 \u00e0 l\u2019unanimit\u00e9 d\u2019avaliser les Principes d\u2019UNIDROIT 2010 (voir le Rapport de la Commission des Nations Unies pour le droit commercial international de la quarante-cinqui\u00e8me session, New York, 25 juin au 6 juillet 2012 (A\/67\/17) paragraphes 137 &#8211; 140) en recommandant l\u2019utilisation des Principes selon qu\u2019il convient, conform\u00e9ment \u00e0 l\u2019objet qui leur a \u00e9t\u00e9 assign\u00e9 dans le Pr\u00e9ambule.\u00a0<a href=\"https:\/\/www.unidroit.org\/french\/news\/principles2010-un-fr.pdf\">Voir le texte<\/a><\/p>\n<p>&nbsp;<\/p>\n<p>Lors de sa 91\u00e8me session en mai 2012, suite \u00e0 une proposition du Professeur Don Wallace (Georgetown University School of Law; Pr\u00e9sident de la American Foundation of International Uniform Law) le Conseil de direction d\u2019UNIDROIT a d\u00e9cid\u00e9 de convoquer un Groupe de travail restreint pour la pr\u00e9paration de clauses mod\u00e8les \u00e0 l\u2019utilisation des parties qui ont l\u2019intention d\u2019indiquer dans leur contrat plus pr\u00e9cis\u00e9ment de quelle fa\u00e7on elles souhaitent voir utiliser les Principes relatifs aux contrats du commerce international pendant l\u2019ex\u00e9cution du contrat ou en case de litige. Le Groupe de travail, compos\u00e9 d\u2019experts renomm\u00e9s au niveau mondial dans le domaine du droit priv\u00e9 international et l\u2019arbitrage, a tenu sa premi\u00e8re session \u00e0 Rome les 11 et 12 f\u00e9vrier 2013.<\/p>\n<p>&nbsp;<\/p>\n<p>Les Clauses types r\u00e9vis\u00e9es et le Commentaire ont \u00e9t\u00e9 approuv\u00e9s \u00e0 l\u2019unanimit\u00e9 par le Conseil de Direction lors de sa 92\u00e8me session (8-10 mai 2013).\u00a0<a href=\"\/fr\/instruments\/contrats-du-commerce\/picc-clauses-types\/\">&gt;&gt;&gt; Plus d&#8217;informations<\/a><\/p>\n<p>&nbsp;<\/p>\n<p>Les Principes d\u2019Unidroit\u00a02010 couvrent pratiquement tous les principaux sujets du droit g\u00e9n\u00e9ral des contrats tels que la formation, l\u2019interpr\u00e9tation, la validit\u00e9, l&#8217;ex\u00e9cution, l&#8217;inex\u00e9cution et les recours pour inex\u00e9cution, la cession, la compensation, la prescription, etc. Toutefois, si les Principes d&#8217;Unidroit, dont la principale source d&#8217;inspiration a \u00e9t\u00e9 la Convention des Nations Unies sur les contrats de vente internationale de marchandises, peuvent sans aucun doute \u00eatre consid\u00e9r\u00e9s comme former une sorte de \u201cpartie g\u00e9n\u00e9rale\u201d du droit de la vente internationale et d\u2019autres contrats \u00e0 ex\u00e9cution instantan\u00e9e, il reste \u00e0 \u00e9tablir dans quelle mesure ils renferment des solutions appropri\u00e9es pour les contrats dits \u00e0 long terme.<\/p>\n<p>&nbsp;<\/p>\n<p>Lors de sa 92\u00e8me session en mai 2013, le Conseil de Direction d\u2019UNIDROIT a \u00e9t\u00e9 saisi d\u2019un document pr\u00e9par\u00e9 par le Secr\u00e9tariat sur d\u2019\u00e9ventuels travaux futurs concernant les contrats \u00e0 long terme (cf. UNIDROIT 2013 \u2013 C.D. (92) 4(b)). Ce document rappelait que la version actuelle des Principes d\u2019UNIDROIT contient d\u00e9j\u00e0 un certain nombre de dispositions qui prennent en compte, tout au moins dans une certaine mesure, les besoins particuliers des contrats \u00e0 long terme. Pourtant, le document soulignait \u00e9galement l\u2019existence de questions particuli\u00e8rement pertinentes dans le cadre des contrats \u00e0 long terme que les Principes, dans leur forme actuelle, ne traitent pas du tout ou de mani\u00e8re insuffisante.<\/p>\n<p>&nbsp;<\/p>\n<p>Lors de sa 93\u00e8me session en mai 2014, le Conseil de Direction d\u2019UNIDROIT a \u00e9t\u00e9 saisi d\u2019un deuxi\u00e8me document du Secr\u00e9tariat contenant une \u00e9tude analytique des questions sp\u00e9cifiques qui pourraient \u00eatre trait\u00e9es dans les travaux envisag\u00e9s sur les contrats \u00e0 long terme dans le cadre des Principes d\u2019UNIDROIT (cf. UNIDROIT 2013 \u2013 C.D. (92) 4 (b)). Sur la base de ce document, le Conseil de Direction a d\u00e9cid\u00e9 de charger le Secr\u00e9tariat de constituer un Groupe de travail restreint compos\u00e9 d\u2019experts qui ont manifest\u00e9 un int\u00e9r\u00eat particulier pour d\u2019\u00e9ventuels travaux sur les contrats \u00e0 long terme, pour formuler des propositions en vue d\u2019amendements et d\u2019ajouts aux dispositions et commentaires de l\u2019\u00e9dition actuelle des Principes pour couvrir les besoins sp\u00e9cifiques requis par les contrats \u00e0 long terme.<\/p>\n<p>&nbsp;<\/p>\n<p>Le Groupe de travail est compos\u00e9 comme suit: Michael Joachim BONELL, Professeur \u00e9m\u00e9rite de droit, Universit\u00e9 de Rome I, Consultant, UNIDROIT (Pr\u00e9sident du Groupe); Catherine CHAPPUIS, Professeur de droit, Universit\u00e9 de Gen\u00e8ve, membre du Groupe de travail Contrats Internationaux; Neil COHEN, Professeur de droit (chaire Jeffrey D. Forchelli), Facult\u00e9 de droit de Brooklyn, New York; Fran\u00e7ois DESSEMONTET, Professeur \u00e9m\u00e9rite de droit, Universit\u00e9 de Lausanne; Paul FINN, ancien Juge, Cour f\u00e9d\u00e9rale d\u2019Australie, Adelaide; Paul-A. GELINAS, Avocat aux Barreaux de Paris et de Montr\u00e9al, Paris; Sir Vivian RAMSEY, ancien Juge, Technology and Construction Court, Royal Courts of Justice, Londres; Christopher R. SEPP\u00c4L\u00c4, Associ\u00e9, White &amp; Case LLP, Conseiller juridique aupr\u00e8s du Comit\u00e9 des contrats FIDIC (F\u00e9d\u00e9ration internationale des ing\u00e9nieurs-conseils); Reinhard ZIMMERMANN, Professeur de droit, Directeur de l\u2019Institut Max-Planck de droit compar\u00e9 et de droit international priv\u00e9, Hambourg.<\/p>\n<p>&nbsp;<\/p>\n<p>Le Groupe de travail s\u2019est r\u00e9uni pour la premi\u00e8re fois du 19 au 22 janvier 2015 \u00e0 Rome. La session, qui comptait \u00e9galement la participation d\u2019observateurs d\u2019organisations internationales et d\u2019autres organismes int\u00e9ress\u00e9s (Cyril EMERY, Collaborateur juridique, Secr\u00e9tariat CNUDCI, Vienne; Pilar PERALES VISCASILLAS, Professeur de droit, Universit\u00e9 Carlos III de Madrid, membre du Comit\u00e9 consultatif de la CVIM; Don WALLACE, Jr., Pr\u00e9sident, Institut de droit international, Washington, DC; Giuditta CORDERO MOSS, Professeur de droit, Universit\u00e9 d\u2019Oslo, membre de l\u2019Association norv\u00e9gienne d\u2019arbitrage pour l\u2019Energie &amp; le P\u00e9trole; Pietro GALIZZI, D\u00e9partement des affaires juridiques, premier Vice-pr\u00e9sident, ENI SpA, Milan), a \u00e9t\u00e9 consacr\u00e9e \u00e0 l\u2019examen d\u2019un document intitul\u00e9\u00a0<a href=\"https:\/\/www.unidroit.org\/english\/documents\/2014\/study50\/s-50-126-e.pdf\">\u201cThe UNIDROIT Principles of International Commercial Contracts and Long-term Contracts\u201d<\/a>\u00a0pr\u00e9par\u00e9 par M.J. Bonell comprenant une liste de sujets avec des propositions et\/ou des questions \u00e0 soumettre \u00e0 l\u2019attention du Groupe de travail. Pour le rapport de la r\u00e9union, voir\u00a0<a href=\"https:\/\/www.unidroit.org\/english\/documents\/2015\/study50\/s-50-misc31rev-e.pdf\">UNIDROIT 2015 Study L \u2013 Misc. 31 Rev.<\/a><\/p>\n<p>&nbsp;<\/p>\n<p>Le Groupe de travail s\u2019est r\u00e9uni pour la deuxi\u00e8me fois, \u00e0 l\u2019aimable invitation de l\u2019<em>Institut Max-Planck de droit compar\u00e9 et de droit international priv\u00e9<\/em>, \u00e0 Hambourg du 26 au 29 octobre 2015.\u00a0 Les propositions d\u2019amendements et d\u2019ajouts aux dispositions et commentaires aux Principes d\u2019UNIDROIT relatifs aux contrats du commerce international ont \u00e9t\u00e9 examin\u00e9es soigneusement et finalis\u00e9es, en vue de les soumettre pour adoption \u00e0 la 95\u00e8me session du Conseil de Direction d\u2019UNIDROIT (18-20 mai 2016).<\/p>\n<p>&nbsp;<\/p>\n<p>&#8211; The UNIDROIT Principles of International Commercial Contracts and<br \/>\nLong-Term Contracts<br \/>\n(<a href=\"https:\/\/www.unidroit.org\/english\/documents\/2014\/study50\/s-50-126-e.pdf\">UNIDROIT 2014 &#8211; Study L &#8211; Doc. 126<\/a>)<\/p>\n<p>&#8211;\u00a0Report on the first session of the Working Group on Long-Term Contracts<br \/>\n(<a href=\"https:\/\/www.unidroit.org\/english\/documents\/2015\/study50\/s-50-misc31rev-e.pdf\">UNIDROIT 2015 \u2013 Study L \u2013 Misc. 31 Rev.<\/a>)<\/p>\n<p>&#8211; Report on the second session of the Working Group on Long-Term Contracts<br \/>\n(<a href=\"https:\/\/www.unidroit.org\/english\/documents\/2016\/study50\/s-50-misc32-e.pdf\">UNIDROIT 2016 &#8211; Study L &#8211; Misc. 32<\/a>)<\/p>\n<p>&nbsp;<\/p>\n<p>Lors de sa 95\u00e8me session (Rome, 18-20 mai 2016), le Conseil de Direction a adopt\u00e9 les amendements et ajouts aux Principes d\u2019UNIDROIT 2010 relatifs aux contrats du commerce international recommand\u00e9s par le Groupe de travail sur les contrats \u00e0 long terme (qui figurent dans le document\u00a0<a href=\"https:\/\/www.unidroit.org\/french\/governments\/councildocuments\/2016session\/cd-95-03-f.pdf\">UNIDROIT 2016 \u2013 C.D. (95) 3<\/a>), \u00e0 l\u2019exception des nouvelles dispositions sur la r\u00e9solution pour motif imp\u00e9rieux, et a autoris\u00e9 le Secr\u00e9tariat \u00e0 pr\u00e9parer et \u00e0 publier une nouvelle \u00e9dition sous le titre de \u201cPrincipes d\u2019UNIDROIT 2016 relatifs aux contrats du commerce international\u201d. Le Rapport sur les d\u00e9lib\u00e9rations du Conseil de Direction est disponible dans le document\u00a0<a href=\"https:\/\/www.unidroit.org\/french\/governments\/councildocuments\/2016session\/cd-95-15-f.pdf\">UNIDROIT 2016 \u2013 C.D. (95) 15<\/a>.<\/p>\n<p>&nbsp;<\/p>\n<p>Conform\u00e9ment \u00e0 l\u2019autorisation du Conseil de Direction, le Secretariat envisage de pr\u00e9parer et publier la nouvelle \u00e9dition d&#8217;ici mai 2017.<\/p>\n<p>&nbsp;<\/p>\n<p>&nbsp;<\/p>\n<p><a href=\"\/fr\/presentation-dunidroit\/programme-de-travail\/\">Questions aff\u00e9rentes aux contrats multilat\u00e9raux<\/a>[\/vc_column_text][\/vc_column][\/vc_row][vc_row][vc_column][vc_empty_space height=&#8221;10px&#8221;][\/vc_column][\/vc_row]<\/p>\n<\/div>","protected":false},"excerpt":{"rendered":"<p>[vc_row][vc_column css=&#8221;.vc_custom_1490017614850{margin-bottom: 30px !important;}&#8221;][vc_custom_heading text=&#8221;PRESENTATION&#8221; font_container=&#8221;tag:h1|text_align:left&#8221; use_theme_fonts=&#8221;yes&#8221; css=&#8221;.vc_custom_1628846834304{margin-top: 0px !important;margin-bottom: 20px !important;}&#8221;][vc_custom_heading text=&#8221;PRESENTATION &#8211; PRINCIPES D&#8217;UNIDROIT 2010&#8243; font_container=&#8221;tag:h4|text_align:left&#8221; use_theme_fonts=&#8221;yes&#8221;][\/vc_column][\/vc_row][vc_row css=&#8221;.vc_custom_1622455036974{background-color: #f2f2f2 !important;}&#8221;][vc_column css=&#8221;.vc_custom_1490017614850{margin-bottom: 30px !important;}&#8221;][vc_column_text]Lors de sa 90\u00e8me\u00a0session, le Conseil de Direction d\u2019UNIDROIT a adopt\u00e9 la troisi\u00e8me \u00e9dition des Principes d\u2019UNIDROIT relatifs aux contrats du&nbsp;<a href=\"https:\/\/www.unidroit.org\/fr\/instruments\/contrats-du-commerce\/principes-dunidroit-2010\/presentation\/\">&hellip;<\/a><\/p>\n","protected":false},"author":20,"featured_media":0,"parent":5766,"menu_order":0,"comment_status":"closed","ping_status":"closed","template":"","meta":{"ep_exclude_from_search":false,"footnotes":""},"class_list":["post-5847","page","type-page","status-publish","format-standard","hentry","odd"],"_links":{"self":[{"href":"https:\/\/www.unidroit.org\/fr\/wp-json\/wp\/v2\/pages\/5847","targetHints":{"allow":["GET"]}}],"collection":[{"href":"https:\/\/www.unidroit.org\/fr\/wp-json\/wp\/v2\/pages"}],"about":[{"href":"https:\/\/www.unidroit.org\/fr\/wp-json\/wp\/v2\/types\/page"}],"author":[{"embeddable":true,"href":"https:\/\/www.unidroit.org\/fr\/wp-json\/wp\/v2\/users\/20"}],"replies":[{"embeddable":true,"href":"https:\/\/www.unidroit.org\/fr\/wp-json\/wp\/v2\/comments?post=5847"}],"version-history":[{"count":0,"href":"https:\/\/www.unidroit.org\/fr\/wp-json\/wp\/v2\/pages\/5847\/revisions"}],"up":[{"embeddable":true,"href":"https:\/\/www.unidroit.org\/fr\/wp-json\/wp\/v2\/pages\/5766"}],"wp:attachment":[{"href":"https:\/\/www.unidroit.org\/fr\/wp-json\/wp\/v2\/media?parent=5847"}],"curies":[{"name":"wp","href":"https:\/\/api.w.org\/{rel}","templated":true}]}}