{"id":5927,"date":"2021-08-14T08:03:42","date_gmt":"2021-08-14T08:03:42","guid":{"rendered":"https:\/\/www.unidroit.org\/?page_id=5927"},"modified":"2021-08-14T08:03:46","modified_gmt":"2021-08-14T08:03:46","slug":"bibliographie","status":"publish","type":"page","link":"https:\/\/www.unidroit.org\/fr\/instruments\/credit-bail\/credit-bail-international\/bibliographie\/","title":{"rendered":"Bibliographie"},"content":{"rendered":"<div class=\"wpb-content-wrapper\"><p>[vc_row][vc_column css=&#8221;.vc_custom_1490017614850{margin-bottom: 30px !important;}&#8221;][vc_custom_heading text=&#8221;BIBLIOGRAPHIE&#8221; font_container=&#8221;tag:h1|text_align:left&#8221; use_theme_fonts=&#8221;yes&#8221; css=&#8221;.vc_custom_1628928256492{margin-top: 0px !important;margin-bottom: 20px !important;}&#8221;][vc_custom_heading text=&#8221;BIBLIOGRAPHIE CREDIT-BAIL INTERNATIONAL&#8221; font_container=&#8221;tag:h4|text_align:left&#8221; use_theme_fonts=&#8221;yes&#8221;][\/vc_column][\/vc_row][vc_row css=&#8221;.vc_custom_1622455036974{background-color: #f2f2f2 !important;}&#8221;][vc_column css=&#8221;.vc_custom_1490017614850{margin-bottom: 30px !important;}&#8221;][vc_column_text]ADAME GODDARD, J., Convenci\u00f3n de UNIDROIT sobre Arrendamiento Financiero Internacional, Revista de Derecho Privado (Instituto de Investigaciones Jur\u00eddicas, Universidad Nacional Aut\u00f3noma de M\u00e9xico), 5 (1994), N\u00fams. 13, 14 y 15, 159<\/p>\n<p>BACKOVI\u0106, N. &#8211; Adopting and adapting the UNIDROIT model law on leasing, Uniform law review \/ Revue de droit uniforme, 15 (2010) 3\/4, pp. 861-867<\/p>\n<p>BAKKOUR, E.M., Une lecture de la Convention d&#8217;UNIDROIT sur le cr\u00e9dit-bail international (Ottawa, 28 mai 1988), Revue marocaine de Droit et d&#8217;Economie du d\u00e9veloppement, (1994), N\u00b0 34, 103<\/p>\n<p>B\u00c9GUIN, J., Une tentative d&#8217;\u00e9quilibrage contractuel: la Convention d&#8217;Ottawa sur le cr\u00e9dit-bail mobilier international, in: \u00c9tudes offertes \u00e0 Jacques Ghestin. Le contrat au d\u00e9but du XXIe si\u00e8cle, 65-90, Paris, Librairie G\u00e9n\u00e9rale de Droit et de Jurisprudence, 2001<\/p>\n<p>CASTILLO-TRIANA, R., Equipment leasing: trends and regulations in Latin America &#8211; a case for the UNIDROIT Leasing Convention,Uniform Law Review \/ Revue de droit uniforme, 7 (2002), 737-750<\/p>\n<p>CLARIZIA, R., La Convenzione UNIDROIT sulla locazione finanziaria: analogie e differenze rispetto al modello italiano, Rivista di Diritto dell&#8217;Impresa, (1994), 27<\/p>\n<p>CLARIZIA, R., I contratti per il finanziamento dell\u2019impresa. Mutuo di scopo, leasing, factoring (Trattato di diritto commerciale, Sezione II \u2013 Tomo 4) ,Torino, G. Giappichelli, 2002, pp. X-580<\/p>\n<p>DAGEFORDE, C., Inkrafttreten der Unidroit-Konvention von Ottawa vom 28. 5. 1988 \u00fcber Internationales Finanzierungsleasing, Recht der Internationalen Wirtschaft, 41 (1995), 265<\/p>\n<p>DALHUISEN, J.H., The UNIDROIT\u00a0Convention on International Financial Leasing, Eenvormig en Vergelijkend Privaatrecht, (1994), 27<\/p>\n<p>DE CAPOA, A. \u2013 MASSIRONI, M., La disciplina materiale uniforme del leasing, in: Figure della contrattazione internazionale (I nuovi contratti nella prassi civile e commerciale, 11), Torino, Utet, 2004, 467-483<\/p>\n<p>DE NOVA, G., La d\u00e9faillance du cr\u00e9dit-preneur sous l&#8217;empire de la Convention d&#8217;UNIDROIT sur le cr\u00e9dit-bail international, Uniform Law Review \/ Revue de droit uniforme, 1996, 255<\/p>\n<p>F\u00d6TSCHL, A., Financial leasing unter der UNIDROIT-Convention on International Financial Leasing und dem Draft Common Frame of Reference: eine vergleichende Analyse, European Review of Private Law 2009, 659-673<\/p>\n<p>FRIGNANI, A. \u2013 TORSELLO, M., Financial Leasing in Italy, Uniform law review \/ Revue de droit uniforme, 2011, 16 (2010) 1\/2, pp. 351-371<\/p>\n<p>GIRSBERGER, D., Grenz\u00fcberschreitendes Finanzierungsleasing. (Max-Planck-Institut f\u00fcr ausl\u00e4ndisches und internationales Privatrecht. Beitr\u00e4ge zum ausl\u00e4ndischen und internationale Privatrecht, 61), T\u00fcbingen, Mohr Siebeck 1997, pp. XXXIV &#8211; 605<\/p>\n<p>GOODE, R., Practical questions relating to the UNIDROIT\u00a0Convention on International Financial Leasing, in: Uniform Commercial Law in the Twenty-first Century, 106. Proceedings of the Congress of the United Nations Commission on International Trade Law, New York, 18-22 May 1992, New York, United Nations, 1995<\/p>\n<p>HONNEBIER, B.P., Heeft Aruba een aantrekkelijk lease klimaat? Enige civielrechtelijke aspecten van (internationale en interregionale) leasing van roerende kapitaalgoederen, Aruba Iuridica, Nr. 3, 41\u00a0<em>et seq.<\/em>\u00a0Groningen, Universiteitsdrukkerij, 1998<\/p>\n<p>HONNEBIER, B.P., Het aansprakelijkheidsregime van de UNIDROIT\u00a0Convention on International Financial Leasing, in: Tussen de polen van bescherming en vrijheid. Aspecten van aansprakelijkheid, 92\u00a0<em>et seq.<\/em>\u00a0Opstellen geschreven ter gelegenheid van het feit dat het Molengraaff Instituut voor Privaatrecht in 1998 gedurende 40 jaar de naam van Molengraaf draagt. Interscientia Rechtswetenschappen<\/p>\n<p>HONNEBIER, B.P., Het effect van de UNIDROIT\u00a0Convention on international financial leasing in Nederland, Weekblad voor Privaatrecht, Notariaat en Registratie, 127 (1996), 755-776<\/p>\n<p>HONNEBIER, P., De (internationale) leasing transactie als financieringsmethode van roerende kapitaalgoederen, 50, Onderneming en Financiering, April 2002, pp. 59-69<\/p>\n<p>KNEBEL, A., Der Aufwendungsersatzanspruch des Leasinggebers nach der UNIDROIT-Leasing-Konvention, Bern, Lang, 1994<\/p>\n<p>KRONKE, H., Financial leasing and its unification by UNIDROIT: general report, Uniform law review \/ Revue de droit uniforme, 2011, 16 (2010) 1\/2, pp. 23-44<\/p>\n<p>KRONKE, Herbert \u2013 Financial leasing and its unification by UNIDROIT, in: General reports of the XVIII<sup>th<\/sup>\u00a0Congress of the International Academy of Comparative Law, 2012, pp. 321-333<\/p>\n<p>LA TORRE, M.R., Il leasing finanziario internazionale, in: LA TORRE, M.R &#8211; Manuale della locazione finanziaria, Milano, Giuffr\u00e8, 2002, 623-630<\/p>\n<p>LEVY, D.A., Financial leasing under the UNIDROIT\u00a0Convention and the Uniform Commercial Code: a comparative analysis, Indiana International and Comparative Law Review, 5 (1995), 267<\/p>\n<p>LEYVA SAAVEDRA, J., La Convenci\u00f3n del UNIDROIT\u00a0sobre el leasing internacional, in: Leyva Saavedra, J. &#8211; Contratos de empresa, Tomo I, 375-387 (Tratado de derecho privado, Volumen II), Lima, Editorial San Marcos, 1997<\/p>\n<p>LEYVA SAAVEDRA, J., La Convenci\u00f3n del UNIDROIT\u00a0sobre el leasing internacional, in: Leyva Saavedra, J. &#8211; Leasing, 391-413 (Tratado de derecho privado, Volumen I), Lima, Editorial San Marcos, 1998<\/p>\n<p>LLINAS VOLPE, M.A., Convenio de UNIDROIT\u00a0sobre arrendamiento financiero internacional adoptado en Ottawa el 26 de mayo de 1988 (Introducci\u00f3n), Acuerdos internacionales de facilitaci\u00f3n del Comercio Internacional, Ministerio de Justicia y del Derecho de la Rep\u00fablica de Colombia, 1997, 87-101<\/p>\n<p>MARIANI, Paola, Il leasing finanziario internazionale uniforme e il diritto internazionale privato (Rivista di diritto internazionale \/ Studi e pubblicazioni; 60), Padova, Cedam, 2004, pp. XIV-198<\/p>\n<p>MOONEY, C.W., Exporting UCC Article 9 to an international convention: the local law conundrum, Canadian Business Law Journal, 27 (1996), 278<\/p>\n<p>SANCHEZ LORENZO, S., Aspectos reales del leasing internacional,Revista de la Corte Espa\u00f1ola de Arbitraje, (1992), 49<\/p>\n<p>SCHERMI, A., Il leasing finanziario e la Convenzione internazionale di Ottawa 28 maggio 1988, resa esecutiva con l. 14 luglio 1993, n. 259, Giustizia Civile, 44 (1994), I, 725<\/p>\n<p>SIEBEL, U.R. \u2013 R\u00d6VER, J. H. \u2013 KN\u00dcTEL, Ch. [Eds.], Rechtshandbuch Projektfinanzierung und PPP: Vertragsgestaltung und Projektdurchf\u00fchrung nach deutschem Recht unter Ber\u00fccksichtigung internationaler Erfahrungen (2., erg. und erw. Aufl.), K\u00f6ln; M\u00fcnchen: Heymann; Neuwied: Werner, 2008, pp. XXX, 1146<\/p>\n<p>STANFORD, M.J., Recent developments with the UNIDROIT\u00a0Convention, World Leasing Yearbook, (1994), 46<\/p>\n<p>STANFORD, M.J., Recent developments with the UNIDROIT\u00a0Convention, World Leasing Yearbook, (1995), 41<\/p>\n<p>STANFORD, M.J., The UNIDROIT\u00a0Convention on International Financial Leasing, World Leasing Yearbook, (1999), 32-35<\/p>\n<p>STANFORD, M.J., The UNIDROIT\u00a0Convention on International Financial Leasing, World Leasing Yearbook, (2000), 40-43<\/p>\n<p>STANFORD, M.J., The UNIDROIT\u00a0Convention on International Financial Leasing, World Leasing Yearbook, (2001), 40-43<\/p>\n<p>STANFORD, M.J., International Financial Leasing: The status of the Unidroit Convention and an analysis of its provisions, Uniform Commercial Code Law Journal, 32 (Fall 1999), 182-205<\/p>\n<p>STANFORD, M.J., UNIDROIT\u00a0Convention on Leasing enters into force, World Leasing Yearbook, (1996), 28<\/p>\n<p>STANFORD, M.J., From Ottawa to Cape Town: UNIDROIT\u2019s Role in the modernisation of the law governing leasing and the taking of security, in: DAVIES, I. (Ed.) \u2013 Security interests in mobile equipment, Aldershot, Dartmouth Publishing Company, Ashgate Publishing Limited, 2002, 397-448<\/p>\n<p>TZENG, C., Ottawa-Konvention und nationales Recht: kollisionsrechtliche Probleme bei Anwendung der Ottawa-Konvention (M\u00fcnchner juristische Beitr\u00e4ge, 27), M\u00fcnchen, Utz, 2002, pp. XXI-210<\/p>\n<p>WILSON, J.M., Financial leasing and its unification by Unidroit: the role of the Organization of American States (OAS), Uniform law review \/ Revue de droit uniforme, 2011, 16 (2010) 1\/2, pp. 469-482[\/vc_column_text][\/vc_column][\/vc_row][vc_row][vc_column][vc_empty_space height=&#8221;10px&#8221;][\/vc_column][\/vc_row]<\/p>\n<\/div>","protected":false},"excerpt":{"rendered":"<p>[vc_row][vc_column css=&#8221;.vc_custom_1490017614850{margin-bottom: 30px !important;}&#8221;][vc_custom_heading text=&#8221;BIBLIOGRAPHIE&#8221; font_container=&#8221;tag:h1|text_align:left&#8221; use_theme_fonts=&#8221;yes&#8221; css=&#8221;.vc_custom_1628928256492{margin-top: 0px !important;margin-bottom: 20px !important;}&#8221;][vc_custom_heading text=&#8221;BIBLIOGRAPHIE CREDIT-BAIL INTERNATIONAL&#8221; font_container=&#8221;tag:h4|text_align:left&#8221; use_theme_fonts=&#8221;yes&#8221;][\/vc_column][\/vc_row][vc_row css=&#8221;.vc_custom_1622455036974{background-color: #f2f2f2 !important;}&#8221;][vc_column css=&#8221;.vc_custom_1490017614850{margin-bottom: 30px !important;}&#8221;][vc_column_text]ADAME GODDARD, J., Convenci\u00f3n de UNIDROIT sobre Arrendamiento Financiero Internacional, Revista de Derecho Privado (Instituto de Investigaciones Jur\u00eddicas, Universidad Nacional Aut\u00f3noma de M\u00e9xico),&nbsp;<a href=\"https:\/\/www.unidroit.org\/fr\/instruments\/credit-bail\/credit-bail-international\/bibliographie\/\">&hellip;<\/a><\/p>\n","protected":false},"author":20,"featured_media":0,"parent":5912,"menu_order":0,"comment_status":"closed","ping_status":"closed","template":"","meta":{"ep_exclude_from_search":false,"footnotes":""},"class_list":["post-5927","page","type-page","status-publish","format-standard","hentry","odd"],"_links":{"self":[{"href":"https:\/\/www.unidroit.org\/fr\/wp-json\/wp\/v2\/pages\/5927","targetHints":{"allow":["GET"]}}],"collection":[{"href":"https:\/\/www.unidroit.org\/fr\/wp-json\/wp\/v2\/pages"}],"about":[{"href":"https:\/\/www.unidroit.org\/fr\/wp-json\/wp\/v2\/types\/page"}],"author":[{"embeddable":true,"href":"https:\/\/www.unidroit.org\/fr\/wp-json\/wp\/v2\/users\/20"}],"replies":[{"embeddable":true,"href":"https:\/\/www.unidroit.org\/fr\/wp-json\/wp\/v2\/comments?post=5927"}],"version-history":[{"count":0,"href":"https:\/\/www.unidroit.org\/fr\/wp-json\/wp\/v2\/pages\/5927\/revisions"}],"up":[{"embeddable":true,"href":"https:\/\/www.unidroit.org\/fr\/wp-json\/wp\/v2\/pages\/5912"}],"wp:attachment":[{"href":"https:\/\/www.unidroit.org\/fr\/wp-json\/wp\/v2\/media?parent=5927"}],"curies":[{"name":"wp","href":"https:\/\/api.w.org\/{rel}","templated":true}]}}