{"id":5946,"date":"2021-08-14T08:26:44","date_gmt":"2021-08-14T08:26:44","guid":{"rendered":"https:\/\/www.unidroit.org\/?page_id=5946"},"modified":"2021-08-14T08:26:49","modified_gmt":"2021-08-14T08:26:49","slug":"travaux-preparatoires","status":"publish","type":"page","link":"https:\/\/www.unidroit.org\/fr\/instruments\/credit-bail\/credit-bail-loi-type\/travaux-preparatoires\/","title":{"rendered":"Travaux pr\u00e9paratoires"},"content":{"rendered":"<div class=\"wpb-content-wrapper\"><p>[vc_row][vc_column css=&#8221;.vc_custom_1490017614850{margin-bottom: 30px !important;}&#8221;][vc_custom_heading text=&#8221;TRAVAUX PREPARATOIRES&#8221; font_container=&#8221;tag:h1|text_align:left&#8221; use_theme_fonts=&#8221;yes&#8221; css=&#8221;.vc_custom_1628929643924{margin-top: 0px !important;margin-bottom: 20px !important;}&#8221;][vc_custom_heading text=&#8221;ETUDE LIX A &#8211; LOI TYPE SUR LA LOCATION ET LA LOCATION-FINANCEMENT &#8211; TRAVAUX PREPARATOIRE<br \/>\n&#8221; font_container=&#8221;tag:h4|text_align:left&#8221; use_theme_fonts=&#8221;yes&#8221;][\/vc_column][\/vc_row][vc_row css=&#8221;.vc_custom_1622455036974{background-color: #f2f2f2 !important;}&#8221;][vc_column css=&#8221;.vc_custom_1490017614850{margin-bottom: 30px !important;}&#8221;][vc_column_text]<a href=\"https:\/\/www.unidroit.org\/english\/documents\/2005\/study59a\/ab-leasing-1-wp1-e.pdf\">UNIDROIT 2005 \u2013 A.B.\/Leasing\/1\/W.P. 1<\/a>\u00a0[en anglais seulement]Advisory Board for the preparation of a model law on leasing, first session, Rome 17-18 October 2005. DRAFT AGENDA<\/p>\n<p><a href=\"https:\/\/www.unidroit.org\/english\/documents\/2005\/study59a\/ab-leasing-1-wp2-e.pdf\">UNIDROIT 2005 \u2013 A.B.\/Leasing\/1\/W.P. 2<\/a>\u00a0[en anglais seulement]Advisory Board for the preparation of a model law on leasing, first session, Rome 17-18 October 2005. COMMENTS REGARDING THE KEY ISSUES TO BE DEALT WITH IN A MODEL LAW ON LEASING. COMMENTS by Mr R. Castillo-Triana (Colombia), Member of the Advisory Board, on memorandum prepared by UNIDROIT Secretariat<\/p>\n<p><a href=\"https:\/\/www.unidroit.org\/english\/documents\/2005\/study59a\/ab-leasing-1-wp3-e.pdf\">UNIDROIT 2005 \u2013 A.B.\/Leasing\/1\/W.P. 3<\/a>\u00a0[en anglais seulement]Advisory Board for the preparation of a model law on leasing, first session, Rome 17-18 October 2005. COMMENTS REGARDING THE KEY ISSUES TO BE DEALT WITH IN A MODEL LAW ON LEASING. COMMENTS by Mr E.M. Bey (France\/Tunisia), Member of the Advisory Board, on memorandum prepared by UNIDROIT Secretariat<\/p>\n<p><a href=\"https:\/\/www.unidroit.org\/french\/documents\/2005\/etude59a\/s-59a-01-f.pdf\">UNIDROIT 2005 \u2013 Etude LIX A \u2013 Doc. 1<\/a><br \/>\nComit\u00e9 consultatif pour l\u2019\u00e9laboration d\u2019une loi type sur le leasing, premi\u00e8re session, Rome, 17-18 octobre 2005. QUESTIONS FONDAMENTALES SOULEVEES PAR L\u2019ELABORATION D\u2019UNE LOI TYPE SUR LE LEASING (Note pr\u00e9par\u00e9e par le Secr\u00e9tariat d&#8217;UNIDROIT)<\/p>\n<p><a href=\"https:\/\/www.unidroit.org\/french\/documents\/2005\/etude59a\/s-59a-02-f.pdf\">UNIDROIT 2005 \u2013 Etude LIX A \u2013 Doc. 2<\/a><br \/>\nComit\u00e9 consultatif pour l\u2019\u00e9laboration d\u2019une loi type sur le leasing, premi\u00e8re session, Rome, 17-18 octobre 2005. RAPPORT DE SYNTHESE (pr\u00e9par\u00e9e par le Secr\u00e9tariat d&#8217;UNIDROIT)<\/p>\n<p><a href=\"https:\/\/www.unidroit.org\/french\/documents\/2005\/etude59a\/s-59a-03-f.pdf\">UNIDROIT 2005 \u2013 Etude LIX A \u2013 Doc. 3<\/a><br \/>\nComit\u00e9 consultatif pour l\u2019\u00e9laboration d\u2019une loi type sur le leasing. AVANT-PROJET DE LOI TYPE SUR LE LEASING (pr\u00e9par\u00e9 par le Rapporteur sur la base des directives fournies par le Comit\u00e9 consultative lors de sa premi\u00e8re session (Rome, 17 octobre 2005))<\/p>\n<p><a href=\"https:\/\/www.unidroit.org\/french\/documents\/2006\/etude59a\/s-59a-04-f.pdf\">UNIDROIT 2006 &#8211; Etude LIX A &#8211; Doc. 4<\/a><br \/>\nComit\u00e9 consultatif pour l\u2019\u00e9laboration d\u2019une loi type sur le leasing, deuxi\u00e8me session, Rome, 6-7 f\u00e9vrier 2006. AVANT-PROJET DE LOI TYPE SUR LE LEASING (pr\u00e9par\u00e9 par le Rapporteur sur la base des directives fournies par le Comit\u00e9 consultatif lors de sa premi\u00e8re session (Rome, 17 octobre 2005)): COMMENTAIRES par M. Bey, Dr Castillo-Triana, Leaseurope, Mme Normantovitch, Professeur Shi et M. Sultanov, membres du Comit\u00e9 consultatif<\/p>\n<p><a href=\"https:\/\/www.unidroit.org\/french\/documents\/2006\/etude59a\/s-59a-04add-f.pdf\">UNIDROIT 2006 &#8211; Etude LIX A &#8211; Doc. 4 add.<\/a><br \/>\nComit\u00e9 consultatif pour l\u2019\u00e9laboration d\u2019une loi type sur le leasing, deuxi\u00e8me session, Rome, 6-7 f\u00e9vrier 2006. AVANT-PROJET DE LOI TYPE SUR LE LEASING (pr\u00e9par\u00e9 par le Rapporteur sur la base des directives fournies par le Comit\u00e9 consultatif lors de sa premi\u00e8re session (Rome, 17 octobre 2005)): COMMENTAIRES de Mme Ndonde et de l\u2019Equipment Leasing Association of America, membres du Comit\u00e9 consultatif<\/p>\n<p><a href=\"https:\/\/www.unidroit.org\/french\/documents\/2006\/etude59a\/s-59a-05-f.pdf\">UNIDROIT 2006 &#8211; Etude LIX A &#8211; Doc. 5<\/a><br \/>\nComit\u00e9 consultatif pour l\u2019\u00e9laboration d\u2019une loi type sur le leasing, deuxi\u00e8me session, Rome, 6-7 f\u00e9vrier 2006. RAPPORT DE SYNTHESE (pr\u00e9par\u00e9 par le Secr\u00e9tariat d&#8217;UNIDROIT)<\/p>\n<p><a href=\"https:\/\/www.unidroit.org\/french\/documents\/2006\/etude59a\/s-59a-06-f.pdf\">UNIDROIT 2006 &#8211; Etude LIX A &#8211; Doc. 6<\/a><br \/>\nComit\u00e9 consultatif pour l\u2019\u00e9laboration d\u2019une loi type sur le leasing. AVANT-PROJET DE LOI TYPE SUR LE LEASING (pr\u00e9par\u00e9 par M. Ronald DeKoven, le Rapporteur, sur la base des directives fournies par le Comit\u00e9 consultatif lors de sa deuxi\u00e8me session (Rome, 6 et 7 f\u00e9vrier 2006))<\/p>\n<p><a href=\"https:\/\/www.unidroit.org\/french\/documents\/2006\/etude59a\/s-59a-07-f.pdf\">UNIDROIT 2006 &#8211; Etude LIX A &#8211; Doc. 7<\/a><br \/>\nComit\u00e9 consultatif pour l\u2019\u00e9laboration d\u2019une loi type sur le leasing, troisi\u00e8me session, Rome, 3-5 avril 2006. AVANT-PROJET DE LOI TYPE SUR LE LEASING (pr\u00e9par\u00e9 par le Rapporteur sur la base des directives du Comit\u00e9 consultatif lors de sa deuxi\u00e8me session (Rome, 6-7 f\u00e9vrier 2006)): COMMENTAIRES de M. Castillo-Triana, Leaseurope, M. Peter, Mme Shi et M. Sultanov, membres du Comit\u00e9 consultatif, et de la CNUDCI, observateur<\/p>\n<p><a href=\"https:\/\/www.unidroit.org\/french\/documents\/2006\/etude59a\/s-59a-08-f.pdf\">UNIDROIT 2006 &#8211; Etude LIX A &#8211; Doc. 8<\/a><br \/>\nComit\u00e9 consultatif pour l\u2019\u00e9laboration d\u2019une loi type sur le leasing. AVANT-PROJET DE LOI TYPE SUR LE LEASING (pr\u00e9par\u00e9 par le Comit\u00e9 de r\u00e9daction sur la base des directives fournies par le Comit\u00e9 consultatif lors de sa troisi\u00e8me session (Rome, 3-5 avril 2006))<\/p>\n<p><a href=\"https:\/\/www.unidroit.org\/french\/documents\/2006\/etude59a\/s-59a-09-f.pdf\">UNIDROIT 2006 &#8211; Etude LIX A &#8211; Doc. 9<\/a><br \/>\nComit\u00e9 consultatif pour l\u2019\u00e9laboration d\u2019une loi type sur le leasing, troisi\u00e8me session, Rome, 3-5 avril 2006. RAPPORT DE SYNTHESE (pr\u00e9par\u00e9 par le Secr\u00e9tariat d&#8217;UNIDROIT)<\/p>\n<p>UNIDROIT 2006 &#8211; Etude LIX A &#8211; Doc. 10 [n\u2019existe pas]<\/p>\n<p><a href=\"https:\/\/www.unidroit.org\/french\/documents\/2006\/etude59a\/s-59a-11-f.pdf\">UNIDROIT 2006 &#8211; Etude LIX A &#8211; Doc. 11<\/a><br \/>\nAVANT-PROJET DE LOI TYPE SUR LE LEASING (tel qu\u2019\u00e9tabli par le Comit\u00e9 consultatif d\u2019UNIDROIT pour l\u2019\u00e9laboration d\u2019une Loi type sur le leasing lors de sa troisi\u00e8me session (Rome, 3-5 avril 2006) et autoris\u00e9 pour transmission aux Gouvernements en vue de sa mise au point par le Conseil de Direction d\u2019UNIDROIT \u00e0 sa 85\u00e8me session (Rome, 8-10 mai 2006))<\/p>\n<p><a href=\"https:\/\/www.unidroit.org\/french\/documents\/2007\/etude59a\/s-59a-12-f.pdf\">UNIDROIT 2007 &#8211; Etude LIX A &#8211; Doc. 12<\/a><br \/>\nComit\u00e9 d\u2019experts gouvernementaux d\u2019UNIDROIT charg\u00e9 d\u2019\u00e9laborer un projet de loi type sur le leasing, premi\u00e8re session, Johannesburg, 7-10 mai 2007. RAPPORT DE SYNTHESE (pr\u00e9par\u00e9 par le Secr\u00e9tariat d\u2019UNIDROIT)<\/p>\n<p><a href=\"https:\/\/www.unidroit.org\/french\/documents\/2008\/etude59a\/s-59a-13-f.pdf\">UNIDROIT 2008 &#8211; Etude LIX A &#8211; Doc. 13<\/a><br \/>\nComit\u00e9 d\u2019experts gouvernementaux d\u2019UNIDROIT charg\u00e9 d\u2019\u00e9laborer un projet de loi type sur le leasing, deuxi\u00e8me session, Muscate, 6-9 avril 2008. RAPPORT DE SYNTHESE (pr\u00e9par\u00e9 par le Secr\u00e9tariat d\u2019UNIDROIT)<\/p>\n<p><a href=\"https:\/\/www.unidroit.org\/french\/documents\/2008\/etude59a\/s-59a-14-f.pdf\">UNIDROIT 2008 &#8211; Etude LIX A &#8211; Doc. 14<\/a><br \/>\nComit\u00e9 d\u2019experts gouvernementaux d\u2019UNIDROIT charg\u00e9 d\u2019\u00e9laborer un projet de loi type sur le leasing. PROJET DE LOI TYPE SUR LA LOCATION (LEASING) (tel qu&#8217;\u00e9tabli et autoris\u00e9 pour transmission aux Gouvernements pour finalisation et adoption par le Conseil de Direction lors de sa 87\u00e8me session, tenue \u00e0 Rome du 21 au 23 avril 2008, \u00e0 la suite de la deuxi\u00e8me session du Comit\u00e9 d\u2019experts gouvernementaux, tenue \u00e0 Mascate du 6 au 9 avril 2008)<\/p>\n<p><a href=\"https:\/\/www.unidroit.org\/french\/documents\/2008\/etude59a\/s-59a-15-f.pdf\">UNIDROIT 2008 &#8211; Etude LIX A &#8211; Doc. 15<\/a><br \/>\nComit\u00e9 d\u2019experts gouvernementaux d\u2019UNIDROIT charg\u00e9 d\u2019\u00e9laborer un projet de loi type sur le leasing. RESOLUTION (87) 1 adopt\u00e9e par le Conseil de Direction d&#8217;UNIDROIT \u00e0 sa 87\u00e8me session (Rome, 21\/23 avril 2008)<\/p>\n<p><a href=\"https:\/\/www.unidroit.org\/french\/documents\/2008\/etude59a\/s-59a-16-f.pdf\">UNIDROIT 2008 &#8211; Etude LIX A &#8211; Doc. 16<\/a><br \/>\nSession conjointe de l\u2019Assembl\u00e9e G\u00e9n\u00e9rale d\u2019UNIDROIT et du Comit\u00e9 d\u2019experts gouvernementaux d\u2019UNIDROIT en vue de la finalisation et de l\u2019adoption d\u2019un projet de loi type sur la location (leasing), Rome 10\/13 novembre 2008. RAPPORT (pr\u00e9par\u00e9 par le Secr\u00e9tariat d\u2019UNIDROIT)<\/p>\n<p><a href=\"https:\/\/www.unidroit.org\/french\/documents\/2008\/etude59a\/s-59a-17-f.pdf\">UNIDROIT 2008 &#8211; Etude LIX A &#8211; Doc. 17<\/a><br \/>\nLOI TYPE D\u2019UNIDROIT SUR LA LOCATION ET LA LOCATION-FINANCEMENT (telle qu&#8217;adopt\u00e9e le 13 novembre 2008 par la Session conjointe de l\u2019Assembl\u00e9e G\u00e9n\u00e9rale et du Comit\u00e9 d\u2019experts gouvernementaux d\u2019UNIDROIT en vue de la finalisation et de l\u2019adoption d\u2019un projet de loi type sur la location (leasing), tenue \u00e0 Rome du 10 au 13 novembre 2008)<\/p>\n<p><a href=\"https:\/\/www.unidroit.org\/french\/documents\/2008\/etude59a\/s-59a-18-f.pdf\">UNIDROIT 2008 &#8211; Etude LIX A &#8211; Doc. 18<\/a><br \/>\nR\u00e9solution adopt\u00e9e \u00e0 Rome le 13 novembre 2008 par la Session conjointe de l\u2019Assembl\u00e9e G\u00e9n\u00e9rale et du Comit\u00e9 d\u2019experts gouvernementaux d\u2019UNIDROIT en vue de la finalisation et de l\u2019adoption d\u2019un projet de loi type sur la location (leasing)<\/p>\n<p><a href=\"https:\/\/www.unidroit.org\/french\/documents\/2009\/etude59a\/s-59a-19-f.pdf\">UNIDROIT 2009 &#8211; Etude LIX A &#8211; Doc. 19<\/a><br \/>\nLoi type d\u2019UNIDROIT sur la location et la location-financement &#8211; Premier projet de Commentaire Officiel de l\u2019Assembl\u00e9e G\u00e9n\u00e9rale d\u2019UNIDROIT et du Comit\u00e9 d\u2019experts gouvernementaux d\u2019UNIDROIT en vue de la finalisation et de l\u2019adoption d\u2019un projet de loi type sur la location (leasing) &#8211; juin 2009<\/p>\n<p><a href=\"https:\/\/www.unidroit.org\/french\/documents\/2009\/etude59a\/s-59a-20-f.pdf\">UNIDROIT 2009 &#8211; Etude LIX A &#8211; Doc. 20<\/a><br \/>\nR\u00e9union des personnes invit\u00e9es par la Session conjointe de l\u2019Assembl\u00e9e G\u00e9n\u00e9rale d\u2019UNIDROIT et du Comit\u00e9 d\u2019experts gouvernementaux d\u2019UNIDROIT en vue de la finalisation et de l\u2019adoption d\u2019un projet de loi type sur la location (leasing) \u00e0 travailler en \u00e9troite coop\u00e9ration avec le Secr\u00e9tariat d\u2019UNIDROIT pour pr\u00e9parer un Commentaire officiel sur la loi type d\u2019UNIDROIT sur la location et la location-financement, Rome, 23\/24 June 2009. Premier projet de Commentaire officiel (pr\u00e9par\u00e9 par M. R. M. DeKoven, Rapporteur de la Session conjointe) : Commentaires par les Pr\u00e9sidents du Comit\u00e9 d\u2019experts gouvernementaux et les Gouvernements du Canada, des Etats-Unis d\u2019Am\u00e9rique et de la France en tant que membres du Comit\u00e9 de r\u00e9daction du Comit\u00e9 d\u2019experts gouvernementaux) \u2013 mai 2009<\/p>\n<p><a href=\"https:\/\/www.unidroit.org\/french\/documents\/2009\/etude59a\/s-59a-21-f.pdf\">UNIDROIT 2009 &#8211; Etude LIX A &#8211; Doc. 21<\/a><br \/>\nR\u00e9union des personnes invit\u00e9es par la Session conjointe de l\u2019Assembl\u00e9e G\u00e9n\u00e9rale d\u2019UNIDROIT et du Comit\u00e9 d\u2019experts gouvernementaux d\u2019UNIDROIT en vue de la finalisation et de l\u2019adoption d\u2019un projet de loi type sur la location (leasing) \u00e0 travailler en \u00e9troite coop\u00e9ration avec le Secr\u00e9tariat d\u2019UNIDROIT pour pr\u00e9parer un Commentaire officiel sur la loi type d\u2019UNIDROIT sur la location et la location-financement, Rome, 23\/24 June 2009. . Premier projet de Commentaire officiel (pr\u00e9par\u00e9 par M. R. M. DeKoven, Rapporteur de la Session conjointe) : Tableau des commentaires article-par-article (soumis par les Pr\u00e9sidents du Comit\u00e9 d\u2019experts gouvernementaux et les Gouvernements du Canada, des Etats-Unis d\u2019Am\u00e9rique et de la France, en tant que membres du Comit\u00e9 de r\u00e9daction du Comit\u00e9 d\u2019experts gouvernementaux) \u2013 mai 2009<\/p>\n<p><a href=\"https:\/\/www.unidroit.org\/french\/documents\/2009\/etude59a\/s-59a-22-f.pdf\">UNIDROIT 2009 &#8211; Etude LIX A &#8211; Doc. 22<\/a><br \/>\nR\u00e9union des personnes invit\u00e9es par la Session conjointe de l\u2019Assembl\u00e9e G\u00e9n\u00e9rale d\u2019UNIDROIT et du Comit\u00e9 d\u2019experts gouvernementaux d\u2019UNIDROIT en vue de la finalisation et de l\u2019adoption d\u2019un projet de loi type sur la location (leasing) \u00e0 travailler en \u00e9troite coop\u00e9ration avec le Secr\u00e9tariat d\u2019UNIDROIT pour pr\u00e9parer un Commentaire officiel sur la loi type d\u2019UNIDROIT sur la location et la location-financement, Rome, 23\/24 June 2009. Premier projet de Commentaire officiel (pr\u00e9par\u00e9 par M. R. M. DeKoven, Rapporteur de la Session conjointe) : projet r\u00e9vis\u00e9 de r\u00e9daction (du Gouvernement du Canada) \u2013 juin 2009<\/p>\n<p><a href=\"https:\/\/www.unidroit.org\/french\/documents\/2010\/etude59a\/s-59a-23-f.pdf\">UNIDROIT 2010 &#8211; Etude LIX A &#8211; Doc. 23<\/a><br \/>\nLOI TYPE D\u2019UNIDROIT SUR LA LOCATION ET LA LOCATION-FINANCEMENT (adopt\u00e9e \u00e0 Rome, le 13 novembre 2008, par une Session conjointe de l\u2019Assembl\u00e9e G\u00e9n\u00e9rale d\u2019UNIDROIT et du Comit\u00e9 d\u2019 UNIDROIT d\u2019experts gouvernementaux en vue de la finalisation et de l\u2019adoption d\u2019un projet de loi type sur la location (leasing)): COMMENTAIRE OFFICIEL (pr\u00e9par\u00e9 par le Secr\u00e9tariat d\u2019UNIDROIT en \u00e9troite coop\u00e9ration avec M. R.M. DeKoven, Rapporteur de la Session conjointe, M. N.J. Makhubele (Afrique du Sud), Pr\u00e9sident du Comit\u00e9 d\u2019UNIDROIT d\u2019experts gouvernementaux, Mme M. Allouch et Mme C. Walsh (Canada), MM. E.M. Bey (France), M.J. Dennis, H.D. Gabriel, W. Henning et S. Weise (Etats-Unis d\u2019Am\u00e9rique), en tant que membres du Comit\u00e9 de r\u00e9daction de la Session conjointe) &#8211; mars 2010<\/p>\n<p><a href=\"https:\/\/www.unidroit.org\/french\/documents\/2010\/etude59a\/s-59a-24-f.pdf\">UNIDROIT 2010 &#8211; Etude LIX A &#8211; Doc. 24<\/a><br \/>\nLOI TYPE D\u2019UNIDROIT SUR LA LOCATION ET LA LOCATION-FINANCEMENT (adopt\u00e9e \u00e0 Rome, le 13 novembre 2008, par une Session conjointe de l\u2019Assembl\u00e9e G\u00e9n\u00e9rale d\u2019UNIDROIT et du Comit\u00e9 d\u2019UNIDROIT d\u2019experts gouvernementaux en vue de la finalisation et de l\u2019adoption d\u2019un projet de loi type sur la location (leasing)): COMMENTAIRE OFFICIEL (pr\u00e9par\u00e9 par le Secr\u00e9tariat d\u2019UNIDROIT en \u00e9troite coop\u00e9ration avec M. R.M. DeKoven, Rapporteur de la Session conjointe, M. N.J. Makhubele (Afrique du Sud), Pr\u00e9sident du Comit\u00e9 d\u2019UNIDROIT d\u2019experts gouvernementaux, Mme M. Allouch et Mme C. Walsh (Canada), MM. E.M. Bey (France), M.J. Dennis, H.D. Gabriel, W. Henning et S. Weise (Etats-Unis d\u2019Am\u00e9rique), en tant que membres du Comit\u00e9 de r\u00e9daction de la Session conjointe, et dont la publication a \u00e9t\u00e9 autoris\u00e9e par le Conseil de Direction d\u2019UNIDROIT lors de sa 89\u00e8me session tenue \u00e0 Rome du 10 au 12 mai 2010) \u2013 mai 2010<\/p>\n<p>&nbsp;<\/p>\n<p>Documents de la Session conjointe de l\u2019Assembl\u00e9e G\u00e9n\u00e9rale d\u2019UNIDROIT et du Comit\u00e9 d\u2019experts gouvernementaux d\u2019UNIDROIT charg\u00e9 de l\u2019\u00e9laboration du projet de Loi type sur la location (leasing) (Rome, 10-13 novembre 2008)<\/p>\n<p>&nbsp;<\/p>\n<p>&nbsp;<\/p>\n<ul>\n<li><a href=\"https:\/\/www.unidroit.org\/french\/modellaws\/2008leasing\/jointsessiondocuments\/2008js-wp1-f.pdf\">Projet d\u2019ordre du jour<\/a>\u00a0(pr\u00e9par\u00e9 par le Secr\u00e9tariat d\u2019UNIDROIT) (S.C. Leasing\/W.P. 1)<\/li>\n<li><a href=\"https:\/\/www.unidroit.org\/french\/modellaws\/2008leasing\/jointsessiondocuments\/2008js-wp2-f.pdf\">Note d\u2019explication au projet d\u2019ordre du jour\u00a0<\/a>\u00a0(pr\u00e9par\u00e9e par le Secr\u00e9tariat d\u2019UNIDROIT) (S.C. Leasing\/W.P. 2)<\/li>\n<li><a href=\"https:\/\/www.unidroit.org\/french\/modellaws\/2008leasing\/jointsessiondocuments\/2008js-wp3-f.pdf\">Projet de Loi type sur la location (leasing)<\/a>(S.C. Leasing\/W.P. 3)<\/li>\n<li><a href=\"https:\/\/www.unidroit.org\/french\/modellaws\/2008leasing\/jointsessiondocuments\/2008js-wp4-f.pdf\">Projet de Loi type sur la location (leasing): Commentaire<\/a>\u00a0(pr\u00e9par\u00e9 par le Secr\u00e9tariat d\u2019UNIDROIT) (S.C. Leasing\/W.P. 4)<\/li>\n<li><a href=\"https:\/\/www.unidroit.org\/french\/modellaws\/2008leasing\/jointsessiondocuments\/2008js-wp5-f.pdf\">Projet de Loi type sur la location (leasing): Commentaires soumis par des Gouvernements et des Organisations<\/a>(S.C. Leasing\/W.P. 5)<\/li>\n<li><a href=\"https:\/\/www.unidroit.org\/french\/modellaws\/2008leasing\/jointsessiondocuments\/2008js-wp5add1-f.pdf\">Projet de Loi type sur la location (leasing): Commentaires soumis par des Gouvernements et des Organisations<\/a>(S.C. Leasing\/W.P. 5 Add. 1)<\/li>\n<li><a href=\"https:\/\/www.unidroit.org\/french\/modellaws\/2008leasing\/jointsessiondocuments\/2008js-wp5add2-f.pdf\">Projet de Loi type sur la location (leasing): Commentaires soumis par des Gouvernements et des Organisations<\/a>(S.C. Leasing\/W.P. 5 Add. 2)<\/li>\n<li><a href=\"https:\/\/www.unidroit.org\/french\/modellaws\/2008leasing\/jointsessiondocuments\/2008js-wp6-f.pdf\">Proposition conjointe concernant l&#8217;application du projet de Loi type sur la location (leasing) aux transactions portant sur des a\u00e9ronefs\u00a0<\/a>\u00a0(soumise par le Secr\u00e9tariat d\u2019UNIDROIT et le Groupe de travail a\u00e9ronautique (G.T.A.)) (S.C. Leasing\/W.P. 6)<\/li>\n<\/ul>\n<p>[\/vc_column_text][\/vc_column][\/vc_row][vc_row][vc_column][vc_empty_space height=&#8221;10px&#8221;][\/vc_column][\/vc_row]<\/p>\n<\/div>","protected":false},"excerpt":{"rendered":"<p>[vc_row][vc_column css=&#8221;.vc_custom_1490017614850{margin-bottom: 30px !important;}&#8221;][vc_custom_heading text=&#8221;TRAVAUX PREPARATOIRES&#8221; font_container=&#8221;tag:h1|text_align:left&#8221; use_theme_fonts=&#8221;yes&#8221; css=&#8221;.vc_custom_1628929643924{margin-top: 0px !important;margin-bottom: 20px !important;}&#8221;][vc_custom_heading text=&#8221;ETUDE LIX A &#8211; LOI TYPE SUR LA LOCATION ET LA LOCATION-FINANCEMENT &#8211; TRAVAUX PREPARATOIRE &#8221; font_container=&#8221;tag:h4|text_align:left&#8221; use_theme_fonts=&#8221;yes&#8221;][\/vc_column][\/vc_row][vc_row css=&#8221;.vc_custom_1622455036974{background-color: #f2f2f2 !important;}&#8221;][vc_column css=&#8221;.vc_custom_1490017614850{margin-bottom: 30px !important;}&#8221;][vc_column_text]UNIDROIT 2005 \u2013 A.B.\/Leasing\/1\/W.P. 1\u00a0[en anglais seulement]Advisory Board for&nbsp;<a href=\"https:\/\/www.unidroit.org\/fr\/instruments\/credit-bail\/credit-bail-loi-type\/travaux-preparatoires\/\">&hellip;<\/a><\/p>\n","protected":false},"author":20,"featured_media":0,"parent":5940,"menu_order":0,"comment_status":"closed","ping_status":"closed","template":"","meta":{"ep_exclude_from_search":false,"footnotes":""},"class_list":["post-5946","page","type-page","status-publish","format-standard","hentry","odd"],"_links":{"self":[{"href":"https:\/\/www.unidroit.org\/fr\/wp-json\/wp\/v2\/pages\/5946","targetHints":{"allow":["GET"]}}],"collection":[{"href":"https:\/\/www.unidroit.org\/fr\/wp-json\/wp\/v2\/pages"}],"about":[{"href":"https:\/\/www.unidroit.org\/fr\/wp-json\/wp\/v2\/types\/page"}],"author":[{"embeddable":true,"href":"https:\/\/www.unidroit.org\/fr\/wp-json\/wp\/v2\/users\/20"}],"replies":[{"embeddable":true,"href":"https:\/\/www.unidroit.org\/fr\/wp-json\/wp\/v2\/comments?post=5946"}],"version-history":[{"count":0,"href":"https:\/\/www.unidroit.org\/fr\/wp-json\/wp\/v2\/pages\/5946\/revisions"}],"up":[{"embeddable":true,"href":"https:\/\/www.unidroit.org\/fr\/wp-json\/wp\/v2\/pages\/5940"}],"wp:attachment":[{"href":"https:\/\/www.unidroit.org\/fr\/wp-json\/wp\/v2\/media?parent=5946"}],"curies":[{"name":"wp","href":"https:\/\/api.w.org\/{rel}","templated":true}]}}