{"id":5970,"date":"2021-08-14T08:50:12","date_gmt":"2021-08-14T08:50:12","guid":{"rendered":"https:\/\/www.unidroit.org\/?page_id=5970"},"modified":"2021-08-14T08:50:15","modified_gmt":"2021-08-14T08:50:15","slug":"presentation","status":"publish","type":"page","link":"https:\/\/www.unidroit.org\/fr\/instruments\/franchisage\/loi-type\/presentation\/","title":{"rendered":"Pr\u00e9sentation"},"content":{"rendered":"<div class=\"wpb-content-wrapper\"><p>[vc_row][vc_column css=&#8221;.vc_custom_1490017614850{margin-bottom: 30px !important;}&#8221;][vc_custom_heading text=&#8221;PR\u00c9SENTATION&#8221; font_container=&#8221;tag:h1|text_align:left&#8221; use_theme_fonts=&#8221;yes&#8221; css=&#8221;.vc_custom_1628931050347{margin-top: 0px !important;margin-bottom: 20px !important;}&#8221;][vc_custom_heading text=&#8221;LOI TYPE SUR LA DIVULGATION DES INFORMATIONS EN MATIERE DE FRANCHISE (2002)<br \/>\n&#8221; font_container=&#8221;tag:h4|text_align:left&#8221; use_theme_fonts=&#8221;yes&#8221;][\/vc_column][\/vc_row][vc_row css=&#8221;.vc_custom_1622455036974{background-color: #f2f2f2 !important;}&#8221;][vc_column css=&#8221;.vc_custom_1490017614850{margin-bottom: 30px !important;}&#8221;][vc_column_text]Le 25 septembre 2002 le Conseil de direction d\u2019UNIDROIT\u00a0a adopt\u00e9 la Loi type sur la divulgation des informations en mati\u00e8re de franchise mise au point par un Comit\u00e9 d\u2019Experts Gouvernementaux r\u00e9uni par l\u2019organisation pour examiner un projet pr\u00e9par\u00e9 par le Comit\u00e9 d\u2019\u00e9tude d\u2019UNIDROIT\u00a0sur le franchisage.<\/p>\n<p>&nbsp;<\/p>\n<p>Le travail pour la pr\u00e9paration d\u2019une Loi type sur la divulgation des informations en mati\u00e8re de franchise a commenc\u00e9 au mois de janvier 1999 avec la pr\u00e9paration par un Comit\u00e9 de r\u00e9daction d\u2019un premier projet. Ce projet a \u00e9t\u00e9 soumis au Comit\u00e9 d\u2019\u00e9tude r\u00e9uni en pl\u00e9ni\u00e8re au mois de d\u00e9cembre 1999 et encore au mois de d\u00e9cembre 2000 pour parachever sa t\u00e2che. Conform\u00e9ment aux instructions du Conseil de Direction d&#8217;UNIDROIT, le texte du Projet de Loi type, accompagn\u00e9 du Rapport explicatif, a \u00e9t\u00e9 soumis \u00e0 un Comit\u00e9 d&#8217;Experts Gouvernementaux qui a achev\u00e9 son travail en avril 2002. Le texte du Projet de Loi type ainsi que le Rapport explicatif ont \u00e9t\u00e9 transmis au Conseil de Direction d&#8217;UNIDROIT\u00a0en septembre 2002[\/vc_column_text][\/vc_column][\/vc_row][vc_row][vc_column][vc_empty_space height=&#8221;10px&#8221;][\/vc_column][\/vc_row]<\/p>\n<\/div>","protected":false},"excerpt":{"rendered":"<p>[vc_row][vc_column css=&#8221;.vc_custom_1490017614850{margin-bottom: 30px !important;}&#8221;][vc_custom_heading text=&#8221;PR\u00c9SENTATION&#8221; font_container=&#8221;tag:h1|text_align:left&#8221; use_theme_fonts=&#8221;yes&#8221; css=&#8221;.vc_custom_1628931050347{margin-top: 0px !important;margin-bottom: 20px !important;}&#8221;][vc_custom_heading text=&#8221;LOI TYPE SUR LA DIVULGATION DES INFORMATIONS EN MATIERE DE FRANCHISE (2002) &#8221; font_container=&#8221;tag:h4|text_align:left&#8221; use_theme_fonts=&#8221;yes&#8221;][\/vc_column][\/vc_row][vc_row css=&#8221;.vc_custom_1622455036974{background-color: #f2f2f2 !important;}&#8221;][vc_column css=&#8221;.vc_custom_1490017614850{margin-bottom: 30px !important;}&#8221;][vc_column_text]Le 25 septembre 2002 le Conseil de direction d\u2019UNIDROIT\u00a0a adopt\u00e9 la Loi type&nbsp;<a href=\"https:\/\/www.unidroit.org\/fr\/instruments\/franchisage\/loi-type\/presentation\/\">&hellip;<\/a><\/p>\n","protected":false},"author":20,"featured_media":0,"parent":5967,"menu_order":0,"comment_status":"closed","ping_status":"closed","template":"","meta":{"ep_exclude_from_search":false,"footnotes":""},"class_list":["post-5970","page","type-page","status-publish","format-standard","hentry","odd"],"_links":{"self":[{"href":"https:\/\/www.unidroit.org\/fr\/wp-json\/wp\/v2\/pages\/5970","targetHints":{"allow":["GET"]}}],"collection":[{"href":"https:\/\/www.unidroit.org\/fr\/wp-json\/wp\/v2\/pages"}],"about":[{"href":"https:\/\/www.unidroit.org\/fr\/wp-json\/wp\/v2\/types\/page"}],"author":[{"embeddable":true,"href":"https:\/\/www.unidroit.org\/fr\/wp-json\/wp\/v2\/users\/20"}],"replies":[{"embeddable":true,"href":"https:\/\/www.unidroit.org\/fr\/wp-json\/wp\/v2\/comments?post=5970"}],"version-history":[{"count":0,"href":"https:\/\/www.unidroit.org\/fr\/wp-json\/wp\/v2\/pages\/5970\/revisions"}],"up":[{"embeddable":true,"href":"https:\/\/www.unidroit.org\/fr\/wp-json\/wp\/v2\/pages\/5967"}],"wp:attachment":[{"href":"https:\/\/www.unidroit.org\/fr\/wp-json\/wp\/v2\/media?parent=5970"}],"curies":[{"name":"wp","href":"https:\/\/api.w.org\/{rel}","templated":true}]}}