{"id":5979,"date":"2021-08-14T08:56:16","date_gmt":"2021-08-14T08:56:16","guid":{"rendered":"https:\/\/www.unidroit.org\/?page_id=5979"},"modified":"2021-08-14T08:56:20","modified_gmt":"2021-08-14T08:56:20","slug":"bibliographie","status":"publish","type":"page","link":"https:\/\/www.unidroit.org\/fr\/instruments\/franchisage\/loi-type\/bibliographie\/","title":{"rendered":"Bibliographie"},"content":{"rendered":"<div class=\"wpb-content-wrapper\"><p>[vc_row][vc_column css=&#8221;.vc_custom_1490017614850{margin-bottom: 30px !important;}&#8221;][vc_custom_heading text=&#8221;BIBLIOGRAPHIE&#8221; font_container=&#8221;tag:h1|text_align:left&#8221; use_theme_fonts=&#8221;yes&#8221; css=&#8221;.vc_custom_1628931428607{margin-top: 0px !important;margin-bottom: 20px !important;}&#8221;][vc_custom_heading text=&#8221;FRANCHISING &#8211; MODEL LAW: SELECTED BIBLIOGRAPHY &#8211; FRANCHISAGE &#8211; LOI MODELE: BIBLIOGRAPHIE&#8221; font_container=&#8221;tag:h4|text_align:left&#8221; use_theme_fonts=&#8221;yes&#8221;][\/vc_column][\/vc_row][vc_row css=&#8221;.vc_custom_1622455036974{background-color: #f2f2f2 !important;}&#8221;][vc_column css=&#8221;.vc_custom_1490017614850{margin-bottom: 30px !important;}&#8221;][vc_column_text]BINDER, O., Les initiatives d&#8217;Unidroit en mati\u00e8re de franchisage: vers un syst\u00e8me moderne et plus transparent de distribution des marchandises et des services, Uniform Law Review \/ Revue de droit uniforme \/ Revue de droit uniforme, (2000), 707-716.<\/p>\n<p>CZERWENKA, B., UNIDROIT Modellgesetz \u00fcber die Offenlegung beim Franchising, IHR. Internationales Handelsrecht, 3 (2003), 53-60.<\/p>\n<p>DILLON, P.M., Canada and the Unidroit Draft Model Franchise Law, &lt;<a href=\"http:\/\/www.franchiselaw.ca\/fdarticle.pdf%3E\" target=\"_blank\" rel=\"noopener\">https:\/\/www.franchiselaw.ca\/fdarticle.pdf&gt;<\/a>, 6 pages. (Siskinds Franchise Law Group).<\/p>\n<p>FERNLUND, A., Harmonised legislation on franchise disclosure and national law: the case of Sweden, Uniform Law Review \/ Revue de droit uniforme, (2000), 737-749.<\/p>\n<p>FEUERRIEGEL, S., Das UNIDROIT-Modellgesetz \u00fcber die Offenlegung beim Franchising, in: AW Prax, 2002,\u00a0 423-427.<\/p>\n<p>HANDA, Y., Franchisor no Joho Teikyo Gimu [trans.: The duty of franchisors to provide information], in:\u00a0 Hogaku Ronshu [Chiba Journal of Law and Politics], 20 (2005), 1-92.<\/p>\n<p>KALESN\u00c1, K., Nad problematikou fran\u0161\u00edzy alebo franchisingu [summary in German: Zur Problematik des Franchising], in: BLAHO, Peter \u2013 \u0160VIDRON, J\u00e1n [Eds.] \u2013 Kodifik\u00e1cia, europeiz\u00e1cia a harmoniz\u00e1cia s\u00fakromn\u00e9ho pr\u00e1va=Kodifikation, Europ\u00e4isierung und Harmonisierung des Privatrechts: Medzin\u00e1rodn\u00e1 vedeck\u00e1 konferenci\u00e1, Smolenice, 16. 17. September 2004, Dies Luby iurisprudentiae, 8 (2005), 401-414.<\/p>\n<p>KOZUKA, S., Franchise Keiyaku ni Kansuru Unidroit no modeluho souan [Unidroit&#8217;s Draft Model Law on Franchising], NBL, (2001), No. 708, 6-11; No. 710, 30-37; No. 712, 66-74.<\/p>\n<p>KOZUKA, S., Overview of the draft Model Law of Unidroit on Franchising, TokyoInternetLawJournal. &lt;<a href=\"http:\/\/www.tokyointernetlawjournal.com\/ronbun\/UnidroitModelLaw.PDF%3E\" target=\"_blank\" rel=\"noopener\">http:\/\/www.tokyointernetlawjournal.com\/ronbun\/UnidroitModelLaw.PDF&gt;<\/a><\/p>\n<p>KOZUKA, S., Unidroit no franchise kaijigimu model n\u00f4 [Unidroit Franchise Model Disclosure Law], Journal of the Japanese Institute of International Business Law, 30 (2002), 1189-1195; 1367-1372.<\/p>\n<p>MART\u00cd MIRAVALLS, J., \u201cAproximaci\u00f3n a la Ley Modelo UNIDROIT sobre franquicia\u201d, Derecho contractual europeo: problem\u00e1tica, propuestas y perspectivas (dir. BOSCH CAPDEVILA), Bosch, 2009.<\/p>\n<p>MILENKOVI\u0106-KERKOVI\u0106, T., Ugovor o fran\u0161izingu tajna uspeha., Beograd, SKC Nis, 1998, 223 pages.<\/p>\n<p>PETERS, L., Il progetto preliminare di Legge modello Unidroit sull&#8217;informazione dovuta (disclosure) negli accordi di franchising, in: Franchising: Legislazione e pratica [Atti del Convegno &#8220;Franchising: Legislazione e pratica &#8211; Presente e futuro&#8221; organizzato dall&#8217;Istituto Internazionale per l&#8217;Unificazione del Diritto Privato (Unidroit) e dalla Promofranchising &#8211; FIF Confesercenti, Roma, 25 novembre 2000], 83-99, Roma, FIF Confesercenti, 2001.<\/p>\n<p>PETERS, L., The draft Unidroit Model Law: genesis and contents, in: SCHULZE, R. (Hrsg.) &#8211; Franchising im Europ\u00e4ischen Privatrecht, 255-273.\u00a0 (Europ\u00e4isches Privatrecht, Band 18) , Baden-Baden, Nomos Verlagsgesellschaft, 2001.<\/p>\n<p>PETERS, L., Unidroit: proposal for a Model Law on Franchising, International Business Lawyer, 28 (2000), 180-181.<\/p>\n<p>PETERS, L., The draft Unidroit Model Franchise Disclosure Law and the move towards national legislation, Uniform Law Review \/ Revue de droit uniforme, (2000), 717-735.<\/p>\n<p>PETERS, L., Unidroit prepares a model franchise disclosure law, Business Law International, (2000), 279-293.<\/p>\n<p>PETERS, L., Unidroit: Work on the model law has started, International Franchising, 3 (1999), pp. 13\u00a0<em>et seq.<\/em><\/p>\n<p>PETERS, L., Franchising: le proposte di legge italiane e la legge modello dell\u2019UNIDROIT sul \u201cdisclosure\u201d \u2013 un confronto. Appendice: Tabella comparativa delle proposte di legge italiane e della legge modello UNIDROIT sul franchising, 785-803., Diritto del commercio internazionale, 16 (2002), 761-784.<\/p>\n<p>PETERS, L., Una legge per il franchising, Diritto del Commercio Internazionale, 18 (2004), pp. 323-334.<\/p>\n<p>SCOTT, A., Unidroit&#8217;s Model Franchise Disclosure Law proposal, International Franchising, 5 (2001), pp. 5\u00a0<em>et seq.<\/em><\/p>\n<p>UNIDROIT (Institut international pour l\u2019unification du droit priv\u00e9), Loi type sur la divulgation des informations en mati\u00e8re de franchise, Rome, UNIDROIT, 2004, 70 pages.<\/p>\n<p>UNIDROIT (International Institute for the Unification of Private Law), Model franchise disclosure law, Rome, UNIDROIT, 2004, 68 pages.<\/p>\n<p>UNIDROIT (International Institute for the Unification of Private Law), Draft Articles for a Model Franchise Disclosure Law with draft Explanatory Report, International Journal of Franchising and Distribution Law, 3 (2001), 5-41.<\/p>\n<p>UNIDROIT (International Institute for the Unification of Private Law), Model Franchising Disclosure Law and explanatory report \/ Loi type sur la divulgation des informations en mati\u00e8re de franchise, et rapport explicatif [in English and in French], Uniform Law Review \/ Revue de droit uniforme, 7 (2002), 1060-1139.<\/p>\n<p>VERNON, J., Unidroit Model Franchise Law, International Bar Association. Committee X News. Newsletter of the International Franchising Committee of the Section on Business Law, 6 (2002), no. 2, 11-12.[\/vc_column_text][\/vc_column][\/vc_row][vc_row][vc_column][vc_empty_space height=&#8221;10px&#8221;][\/vc_column][\/vc_row]<\/p>\n<\/div>","protected":false},"excerpt":{"rendered":"<p>[vc_row][vc_column css=&#8221;.vc_custom_1490017614850{margin-bottom: 30px !important;}&#8221;][vc_custom_heading text=&#8221;BIBLIOGRAPHIE&#8221; font_container=&#8221;tag:h1|text_align:left&#8221; use_theme_fonts=&#8221;yes&#8221; css=&#8221;.vc_custom_1628931428607{margin-top: 0px !important;margin-bottom: 20px !important;}&#8221;][vc_custom_heading text=&#8221;FRANCHISING &#8211; MODEL LAW: SELECTED BIBLIOGRAPHY &#8211; FRANCHISAGE &#8211; LOI MODELE: BIBLIOGRAPHIE&#8221; font_container=&#8221;tag:h4|text_align:left&#8221; use_theme_fonts=&#8221;yes&#8221;][\/vc_column][\/vc_row][vc_row css=&#8221;.vc_custom_1622455036974{background-color: #f2f2f2 !important;}&#8221;][vc_column css=&#8221;.vc_custom_1490017614850{margin-bottom: 30px !important;}&#8221;][vc_column_text]BINDER, O., Les initiatives d&#8217;Unidroit en mati\u00e8re de franchisage: vers un syst\u00e8me moderne et&nbsp;<a href=\"https:\/\/www.unidroit.org\/fr\/instruments\/franchisage\/loi-type\/bibliographie\/\">&hellip;<\/a><\/p>\n","protected":false},"author":20,"featured_media":0,"parent":5967,"menu_order":0,"comment_status":"closed","ping_status":"closed","template":"","meta":{"ep_exclude_from_search":false,"footnotes":""},"class_list":["post-5979","page","type-page","status-publish","format-standard","hentry","odd"],"_links":{"self":[{"href":"https:\/\/www.unidroit.org\/fr\/wp-json\/wp\/v2\/pages\/5979","targetHints":{"allow":["GET"]}}],"collection":[{"href":"https:\/\/www.unidroit.org\/fr\/wp-json\/wp\/v2\/pages"}],"about":[{"href":"https:\/\/www.unidroit.org\/fr\/wp-json\/wp\/v2\/types\/page"}],"author":[{"embeddable":true,"href":"https:\/\/www.unidroit.org\/fr\/wp-json\/wp\/v2\/users\/20"}],"replies":[{"embeddable":true,"href":"https:\/\/www.unidroit.org\/fr\/wp-json\/wp\/v2\/comments?post=5979"}],"version-history":[{"count":0,"href":"https:\/\/www.unidroit.org\/fr\/wp-json\/wp\/v2\/pages\/5979\/revisions"}],"up":[{"embeddable":true,"href":"https:\/\/www.unidroit.org\/fr\/wp-json\/wp\/v2\/pages\/5967"}],"wp:attachment":[{"href":"https:\/\/www.unidroit.org\/fr\/wp-json\/wp\/v2\/media?parent=5979"}],"curies":[{"name":"wp","href":"https:\/\/api.w.org\/{rel}","templated":true}]}}