{"id":5994,"date":"2021-08-14T09:12:27","date_gmt":"2021-08-14T09:12:27","guid":{"rendered":"https:\/\/www.unidroit.org\/?page_id=5994"},"modified":"2021-08-14T09:35:12","modified_gmt":"2021-08-14T09:35:12","slug":"autres-langues","status":"publish","type":"page","link":"https:\/\/www.unidroit.org\/fr\/instruments\/franchisage\/guide-premiere-edition-1998\/autres-langues\/","title":{"rendered":"Autres langues"},"content":{"rendered":"<div class=\"wpb-content-wrapper\"><p>[vc_row][vc_column css=&#8221;.vc_custom_1490017614850{margin-bottom: 30px !important;}&#8221;][vc_custom_heading text=&#8221;AUTRES LANGUES&#8221; font_container=&#8221;tag:h1|text_align:left&#8221; use_theme_fonts=&#8221;yes&#8221; css=&#8221;.vc_custom_1628932373722{margin-top: 0px !important;margin-bottom: 20px !important;}&#8221;][vc_row_inner css=&#8221;.vc_custom_1621846659702{background-color: #f2f2f2 !important;}&#8221;][vc_column_inner][vc_column_text]<\/p>\n<table class=\"category table table-striped table-bordered table-hover table-noheader\">\n<tbody>\n<tr class=\"cat-list-row0\">\n<td class=\"list-title\" headers=\"categorylist_header_title\"><a href=\"https:\/\/www.unidroit.org\/instruments\/franchising\/guide-first-edition-1998\/other-languages\/chinese\/\">Version chinoise de la premi\u00e8re \u00e9dition du Guide sur les Accords Internationaux de Franchise Principale<\/a><\/td>\n<\/tr>\n<tr class=\"cat-list-row1\">\n<td class=\"list-title\" headers=\"categorylist_header_title\"><a href=\"https:\/\/www.unidroit.org\/instruments\/franchising\/guide-first-edition-1998\/other-languages\/spanish\/\">Gu\u00eda de UNIDROIT para los Acuerdos de Franquicia Principal Internacional<\/a><\/td>\n<\/tr>\n<\/tbody>\n<\/table>\n<p>[\/vc_column_text][\/vc_column_inner][\/vc_row_inner][\/vc_column][\/vc_row]<\/p>\n<\/div>","protected":false},"excerpt":{"rendered":"<p>[vc_row][vc_column css=&#8221;.vc_custom_1490017614850{margin-bottom: 30px !important;}&#8221;][vc_custom_heading text=&#8221;AUTRES LANGUES&#8221; font_container=&#8221;tag:h1|text_align:left&#8221; use_theme_fonts=&#8221;yes&#8221; css=&#8221;.vc_custom_1628932373722{margin-top: 0px !important;margin-bottom: 20px !important;}&#8221;][vc_row_inner css=&#8221;.vc_custom_1621846659702{background-color: #f2f2f2 !important;}&#8221;][vc_column_inner][vc_column_text] Version chinoise de la premi\u00e8re \u00e9dition du Guide sur les Accords Internationaux de Franchise Principale Gu\u00eda de UNIDROIT para los Acuerdos de Franquicia Principal Internacional [\/vc_column_text][\/vc_column_inner][\/vc_row_inner][\/vc_column][\/vc_row]<\/p>\n","protected":false},"author":20,"featured_media":0,"parent":5988,"menu_order":0,"comment_status":"closed","ping_status":"closed","template":"","meta":{"ep_exclude_from_search":false,"footnotes":""},"class_list":["post-5994","page","type-page","status-publish","format-standard","hentry","odd"],"_links":{"self":[{"href":"https:\/\/www.unidroit.org\/fr\/wp-json\/wp\/v2\/pages\/5994","targetHints":{"allow":["GET"]}}],"collection":[{"href":"https:\/\/www.unidroit.org\/fr\/wp-json\/wp\/v2\/pages"}],"about":[{"href":"https:\/\/www.unidroit.org\/fr\/wp-json\/wp\/v2\/types\/page"}],"author":[{"embeddable":true,"href":"https:\/\/www.unidroit.org\/fr\/wp-json\/wp\/v2\/users\/20"}],"replies":[{"embeddable":true,"href":"https:\/\/www.unidroit.org\/fr\/wp-json\/wp\/v2\/comments?post=5994"}],"version-history":[{"count":0,"href":"https:\/\/www.unidroit.org\/fr\/wp-json\/wp\/v2\/pages\/5994\/revisions"}],"up":[{"embeddable":true,"href":"https:\/\/www.unidroit.org\/fr\/wp-json\/wp\/v2\/pages\/5988"}],"wp:attachment":[{"href":"https:\/\/www.unidroit.org\/fr\/wp-json\/wp\/v2\/media?parent=5994"}],"curies":[{"name":"wp","href":"https:\/\/api.w.org\/{rel}","templated":true}]}}