{"id":6036,"date":"2021-08-14T09:50:22","date_gmt":"2021-08-14T09:50:22","guid":{"rendered":"https:\/\/www.unidroit.org\/?page_id=6036"},"modified":"2021-08-14T09:50:26","modified_gmt":"2021-08-14T09:50:26","slug":"coreen","status":"publish","type":"page","link":"https:\/\/www.unidroit.org\/fr\/coreen\/","title":{"rendered":"Coreen"},"content":{"rendered":"<div class=\"wpb-content-wrapper\"><p>[vc_row][vc_column css=&#8221;.vc_custom_1490017614850{margin-bottom: 30px !important;}&#8221;][vc_custom_heading text=&#8221;COREEN&#8221; font_container=&#8221;tag:h1|text_align:left&#8221; use_theme_fonts=&#8221;yes&#8221; css=&#8221;.vc_custom_1628934666595{margin-top: 0px !important;margin-bottom: 20px !important;}&#8221;][vc_custom_heading text=&#8221;VERSION COR\u00c9ENNE DE LA DEUXI\u00c8ME \u00c9DITION DU GUIDE SUR LES ACCORDS INTERNATIONAUX DE FRANCHISE PRINCIPALE<br \/>\n&#8221; font_container=&#8221;tag:h4|text_align:left&#8221; use_theme_fonts=&#8221;yes&#8221; css=&#8221;.vc_custom_1628934672332{margin-top: 0px !important;margin-bottom: 20px !important;}&#8221;][vc_row_inner css=&#8221;.vc_custom_1621846659702{background-color: #f2f2f2 !important;}&#8221;][vc_column_inner][vc_column_text]Version cor\u00e9enne de la deuxi\u00e8me \u00e9dition du<br \/>\nGuide sur les Accords Internationaux de Franchise Principale<\/p>\n<p>Korea Franchise Association<br \/>\n21 x 26 cm, 402 pages.<br \/>\nISBN 978-89-87981-08-6<br \/>\nwww.ikfa.or.kr[\/vc_column_text][\/vc_column_inner][\/vc_row_inner][\/vc_column][\/vc_row]<\/p>\n<\/div>","protected":false},"excerpt":{"rendered":"<p>[vc_row][vc_column css=&#8221;.vc_custom_1490017614850{margin-bottom: 30px !important;}&#8221;][vc_custom_heading text=&#8221;COREEN&#8221; font_container=&#8221;tag:h1|text_align:left&#8221; use_theme_fonts=&#8221;yes&#8221; css=&#8221;.vc_custom_1628934666595{margin-top: 0px !important;margin-bottom: 20px !important;}&#8221;][vc_custom_heading text=&#8221;VERSION COR\u00c9ENNE DE LA DEUXI\u00c8ME \u00c9DITION DU GUIDE SUR LES ACCORDS INTERNATIONAUX DE FRANCHISE PRINCIPALE &#8221; font_container=&#8221;tag:h4|text_align:left&#8221; use_theme_fonts=&#8221;yes&#8221; css=&#8221;.vc_custom_1628934672332{margin-top: 0px !important;margin-bottom: 20px !important;}&#8221;][vc_row_inner css=&#8221;.vc_custom_1621846659702{background-color: #f2f2f2 !important;}&#8221;][vc_column_inner][vc_column_text]Version cor\u00e9enne de la deuxi\u00e8me \u00e9dition du Guide&nbsp;<a href=\"https:\/\/www.unidroit.org\/fr\/coreen\/\">&hellip;<\/a><\/p>\n","protected":false},"author":20,"featured_media":0,"parent":0,"menu_order":0,"comment_status":"closed","ping_status":"closed","template":"","meta":{"ep_exclude_from_search":false,"footnotes":""},"class_list":["post-6036","page","type-page","status-publish","format-standard","hentry","odd"],"_links":{"self":[{"href":"https:\/\/www.unidroit.org\/fr\/wp-json\/wp\/v2\/pages\/6036","targetHints":{"allow":["GET"]}}],"collection":[{"href":"https:\/\/www.unidroit.org\/fr\/wp-json\/wp\/v2\/pages"}],"about":[{"href":"https:\/\/www.unidroit.org\/fr\/wp-json\/wp\/v2\/types\/page"}],"author":[{"embeddable":true,"href":"https:\/\/www.unidroit.org\/fr\/wp-json\/wp\/v2\/users\/20"}],"replies":[{"embeddable":true,"href":"https:\/\/www.unidroit.org\/fr\/wp-json\/wp\/v2\/comments?post=6036"}],"version-history":[{"count":0,"href":"https:\/\/www.unidroit.org\/fr\/wp-json\/wp\/v2\/pages\/6036\/revisions"}],"wp:attachment":[{"href":"https:\/\/www.unidroit.org\/fr\/wp-json\/wp\/v2\/media?parent=6036"}],"curies":[{"name":"wp","href":"https:\/\/api.w.org\/{rel}","templated":true}]}}