{"id":6046,"date":"2021-08-14T09:57:58","date_gmt":"2021-08-14T09:57:58","guid":{"rendered":"https:\/\/www.unidroit.org\/?page_id=6046"},"modified":"2021-08-14T09:58:00","modified_gmt":"2021-08-14T09:58:00","slug":"bibliographie","status":"publish","type":"page","link":"https:\/\/www.unidroit.org\/fr\/bibliographie\/","title":{"rendered":"Bibliographie"},"content":{"rendered":"<div class=\"wpb-content-wrapper\"><p>[vc_row][vc_column css=&#8221;.vc_custom_1490017614850{margin-bottom: 30px !important;}&#8221;][vc_custom_heading text=&#8221;BIBLIOGRAPHIE&#8221; font_container=&#8221;tag:h1|text_align:left&#8221; use_theme_fonts=&#8221;yes&#8221; css=&#8221;.vc_custom_1628935135998{margin-top: 0px !important;margin-bottom: 20px !important;}&#8221;][vc_custom_heading text=&#8221;FRANCHISING &#8211; GUIDE: SELECTED BIBLIOGRAPHY \/ FRANCHISAGE &#8211; GUIDE: BIBLIOGRAPHIE&#8221; font_container=&#8221;tag:h4|text_align:left&#8221; use_theme_fonts=&#8221;yes&#8221;][\/vc_column][\/vc_row][vc_row css=&#8221;.vc_custom_1622455036974{background-color: #f2f2f2 !important;}&#8221;][vc_column css=&#8221;.vc_custom_1490017614850{margin-bottom: 30px !important;}&#8221;][vc_column_text]FEDERAZIONE ITALIANA FRANCHISING,Il franchising in Italia: la legge, il contesto, le prospettive, ,Roma, Confesercenti, 2004, pp. 160.<\/p>\n<p>FLOHR, E., Der Master-Franchising-Vertrag \u2013 Grunds\u00e4tze des internationalen Franchise-Rechts<\/p>\n<p>und Hinweise zur Vertragsgestaltung, IHR. Internationales Handelsrecht, 5 (2005), 45-55.<\/p>\n<p>FLOHR, E. \u2013 FRAUENHUBER, W. \u2013 LIEBSCHER, C. \u2013 WILDHABER, C., Franchising \u2013 Die K\u00f6nigsklasse der Vertriebssysteme. M\u00e4rkte erobern, Wachstum beschleunigen. Mit Mustervertr\u00e4gen und Rechtstexten, M\u00fcnchen, Luchterhand, Z\u00fcrich, Schulthess,, 2003, pp. 469.<\/p>\n<p>GANDIN, R., Il master franchising, in: Figure della contrattazione internazionale,\u00a0 (I nuovi contratti nella prassi civile e commerciale, 11)., Torino, Utet, 2004, 447-462<\/p>\n<p>HESSELINK, M. W. [Ed.] , Commercial agency, franchise and distribution contracts: (PEL CAFDC), Munich: Sellier Europ. Law Publ. [et al.], 2006, pp. XLI-371<\/p>\n<p>INTERNATIONAL INSTITUTE FOR THE UNIFICATION OF PRIVATE LAW, Guide to international master franchise arrangements \/ (UNIDROIT) International Institute for the Unification of Private Law &#8211; 2. ed, Rome : International Institute for the Unification of Private Law, 2007, pp. XXXVI, 329<\/p>\n<p>KONIGSBERG, A.S. ,International franchising. \u2013 3. ed, Ardsley-on-Hudson, Washington: Transnational Juris Publications, International Franchise Association, 2008, pag. var<\/p>\n<p>KORZUN, V., Franchising: Its essence, problems and legal regulation [in Russian], Belarusian Journal, 2004, 17-20<\/p>\n<p>LE TOURNEAU, P., Les contrats de franchisage, Paris, Litec, 2003, pp. IX-309 (Juris Classeur Affaires finances).<\/p>\n<p>MART\u00cd MIRAVALLS, J., \u201cLa obligaci\u00f3n de concluir en el contrato de master franquicia\u201d, Revista de Derecho Patrimonial, n\u00fam. 24, 2010.<\/p>\n<p>MART\u00cd MIRAVALLS, J., \u201cR\u00e9gimen jur\u00eddico del contrato de master franquicia\u201d, Revista de Derecho Mercantil, n\u00fam. 273, 2009.<\/p>\n<p>MART\u00cd MIRAVALLS, J., \u201cL\u00b4incompliment de les obligacions d\u00b4informaci\u00f3 precontractual en el contracte de franquicia\u201d, Revista Jur\u00eddica de la Comunidad Valenciana, n\u00fam. 21, 2007.<\/p>\n<p>MENDELSOHN, M., Franchising, Uniform Law Review \/ Revue de droit uniforme, (1996), 679<\/p>\n<p>MENDELSOHN, M., Joint ventures in international franchising, International Journal of Franchising Law, 4 (2006), pp. 32-34<\/p>\n<p>PETERS, L., Franchising in international organisations, International Journal of Franchising and Distribution Law, 1 (1999), 255-263<\/p>\n<p>PETERS, L., Franchising: &#8220;To legislate, or not to legislate, that is the question!&#8221;, Diritto del Commercio Internazionale, 8 (1994), 615<\/p>\n<p>PETERS, L., Franchising: le proposte di legge italiane e la legge modello dell\u2019UNIDROIT sul \u201cdisclosure\u201d \u2013 un confronto. Appedice: Tabella comparativa delle proposte di legge italiane e della legge modello UNIDROIT sul franchising, 785-803., Diritto del commercio internazionale, 16 (2002), 761-784.<\/p>\n<p>PETERS, L., Franchising: the Unidroit Guide to International Master Franchise Arrangements, the draft Model Franchise Disclosure Law and Mexico, Revista Mexicana de Derecho Internacional Privado, (2001), N\u00fam. 9, 69-94<\/p>\n<p>PETERS, L., Grunds\u00e4tze f\u00fcr ein grenz\u00fcberschreitendes Franchising, in: Jahrbuch Franchising 1999\/2000, 22-29. Herausgegeben vom Deutschen Franchise-Verband E.V., Frankfurt am Main, Deutscher Fachverlag GmbH, 1999<\/p>\n<p>PETERS, L., The Draft Unidroit Guide to Franchising &#8211; How and Why [in English and in French], Uniform Law Review \/ Revue de droit uniforme, (1996), 694<\/p>\n<p>PETERS, L., The Unidroit Guide to Franchising, or Unification of law by alternative means, International Journal of Legal Information, 27 (1999), 170-187<\/p>\n<p>TONOLO, S., La legge applicabile ai nuovi contratti: i casi del factoring e del franchising internazionale, Contratto e Impresa\/Europa, 8 (2003), 542-573<\/p>\n<p>UNIDROIT (Instituto internacional para la unificaci\u00f3n de derecho privado), Gu\u00eda para los acuerdos de franquicia principal internacional, Instituto Internacional para la Unificaci\u00f3n de Derecho Privado (UNIDROIT), Roma, 2005, pp. XXXIV 301.<\/p>\n<p>UNIDROIT (International Institute for the Unification of Private Law), Guide sur les accords internationaux de franchise principale, Unidroit, Rome, 2000, pp. xxxiv + 304<br \/>\nZEIDMAN, P.F., Recent developments in international franchising, International Business Lawyer, 28 (2000), 187.<\/p>\n<p>ZEIDMAN, P.F., The Unidroit Guide to International Master Franchise Arrangements: An introduction and a perspective [in English and in French], Uniform Law Review \/ Revue de droit uniforme, 1998-4, 746-769.<\/p>\n<p>ZUMBO, F., International master franchise agreements, New Zealand Law Journal, (2000), 121-124<\/p>\n<p>ZUMBO, F., Unidroit and international franchising, Business Law Review, (2000), 16-17.<br \/>\nMART\u00cd MIRAVALLS, J., El contrato de master franquicia, Thomson-Aranzadi, 2009. Cap\u00edtulos de libro[\/vc_column_text][\/vc_column][\/vc_row][vc_row][vc_column][vc_empty_space height=&#8221;10px&#8221;][\/vc_column][\/vc_row]<\/p>\n<\/div>","protected":false},"excerpt":{"rendered":"<p>[vc_row][vc_column css=&#8221;.vc_custom_1490017614850{margin-bottom: 30px !important;}&#8221;][vc_custom_heading text=&#8221;BIBLIOGRAPHIE&#8221; font_container=&#8221;tag:h1|text_align:left&#8221; use_theme_fonts=&#8221;yes&#8221; css=&#8221;.vc_custom_1628935135998{margin-top: 0px !important;margin-bottom: 20px !important;}&#8221;][vc_custom_heading text=&#8221;FRANCHISING &#8211; GUIDE: SELECTED BIBLIOGRAPHY \/ FRANCHISAGE &#8211; GUIDE: BIBLIOGRAPHIE&#8221; font_container=&#8221;tag:h4|text_align:left&#8221; use_theme_fonts=&#8221;yes&#8221;][\/vc_column][\/vc_row][vc_row css=&#8221;.vc_custom_1622455036974{background-color: #f2f2f2 !important;}&#8221;][vc_column css=&#8221;.vc_custom_1490017614850{margin-bottom: 30px !important;}&#8221;][vc_column_text]FEDERAZIONE ITALIANA FRANCHISING,Il franchising in Italia: la legge, il contesto, le prospettive, ,Roma, Confesercenti, 2004, pp.&nbsp;<a href=\"https:\/\/www.unidroit.org\/fr\/bibliographie\/\">&hellip;<\/a><\/p>\n","protected":false},"author":20,"featured_media":0,"parent":0,"menu_order":0,"comment_status":"closed","ping_status":"closed","template":"","meta":{"ep_exclude_from_search":false,"footnotes":""},"class_list":["post-6046","page","type-page","status-publish","format-standard","hentry","odd"],"_links":{"self":[{"href":"https:\/\/www.unidroit.org\/fr\/wp-json\/wp\/v2\/pages\/6046","targetHints":{"allow":["GET"]}}],"collection":[{"href":"https:\/\/www.unidroit.org\/fr\/wp-json\/wp\/v2\/pages"}],"about":[{"href":"https:\/\/www.unidroit.org\/fr\/wp-json\/wp\/v2\/types\/page"}],"author":[{"embeddable":true,"href":"https:\/\/www.unidroit.org\/fr\/wp-json\/wp\/v2\/users\/20"}],"replies":[{"embeddable":true,"href":"https:\/\/www.unidroit.org\/fr\/wp-json\/wp\/v2\/comments?post=6046"}],"version-history":[{"count":0,"href":"https:\/\/www.unidroit.org\/fr\/wp-json\/wp\/v2\/pages\/6046\/revisions"}],"wp:attachment":[{"href":"https:\/\/www.unidroit.org\/fr\/wp-json\/wp\/v2\/media?parent=6046"}],"curies":[{"name":"wp","href":"https:\/\/api.w.org\/{rel}","templated":true}]}}