{"id":6065,"date":"2021-08-14T20:26:27","date_gmt":"2021-08-14T20:26:27","guid":{"rendered":"https:\/\/www.unidroit.org\/?page_id=6065"},"modified":"2021-09-15T15:05:37","modified_gmt":"2021-09-15T15:05:37","slug":"etat","status":"publish","type":"page","link":"https:\/\/www.unidroit.org\/fr\/instruments\/testaments\/etat\/","title":{"rendered":"Etat"},"content":{"rendered":"<div class=\"wpb-content-wrapper\"><p>[vc_row][vc_column css=&#8221;.vc_custom_1490017614850{margin-bottom: 30px !important;}&#8221;][vc_custom_heading text=&#8221;ETAT&#8221; font_container=&#8221;tag:h1|text_align:left&#8221; use_theme_fonts=&#8221;yes&#8221; css=&#8221;.vc_custom_1628972816864{margin-top: 0px !important;margin-bottom: 20px !important;}&#8221;][vc_custom_heading text=&#8221;ETAT &#8211; CONVENTION PORTANT LOI UNIFORME SUR LA FORME D&#8217;UN TESTAMENT INTERNATIONAL&#8221; font_container=&#8221;tag:h4|text_align:left&#8221; use_theme_fonts=&#8221;yes&#8221;][\/vc_column][\/vc_row][vc_row css=&#8221;.vc_custom_1622455036974{background-color: #f2f2f2 !important;}&#8221;][vc_column css=&#8221;.vc_custom_1490017614850{margin-bottom: 30px !important;}&#8221;][vc_column_text]<strong>CONVENTION PORTANT LOI UNIFORME SUR LA FORME D&#8217;UN TESTAMENT INTERNATIONAL<\/strong><\/p>\n<p>&nbsp;<\/p>\n<p>&nbsp;<\/p>\n<p>Adoption:\u00a0<em>Lieu<\/em>:\u00a0<strong>Washington<\/strong><\/p>\n<p>Date:\u00a0<strong>26.10.1973<\/strong><\/p>\n<p>&nbsp;<\/p>\n<p>Entr\u00e9e en vigueur:<strong>09.02.1978\u00a0<\/strong>(Art. XI)<\/p>\n<p>&nbsp;<\/p>\n<p>Etats contractants:\u00a0\u00a0<strong>13<\/strong><\/p>\n<p>&nbsp;<\/p>\n<p>D\u00e9positaire:\u00a0<em><strong>Gouvernement des Etats-Unis d&#8217;Am\u00e9rique<\/strong><\/em><\/p>\n<p><a href=\"https:\/\/www.unidroit.org\/fr\/instruments\/testaments\/status-map-will-washington-d-c-1973\/\">STATUS MAP<\/a><\/p>\n<div id=\"droptablestable52\" class=\"droptablesresponsive droptablestable\" data-hightlight=\"0\">\n<div class=\"restableOverflow restableDefault\">\n<table id=\"droptablesTbl52\" class=\"sortable disablePager\" data-id=\"52\" data-hidecols=\"0\" data-priority=\"{}\" data-default-sort=\"0\" data-order=\"0\" data-freeze-cols=\"0\" data-freeze-rows=\"0\" data-table-height=\"0\" data-pagesize=\"10\">\n<thead>\n<tr class=\" row0\">\n<th class=\"dtr0 dtc0 sorttable_sorted\" data-dtr=\"0\" data-dtc=\"0\">Etat<\/th>\n<th class=\"dtr0 dtc1\" data-dtr=\"0\" data-dtc=\"1\">Signature<\/th>\n<th class=\"dtr0 dtc2\" data-dtr=\"0\" data-dtc=\"2\"><\/th>\n<th class=\"dtr0 dtc3\" data-dtr=\"0\" data-dtc=\"3\"><span class=\"droptables_tooltip tipso_style\">RT \/ AS<\/span><\/th>\n<th class=\"dtr0 dtc4\" data-dtr=\"0\" data-dtc=\"4\"><span class=\"droptables_tooltip tipso_style\">VIG<\/span><\/th>\n<th class=\"dtr0 dtc5\" data-dtr=\"0\" data-dtc=\"5\"><span class=\"droptables_tooltip tipso_style\">D<\/span><\/th>\n<\/tr>\n<\/thead>\n<tbody>\n<tr class=\" row1\">\n<td class=\"dtr1 dtc0\" data-dtr=\"1\" data-dtc=\"0\">Australie<\/td>\n<td class=\"dtr1 dtc1\" data-dtr=\"1\" data-dtc=\"1\">&#8211;<\/td>\n<td class=\"dtr1 dtc2\" data-dtr=\"1\" data-dtc=\"2\">AS<\/td>\n<td class=\"dtr1 dtc3\" data-dtr=\"1\" data-dtc=\"3\">10.09.2014<\/td>\n<td class=\"dtr1 dtc4\" data-dtr=\"1\" data-dtc=\"4\">10.03.2015<\/td>\n<td class=\"dtr1 dtc5\" data-dtr=\"1\" data-dtc=\"5\">&#8211;<\/td>\n<\/tr>\n<tr class=\" row2\">\n<td class=\"dtr2 dtc0\" data-dtr=\"2\" data-dtc=\"0\">Belgique<\/td>\n<td class=\"dtr2 dtc1\" data-dtr=\"2\" data-dtc=\"1\">17.05.1974<\/td>\n<td class=\"dtr2 dtc2\" data-dtr=\"2\" data-dtc=\"2\">RT<\/td>\n<td class=\"dtr2 dtc3\" data-dtr=\"2\" data-dtc=\"3\">21.04.1983<\/td>\n<td class=\"dtr2 dtc4\" data-dtr=\"2\" data-dtc=\"4\">21.10.1983<\/td>\n<td class=\"dtr2 dtc5\" data-dtr=\"2\" data-dtc=\"5\">&#8211;<\/td>\n<\/tr>\n<tr class=\" row3\">\n<td class=\"dtr3 dtc0\" data-dtr=\"3\" data-dtc=\"0\">Bosnie-Herz\u00e9govine *<\/td>\n<td class=\"dtr3 dtc1\" data-dtr=\"3\" data-dtc=\"1\">&#8211;<\/td>\n<td class=\"dtr3 dtc2\" data-dtr=\"3\" data-dtc=\"2\">AS<\/td>\n<td class=\"dtr3 dtc3\" data-dtr=\"3\" data-dtc=\"3\">15.08.1994<\/td>\n<td class=\"dtr3 dtc4\" data-dtr=\"3\" data-dtc=\"4\">15.08.1994<\/td>\n<td class=\"dtr3 dtc5\" data-dtr=\"3\" data-dtc=\"5\">&#8211;<\/td>\n<\/tr>\n<tr class=\" row4\">\n<td class=\"dtr4 dtc0\" data-dtr=\"4\" data-dtc=\"0\"><a class='pum-trigger  popmake-9823  ' data-do-default=''>Canada<\/a><\/td>\n<td class=\"dtr4 dtc1\" data-dtr=\"4\" data-dtc=\"1\">&#8211;<\/td>\n<td class=\"dtr4 dtc2\" data-dtr=\"4\" data-dtc=\"2\">AS<\/td>\n<td class=\"dtr4 dtc3\" data-dtr=\"4\" data-dtc=\"3\">24.01.1977<\/td>\n<td class=\"dtr4 dtc4\" data-dtr=\"4\" data-dtc=\"4\">&#8211;<\/td>\n<td class=\"dtr4 dtc5\" data-dtr=\"4\" data-dtc=\"5\">D: Art. XIV<\/td>\n<\/tr>\n<tr class=\" row5\">\n<td class=\"dtr5 dtc0\" data-dtr=\"5\" data-dtc=\"0\">Croatie *<\/td>\n<td class=\"dtr5 dtc1\" data-dtr=\"5\" data-dtc=\"1\">&#8211;<\/td>\n<td class=\"dtr5 dtc2\" data-dtr=\"5\" data-dtc=\"2\">AS<\/td>\n<td class=\"dtr5 dtc3\" data-dtr=\"5\" data-dtc=\"3\">18.05.1994<\/td>\n<td class=\"dtr5 dtc4\" data-dtr=\"5\" data-dtc=\"4\">18.05.1994<\/td>\n<td class=\"dtr5 dtc5\" data-dtr=\"5\" data-dtc=\"5\">&#8211;<\/td>\n<\/tr>\n<tr class=\" row6\">\n<td class=\"dtr6 dtc0\" data-dtr=\"6\" data-dtc=\"0\">Chypre<\/td>\n<td class=\"dtr6 dtc1\" data-dtr=\"6\" data-dtc=\"1\">&#8211;<\/td>\n<td class=\"dtr6 dtc2\" data-dtr=\"6\" data-dtc=\"2\">AS<\/td>\n<td class=\"dtr6 dtc3\" data-dtr=\"6\" data-dtc=\"3\">19.10.1982<\/td>\n<td class=\"dtr6 dtc4\" data-dtr=\"6\" data-dtc=\"4\">19.04.1983<\/td>\n<td class=\"dtr6 dtc5\" data-dtr=\"6\" data-dtc=\"5\">&#8211;<\/td>\n<\/tr>\n<tr class=\" row7\">\n<td class=\"dtr7 dtc0\" data-dtr=\"7\" data-dtc=\"0\">Equateur<\/td>\n<td class=\"dtr7 dtc1\" data-dtr=\"7\" data-dtc=\"1\">26.07.1974<\/td>\n<td class=\"dtr7 dtc2\" data-dtr=\"7\" data-dtc=\"2\">RT<\/td>\n<td class=\"dtr7 dtc3\" data-dtr=\"7\" data-dtc=\"3\">03.04.1979<\/td>\n<td class=\"dtr7 dtc4\" data-dtr=\"7\" data-dtc=\"4\">03.10.1979<\/td>\n<td class=\"dtr7 dtc5\" data-dtr=\"7\" data-dtc=\"5\">D<\/td>\n<\/tr>\n<tr class=\" row8\">\n<td class=\"dtr8 dtc0\" data-dtr=\"8\" data-dtc=\"0\">Etat-Unis d&#8217;Am\u00e9rique<\/td>\n<td class=\"dtr8 dtc1\" data-dtr=\"8\" data-dtc=\"1\">27.10.1973<\/td>\n<td class=\"dtr8 dtc2\" data-dtr=\"8\" data-dtc=\"2\">&#8211;<\/td>\n<td class=\"dtr8 dtc3\" data-dtr=\"8\" data-dtc=\"3\">&#8211;<\/td>\n<td class=\"dtr8 dtc4\" data-dtr=\"8\" data-dtc=\"4\">&#8211;<\/td>\n<td class=\"dtr8 dtc5\" data-dtr=\"8\" data-dtc=\"5\">&#8211;<\/td>\n<\/tr>\n<tr class=\" row9\">\n<td class=\"dtr9 dtc0\" data-dtr=\"9\" data-dtc=\"0\">F\u00e9d. de Russie<\/td>\n<td class=\"dtr9 dtc1\" data-dtr=\"9\" data-dtc=\"1\">17.12.1974<\/td>\n<td class=\"dtr9 dtc2\" data-dtr=\"9\" data-dtc=\"2\">&#8211;<\/td>\n<td class=\"dtr9 dtc3\" data-dtr=\"9\" data-dtc=\"3\">&#8211;<\/td>\n<td class=\"dtr9 dtc4\" data-dtr=\"9\" data-dtc=\"4\">&#8211;<\/td>\n<td class=\"dtr9 dtc5\" data-dtr=\"9\" data-dtc=\"5\">&#8211;<\/td>\n<\/tr>\n<tr class=\" row10\">\n<td class=\"dtr10 dtc0\" data-dtr=\"10\" data-dtc=\"0\">France<\/td>\n<td class=\"dtr10 dtc1\" data-dtr=\"10\" data-dtc=\"1\">29.11.1974<\/td>\n<td class=\"dtr10 dtc2\" data-dtr=\"10\" data-dtc=\"2\">RT<\/td>\n<td class=\"dtr10 dtc3\" data-dtr=\"10\" data-dtc=\"3\">01.06.1994<\/td>\n<td class=\"dtr10 dtc4\" data-dtr=\"10\" data-dtc=\"4\">01.12.1994<\/td>\n<td class=\"dtr10 dtc5\" data-dtr=\"10\" data-dtc=\"5\">&#8211;<\/td>\n<\/tr>\n<tr class=\" row11\">\n<td class=\"dtr11 dtc0\" data-dtr=\"11\" data-dtc=\"0\">Iran<\/td>\n<td class=\"dtr11 dtc1\" data-dtr=\"11\" data-dtc=\"1\">27.10.1973<\/td>\n<td class=\"dtr11 dtc2\" data-dtr=\"11\" data-dtc=\"2\">&#8211;<\/td>\n<td class=\"dtr11 dtc3\" data-dtr=\"11\" data-dtc=\"3\">&#8211;<\/td>\n<td class=\"dtr11 dtc4\" data-dtr=\"11\" data-dtc=\"4\">&#8211;<\/td>\n<td class=\"dtr11 dtc5\" data-dtr=\"11\" data-dtc=\"5\">&#8211;<\/td>\n<\/tr>\n<tr class=\" row12\">\n<td class=\"dtr12 dtc0\" data-dtr=\"12\" data-dtc=\"0\">Italie<\/td>\n<td class=\"dtr12 dtc1\" data-dtr=\"12\" data-dtc=\"1\">&#8211;<\/td>\n<td class=\"dtr12 dtc2\" data-dtr=\"12\" data-dtc=\"2\">AS<\/td>\n<td class=\"dtr12 dtc3\" data-dtr=\"12\" data-dtc=\"3\">16.05.1991<\/td>\n<td class=\"dtr12 dtc4\" data-dtr=\"12\" data-dtc=\"4\">16.11.1991<\/td>\n<td class=\"dtr12 dtc5\" data-dtr=\"12\" data-dtc=\"5\">D: Arts. I, II, III<\/td>\n<\/tr>\n<tr class=\" row13\">\n<td class=\"dtr13 dtc0\" data-dtr=\"13\" data-dtc=\"0\">Laos<\/td>\n<td class=\"dtr13 dtc1\" data-dtr=\"13\" data-dtc=\"1\">30.10.1973<\/td>\n<td class=\"dtr13 dtc2\" data-dtr=\"13\" data-dtc=\"2\">&#8211;<\/td>\n<td class=\"dtr13 dtc3\" data-dtr=\"13\" data-dtc=\"3\">&#8211;<\/td>\n<td class=\"dtr13 dtc4\" data-dtr=\"13\" data-dtc=\"4\">&#8211;<\/td>\n<td class=\"dtr13 dtc5\" data-dtr=\"13\" data-dtc=\"5\">&#8211;<\/td>\n<\/tr>\n<tr class=\" row14\">\n<td class=\"dtr14 dtc0\" data-dtr=\"14\" data-dtc=\"0\">Libye<\/td>\n<td class=\"dtr14 dtc1\" data-dtr=\"14\" data-dtc=\"1\">&#8211;<\/td>\n<td class=\"dtr14 dtc2\" data-dtr=\"14\" data-dtc=\"2\">AS<\/td>\n<td class=\"dtr14 dtc3\" data-dtr=\"14\" data-dtc=\"3\">04.08.1977<\/td>\n<td class=\"dtr14 dtc4\" data-dtr=\"14\" data-dtc=\"4\">09.02.1978<\/td>\n<td class=\"dtr14 dtc5\" data-dtr=\"14\" data-dtc=\"5\">&#8211;<\/td>\n<\/tr>\n<tr class=\" row15\">\n<td class=\"dtr15 dtc0\" data-dtr=\"15\" data-dtc=\"0\">Niger<\/td>\n<td class=\"dtr15 dtc1\" data-dtr=\"15\" data-dtc=\"1\">&#8211;<\/td>\n<td class=\"dtr15 dtc2\" data-dtr=\"15\" data-dtc=\"2\">AS<\/td>\n<td class=\"dtr15 dtc3\" data-dtr=\"15\" data-dtc=\"3\">19.05.1975<\/td>\n<td class=\"dtr15 dtc4\" data-dtr=\"15\" data-dtc=\"4\">09.02.1978<\/td>\n<td class=\"dtr15 dtc5\" data-dtr=\"15\" data-dtc=\"5\">&#8211;<\/td>\n<\/tr>\n<tr class=\" row16\">\n<td class=\"dtr16 dtc0\" data-dtr=\"16\" data-dtc=\"0\">Portugal<\/td>\n<td class=\"dtr16 dtc1\" data-dtr=\"16\" data-dtc=\"1\">&#8211;<\/td>\n<td class=\"dtr16 dtc2\" data-dtr=\"16\" data-dtc=\"2\">AS<\/td>\n<td class=\"dtr16 dtc3\" data-dtr=\"16\" data-dtc=\"3\">19.11.1975<\/td>\n<td class=\"dtr16 dtc4\" data-dtr=\"16\" data-dtc=\"4\">09.02.1978<\/td>\n<td class=\"dtr16 dtc5\" data-dtr=\"16\" data-dtc=\"5\">&#8211;<\/td>\n<\/tr>\n<tr class=\" row17\">\n<td class=\"dtr17 dtc0\" data-dtr=\"17\" data-dtc=\"0\">Royaume-Uni<\/td>\n<td class=\"dtr17 dtc1\" data-dtr=\"17\" data-dtc=\"1\">10.10.1974<\/td>\n<td class=\"dtr17 dtc2\" data-dtr=\"17\" data-dtc=\"2\">&#8211;<\/td>\n<td class=\"dtr17 dtc3\" data-dtr=\"17\" data-dtc=\"3\">&#8211;<\/td>\n<td class=\"dtr17 dtc4\" data-dtr=\"17\" data-dtc=\"4\">&#8211;<\/td>\n<td class=\"dtr17 dtc5\" data-dtr=\"17\" data-dtc=\"5\">&#8211;<\/td>\n<\/tr>\n<tr class=\" row18\">\n<td class=\"dtr18 dtc0\" data-dtr=\"18\" data-dtc=\"0\">Saint-Si\u00e8ge<\/td>\n<td class=\"dtr18 dtc1\" data-dtr=\"18\" data-dtc=\"1\">02.11.1973<\/td>\n<td class=\"dtr18 dtc2\" data-dtr=\"18\" data-dtc=\"2\">&#8211;<\/td>\n<td class=\"dtr18 dtc3\" data-dtr=\"18\" data-dtc=\"3\">&#8211;<\/td>\n<td class=\"dtr18 dtc4\" data-dtr=\"18\" data-dtc=\"4\">&#8211;<\/td>\n<td class=\"dtr18 dtc5\" data-dtr=\"18\" data-dtc=\"5\">&#8211;<\/td>\n<\/tr>\n<tr class=\" row19\">\n<td class=\"dtr19 dtc0\" data-dtr=\"19\" data-dtc=\"0\">Sierra Leone<\/td>\n<td class=\"dtr19 dtc1\" data-dtr=\"19\" data-dtc=\"1\">27.10.1973<\/td>\n<td class=\"dtr19 dtc2\" data-dtr=\"19\" data-dtc=\"2\">&#8211;<\/td>\n<td class=\"dtr19 dtc3\" data-dtr=\"19\" data-dtc=\"3\">&#8211;<\/td>\n<td class=\"dtr19 dtc4\" data-dtr=\"19\" data-dtc=\"4\">&#8211;<\/td>\n<td class=\"dtr19 dtc5\" data-dtr=\"19\" data-dtc=\"5\">&#8211;<\/td>\n<\/tr>\n<tr class=\" row20\">\n<td class=\"dtr20 dtc0\" data-dtr=\"20\" data-dtc=\"0\">Slov\u00e9nie<\/td>\n<td class=\"dtr20 dtc1\" data-dtr=\"20\" data-dtc=\"1\">&#8211;<\/td>\n<td class=\"dtr20 dtc2\" data-dtr=\"20\" data-dtc=\"2\">AS<\/td>\n<td class=\"dtr20 dtc3\" data-dtr=\"20\" data-dtc=\"3\">20.08.1992<\/td>\n<td class=\"dtr20 dtc4\" data-dtr=\"20\" data-dtc=\"4\">20.08.1992<\/td>\n<td class=\"dtr20 dtc5\" data-dtr=\"20\" data-dtc=\"5\">&#8211;<\/td>\n<\/tr>\n<\/tbody>\n<tfoot><\/tfoot>\n<\/table>\n<\/div>\n<\/div>\n<p>&nbsp;<\/p>\n<p>&nbsp;<\/p>\n<p>*\u00a0<em>Dates de notification de succession \u00e0 la Convention par la Bosnie-Herz\u00e9govine, la Croatie et la Slov\u00e9nie. L\u2019ancienne R\u00e9publique f\u00e9d\u00e9rale socialiste de Yougoslavie avait d\u00e9pos\u00e9 un instrument d\u2019adh\u00e9sion le 9 ao\u00fbt 1977.<\/em><\/p>\n<p>&nbsp;<\/p>\n<p>Notes:<\/p>\n<p><em>La R\u00e9publique de Chine a sign\u00e9 la Convention le 27 octobre 1973. A compter du 1<sup>er<\/sup>\u00a0janvier 1979, les Etats-Unis ont reconnu que la R\u00e9publique populaire de Chine est le seul Gouvernement l\u00e9gitime de la Chine.<\/em><\/p>\n<p>&nbsp;<\/p>\n<p><em>La R\u00e9publique socialiste tch\u00e9coslovaque (Tch\u00e9coslovaquie) a sign\u00e9 la Convention le 30 d\u00e9cembre 1974. Le 31 d\u00e9cembre 1992, \u00e0 minuit, la Tch\u00e9coslovaquie a cess\u00e9 d&#8217;exister et deux Etats s\u00e9par\u00e9s et ind\u00e9pendants lui ont succ\u00e9d\u00e9, la R\u00e9publique tch\u00e8que et la R\u00e9publique slovaque.\u00a0<\/em>[\/vc_column_text][\/vc_column][\/vc_row][vc_row][vc_column][vc_empty_space height=&#8221;10px&#8221;][\/vc_column][\/vc_row]<\/p>\n<\/div>","protected":false},"excerpt":{"rendered":"<p>[vc_row][vc_column css=&#8221;.vc_custom_1490017614850{margin-bottom: 30px !important;}&#8221;][vc_custom_heading text=&#8221;ETAT&#8221; font_container=&#8221;tag:h1|text_align:left&#8221; use_theme_fonts=&#8221;yes&#8221; css=&#8221;.vc_custom_1628972816864{margin-top: 0px !important;margin-bottom: 20px !important;}&#8221;][vc_custom_heading text=&#8221;ETAT &#8211; CONVENTION PORTANT LOI UNIFORME SUR LA FORME D&#8217;UN TESTAMENT INTERNATIONAL&#8221; font_container=&#8221;tag:h4|text_align:left&#8221; use_theme_fonts=&#8221;yes&#8221;][\/vc_column][\/vc_row][vc_row css=&#8221;.vc_custom_1622455036974{background-color: #f2f2f2 !important;}&#8221;][vc_column css=&#8221;.vc_custom_1490017614850{margin-bottom: 30px !important;}&#8221;][vc_column_text]CONVENTION PORTANT LOI UNIFORME SUR LA FORME D&#8217;UN TESTAMENT INTERNATIONAL &nbsp; &nbsp; Adoption:\u00a0Lieu:\u00a0Washington Date:\u00a026.10.1973&nbsp;<a href=\"https:\/\/www.unidroit.org\/fr\/instruments\/testaments\/etat\/\">&hellip;<\/a><\/p>\n","protected":false},"author":20,"featured_media":0,"parent":5558,"menu_order":0,"comment_status":"closed","ping_status":"closed","template":"","meta":{"ep_exclude_from_search":false,"footnotes":""},"class_list":["post-6065","page","type-page","status-publish","format-standard","hentry","odd"],"_links":{"self":[{"href":"https:\/\/www.unidroit.org\/fr\/wp-json\/wp\/v2\/pages\/6065","targetHints":{"allow":["GET"]}}],"collection":[{"href":"https:\/\/www.unidroit.org\/fr\/wp-json\/wp\/v2\/pages"}],"about":[{"href":"https:\/\/www.unidroit.org\/fr\/wp-json\/wp\/v2\/types\/page"}],"author":[{"embeddable":true,"href":"https:\/\/www.unidroit.org\/fr\/wp-json\/wp\/v2\/users\/20"}],"replies":[{"embeddable":true,"href":"https:\/\/www.unidroit.org\/fr\/wp-json\/wp\/v2\/comments?post=6065"}],"version-history":[{"count":0,"href":"https:\/\/www.unidroit.org\/fr\/wp-json\/wp\/v2\/pages\/6065\/revisions"}],"up":[{"embeddable":true,"href":"https:\/\/www.unidroit.org\/fr\/wp-json\/wp\/v2\/pages\/5558"}],"wp:attachment":[{"href":"https:\/\/www.unidroit.org\/fr\/wp-json\/wp\/v2\/media?parent=6065"}],"curies":[{"name":"wp","href":"https:\/\/api.w.org\/{rel}","templated":true}]}}