{"id":6071,"date":"2021-08-14T20:29:45","date_gmt":"2021-08-14T20:29:45","guid":{"rendered":"https:\/\/www.unidroit.org\/?page_id=6071"},"modified":"2021-08-14T20:29:49","modified_gmt":"2021-08-14T20:29:49","slug":"bibliographie","status":"publish","type":"page","link":"https:\/\/www.unidroit.org\/fr\/instruments\/testaments\/bibliographie\/","title":{"rendered":"Bibliographie"},"content":{"rendered":"<div class=\"wpb-content-wrapper\"><p>[vc_row][vc_column css=&#8221;.vc_custom_1490017614850{margin-bottom: 30px !important;}&#8221;][vc_custom_heading text=&#8221;BIBLIOGRAPHIE&#8221; font_container=&#8221;tag:h1|text_align:left&#8221; use_theme_fonts=&#8221;yes&#8221; css=&#8221;.vc_custom_1628973043758{margin-top: 0px !important;margin-bottom: 20px !important;}&#8221;][vc_custom_heading text=&#8221;SUCCESSIONS: SELECT BIBLIOGRAPHY &#8211; TESTAMENTS: BIBLIOGRAPHIE&#8221; font_container=&#8221;tag:h4|text_align:left&#8221; use_theme_fonts=&#8221;yes&#8221;][\/vc_column][\/vc_row][vc_row css=&#8221;.vc_custom_1622455036974{background-color: #f2f2f2 !important;}&#8221;][vc_column css=&#8221;.vc_custom_1490017614850{margin-bottom: 30px !important;}&#8221;][vc_column_text]BEERNAERT, J.-E. &#8211; PINTENS, W., La renaissance du testament \u00e0 forme internationale, in: Journal des tribunaux, 118 (1999), 129-130<\/p>\n<p><span lang=\"EN-GB\">COVELL, T., Legislation should prompt states to enact international will laws, in: Trusts\u00a0 Estates, 133 (1994), 42\u00a0<\/span><\/p>\n<p>LAGARDE, Paul \u2013 Les principes de base du nouveau r\u00e8glement europ\u00e9en sur les successions, in: Revue critique de droit international priv\u00e9, 101 (2012) 4, pp. 691-732<\/p>\n<p>REVILLARD, M. &#8211; L&#8217;entr\u00e9e en vigueur de la Convention de Washington du 28 octobre 1973 portant loi uniforme sur la forme d&#8217;un testament international, in: Journal du droit international, 122 (1995), 585[\/vc_column_text][\/vc_column][\/vc_row][vc_row][vc_column][vc_empty_space height=&#8221;10px&#8221;][\/vc_column][\/vc_row]<\/p>\n<\/div>","protected":false},"excerpt":{"rendered":"<p>[vc_row][vc_column css=&#8221;.vc_custom_1490017614850{margin-bottom: 30px !important;}&#8221;][vc_custom_heading text=&#8221;BIBLIOGRAPHIE&#8221; font_container=&#8221;tag:h1|text_align:left&#8221; use_theme_fonts=&#8221;yes&#8221; css=&#8221;.vc_custom_1628973043758{margin-top: 0px !important;margin-bottom: 20px !important;}&#8221;][vc_custom_heading text=&#8221;SUCCESSIONS: SELECT BIBLIOGRAPHY &#8211; TESTAMENTS: BIBLIOGRAPHIE&#8221; font_container=&#8221;tag:h4|text_align:left&#8221; use_theme_fonts=&#8221;yes&#8221;][\/vc_column][\/vc_row][vc_row css=&#8221;.vc_custom_1622455036974{background-color: #f2f2f2 !important;}&#8221;][vc_column css=&#8221;.vc_custom_1490017614850{margin-bottom: 30px !important;}&#8221;][vc_column_text]BEERNAERT, J.-E. &#8211; PINTENS, W., La renaissance du testament \u00e0 forme internationale, in: Journal des tribunaux, 118 (1999), 129-130 COVELL,&nbsp;<a href=\"https:\/\/www.unidroit.org\/fr\/instruments\/testaments\/bibliographie\/\">&hellip;<\/a><\/p>\n","protected":false},"author":20,"featured_media":0,"parent":5558,"menu_order":0,"comment_status":"closed","ping_status":"closed","template":"","meta":{"ep_exclude_from_search":false,"footnotes":""},"class_list":["post-6071","page","type-page","status-publish","format-standard","hentry","odd"],"_links":{"self":[{"href":"https:\/\/www.unidroit.org\/fr\/wp-json\/wp\/v2\/pages\/6071","targetHints":{"allow":["GET"]}}],"collection":[{"href":"https:\/\/www.unidroit.org\/fr\/wp-json\/wp\/v2\/pages"}],"about":[{"href":"https:\/\/www.unidroit.org\/fr\/wp-json\/wp\/v2\/types\/page"}],"author":[{"embeddable":true,"href":"https:\/\/www.unidroit.org\/fr\/wp-json\/wp\/v2\/users\/20"}],"replies":[{"embeddable":true,"href":"https:\/\/www.unidroit.org\/fr\/wp-json\/wp\/v2\/comments?post=6071"}],"version-history":[{"count":0,"href":"https:\/\/www.unidroit.org\/fr\/wp-json\/wp\/v2\/pages\/6071\/revisions"}],"up":[{"embeddable":true,"href":"https:\/\/www.unidroit.org\/fr\/wp-json\/wp\/v2\/pages\/5558"}],"wp:attachment":[{"href":"https:\/\/www.unidroit.org\/fr\/wp-json\/wp\/v2\/media?parent=6071"}],"curies":[{"name":"wp","href":"https:\/\/api.w.org\/{rel}","templated":true}]}}