{"id":6107,"date":"2021-08-15T08:41:34","date_gmt":"2021-08-15T08:41:34","guid":{"rendered":"https:\/\/www.unidroit.org\/?page_id=6107"},"modified":"2021-08-15T08:41:39","modified_gmt":"2021-08-15T08:41:39","slug":"presentation","status":"publish","type":"page","link":"https:\/\/www.unidroit.org\/fr\/instruments\/transport\/cmr-1956\/presentation\/","title":{"rendered":"Pr\u00e9sentation"},"content":{"rendered":"<div class=\"wpb-content-wrapper\"><p>[vc_row][vc_column css=&#8221;.vc_custom_1490017614850{margin-bottom: 30px !important;}&#8221;][vc_custom_heading text=&#8221;PRESENTATION<br \/>\n&#8221; font_container=&#8221;tag:h1|text_align:left&#8221; use_theme_fonts=&#8221;yes&#8221; css=&#8221;.vc_custom_1629016906731{margin-top: 0px !important;margin-bottom: 20px !important;}&#8221;][vc_custom_heading text=&#8221;HISTORIQUE&#8221; font_container=&#8221;tag:h4|text_align:left&#8221; use_theme_fonts=&#8221;yes&#8221;][\/vc_column][\/vc_row][vc_row css=&#8221;.vc_custom_1622455036974{background-color: #f2f2f2 !important;}&#8221;][vc_column css=&#8221;.vc_custom_1490017614850{margin-bottom: 30px !important;}&#8221;][vc_column_text]Quelques ann\u00e9es apr\u00e8s sa constitution, la Commission \u00e9conomique pour l&#8217;Europe des Nations Unies (CEE) a commenc\u00e9, dans le cadre d&#8217;un groupe de travail des questions juridiques relevant du Comit\u00e9 des transports int\u00e9rieurs, \u00e0 s&#8217;occuper des probl\u00e8mes de droit priv\u00e9 d\u00e9coulant des contrats de transports internationaux de marchandises par route. A cet \u00e9gard, la CEE a pu utiliser les travaux qui avaient \u00e9t\u00e9 accomplis, \u00e0 la suite d&#8217;une suggestion de l&#8217;Institut international pour l&#8217;unification du droit priv\u00e9 (UNIDROIT) du 29 mars 1948, dans le cadre d&#8217;un comit\u00e9 d&#8217;abord tripartite (UNIDROIT &#8211; Chambre de commerce internationale (CCI) &#8211; Union internationale des. transports routiers (IRU)) puis quadripartite (l&#8217;Union internationale d&#8217;assurance transports \u00e9tant venue coop\u00e9rer), plac\u00e9 sous la pr\u00e9sidence du d\u00e9l\u00e9gu\u00e9 su\u00e9dois M. Bagge, et avec la collaboration de nombreux experts venant d&#8217;\u00c9tats diff\u00e9rents.<\/p>\n<p>&nbsp;<\/p>\n<p>Lors de sa cinqui\u00e8me session (4 au 7 f\u00e9vrier 1952), le Groupe de travail de la CEE des questions juridiques a constitu\u00e9 un comit\u00e9 restreint de juristes (MM. Hostie, de Sydow, Kopelmanas) qui a pr\u00e9sent\u00e9 le 21 d\u00e9cembre 1953, un rapport auquel \u00e9tait joint un avant-projet (TRANS\/WP9\/22). Cet avant-projet, ainsi que de nombreuses observations \u00e9manant des gouvernements concernant le dit. projet, ont constitu\u00e9 la base de n\u00e9gociations pendant les deux sessions d&#8217;un Groupe de travail sp\u00e9cial de la CEE au cours desquelles le texte final de la Convention relative au contrat de transport international de marchandises par route (CMR) a pu \u00eatre \u00e9tabli.<\/p>\n<p>&nbsp;<\/p>\n<p>La premi\u00e8re des deux sessions du Groupe de travail sp\u00e9cial a eu lieu du 12 au 28 avril 1955, sous la pr\u00e9sidence du d\u00e9l\u00e9gu\u00e9 su\u00e9dois M. G. de Sydow (TRANS\/152 &#8211; TRANS\/WP9\/32). Ont particip\u00e9 \u00e0 cette session les d\u00e9l\u00e9gu\u00e9s de onze Etats ainsi que les observateurs de l&#8217;UNIDROIT, de la CCI et de l&#8217;IRU. La seconde session du groupe de travail sp\u00e9cial s&#8217;est tenue du 12 au 19 mai 1956, \u00e9galement sous la pr\u00e9sidence de M. G. de Sydow (TRANS\/168 TRANS\/WP9\/35). Ont particip\u00e9 \u00e0 cette seconde session les repr\u00e9sentants de quinze Etats ainsi que les. observateurs de l&#8217;UNIDROIT, de la CCI, de l&#8217;IRU, de l&#8217;Office central des transports internationaux par chemins de fer (OCTI) et de l&#8217;Union internationale des chemins de fer (UIC). La Convention a \u00e9t\u00e9 ouverte \u00e0 la signature le 19 mai 1956, dans le cadre d&#8217;une session sp\u00e9ciale du Comit\u00e9 des transports int\u00e9rieurs de la CEE, pr\u00e9sid\u00e9e par le d\u00e9l\u00e9gu\u00e9 hongrois M. M\u00e1ty\u00e1ssy, et a \u00e9t\u00e9 sign\u00e9e ce m\u00eame jour par la R\u00e9publique f\u00e9d\u00e9rale d&#8217;Allemagne, l&#8217;Autriche, la France, le Luxembourg, les. Pays-Bas, la Pologne, la Su\u00e8de, la Suisse et la Yougoslavie (E\/ECE\/TRANS\/490). La CMR est entr\u00e9e en vigueur le 2 juillet 1961, \u00e0 la suite du d\u00e9p\u00f4t des cinq premiers instruments de ratification (Autriche, France, Italie, Pays-Bas, Yougoslavie).<\/p>\n<p>&nbsp;<\/p>\n<p>(Extrait de Roland LOEWE, Note explicative sur la Convention au contrat de transport international de marchandises par route (CMR) du 19 mai 1956, publi\u00e9 par Droit europ\u00e9en des transports 1976, 407 \u2013 501.)<\/p>\n<p>&nbsp;<\/p>\n<p>Pour les documents relatifs \u00e0 ce projet publi\u00e9s par UNIDROIT, voir Travaux pr\u00e9paratoires.[\/vc_column_text][\/vc_column][\/vc_row][vc_row][vc_column][vc_empty_space height=&#8221;10px&#8221;][\/vc_column][\/vc_row]<\/p>\n<\/div>","protected":false},"excerpt":{"rendered":"<p>[vc_row][vc_column css=&#8221;.vc_custom_1490017614850{margin-bottom: 30px !important;}&#8221;][vc_custom_heading text=&#8221;PRESENTATION &#8221; font_container=&#8221;tag:h1|text_align:left&#8221; use_theme_fonts=&#8221;yes&#8221; css=&#8221;.vc_custom_1629016906731{margin-top: 0px !important;margin-bottom: 20px !important;}&#8221;][vc_custom_heading text=&#8221;HISTORIQUE&#8221; font_container=&#8221;tag:h4|text_align:left&#8221; use_theme_fonts=&#8221;yes&#8221;][\/vc_column][\/vc_row][vc_row css=&#8221;.vc_custom_1622455036974{background-color: #f2f2f2 !important;}&#8221;][vc_column css=&#8221;.vc_custom_1490017614850{margin-bottom: 30px !important;}&#8221;][vc_column_text]Quelques ann\u00e9es apr\u00e8s sa constitution, la Commission \u00e9conomique pour l&#8217;Europe des Nations Unies (CEE) a commenc\u00e9, dans le cadre d&#8217;un groupe de travail des&nbsp;<a href=\"https:\/\/www.unidroit.org\/fr\/instruments\/transport\/cmr-1956\/presentation\/\">&hellip;<\/a><\/p>\n","protected":false},"author":20,"featured_media":0,"parent":6104,"menu_order":0,"comment_status":"closed","ping_status":"closed","template":"","meta":{"ep_exclude_from_search":false,"footnotes":""},"class_list":["post-6107","page","type-page","status-publish","format-standard","hentry","odd"],"_links":{"self":[{"href":"https:\/\/www.unidroit.org\/fr\/wp-json\/wp\/v2\/pages\/6107","targetHints":{"allow":["GET"]}}],"collection":[{"href":"https:\/\/www.unidroit.org\/fr\/wp-json\/wp\/v2\/pages"}],"about":[{"href":"https:\/\/www.unidroit.org\/fr\/wp-json\/wp\/v2\/types\/page"}],"author":[{"embeddable":true,"href":"https:\/\/www.unidroit.org\/fr\/wp-json\/wp\/v2\/users\/20"}],"replies":[{"embeddable":true,"href":"https:\/\/www.unidroit.org\/fr\/wp-json\/wp\/v2\/comments?post=6107"}],"version-history":[{"count":0,"href":"https:\/\/www.unidroit.org\/fr\/wp-json\/wp\/v2\/pages\/6107\/revisions"}],"up":[{"embeddable":true,"href":"https:\/\/www.unidroit.org\/fr\/wp-json\/wp\/v2\/pages\/6104"}],"wp:attachment":[{"href":"https:\/\/www.unidroit.org\/fr\/wp-json\/wp\/v2\/media?parent=6107"}],"curies":[{"name":"wp","href":"https:\/\/api.w.org\/{rel}","templated":true}]}}