{"id":6110,"date":"2021-08-15T08:48:58","date_gmt":"2021-08-15T08:48:58","guid":{"rendered":"https:\/\/www.unidroit.org\/?page_id=6110"},"modified":"2022-10-20T14:39:52","modified_gmt":"2022-10-20T12:39:52","slug":"preparatory-work","status":"publish","type":"page","link":"https:\/\/www.unidroit.org\/fr\/instruments\/transport\/cmr-1956\/preparatory-work\/","title":{"rendered":"Travaux pr\u00e9paratoires"},"content":{"rendered":"<div class=\"wpb-content-wrapper\"><p>[vc_row][vc_column css=&#8221;.vc_custom_1490017614850{margin-bottom: 30px !important;}&#8221;][vc_custom_heading text=&#8221;TRAVAUX PR\u00c9PARATOIRES&#8221; font_container=&#8221;tag:h1|text_align:left&#8221; use_theme_fonts=&#8221;yes&#8221; css=&#8221;.vc_custom_1666269569792{margin-top: 0px !important;margin-bottom: 20px !important;}&#8221;][vc_custom_heading text=&#8221;\u00c9TUDE XXIII \u2013 TRANSPORT INTERNATIONAL DE MARCHANDISES PAR ROUTE &#8211; TRAVAUX PR\u00c9PARATOIRES&#8221; font_container=&#8221;tag:h4|text_align:left&#8221; use_theme_fonts=&#8221;yes&#8221;][\/vc_column][\/vc_row][vc_row css=&#8221;.vc_custom_1622455036974{background-color: #f2f2f2 !important;}&#8221;][vc_column css=&#8221;.vc_custom_1490017614850{margin-bottom: 30px !important;}&#8221;][vc_column_text]<a href=\"https:\/\/www.unidroit.org\/french\/documents\/1971\/etude23\/s-23-39-f.pdf\">U.D.P. 1971 \u2013 Etude XXIII \u2013 Transport par route \u2013 Doc. 39\u00a0<\/a>[in French only]<\/p>\n<p>Etude du Secr\u00e9tariat de l\u2019UNIDROIT, effectu\u00e9e \u00e0 l\u2019intention du Groupe ad hoc du Groupe de travail des transports routiers de la Commission Economique pour l\u2019Europe des Nations Unies, sur les observations concernant une r\u00e9vision \u00e9ventuelle de la CMR<\/p>\n<p><a href=\"https:\/\/www.unidroit.org\/french\/documents\/1969\/etude23\/s-23-38-f.pdf\">U.D.P. 1969 \u2013 Etude XXIII \u2013 Transport par route \u2013 Doc. 38\u00a0<\/a>[in French only]<\/p>\n<p>Etude du Secr\u00e9tariat de l\u2019Institut, \u00e0 la demande du Sous comit\u00e9 des transports routiers de la Commission Economique pour l\u2019Europe des Nations Unies, concernant les propositions visant \u00e0 une r\u00e9vision de la CMR<\/p>\n<p><a href=\"https:\/\/www.unidroit.org\/french\/documents\/1962\/etude23\/s-23-37-f.pdf\">U.D.P. 1962 \u2013 Etude XXIII \u2013 Transport par route \u2013 Doc. 37<\/a>\u00a0[in French only]<\/p>\n<p>Interpr\u00e9tation de l\u2019art. 1 \u00a7 1 de la Convention sur le transport international de marchandises par route (CMR). Demande d\u2019avis de l\u2019Union internationale des transports routiers (IRU). Note du Secr\u00e9tariat<\/p>\n<p><a href=\"https:\/\/www.unidroit.org\/french\/documents\/1952\/etude23\/s-23-36-f.pdf\">U.D.P. 1952 \u2013 Etude XXIII \u2013 Transport par route \u2013 Doc. 36<\/a>\u00a0[in French only]<\/p>\n<p>Comit\u00e9 du contrat de transport international par route. Proc\u00e8s-verbaux de la sixi\u00e8me session du Comit\u00e9 (R\u00fcdesheim, 4 \u2013 12 juin 1951)<\/p>\n<p><a href=\"https:\/\/www.unidroit.org\/french\/documents\/1951\/etude23\/s-23-35-f.pdf\">U.D.P. 1951 \u2013 Etude XXIII \u2013 Transport par route \u2013 Doc. 35<\/a>\u00a0[in French only]<\/p>\n<p>Comit\u00e9 du contrat de transport international par route. [Projet de Convention relative au contrat de transport international de marchandises par la route \u00e9tabli par le Comit\u00e9 \u00e0] R\u00fcdesheim, les 3-13 juin 1951<\/p>\n<p><a href=\"https:\/\/www.unidroit.org\/french\/documents\/1951\/etude23\/s-23-34-f.pdf\">U.D.P. 1951 \u2013 Etude XXIII \u2013 Transport par route \u2013 Doc. 34<\/a>\u00a0[in French only]<\/p>\n<p>Comit\u00e9 du contrat de transport international par route. Amendements pr\u00e9sent\u00e9s par le Pr\u00e9sident du Comit\u00e9<\/p>\n<p><a href=\"https:\/\/www.unidroit.org\/french\/documents\/1951\/etude23\/s-23-33-f.pdf\">U.D.P. 1951 \u2013 Etude XXIII \u2013 Transport par route \u2013 Doc. 33<\/a>\u00a0[in French only]<\/p>\n<p>Comit\u00e9 du contrat de transport international par route. Les observations de la d\u00e9l\u00e9gation belge aupr\u00e8s du Groupe d\u2019experts charg\u00e9 de l\u2019\u00e9tude de la responsabilit\u00e9 du transporteur<\/p>\n<p><a href=\"https:\/\/www.unidroit.org\/french\/documents\/1951\/etude23\/s-23-32-f.pdf\">U.D.P. 1951 \u2013 Etude XXIII \u2013 Transport par route \u2013 Doc. 32<\/a>\u00a0[in French only]<\/p>\n<p>Comit\u00e9 du contrat de transport international par route. Note du Secr\u00e9taire du Comit\u00e9 concernant la r\u00e9vision de la C.I.M.<\/p>\n<p><a href=\"https:\/\/www.unidroit.org\/french\/documents\/1951\/etude23\/s-23-31-f.pdf\">U.D.P. 1951 \u2013 Etude XXIII \u2013 Transport par route \u2013 Doc. 31<\/a>\u00a0[in French only]<\/p>\n<p>Comit\u00e9 du contrat de transport international par route. Note du Secr\u00e9taire du Comit\u00e9 sur la question des d\u00e9m\u00e9nagements<\/p>\n<p><a href=\"https:\/\/www.unidroit.org\/french\/documents\/1951\/etude23\/s-23-30-f.pdf\">U.D.P. 1951 \u2013 Etude XXIII \u2013 Transport par route \u2013 Doc. 30<\/a>\u00a0[in French only]<\/p>\n<p>Comit\u00e9 du contrat de transport international par route. Rapport du Groupe d\u2019experts charg\u00e9 de l\u2019\u00e9tude de la responsabilit\u00e9 du transporteur au sein de la Commission Economique pour l\u2019Europe, qui s\u2019est r\u00e9uni du 24 au 27 avril \u00e0 Gen\u00e8ve<\/p>\n<p><a href=\"https:\/\/www.unidroit.org\/french\/documents\/1951\/etude23\/s-23-29-f.pdf\">U.D.P. 1951 \u2013 Etude XXIII \u2013 Transport par route \u2013 Doc. 29\u00a0<\/a>[in French only]<\/p>\n<p>Comit\u00e9 du contrat de transport international par route. Observations du Gouvernement de l\u2019Autriche sur le projet de Convention relative au contrat de transport international de marchandises par la route, pr\u00e9par\u00e9 \u00e0 Gen\u00e8ve au mois de mai 1949<\/p>\n<p><a href=\"https:\/\/www.unidroit.org\/french\/documents\/1951\/etude23\/s-23-28-f.pdf\">U.D.P. 1951 \u2013 Etude XXIII \u2013 Transport par route \u2013 Doc. 28<\/a>\u00a0[in French only]<\/p>\n<p>Comit\u00e9 du contrat de transport international par route. Avis des d\u00e9l\u00e9gu\u00e9s du Minist\u00e8re f\u00e9d\u00e9ral des Communications de la R\u00e9publique f\u00e9d\u00e9rale d\u2019Allemagne au projet Pallanza, d\u2019une Convention relative au contrat des transporte routiers internationaux<\/p>\n<p><a href=\"https:\/\/www.unidroit.org\/french\/documents\/1951\/etude23\/s-23-27-f.pdf\">U.D.P. 1951 \u2013 Etude XXIII \u2013 Transport par route \u2013 Doc. 27\u00a0<\/a>[in French only]<\/p>\n<p>Comit\u00e9 du contrat de transport international par route. Note sur les dispositions de droit public international \u00e0 ins\u00e9rer dans la Convention relative au contrat de transport international de marchandises par route<\/p>\n<p><a href=\"https:\/\/www.unidroit.org\/french\/documents\/1951\/etude23\/s-23-26-f.pdf\">U.D.P. 1951 \u2013 Etude XXIII \u2013 Transport par route \u2013 Doc. 26<\/a>\u00a0[in French only]<\/p>\n<p>Comit\u00e9 du contrat de transport international par route. Projet du Comit\u00e9 pr\u00e9par\u00e9 \u00e0 Gen\u00e8ve en mai 1949 avec les observations du Groupe de travail et Projet r\u00e9vis\u00e9 pr\u00e9par\u00e9 par le Secr\u00e9taire du Comit\u00e9 avec le commentaire du Secr\u00e9taire<\/p>\n<p><a href=\"https:\/\/www.unidroit.org\/french\/documents\/1950\/etude23\/s-23-25-f.pdf\">U.D.P. 1950 \u2013 Etude XXIII \u2013 Transport par route \u2013 Doc. 25<\/a>\u00a0[in French only]<\/p>\n<p>Comit\u00e9 du contrat de transport international par route. Compte rendu de la cinqui\u00e8me session du Comit\u00e9 du contrat de transport international par route tenue \u00e0 Pallanza du 18 au 26 septembre 1950<\/p>\n<p><a href=\"https:\/\/www.unidroit.org\/english\/documents\/1950\/study23\/s-23-24-e.pdf\">U.P.L. 1950 \u2013 Paper XXIII \u2013 Carriage by road \u2013 Extract from Doc. 24<\/a><\/p>\n<p>Committee on the International Road Transport Contract. Extract of draft Convention regarding the contract of international carriage of goods by road<\/p>\n<p><a href=\"https:\/\/www.unidroit.org\/french\/documents\/1950\/etude23\/s-23-24-f.pdf\">U.D.P. 1950 \u2013 Etude XXIII \u2013 Transport par route \u2013 Doc. 24<\/a>\u00a0[in French]<\/p>\n<p>Comit\u00e9 du contrat de transport international par route. Projet de Convention relative au contrat de transport international de marchandises par route<\/p>\n<p><a href=\"https:\/\/www.unidroit.org\/french\/documents\/1950\/etude23\/s-23-23-f.pdf\">U.D.P. 1950 \u2013 Etude XXIII \u2013 Transport par route \u2013 Doc. 23<\/a>\u00a0[in French only]<\/p>\n<p>Comit\u00e9 du contrat de transport international par route. Projet de r\u00e9daction de l\u2019article 2, paragraphe 1, pr\u00e9sent\u00e9 par le Secr\u00e9taire du Comit\u00e9<\/p>\n<p><a href=\"https:\/\/www.unidroit.org\/french\/documents\/1950\/etude23\/s-23-22-f.pdf\">U.D.P. 1950 \u2013 Etude XXIII \u2013 Transport par route \u2013 Doc. 22\u00a0<\/a>[in French only]<\/p>\n<p>Comit\u00e9 du contrat de transport international par route. Note du Secr\u00e9taire du Comit\u00e9 sur la nature du contrat de d\u00e9m\u00e9nagement<\/p>\n<p><a href=\"https:\/\/www.unidroit.org\/french\/documents\/1950\/etude23\/s-23-21-f.pdf\">U.D.P. 1950 \u2013 Etude XXIII \u2013 Transport par route \u2013 Doc. 21<\/a>\u00a0[in French only]<\/p>\n<p>Comit\u00e9 du contrat de transport international par route. Note du Secr\u00e9taire du Comit\u00e9 sur la question des d\u00e9m\u00e9nagements<\/p>\n<p><a href=\"https:\/\/www.unidroit.org\/french\/documents\/1950\/etude23\/s-23-20-f.pdf\">U.D.P. 1950 \u2013 Etude XXIII \u2013 Transport par route \u2013 Doc. 20\u00a0<\/a>[in French only]<\/p>\n<p>R\u00e9flexions au sujet d\u2019une Convention relative au contrat de transport de marchandises par la route<\/p>\n<p><a href=\"https:\/\/www.unidroit.org\/english\/documents\/1950\/study23\/s-23-19AnnexA-e.pdf\">U.P.L. 1950 \u2013 Paper XXIII \u2013 Carriage by road \u2013 Doc. 19 Annex \u201cA\u201d<\/a><\/p>\n<p>Committee on the International Road Transport Contract. Annex \u201cA\u201d: Draft Convention regarding the contract of international carriage of goods by road prepared by the Secretary of the Committee after the fourth session of the Working Party dealing with Legal Questions (July, 1950)<\/p>\n<p><a href=\"https:\/\/www.unidroit.org\/french\/documents\/1950\/etude23\/s-23-19-f.pdf\">U.D.P. 1950 \u2013 Etude XXIII \u2013 Transport par route \u2013 Doc. 19<\/a>\u00a0[in French]<\/p>\n<p>Comit\u00e9 du contrat de transport international par route. Rapport du Secr\u00e9taire du Comit\u00e9 (Juillet 1950) (y compris Annexe A: Projet r\u00e9vis\u00e9 de Convention relative au contrat de transport international de marchandises par route pr\u00e9par\u00e9 par le Secr\u00e9taire du Comit\u00e9 apr\u00e8s la quatri\u00e8me session du Groupe de travail charg\u00e9 des questions juridiques (Juillet 1950) et Annex B: Commentaire du Secr\u00e9taire (article par article) sur le projet r\u00e9vis\u00e9 de Convention (Juillet 1950))<\/p>\n<p><a href=\"https:\/\/www.unidroit.org\/french\/documents\/1949\/etude23\/s-23-18-f.pdf\">U.D.P. 1949 \u2013 Etude XXIII \u2013 Transport par route \u2013 Doc. 18<\/a>\u00a0[in French only]<\/p>\n<p>Comit\u00e9 du contrat de transport international par route. Expos\u00e9 des motifs du projet de Convention relative au contrat de transport international de marchandises par la route<\/p>\n<p><a href=\"https:\/\/www.unidroit.org\/french\/documents\/1949\/etude23\/s-23-17-f.pdf\">U.P.L. 1949 \u2013 Paper XXIII \u2013 Carriage by road \u2013 Doc. 17<\/a><\/p>\n<p>International Road Transport Contract Committee. Draft Convention concerning the Contract for the International Transport of Goods by Road<\/p>\n<p><a href=\"https:\/\/www.unidroit.org\/french\/documents\/1949\/etude23\/s-23-16-f.pdf\">U.D.P. 1949 \u2013 Etude XXIII \u2013 Transport par route \u2013 Doc. 16\u00a0<\/a>[in French only]<\/p>\n<p>Comit\u00e9 du contrat de transport international par route. Compte rendu de la quatri\u00e8me session du Comit\u00e9 du contrat de transport international par route tenue \u00e0 Gen\u00e8ve du 27 au 31 mai 1949<\/p>\n<p><a href=\"https:\/\/www.unidroit.org\/french\/documents\/1949\/etude23\/s-23-15-f.pdf\">U.D.P. 1949 \u2013 Etude XXIII \u2013 Transport par route \u2013 Doc. 15<\/a>\u00a0[in French only]<\/p>\n<p>Comit\u00e9 du contrat de transport international par route. Avant projet de l\u2019Expos\u00e9 des motifs du projet de Convention relative au contrat de transport international de marchandises par la route<\/p>\n<p><a href=\"https:\/\/www.unidroit.org\/english\/documents\/1949\/study23\/s-23-14-e.pdf\">U.P.L. 1949 \u2013 Paper XXIII \u2013 Carriage by road \u2013 Doc. 14<\/a><\/p>\n<p>International Road Transport Committee. Draft Convention regarding the contract of international carriage of goods by road<\/p>\n<p><a href=\"https:\/\/www.unidroit.org\/french\/documents\/1949\/etude23\/s-23-13-f.pdf\">U.D.P. 1949 \u2013 Etude XXIII \u2013 Transport par route \u2013 Doc. 13\u00a0<\/a>[in French only]<\/p>\n<p>Comit\u00e9 du contrat de transport international par route. Observations de M. Svend Andersen, Directeur de la Compagnie d\u2019Assurance du Lloyd danois, sur l\u2019Avant projet de convention relative au contrat de transport international de marchandises par route<\/p>\n<p><a href=\"https:\/\/www.unidroit.org\/french\/documents\/1949\/etude23\/s-23-12-f.pdf\">U.D.P. 1949 \u2013 Etude XXIII \u2013 Transport par route \u2013 Doc. 12\u00a0<\/a>[in French only]<\/p>\n<p>Comit\u00e9 du contrat de transport international par route. Compte rendu de la troisi\u00e8me session du Comit\u00e9 du contrat de transport international par route tenue \u00e0 Menton du 21 au 26 f\u00e9vrier 1949<\/p>\n<p><a href=\"https:\/\/www.unidroit.org\/french\/documents\/1949\/etude23\/s-23-11-f.pdf\">U.D.P. 1949 \u2013 Etude XXIII \u2013 Transport par route \u2013 Doc. 11<\/a>\u00a0[in French only]<\/p>\n<p>Comit\u00e9 du contrat de transport international par route. Observations de M. Per Eriksson, Directeur an Aktiebolaget Linjebuss, Stockholm et Vice pr\u00e9sident de l\u2019Union internationale des transports routiers (I.R.U.), sur le projet n\u00e9erlandais concernant la responsabilit\u00e9 du voiturier pour dommage<\/p>\n<p><a href=\"https:\/\/www.unidroit.org\/french\/documents\/1949\/etude23\/s-23-10-f.pdf\">U.D.P. 1949 \u2013 Etude XXIII \u2013 Transport par route \u2013 Doc. 10<\/a>\u00a0[in French only]<\/p>\n<p>Texte pr\u00e9liminaire de l\u2019Avant projet de Convention relative au contrat de transport international de marchandises par la route \u00e9labor\u00e9 au cours des r\u00e9unions de Menton du 21 au 26 f\u00e9vrier 1949<\/p>\n<p><a href=\"https:\/\/www.unidroit.org\/french\/documents\/1949\/etude23\/s-23-09-f.pdf\">U.D.P. 1949 \u2013 Etude XXIII \u2013 Transport par route \u2013 Doc. 9<\/a>\u00a0[in French only]<\/p>\n<p>Projet n\u00e9erlandais concernant la responsabilit\u00e9 du voiturier pour dommage<\/p>\n<p><a href=\"https:\/\/www.unidroit.org\/english\/documents\/1949\/study23\/s-23-08-e.pdf\">U.P.L. 1949 \u2013 Paper XXIII \u2013 Carriage by road \u2013 Doc. 8<\/a><\/p>\n<p>Liability for damages in international road transport<\/p>\n<p><a href=\"https:\/\/www.unidroit.org\/english\/documents\/1949\/study23\/s-23-07-e.pdf\">U.P.L. 1949 \u2013 Paper XXIII \u2013 Carriage by road \u2013 Doc. 7<\/a><\/p>\n<p>Remarks on certain articles of the preliminary draft of an international Convention concerning the carriage of goods by road<\/p>\n<p><a href=\"https:\/\/www.unidroit.org\/french\/documents\/1949\/etude23\/s-23-06-f.pdf\">U.P.L. 1949 \u2013 Paper XXIII \u2013 Carriage by road \u2013 Doc. 6<\/a><\/p>\n<p>A preliminary draft of an International Convention concerning the carriage of goods by road<\/p>\n<p><a href=\"https:\/\/www.unidroit.org\/french\/documents\/1948\/etude23\/s-23-05-f.pdf\">U.D.P. 1948 \u2013 Etude XXIII \u2013 Transport par route \u2013 Doc. 5<\/a>\u00a0[in French only]<\/p>\n<p>Proc\u00e8s verbal de la deuxi\u00e8me r\u00e9union du Comit\u00e9 de contrat de transport international par route, 27 septembre 1948<\/p>\n<p><a href=\"https:\/\/www.unidroit.org\/french\/documents\/1948\/etude23\/s-23-04-f.pdf\">U.D.P. 1948 \u2013 Etude XXIII \u2013 Transport par route \u2013 Doc. 4<\/a>\u00a0[in French only]<\/p>\n<p>Rapport du Comit\u00e9 du contrat de transport international par route<\/p>\n<p><a href=\"https:\/\/www.unidroit.org\/french\/documents\/1948\/etude23\/s-23-03-f.pdf\">U.D.P. 1948 \u2013 Etude XXIII \u2013 Transport par route \u2013 Doc. 3<\/a>\u00a0[in French only]<\/p>\n<p>Comit\u00e9 du contrat de transport international par route, premi\u00e8re session, Stockholm 20\/21 juin 1948<\/p>\n<p><a href=\"https:\/\/www.unidroit.org\/french\/documents\/1948\/etude23\/s-23-02-f.pdf\">U.D.P. 1948 \u2013 Etude XXIII \u2013 Transport par route \u2013 Doc. 2<\/a>\u00a0[in French only]<\/p>\n<p>Comit\u00e9 des transports internationaux par route de l\u2019Institut International de Rome, de l\u2019I.R.U. et de la C.C.I. Note du Secr\u00e9tariat relative au mandat de travail du comit\u00e9<\/p>\n<p><a href=\"https:\/\/www.unidroit.org\/english\/documents\/1948\/study23\/s-23-01-e.pdf\">U.D.P. 1948 \u2013 Paper Carriage by road \u2013 Doc. 1<\/a><\/p>\n<p>Carriage by road. Preliminary study[\/vc_column_text][\/vc_column][\/vc_row][vc_row][vc_column][vc_empty_space height=&#8221;10px&#8221;][\/vc_column][\/vc_row]<\/p>\n<\/div>","protected":false},"excerpt":{"rendered":"<p>[vc_row][vc_column css=&#8221;.vc_custom_1490017614850{margin-bottom: 30px !important;}&#8221;][vc_custom_heading text=&#8221;TRAVAUX PR\u00c9PARATOIRES&#8221; font_container=&#8221;tag:h1|text_align:left&#8221; use_theme_fonts=&#8221;yes&#8221; css=&#8221;.vc_custom_1666269569792{margin-top: 0px !important;margin-bottom: 20px !important;}&#8221;][vc_custom_heading text=&#8221;\u00c9TUDE XXIII \u2013 TRANSPORT INTERNATIONAL DE MARCHANDISES PAR ROUTE &#8211; TRAVAUX PR\u00c9PARATOIRES&#8221; font_container=&#8221;tag:h4|text_align:left&#8221; use_theme_fonts=&#8221;yes&#8221;][\/vc_column][\/vc_row][vc_row css=&#8221;.vc_custom_1622455036974{background-color: #f2f2f2 !important;}&#8221;][vc_column css=&#8221;.vc_custom_1490017614850{margin-bottom: 30px !important;}&#8221;][vc_column_text]U.D.P. 1971 \u2013 Etude XXIII \u2013 Transport par route \u2013 Doc. 39\u00a0[in French&nbsp;<a href=\"https:\/\/www.unidroit.org\/fr\/instruments\/transport\/cmr-1956\/preparatory-work\/\">&hellip;<\/a><\/p>\n","protected":false},"author":20,"featured_media":0,"parent":6104,"menu_order":0,"comment_status":"closed","ping_status":"closed","template":"","meta":{"ep_exclude_from_search":false,"footnotes":""},"class_list":["post-6110","page","type-page","status-publish","format-standard","hentry","odd"],"_links":{"self":[{"href":"https:\/\/www.unidroit.org\/fr\/wp-json\/wp\/v2\/pages\/6110","targetHints":{"allow":["GET"]}}],"collection":[{"href":"https:\/\/www.unidroit.org\/fr\/wp-json\/wp\/v2\/pages"}],"about":[{"href":"https:\/\/www.unidroit.org\/fr\/wp-json\/wp\/v2\/types\/page"}],"author":[{"embeddable":true,"href":"https:\/\/www.unidroit.org\/fr\/wp-json\/wp\/v2\/users\/20"}],"replies":[{"embeddable":true,"href":"https:\/\/www.unidroit.org\/fr\/wp-json\/wp\/v2\/comments?post=6110"}],"version-history":[{"count":0,"href":"https:\/\/www.unidroit.org\/fr\/wp-json\/wp\/v2\/pages\/6110\/revisions"}],"up":[{"embeddable":true,"href":"https:\/\/www.unidroit.org\/fr\/wp-json\/wp\/v2\/pages\/6104"}],"wp:attachment":[{"href":"https:\/\/www.unidroit.org\/fr\/wp-json\/wp\/v2\/media?parent=6110"}],"curies":[{"name":"wp","href":"https:\/\/api.w.org\/{rel}","templated":true}]}}