{"id":6172,"date":"2021-08-15T16:52:34","date_gmt":"2021-08-15T16:52:34","guid":{"rendered":"https:\/\/www.unidroit.org\/?page_id=6172"},"modified":"2021-09-24T13:25:18","modified_gmt":"2021-09-24T11:25:18","slug":"depositaire","status":"publish","type":"page","link":"https:\/\/www.unidroit.org\/fr\/instruments\/marches-financiers\/convention-de-geneve\/depositaire\/","title":{"rendered":"D\u00e9positaire"},"content":{"rendered":"<div class=\"wpb-content-wrapper\"><p>[vc_row][vc_column css=&#8221;.vc_custom_1490017614850{margin-bottom: 30px !important;}&#8221;][vc_custom_heading text=&#8221;D\u00c9POSITAIRE&#8221; font_container=&#8221;tag:h1|text_align:left&#8221; use_theme_fonts=&#8221;yes&#8221; css=&#8221;.vc_custom_1629046377099{margin-top: 0px !important;margin-bottom: 20px !important;}&#8221;][vc_custom_heading text=&#8221;FONCTIONS DE D\u00c9POSITAIRE D&#8217;UNIDROIT: CONVENTION DE GEN\u00c8VE SUR LES TITRES&#8221; font_container=&#8221;tag:h4|text_align:left&#8221; use_theme_fonts=&#8221;yes&#8221;][\/vc_column][\/vc_row][vc_row css=&#8221;.vc_custom_1622455036974{background-color: #f2f2f2 !important;}&#8221;][vc_column css=&#8221;.vc_custom_1490017614850{margin-bottom: 30px !important;}&#8221;][vc_column_text]Conform\u00e9ment \u00e0 l\u2019article 48(1) de la\u00a0<a href=\"https:\/\/www.unidroit.org\/french\/conventions\/2009intermediatedsecurities\/conference\/conferencedocuments2009\/conf11-2-042-f.pdf\">Convention d\u2019UNIDROIT sur les r\u00e8gles mat\u00e9rielles relatives aux titres interm\u00e9di\u00e9s (Convention de Gen\u00e8ve sur les titres)<\/a>\u00a0UNIDROIT a \u00e9t\u00e9 d\u00e9sign\u00e9 comme D\u00e9positaire de la Convention. Les fonctions du D\u00e9positaire sont \u00e9tablies dans la Convention.<\/p>\n<ul>\n<li><a href=\"https:\/\/www.unidroit.org\/fr\/instruments\/marches-financiers\/convention-de-geneve\/etat\/\">Etat de mise en oeuvre de la Convention<\/a><\/li>\n<\/ul>\n<p>Les informations suivantes sont fournies dans le but d&#8217;aider les Etats envisageant de devenir parties \u00e0 la Convention de Gen\u00e8ve sur les titres:<\/p>\n<ul>\n<li><a href=\"https:\/\/www.unidroit.org\/french\/documents\/2011\/depositary\/dc11-dep-01rev-f.pdf\">Memorandum des d\u00e9clarations<\/a><\/li>\n<\/ul>\n<p>&nbsp;<\/p>\n<p>&nbsp;<\/p>\n<p>*\u00a0\u00a0 *\u00a0\u00a0 *<\/p>\n<p>&nbsp;<\/p>\n<p>&nbsp;<\/p>\n<p><strong>CONTACT:<\/strong><\/p>\n<p>Mme Marina SCHNEIDER<\/p>\n<p>Juriste principale et D\u00e9positaire des trait\u00e9s<\/p>\n<p><span id=\"cloak102c0a48e9fae7be328bb592de4772a8\"><a href=\"mailto:m.schneider@unidroit.org\">m.schneider@unidroit.org<\/a><\/span><\/p>\n<p>&nbsp;<\/p>\n<p>&nbsp;<\/p>\n<p><strong>Service de mise \u00e0 jour par message \u00e9lectronique<\/strong><br \/>\nUNIDROIT propose un service \u00e9lectronique qui notifie toute mise \u00e0 jour concernant l\u2019\u00e9tat de mise en \u0153uvre de la Convention d\u2019UNIDROIT sur les r\u00e8gles mat\u00e9rielles relatives aux titres interm\u00e9di\u00e9s. D&#8217;autres d\u00e9tails, y compris des informations sur la fa\u00e7on de s\u2019inscrire, sont disponibles \u00e0 la page \u201cService de mise \u00e0 jour par message \u00e9lectronique\u201d.[\/vc_column_text][\/vc_column][\/vc_row][vc_row][vc_column][vc_empty_space height=&#8221;10px&#8221;][\/vc_column][\/vc_row]<\/p>\n<\/div>","protected":false},"excerpt":{"rendered":"<p>[vc_row][vc_column css=&#8221;.vc_custom_1490017614850{margin-bottom: 30px !important;}&#8221;][vc_custom_heading text=&#8221;D\u00c9POSITAIRE&#8221; font_container=&#8221;tag:h1|text_align:left&#8221; use_theme_fonts=&#8221;yes&#8221; css=&#8221;.vc_custom_1629046377099{margin-top: 0px !important;margin-bottom: 20px !important;}&#8221;][vc_custom_heading text=&#8221;FONCTIONS DE D\u00c9POSITAIRE D&#8217;UNIDROIT: CONVENTION DE GEN\u00c8VE SUR LES TITRES&#8221; font_container=&#8221;tag:h4|text_align:left&#8221; use_theme_fonts=&#8221;yes&#8221;][\/vc_column][\/vc_row][vc_row css=&#8221;.vc_custom_1622455036974{background-color: #f2f2f2 !important;}&#8221;][vc_column css=&#8221;.vc_custom_1490017614850{margin-bottom: 30px !important;}&#8221;][vc_column_text]Conform\u00e9ment \u00e0 l\u2019article 48(1) de la\u00a0Convention d\u2019UNIDROIT sur les r\u00e8gles mat\u00e9rielles relatives aux titres interm\u00e9di\u00e9s (Convention&nbsp;<a href=\"https:\/\/www.unidroit.org\/fr\/instruments\/marches-financiers\/convention-de-geneve\/depositaire\/\">&hellip;<\/a><\/p>\n","protected":false},"author":20,"featured_media":0,"parent":6156,"menu_order":0,"comment_status":"closed","ping_status":"closed","template":"","meta":{"ep_exclude_from_search":false,"footnotes":""},"class_list":["post-6172","page","type-page","status-publish","format-standard","hentry","odd"],"_links":{"self":[{"href":"https:\/\/www.unidroit.org\/fr\/wp-json\/wp\/v2\/pages\/6172","targetHints":{"allow":["GET"]}}],"collection":[{"href":"https:\/\/www.unidroit.org\/fr\/wp-json\/wp\/v2\/pages"}],"about":[{"href":"https:\/\/www.unidroit.org\/fr\/wp-json\/wp\/v2\/types\/page"}],"author":[{"embeddable":true,"href":"https:\/\/www.unidroit.org\/fr\/wp-json\/wp\/v2\/users\/20"}],"replies":[{"embeddable":true,"href":"https:\/\/www.unidroit.org\/fr\/wp-json\/wp\/v2\/comments?post=6172"}],"version-history":[{"count":0,"href":"https:\/\/www.unidroit.org\/fr\/wp-json\/wp\/v2\/pages\/6172\/revisions"}],"up":[{"embeddable":true,"href":"https:\/\/www.unidroit.org\/fr\/wp-json\/wp\/v2\/pages\/6156"}],"wp:attachment":[{"href":"https:\/\/www.unidroit.org\/fr\/wp-json\/wp\/v2\/media?parent=6172"}],"curies":[{"name":"wp","href":"https:\/\/api.w.org\/{rel}","templated":true}]}}