{"id":6175,"date":"2021-08-15T16:55:25","date_gmt":"2021-08-15T16:55:25","guid":{"rendered":"https:\/\/www.unidroit.org\/?page_id=6175"},"modified":"2021-08-15T16:55:30","modified_gmt":"2021-08-15T16:55:30","slug":"bibliographie","status":"publish","type":"page","link":"https:\/\/www.unidroit.org\/fr\/instruments\/marches-financiers\/convention-de-geneve\/bibliographie\/","title":{"rendered":"Bibliographie"},"content":{"rendered":"<div class=\"wpb-content-wrapper\"><p>[vc_row][vc_column css=&#8221;.vc_custom_1490017614850{margin-bottom: 30px !important;}&#8221;][vc_custom_heading text=&#8221;BIBLIOGRAPHIE&#8221; font_container=&#8221;tag:h1|text_align:left&#8221; use_theme_fonts=&#8221;yes&#8221; css=&#8221;.vc_custom_1629046568157{margin-top: 0px !important;margin-bottom: 20px !important;}&#8221;][vc_custom_heading text=&#8221;SELECT BIBLIOGRAPHY &#8211; 2009 GENEVA CONVENTION&#8221; font_container=&#8221;tag:h4|text_align:left&#8221; use_theme_fonts=&#8221;yes&#8221;][\/vc_column][\/vc_row][vc_row css=&#8221;.vc_custom_1622455036974{background-color: #f2f2f2 !important;}&#8221;][vc_column css=&#8221;.vc_custom_1490017614850{margin-bottom: 30px !important;}&#8221;][vc_column_text]AFRELL, L. \u2013 WALLIN-NORMAN, K., Direct or indirect holdings: a Nordic perspective, Uniform Law Review \/ Revue de droit uniforme, 10 (2005), pp. 277-284<\/p>\n<p>BERNASCONI, C. &#8211; KEIJSER, T., The Hague and Geneva Securities Conventions: a Modern and Global Legal Regime for Intermediated Securities, Uniform Law Review \/ Revue de droit uniforme, 17 (2012), pp. 549-560<\/p>\n<p>BIRYUKOV, A., Development of intermediated securities and insolvency laws in transition economies, Uniform law review \/ Revue de droit uniforme, 15 (2010) 3\/4, pp. 651-663<\/p>\n<p>CONAC, Pierre-Henri \u2013 SEGNA, Ulrich \u2013 THEVENOZ, Luc \u2013 Intermediated securities: the impact of the Geneva Securities Convention and the future European legislation \/ ed. by Pierre-Henri Conac, Ulrich Segna and Luc Thevenoz. [Contributors: Philippe Dupont &#8230;]. \u2013 Cambridge: Cambridge university press, 2013, pp. XXX-406<\/p>\n<p>DESCHAMPS, M., Droit des soci\u00e9t\u00e9s et convention de Gen\u00e8ve: pomme de discorde? Uniform law review \/ Revue de droit uniforme, 15 (2010) 3\/4, pp. 693-702<\/p>\n<p>DESCHAMPS, M., Les dispositions sur les s\u00fbret\u00e9s de la convention d\u2019UNIDROIT sur les titres interm\u00e9di\u00e9s, Uniform law review \/ Revue de droit uniforme, 15 (2010), pp. 347-356<\/p>\n<p>DESCHAMPS, M., The Geneva securities convention: selected issues left to law outside the Convention, Uniform law review \/ Revue de droit uniforme, 15 (2010) , pp. 703-712<\/p>\n<p>DESCHAMPS, M., The security interest provisions of the UNIDROIT convention on intermediated securities, Uniform law review \/ Revue de droit uniforme, 15 (2010), pp. 337-345<\/p>\n<p>DESCHAMPS, M., Les s\u00fbret\u00e9s sur des titres d\u00e9tenus aupr\u00e8s d\u2019un interm\u00e9diaire en droit canadien, Uniform Law Review \/ Revue de droit uniforme, 10 (2005), 189-223<\/p>\n<p>DONG, A. \u2013 HAN, L., How law reform enhances trading on the Chinese capital market, Uniform Law Review \/ Revue de droit uniforme, 10 (2005), 225-236<\/p>\n<p>EIGENMANN, A., Projet de loi sur le d\u00e9p\u00f4t et le transfert des titres interm\u00e9di\u00e9s, aspects choisis, Schweizerische Zeitschrift f\u00fcr Wirtschafts- und Finanzmarktrecht, (2006), 104-118<\/p>\n<p>EINSELE, D., Modernising German law. Can the UNIDROIT project on intermediated securities provide guidance?, Uniform Law Review \/ Revue de droit uniforme, 10 (2005), pp. 251-262<\/p>\n<p>ESTRELLA FARIA, J.A., The UNIDROIT Convention on Substantive Rules Regarding Intermediated Securities: an Introduction, Uniform Law Review \/ Revue de droit uniforme 2010, 196-218<\/p>\n<p>ESTRELLA FARIA, J.A., Sphere of application of the UNIDROIT convention on substantive rules for intermediated securities and future work by UNIDROIT on a legislative guide for emerging financial markets, Uniform law review \/ Revue de droit uniforme, 15 (2010), pp. 357-365<\/p>\n<p>GARCIMART\u00cdN ALF\u00c9REZ, F.J., Disposition and acquisition of intermediated securities: the Geneva convention and traditional property law, Uniform law review \/ Revue de droit uniforme, 15 (2010), pp. 743-750<\/p>\n<p>GARCIMART\u00cdN ALF\u00c9REZ, F.J., The Geneva convention on intermediated securities: a conflict-of-laws approach, Uniform law review \/ Revue de droit uniforme, 15 (2010), pp. 751-777<\/p>\n<p>GUILLAUME, F., Les titres d\u00e9tenus aupr\u00e8s d\u2019un interm\u00e9diaire (titres interm\u00e9di\u00e9s) en droit suisse: aspects de droit mat\u00e9riel et de droit international priv\u00e9, Revue europ\u00e9enne de droit bancaire &amp; financier \/ European Banking &amp; Financial Law Journal, 3 (2005), 247-270<\/p>\n<p>INSTITUT INTERNATIONAL POUR L\u2019UNIFICATION DU DROIT PRIVE \u2013 KANDA, Hideki [et al.] \u2013 Commentaire officiel de la convention d\u2019UNIDROIT sur les r\u00e8gles mat\u00e9rielles relatives aux titres interm\u00e9di\u00e9s: convention de Gen\u00e8ve sur les titres \/ Hideki Kanda, Charles Mooney, Luc Th\u00e9venoz, St\u00e9phane B\u00e9raud; avec l\u2019assistance de Thomas Keijser. \u2013 Schulthess M\u00e9dias Juridiques: Gen\u00e8ve; Zurich; B\u00e2le, 2012, pp. 402. \u2013 (Publications du Centre de droit bancaire et financier). \u2013 ISBN 978 3 7255 6567 2<\/p>\n<p>INTERNATIONAL INSTITUTE FOR THE UNIFICATION OF PRIVATE LAW \u2013 KANDA, Hideki [et al.] \u2013 Official Commentary on the UNIDROIT Convention on Substanrtive Rules for Intermediated Securities \/ Hideki Kanda, Charles Mooney, Luc Th\u00e9venoz, St\u00e9phane B\u00e9raud with the assistance of Thomas Keijser. \u2013 Oxford University Press, Oxford 2012, pp. xvii + 297 \u2013 ISBN 978-0-19-965675-2<\/p>\n<p>JULL, C., Legal risk and market efficiency \u2013 Seminar on Harmonised substantive rules regarding indirectly held securities, Rome, 12 November 2003 \u2013 summary report, Uniform Law Review \/ Revue de droit uniforme, 8 (2003), 867-869<\/p>\n<p>KANDA, H., Globalization of capital markets: a perspective from Japan, in: BASEDOW, J. \u2013 KONO, T. (eds.) \u2013 Legal Aspects of Globalization. Conflict of Laws, Internet, Capital Markets and Insolvency in a Global Economy, The Hague [et al.], Kluwer Law International, 2000, pp. 69-76<\/p>\n<p>KANDA, H., Legal Issues Relating to Indirectly Held Investment Securities in Japan, (The) Japanese Annual of International Law, No 46 (2003), 46<\/p>\n<p>KANDA, H., Legal rules on indirectly held investment securities: The Japanese situation, common problems, and the UNIDROIT approach, in: Uniform Law Review \/ Revue de droit uniforme, 10 (2005), 271-276<\/p>\n<p>KEIJSER, Thomas Rudolf Maria Pius \u2013 Transnational securities law \/ ed. by Thomas Keijser. \u2013 Oxford : Oxford University Press, 2014, pp. xxxiii-334. \u2013 ISBN 978-0-19-967786-3.<\/p>\n<p>KEIJSER, T., Transactions in Securities, in: Goode, R., Kronke, H., McKendrick, E., Transnational Commercial Law: Texts Cases and Materials (Oxford: Oxford University Press, 2015, second edition).<\/p>\n<p>KRONKE, Herbert \u2013 Der Funktionale Ansatz in der Rechts- &#8220;Vereinheitlichung&#8221; : Kritik und Bew\u00e4hrung am Beispiel des Rechts intermedi\u00e4rverwahrter Effekten, in: Festschrift f\u00fcr Ulrich Magnus zum 70. Geburtstag, 2014, pp. 231-241.<\/p>\n<p>KRONKE, H., Connected and global securities markets: with or without conflict of laws?, in: BAUMS, T. &#8211; HOPT, K.J. &#8211; HORN, N. (Eds.) &#8211; Corporations, Capital Markets and Business in the Law. Liber Amicorum Richard M. Buxbaum, The Hague, Kluwer Law International, 2000, 363-374<\/p>\n<p>KRONKE, H., Das Genfer UNIDROIT-\u00dcbereinkommen \u00fcber materiellrechtliche Normen f\u00fcr intermedi\u00e4r-verwahrte Wertpapiere und die Reform des deutschen Depotrechts, Zeitschrift f\u00fcr Wirtschafts- und Bankrecht, 64 (2010), pp. 1625-1635<\/p>\n<p>KRONKE, H., Capital Markets and Conflict of Laws. (Acad\u00e9mie de droit international. Recueil des cours 286). Acad\u00e9mie de droit international de la Haye. Recueil des cours, 2000-III, Tome 286 (2001), pp. 245\u2013385<\/p>\n<p>KRONKE, H., Entwicklungen des internationalen Kapitalmarktrechts und Schiedsgerichtsbarkeit, in: BRINER, R. &#8211; FORTIER, L.Y. &#8211; BERGER, K.P. &#8211; BREDOW, J. (Eds.) &#8211; Law of International Business and Dispute Settlement in the 21st Century \/ Recht der Internationalen Wirtschaft und Streiterledigung im 21. Jahrhundert &#8211; Liber Amicorum Karl-Heinz B\u00f6ckstiegel, 431-442., K\u00f6ln, Carl Heymanns Verlag, 2001<\/p>\n<p>KRONKE, H., The Draft UNIDROIT convention on intermediate securities: transnational certainty and market stability, in: Current Developments in Monetary and Financial Law, 2008, vol. 5, 619 639<\/p>\n<p>MOONEY, C.W., Private law and the regulation of securities intermediaries: perspectives under the Geneva securities convention and United States law. Uniform law review \/ Revue de droit uniforme, 15 (2010) 3\/4, pp. 801-813<\/p>\n<p>MOONEY, Ch.W., Beyond Negotiability: A New Model for Transfer and Pledge of Interests in Securities Controlled by Intermediaries, 12 Cardozo Law Review (1990), 305<\/p>\n<p>NOMURA, Y., Globalization of finance: how to deal with mandatory rules, in: BASEDOW, J. \u2013 KONO, T. (eds.) \u2013 Legal Aspects of Globalization. Conflict of Laws, Internet, Capital Markets and Insolvency in a Global Economy, The Hague [et al.], Kluwer Law International, 2000, pp. 133-148<\/p>\n<p>NORTON, J.J., The de facto and \u201csoft law\u201d financial services integration processes within the Western Hemisphere, Zivil- und Wirtschaftsrecht im europ\u00e4ischen und globalen Kontext, 2006, 819-834<\/p>\n<p>PAECH, Ph., Harmonising substantive rules for the use of securities held with intermediaries as collateral, Uniform Law Review \/ Revue de droit uniforme, 7 (2002) [in English and in French], 1140-1161<\/p>\n<p>PAECH, Ph., Recht der sammelverwahrten Wertpapiere und Wertrechte \u2013 Die Arbeiten von UNIDROIT zu Transaktionen auf dem globalen Kapitalmarkt im internationalen Kontext, in: BLAHO, Peter \u2013 \u0160VIDRON, J\u00e1n [Eds.] \u2013 Kodifik\u00e1cia, europeiz\u00e1cia a harmoniz\u00e1cia s\u00fakromn\u00e9ho pr\u00e1va: Medzin\u00e1rodn\u00e1 vedeck\u00e1 konferenci\u00e1, Smolenice, 16. 17. September 2004, Dies Luby iurisprudentiae, 8 (2005), 43-55<\/p>\n<p>ROBLES MART\u00cdN-LABORDA, A., Algunas consideraciones sobre la naturaleza jur\u00eddica de los valores depositados en un intermediario, Revista de derecho bancario y burs\u00e1til, 117 (2010), 9-38<\/p>\n<p>ROCKS, S.M., On the U.S. commercial law response to the development of intermediated securities holding systems, Current Developments in Monetary and Financial Law, 2008, vol. 5, 555\u2013576<\/p>\n<p>ROMANOWSKI, M., Is a reform of the Polish legal framework regarding intermediated securities useful?, Uniform Law Review \/ Revue de droit uniforme, 10 (2005), 285-300<\/p>\n<p>SCHWARCZ, S.L., Indirectly held Securities and Intermediary Risk, Uniform Law Review \/ Revue de droit uniforme, 2001-2, 283-300<\/p>\n<p>SCHWARCZ, S.L., Intermediary risk in the indirect holding system for securities, 12 Duke Journal of Com parative &amp; International Law (2002), 309-340<\/p>\n<p>SEN, B., Preface, in: \u201cEnhancing Legal Certainty over Investment Securities Held with an Intermediary \u2013 The preliminary draft UNIDROIT Convention, related international initiatives and national perspectives, Uniform Law Review \/ Revue de droit uniforme, 10 (2005), 4-9<\/p>\n<p>SEN, B., Pr\u00e9face, in: Vers une s\u00e9curit\u00e9 juridique accrue pour les titres financiers d\u00e9tenus aupr\u00e8s d\u2019un interm\u00e9diaire \u2013 L\u2018avant-projet de Convention d\u2018UNIDROIT, autres initiatives internationales et perspectives nationales, Uniform Law Review \/ Revue de droit uniforme, 10 (2005), 4-9<\/p>\n<p>THAN, J., Der funktionale Ansatz in der UNIDROIT Geneva Securities Convention vom 9. Oktober 2009, Unternehmen, Markt und Verantwortung, 2010, pp. 231-246<\/p>\n<p>THAN, J., The Preliminary Draft UNIDROIT Convention and capital market practice in Germany, Uniform Law Review \/ Revue de droit uniforme, 10 (2005), 263-270<\/p>\n<p>TH\u00c9VENOZ, L., Who holds (intermediated) securities?: shareholders, account holders, and nominees, Uniform law review \/ Revue de droit uniforme, 15 (2010) 3\/4, pp. 845-859<\/p>\n<p>UNIDROIT, Enhancing legal certainty over investment securities held with an intermediary. The preliminary draft UNIDROIT Convention, related international initiatives and national perspectives: Explanatory notes to the Preliminary Draft UNIDROIT Convention on harmonised substantive rules regarding securities held with an intermediary, Uniform Law Review \/ Revue de droit uniforme, 10 (2005), p. 442<\/p>\n<p>UNIDROIT, Vers une s\u00e9curit\u00e9 juridique accrue pour les titres financiers d\u00e9tenus aupr\u00e8s d\u2019un inter m\u00e9diaire. L\u2019avant-projet de Convention d\u2019UNIDROIT, autres initiatives internationales et perspectives nationales: Notes explicatives sur l\u2019avant-projet de Convention d\u2019UNIDROIT sur l\u2019harmonisation des r\u00e8gles de droit mat\u00e9riel applicables aux titres d\u00e9tenus aupr\u00e8s d\u2019un interm\u00e9diaire, Uniform Law Review \/ Revue de droit uniforme, 10 (2005), p. 442<\/p>\n<p>VAN DER ELST, C., The equity markets, ownership structures and control: towards an international harmonization, in: HOPT, K.J. \u2013 WYMEERSCH, E. (Eds.) \u2013 Capital markets and company law, ,Oxford, Oxford University Press, 2003, pp. 3-46<\/p>\n<p>VAUPLANE, H. de, Projet de Convention UNIDROIT sur les r\u00e8gles de droit mat\u00e9riel applicables aux titres intermedi\u00e8s, Revue trimestrielle de droit financier, 2006, 2 (2006), pp. 65-67[\/vc_column_text][\/vc_column][\/vc_row][vc_row][vc_column][vc_empty_space height=&#8221;10px&#8221;][\/vc_column][\/vc_row]<\/p>\n<\/div>","protected":false},"excerpt":{"rendered":"<p>[vc_row][vc_column css=&#8221;.vc_custom_1490017614850{margin-bottom: 30px !important;}&#8221;][vc_custom_heading text=&#8221;BIBLIOGRAPHIE&#8221; font_container=&#8221;tag:h1|text_align:left&#8221; use_theme_fonts=&#8221;yes&#8221; css=&#8221;.vc_custom_1629046568157{margin-top: 0px !important;margin-bottom: 20px !important;}&#8221;][vc_custom_heading text=&#8221;SELECT BIBLIOGRAPHY &#8211; 2009 GENEVA CONVENTION&#8221; font_container=&#8221;tag:h4|text_align:left&#8221; use_theme_fonts=&#8221;yes&#8221;][\/vc_column][\/vc_row][vc_row css=&#8221;.vc_custom_1622455036974{background-color: #f2f2f2 !important;}&#8221;][vc_column css=&#8221;.vc_custom_1490017614850{margin-bottom: 30px !important;}&#8221;][vc_column_text]AFRELL, L. \u2013 WALLIN-NORMAN, K., Direct or indirect holdings: a Nordic perspective, Uniform Law Review \/ Revue de droit uniforme,&nbsp;<a href=\"https:\/\/www.unidroit.org\/fr\/instruments\/marches-financiers\/convention-de-geneve\/bibliographie\/\">&hellip;<\/a><\/p>\n","protected":false},"author":20,"featured_media":0,"parent":6156,"menu_order":0,"comment_status":"closed","ping_status":"closed","template":"","meta":{"ep_exclude_from_search":false,"footnotes":""},"class_list":["post-6175","page","type-page","status-publish","format-standard","hentry","odd"],"_links":{"self":[{"href":"https:\/\/www.unidroit.org\/fr\/wp-json\/wp\/v2\/pages\/6175","targetHints":{"allow":["GET"]}}],"collection":[{"href":"https:\/\/www.unidroit.org\/fr\/wp-json\/wp\/v2\/pages"}],"about":[{"href":"https:\/\/www.unidroit.org\/fr\/wp-json\/wp\/v2\/types\/page"}],"author":[{"embeddable":true,"href":"https:\/\/www.unidroit.org\/fr\/wp-json\/wp\/v2\/users\/20"}],"replies":[{"embeddable":true,"href":"https:\/\/www.unidroit.org\/fr\/wp-json\/wp\/v2\/comments?post=6175"}],"version-history":[{"count":0,"href":"https:\/\/www.unidroit.org\/fr\/wp-json\/wp\/v2\/pages\/6175\/revisions"}],"up":[{"embeddable":true,"href":"https:\/\/www.unidroit.org\/fr\/wp-json\/wp\/v2\/pages\/6156"}],"wp:attachment":[{"href":"https:\/\/www.unidroit.org\/fr\/wp-json\/wp\/v2\/media?parent=6175"}],"curies":[{"name":"wp","href":"https:\/\/api.w.org\/{rel}","templated":true}]}}