{"id":6257,"date":"2021-08-16T09:03:39","date_gmt":"2021-08-16T09:03:39","guid":{"rendered":"https:\/\/www.unidroit.org\/?page_id=6257"},"modified":"2021-08-16T09:03:41","modified_gmt":"2021-08-16T09:03:41","slug":"bon-de-commande","status":"publish","type":"page","link":"https:\/\/www.unidroit.org\/fr\/instruments\/procedure-civile\/ali-unidroit-principles\/bon-de-commande\/","title":{"rendered":"Bon de commande"},"content":{"rendered":"<div class=\"wpb-content-wrapper\"><p>[vc_row][vc_column css=&#8221;.vc_custom_1490017614850{margin-bottom: 30px !important;}&#8221;][vc_custom_heading text=&#8221;BON DE COMMANDE&#8221; font_container=&#8221;tag:h1|text_align:left&#8221; use_theme_fonts=&#8221;yes&#8221; css=&#8221;.vc_custom_1629104661720{margin-top: 0px !important;margin-bottom: 20px !important;}&#8221;][vc_custom_heading text=&#8221;LES PRINCIPES ALI \/ UNIDROIT DE PROCEDURE CIVILE TRANSNATIONALE<br \/>\n&#8221; font_container=&#8221;tag:h4|text_align:left&#8221; use_theme_fonts=&#8221;yes&#8221;][\/vc_column][\/vc_row][vc_row css=&#8221;.vc_custom_1622455036974{background-color: #f2f2f2 !important;}&#8221;][vc_column css=&#8221;.vc_custom_1490017614850{margin-bottom: 30px !important;}&#8221;][vc_column_text]<\/p>\n<ul>\n<li>Les\u00a0Principes ALI \/ UNIDROIT de proc\u00e9dure civile transnationale\u00a0accompagn\u00e9s des commentaires, font l\u2019objet d\u2019un volume publi\u00e9 en anglais par\u00a0<a href=\"http:\/\/www.cambridge.org\/catalogue\/catalogue.asp?isbn=0521855012\" target=\"_blank\" rel=\"noopener\">Cambridge University Press<\/a>. Celui-ci reproduit aussi le texte des\u00a0Rules of Transnational Civil Procedure, qui forment une \u00e9tude r\u00e9alis\u00e9e par les Rapporteurs comme exemple possible de mise en \u0153uvre des Principes dans un syst\u00e8me juridique particulier.&nbsp;\n<p>Les\u00a0Principes ALI \/ UNIDROIT de proc\u00e9dure civile transnationale\u00a0accompagn\u00e9s des Commentaires et le texte des\u00a0Rules of Transnational Civil Procedure\u00a0r\u00e9alis\u00e9e par les Rapporteurs ont \u00e9galement \u00e9t\u00e9 publi\u00e9s en\u00a0<a href=\"https:\/\/www.unidroit.org\/fr\/bon-de-commande-pct\/92-publications\/670-traduction-en-espagnole-des-principes-ali-unidroit-de-procedure-civile-transnationale\">espagnol<\/a>,\u00a0<a href=\"https:\/\/www.unidroit.org\/fr\/bon-de-commande-pct\/92-publications\/669-traduction-en-persan-des-principes-ali-unidroit-de-procedure-civile-transnationale\">persan<\/a>\u00a0et\u00a0<a href=\"https:\/\/www.unidroit.org\/fr\/bon-de-commande-pct\/92-publications\/671-edition-en-russe-des-principes-ali-unidroit-de-procedure-civile-transnationale\">russe<\/a>.<\/li>\n<\/ul>\n<p>[\/vc_column_text][\/vc_column][\/vc_row][vc_row][vc_column][vc_empty_space height=&#8221;10px&#8221;][\/vc_column][\/vc_row]<\/p>\n<\/div>","protected":false},"excerpt":{"rendered":"<p>[vc_row][vc_column css=&#8221;.vc_custom_1490017614850{margin-bottom: 30px !important;}&#8221;][vc_custom_heading text=&#8221;BON DE COMMANDE&#8221; font_container=&#8221;tag:h1|text_align:left&#8221; use_theme_fonts=&#8221;yes&#8221; css=&#8221;.vc_custom_1629104661720{margin-top: 0px !important;margin-bottom: 20px !important;}&#8221;][vc_custom_heading text=&#8221;LES PRINCIPES ALI \/ UNIDROIT DE PROCEDURE CIVILE TRANSNATIONALE &#8221; font_container=&#8221;tag:h4|text_align:left&#8221; use_theme_fonts=&#8221;yes&#8221;][\/vc_column][\/vc_row][vc_row css=&#8221;.vc_custom_1622455036974{background-color: #f2f2f2 !important;}&#8221;][vc_column css=&#8221;.vc_custom_1490017614850{margin-bottom: 30px !important;}&#8221;][vc_column_text] Les\u00a0Principes ALI \/ UNIDROIT de proc\u00e9dure civile transnationale\u00a0accompagn\u00e9s des commentaires, font l\u2019objet d\u2019un&nbsp;<a href=\"https:\/\/www.unidroit.org\/fr\/instruments\/procedure-civile\/ali-unidroit-principles\/bon-de-commande\/\">&hellip;<\/a><\/p>\n","protected":false},"author":20,"featured_media":0,"parent":6229,"menu_order":0,"comment_status":"closed","ping_status":"closed","template":"","meta":{"ep_exclude_from_search":false,"footnotes":""},"class_list":["post-6257","page","type-page","status-publish","format-standard","hentry","odd"],"_links":{"self":[{"href":"https:\/\/www.unidroit.org\/fr\/wp-json\/wp\/v2\/pages\/6257","targetHints":{"allow":["GET"]}}],"collection":[{"href":"https:\/\/www.unidroit.org\/fr\/wp-json\/wp\/v2\/pages"}],"about":[{"href":"https:\/\/www.unidroit.org\/fr\/wp-json\/wp\/v2\/types\/page"}],"author":[{"embeddable":true,"href":"https:\/\/www.unidroit.org\/fr\/wp-json\/wp\/v2\/users\/20"}],"replies":[{"embeddable":true,"href":"https:\/\/www.unidroit.org\/fr\/wp-json\/wp\/v2\/comments?post=6257"}],"version-history":[{"count":0,"href":"https:\/\/www.unidroit.org\/fr\/wp-json\/wp\/v2\/pages\/6257\/revisions"}],"up":[{"embeddable":true,"href":"https:\/\/www.unidroit.org\/fr\/wp-json\/wp\/v2\/pages\/6229"}],"wp:attachment":[{"href":"https:\/\/www.unidroit.org\/fr\/wp-json\/wp\/v2\/media?parent=6257"}],"curies":[{"name":"wp","href":"https:\/\/api.w.org\/{rel}","templated":true}]}}