{"id":6567,"date":"2021-08-16T10:51:51","date_gmt":"2021-08-16T10:51:51","guid":{"rendered":"https:\/\/www.unidroit.org\/?page_id=6567"},"modified":"2025-04-11T13:55:44","modified_gmt":"2025-04-11T11:55:44","slug":"informations-nationales","status":"publish","type":"page","link":"https:\/\/www.unidroit.org\/fr\/instruments\/garanties-internationales\/convention-du-cap\/informations-nationales\/","title":{"rendered":"Informations nationales"},"content":{"rendered":"<div class=\"wpb-content-wrapper\"><p>[vc_row][vc_column css=&#8221;.vc_custom_1490017614850{margin-bottom: 30px !important;}&#8221;][vc_custom_heading text=&#8221;INFORMATIONS NATIONALES&#8221; font_container=&#8221;tag:h1|text_align:left&#8221; use_theme_fonts=&#8221;yes&#8221; css=&#8221;.vc_custom_1629111147955{margin-top: 0px !important;margin-bottom: 20px !important;}&#8221;][vc_custom_heading text=&#8221;INFORMATIONS FOURNIES \u00c0 UNIDROIT PAR LES \u00c9TATS CONTRACTANTS CONCERNANT LA SITUATION AU REGARD DE LA LEGISLATION ET DES POLITIQUES APPLICABLES AUX MATIERES COUVERTES PAR LA CONVENTION DU CAP (2001)&#8221; font_container=&#8221;tag:h4|text_align:left&#8221; use_theme_fonts=&#8221;yes&#8221;][\/vc_column][\/vc_row][vc_row css=&#8221;.vc_custom_1622455036974{background-color: #f2f2f2 !important;}&#8221;][vc_column css=&#8221;.vc_custom_1490017614850{margin-bottom: 30px !important;}&#8221;][vc_column_text]<\/p>\n<p style=\"text-align: justify;\">UNIDROIT recueille les informations que les \u00c9tats contractants fournissent concernant la situation au regard de la l\u00e9gislation et des politiques applicables aux mati\u00e8res couvertes par la Convention et ses Protocoles. Les \u00c9tats contractants n&#8217;ont aucune obligation de fournir de telles informations, il s&#8217;agit d&#8217;un choix qui rel\u00e8ve de l&#8217;\u00c9tat en question. Ces informations sont distinctes des d\u00e9clarations faites par l&#8217;\u00c9tat contractant et d\u00e9pos\u00e9es aupr\u00e8s du D\u00e9positaire en application de la Convention et de ses Protocoles.<\/p>\n<table class=\" alignleft\" style=\"width: 100%; border-collapse: collapse; border-color: #000000; height: 475px;\">\n<tbody>\n<tr style=\"height: 24px;\">\n<td style=\"width: 50%; height: 24px;\"><strong>\u00c9TAT CONTRACTANT<\/strong><\/td>\n<td style=\"width: 50%; height: 24px;\"><strong>INFORMATIONS FOURNIES<\/strong><\/td>\n<\/tr>\n<tr style=\"height: 48px;\">\n<td style=\"width: 50%; height: 48px;\"><img loading=\"lazy\" decoding=\"async\" class=\"wp-image-10888 alignnone\" src=\"https:\/\/www.unidroit.org\/wp-content\/uploads\/2021\/10\/Ireland-1-151x99.png\" alt=\"\" width=\"50\" height=\"33\" \/> <strong>Irlande<\/strong><\/td>\n<td style=\"width: 50%; height: 48px;\">informations fournies<br \/>\n<a href=\"https:\/\/www.unidroit.org\/english\/conventions\/mobile-equipment\/information-contractingstates\/ireland-e.pdf\">le 25 septembre 2017<\/a><\/td>\n<\/tr>\n<tr style=\"height: 24px;\">\n<td style=\"width: 50%; height: 24px;\"><\/td>\n<td style=\"width: 50%; height: 24px;\"><\/td>\n<\/tr>\n<tr style=\"height: 48px;\">\n<td style=\"width: 50%; height: 48px;\"><img loading=\"lazy\" decoding=\"async\" class=\"wp-image-10894 alignnone\" src=\"https:\/\/www.unidroit.org\/wp-content\/uploads\/2021\/10\/Latvia-1-279x140.png\" alt=\"\" width=\"50\" height=\"25\" \/> <strong>Lettonie<\/strong><\/td>\n<td style=\"width: 50%; height: 48px;\">Informations fournies<br \/>\n<a href=\"https:\/\/www.unidroit.org\/wp-content\/uploads\/2021\/10\/InfoLatvia.pdf\">le 18 octobre 2021<\/a><\/td>\n<\/tr>\n<tr style=\"height: 24px;\">\n<td style=\"width: 50%; height: 24px;\"><\/td>\n<td style=\"width: 50%; height: 24px;\"><\/td>\n<\/tr>\n<tr style=\"height: 51px;\">\n<td style=\"width: 50%; height: 51px;\"><img loading=\"lazy\" decoding=\"async\" class=\"wp-image-10896 alignnone\" src=\"https:\/\/www.unidroit.org\/wp-content\/uploads\/2021\/10\/Malta-141x102.png\" alt=\"\" width=\"50\" height=\"36\" \/> <strong>Malte<\/strong><\/td>\n<td style=\"width: 50%; height: 51px;\">Informations fournies<br \/>\n<a href=\"https:\/\/www.unidroit.org\/english\/conventions\/mobile-equipment\/information-contractingstates\/malta.pdf\">le 1<sup>er<\/sup>\u00a0octobre 2010<\/a><\/td>\n<\/tr>\n<tr style=\"height: 24px;\">\n<td style=\"width: 50%; height: 24px;\"><\/td>\n<td style=\"width: 50%; height: 24px;\"><\/td>\n<\/tr>\n<tr style=\"height: 72px;\">\n<td style=\"width: 50%; height: 72px;\"><img loading=\"lazy\" decoding=\"async\" class=\"wp-image-10898 alignnone\" src=\"https:\/\/www.unidroit.org\/wp-content\/uploads\/2021\/10\/Netherlands-279x189.png\" alt=\"\" width=\"50\" height=\"34\" \/> <strong>Pays-Bas<\/strong><\/td>\n<td style=\"width: 50%; height: 72px;\">Informations fournies<br \/>\n<a href=\"https:\/\/www.unidroit.org\/english\/conventions\/mobile-equipment\/information-contractingstates\/netherlands1-e.pdf\">le 10 octobre 2010<\/a><br \/>\n<a href=\"https:\/\/www.unidroit.org\/english\/conventions\/mobile-equipment\/information-contractingstates\/netherlands2-e.pdf\">le 18 avril 2011<\/a><\/td>\n<\/tr>\n<tr style=\"height: 24px;\">\n<td style=\"width: 50%; height: 24px;\"><\/td>\n<td style=\"width: 50%; height: 24px;\"><\/td>\n<\/tr>\n<tr style=\"height: 72px;\">\n<td style=\"width: 50%; height: 72px;\"><img loading=\"lazy\" decoding=\"async\" class=\"wp-image-10900 alignnone\" src=\"https:\/\/www.unidroit.org\/wp-content\/uploads\/2021\/10\/UK-284x168.png\" alt=\"\" width=\"50\" height=\"30\" \/> <strong>Royaume-Uni<\/strong><\/td>\n<td style=\"width: 50%; height: 72px;\">Informations fournies<br \/>\n<a href=\"https:\/\/www.gov.uk\/government\/publications\/international-interests-in-aircraft-equipment-cape-town-convention-regulations-2015\" target=\"_blank\" rel=\"noopener\">Department for Business, Innovation &amp; Skills<\/a><br \/>\n<a href=\"https:\/\/www.unidroit.org\/english\/conventions\/mobile-equipment\/depositaryfunction\/information\/aircraft%20protocol\/ctc-ac-nat-inf-uk-e.pdf\">Foreign &amp; Commonwealth Office<\/a><\/td>\n<\/tr>\n<tr style=\"height: 24px;\">\n<td style=\"width: 50%; height: 24px;\"><\/td>\n<td style=\"width: 50%; height: 24px;\"><\/td>\n<\/tr>\n<tr style=\"height: 40px;\">\n<td style=\"width: 50%; height: 40px;\"><img loading=\"lazy\" decoding=\"async\" class=\"alignnone wp-image-32339\" src=\"https:\/\/www.unidroit.org\/wp-content\/uploads\/2025\/04\/Suede-73x49.jpg\" alt=\"\" width=\"50\" height=\"34\" \/> <strong>Su\u00e8de<\/strong><\/td>\n<td style=\"width: 50%; height: 40px;\">Informations fournies<br \/>\n<a href=\"https:\/\/www.unidroit.org\/wp-content\/uploads\/2025\/04\/250305-Min-Justice-site-Internet.pdf\">le 5 mars 2025<\/a><\/td>\n<\/tr>\n<\/tbody>\n<\/table>\n<p>[\/vc_column_text][\/vc_column][\/vc_row][vc_row][vc_column][vc_empty_space height=&#8221;10px&#8221;][\/vc_column][\/vc_row]<\/p>\n<\/div>","protected":false},"excerpt":{"rendered":"<p>[vc_row][vc_column css=&#8221;.vc_custom_1490017614850{margin-bottom: 30px !important;}&#8221;][vc_custom_heading text=&#8221;INFORMATIONS NATIONALES&#8221; font_container=&#8221;tag:h1|text_align:left&#8221; use_theme_fonts=&#8221;yes&#8221; css=&#8221;.vc_custom_1629111147955{margin-top: 0px !important;margin-bottom: 20px !important;}&#8221;][vc_custom_heading text=&#8221;INFORMATIONS FOURNIES \u00c0 UNIDROIT PAR LES \u00c9TATS CONTRACTANTS CONCERNANT LA SITUATION AU REGARD DE LA LEGISLATION ET DES POLITIQUES APPLICABLES AUX MATIERES COUVERTES PAR LA CONVENTION DU CAP (2001)&#8221; font_container=&#8221;tag:h4|text_align:left&#8221; use_theme_fonts=&#8221;yes&#8221;][\/vc_column][\/vc_row][vc_row css=&#8221;.vc_custom_1622455036974{background-color:&nbsp;<a href=\"https:\/\/www.unidroit.org\/fr\/instruments\/garanties-internationales\/convention-du-cap\/informations-nationales\/\">&hellip;<\/a><\/p>\n","protected":false},"author":20,"featured_media":0,"parent":6481,"menu_order":0,"comment_status":"closed","ping_status":"closed","template":"","meta":{"ep_exclude_from_search":false,"footnotes":""},"class_list":["post-6567","page","type-page","status-publish","format-standard","hentry","odd"],"_links":{"self":[{"href":"https:\/\/www.unidroit.org\/fr\/wp-json\/wp\/v2\/pages\/6567","targetHints":{"allow":["GET"]}}],"collection":[{"href":"https:\/\/www.unidroit.org\/fr\/wp-json\/wp\/v2\/pages"}],"about":[{"href":"https:\/\/www.unidroit.org\/fr\/wp-json\/wp\/v2\/types\/page"}],"author":[{"embeddable":true,"href":"https:\/\/www.unidroit.org\/fr\/wp-json\/wp\/v2\/users\/20"}],"replies":[{"embeddable":true,"href":"https:\/\/www.unidroit.org\/fr\/wp-json\/wp\/v2\/comments?post=6567"}],"version-history":[{"count":2,"href":"https:\/\/www.unidroit.org\/fr\/wp-json\/wp\/v2\/pages\/6567\/revisions"}],"predecessor-version":[{"id":32345,"href":"https:\/\/www.unidroit.org\/fr\/wp-json\/wp\/v2\/pages\/6567\/revisions\/32345"}],"up":[{"embeddable":true,"href":"https:\/\/www.unidroit.org\/fr\/wp-json\/wp\/v2\/pages\/6481"}],"wp:attachment":[{"href":"https:\/\/www.unidroit.org\/fr\/wp-json\/wp\/v2\/media?parent=6567"}],"curies":[{"name":"wp","href":"https:\/\/api.w.org\/{rel}","templated":true}]}}