{"id":6588,"date":"2021-08-16T11:59:11","date_gmt":"2021-08-16T11:59:11","guid":{"rendered":"https:\/\/www.unidroit.org\/?page_id=6588"},"modified":"2025-08-29T11:45:24","modified_gmt":"2025-08-29T09:45:24","slug":"depositaire","status":"publish","type":"page","link":"https:\/\/www.unidroit.org\/fr\/instruments\/garanties-internationales\/convention-du-cap\/depositaire\/","title":{"rendered":"D\u00e9positaire"},"content":{"rendered":"<div class=\"wpb-content-wrapper\"><p>[vc_row][vc_column css=&#8221;.vc_custom_1490017614850{margin-bottom: 30px !important;}&#8221;][vc_custom_heading text=&#8221;D\u00c9POSITAIRE&#8221; font_container=&#8221;tag:h1|text_align:left&#8221; use_theme_fonts=&#8221;yes&#8221; css=&#8221;.vc_custom_1631027445653{margin-top: 0px !important;margin-bottom: 20px !important;}&#8221;][vc_custom_heading text=&#8221;FONCTIONS DE D\u00c9POSITAIRE D&#8217;UNIDROIT: CONVENTION DU CAP&#8221; font_container=&#8221;tag:h4|text_align:left&#8221; use_theme_fonts=&#8221;yes&#8221;][\/vc_column][\/vc_row][vc_row css=&#8221;.vc_custom_1622455036974{background-color: #f2f2f2 !important;}&#8221;][vc_column css=&#8221;.vc_custom_1490017614850{margin-bottom: 30px !important;}&#8221;][vc_column_text css=&#8221;&#8221;]<strong>Convention du Cap<\/strong><\/p>\n<p><strong>\u00a0<\/strong><\/p>\n<p>Conform\u00e9ment \u00e0 l\u2019article 62 (1) de la\u00a0<a href=\"http:\/\/unidroit.org\/french\/conventions\/mobile-equipment\/mobile-equipment.pdf\" target=\"_blank\" rel=\"noopener\">Convention du Cap relative aux garanties internationales portant sur des mat\u00e9riels d\u2019\u00e9quipement mobiles<\/a>, UNIDROIT a \u00e9t\u00e9 d\u00e9sign\u00e9 comme D\u00e9positaire de la Convention. Les fonctions du D\u00e9positaire sont \u00e9tablies dans la Convention (article 62 (2)).<\/p>\n<p style=\"padding-left: 40px;\"><a href=\"https:\/\/www.unidroit.org\/fr\/instruments\/garanties-internationales\/convention-du-cap\/depositaire\/declarations-deposees-en-vertu-de-la-convention-du-cap-relative-aux-garanties-internationales-portant-sur-des-materiels-dequipement-mobiles-2-2\/\">D\u00e9clarations d\u00e9pos\u00e9es en vertu de la Convention class\u00e9es par article<\/a><\/p>\n<p style=\"padding-left: 40px;\"><a href=\"https:\/\/www.unidroit.org\/wp-content\/uploads\/2025\/08\/decs-matrix-rolling-up-Lithuania-29aug2025-RDCnov2025.pdf\">Matrice de d\u00e9clarations<\/a><\/p>\n<p>&nbsp;<\/p>\n<p>Les informations suivantes sont fournies dans le but d&#8217;aider les \u00c9tats envisageant de devenir parties \u00e0 la Convention:<\/p>\n<p style=\"padding-left: 40px;\"><a href=\"http:\/\/unidroit.org\/french\/conventions\/mobile-equipment\/depositaryfunction\/information\/ctc-advantages-f.pdf\" target=\"_blank\" rel=\"noopener\">Devenir Partie \u00e0 la Convention &#8211; avantages pour les \u00c9tats<\/a><\/p>\n<p style=\"padding-left: 40px;\"><a href=\"http:\/\/unidroit.org\/french\/conventions\/mobile-equipment\/depositaryfunction\/information\/modelinstruments.pdf\" target=\"_blank\" rel=\"noopener\">Mod\u00e8les d&#8217;instruments de ratification, d&#8217;acceptation, d&#8217;approbation et d&#8217;adh\u00e9sion\u00a0<\/a><\/p>\n<p style=\"padding-left: 40px;\">Memorandum des d\u00e9clarations (Convention et Protocole a\u00e9ronautique) en <a href=\"https:\/\/www.unidroit.org\/wp-content\/uploads\/2025\/02\/dc9-dep-01-rev07-f.pdf\">pdf\u00a0<\/a>en\u00a0<a href=\"https:\/\/www.unidroit.org\/wp-content\/uploads\/2025\/02\/dc9-dep-01-rev07-f.doc\">Word<\/a><\/p>\n<p>&nbsp;<\/p>\n<p>&nbsp;<\/p>\n<p style=\"text-align: center;\">*\u00a0\u00a0 *\u00a0\u00a0 *<\/p>\n<p>&nbsp;<\/p>\n<p>&nbsp;<\/p>\n<p><strong>CONTACT:<\/strong><\/p>\n<p>Mme Marina SCHNEIDER<\/p>\n<p>Juriste principale et D\u00e9positaire des trait\u00e9s<\/p>\n<p><span id=\"cloak98439eef221b863019fc838eedcff450\"><a href=\"mailto:m.schneider@unidroit.org\">m.schneider@unidroit.org<\/a><\/span><\/p>\n<p>&nbsp;<\/p>\n<p>&nbsp;<\/p>\n<p><strong>Service de mise \u00e0 jour par message \u00e9lectronique<\/strong><\/p>\n<p><strong>\u00a0<\/strong>UNIDROIT fournit par message \u00e9lectronique des informations relatives \u00e0 la mise \u00e0 jour de l&#8217;\u00e9tat de mise en oeuvre de la Convention du Cap et de ses Protocoles. D\u2019autres d\u00e9tails, y compris des informations sur la fa\u00e7on de s\u2019inscrire, sont disponibles \u00e0 la page \u201c<a href=\"https:\/\/www.unidroit.org\/fr\/etat-2001capetown\/324-instruments\/security-interests\/cape-town-convention-mobile-equipment-2001\/status\/704-service-de-mise-a-jour-par-message-electronique-la-convention-du-cap-le-protocole-aeronautique-le-protocole-de-luxembourg-et-le-protocole-spatial\">Service de mise \u00e0 jour par message \u00e9lectronique<\/a>\u201d.<\/p>\n<p>&nbsp;<\/p>\n<p>&nbsp;<\/p>\n<p><strong>Rapports du D\u00e9positaire<\/strong><\/p>\n<p style=\"text-align: justify;\">UNIDROIT a publi\u00e9 les rapports du D\u00e9positaire suivants conform\u00e9ment \u00e0 l&#8217;article 61(1) de la Convention et les articles correspondants dans les diff\u00e9rents Protocoles relatifs \u00e0 des mat\u00e9riels d&#8217;\u00e9quipements particuliers.<\/p>\n<p>&nbsp;<\/p>\n<p>Convention et Protocole a\u00e9ronautique:\u00a0<a href=\"http:\/\/unidroit.org\/french\/documents\/2008\/depositary\/dc09-dep-06-f.pdf\" target=\"_blank\" rel=\"noopener\">2006<\/a>,\u00a0<a href=\"http:\/\/unidroit.org\/french\/documents\/2008\/depositary\/dc09-dep-07-f.pdf\" target=\"_blank\" rel=\"noopener\">2007<\/a>,\u00a0<a href=\"http:\/\/unidroit.org\/french\/documents\/2010\/depositary\/dc09-dep-09-f.pdf\" target=\"_blank\" rel=\"noopener\">2008-2009<\/a>,\u00a0<a href=\"http:\/\/unidroit.org\/french\/documents\/2012\/depositary\/dc9-dep-10-f.pdf\" target=\"_blank\" rel=\"noopener\">2010-2011,<\/a>\u00a0<a href=\"https:\/\/www.unidroit.org\/french\/documents\/2014\/depositary\/ctc-ap\/dc09-dep-11-f.pdf\">2012-2013<\/a>,\u00a0<a href=\"https:\/\/www.unidroit.org\/french\/documents\/2018\/depositary\/ctc-ap\/dc09-dep-12rev-f.pdf\">2014-2016<\/a>,\u00a0<a href=\"https:\/\/www.unidroit.org\/french\/documents\/2020\/depositary\/ctc-ap\/dc9-dep-13-f.pdf\">2017-2019<\/a>, <a href=\"https:\/\/www.unidroit.org\/wp-content\/uploads\/2024\/02\/dc9-dep-14-2020-2022-f.pdf\">2020-2022<\/a>.[\/vc_column_text][\/vc_column][\/vc_row][vc_row][vc_column][vc_empty_space height=&#8221;10px&#8221;][\/vc_column][\/vc_row]<\/p>\n<\/div>","protected":false},"excerpt":{"rendered":"<p>[vc_row][vc_column css=&#8221;.vc_custom_1490017614850{margin-bottom: 30px !important;}&#8221;][vc_custom_heading text=&#8221;D\u00c9POSITAIRE&#8221; font_container=&#8221;tag:h1|text_align:left&#8221; use_theme_fonts=&#8221;yes&#8221; css=&#8221;.vc_custom_1631027445653{margin-top: 0px !important;margin-bottom: 20px !important;}&#8221;][vc_custom_heading text=&#8221;FONCTIONS DE D\u00c9POSITAIRE D&#8217;UNIDROIT: CONVENTION DU CAP&#8221; font_container=&#8221;tag:h4|text_align:left&#8221; use_theme_fonts=&#8221;yes&#8221;][\/vc_column][\/vc_row][vc_row css=&#8221;.vc_custom_1622455036974{background-color: #f2f2f2 !important;}&#8221;][vc_column css=&#8221;.vc_custom_1490017614850{margin-bottom: 30px !important;}&#8221;][vc_column_text css=&#8221;&#8221;]Convention du Cap \u00a0 Conform\u00e9ment \u00e0 l\u2019article 62 (1) de la\u00a0Convention du Cap relative aux garanties internationales portant&nbsp;<a href=\"https:\/\/www.unidroit.org\/fr\/instruments\/garanties-internationales\/convention-du-cap\/depositaire\/\">&hellip;<\/a><\/p>\n","protected":false},"author":20,"featured_media":0,"parent":6481,"menu_order":0,"comment_status":"closed","ping_status":"closed","template":"","meta":{"ep_exclude_from_search":false,"footnotes":""},"class_list":["post-6588","page","type-page","status-publish","format-standard","hentry","odd"],"_links":{"self":[{"href":"https:\/\/www.unidroit.org\/fr\/wp-json\/wp\/v2\/pages\/6588","targetHints":{"allow":["GET"]}}],"collection":[{"href":"https:\/\/www.unidroit.org\/fr\/wp-json\/wp\/v2\/pages"}],"about":[{"href":"https:\/\/www.unidroit.org\/fr\/wp-json\/wp\/v2\/types\/page"}],"author":[{"embeddable":true,"href":"https:\/\/www.unidroit.org\/fr\/wp-json\/wp\/v2\/users\/20"}],"replies":[{"embeddable":true,"href":"https:\/\/www.unidroit.org\/fr\/wp-json\/wp\/v2\/comments?post=6588"}],"version-history":[{"count":4,"href":"https:\/\/www.unidroit.org\/fr\/wp-json\/wp\/v2\/pages\/6588\/revisions"}],"predecessor-version":[{"id":35173,"href":"https:\/\/www.unidroit.org\/fr\/wp-json\/wp\/v2\/pages\/6588\/revisions\/35173"}],"up":[{"embeddable":true,"href":"https:\/\/www.unidroit.org\/fr\/wp-json\/wp\/v2\/pages\/6481"}],"wp:attachment":[{"href":"https:\/\/www.unidroit.org\/fr\/wp-json\/wp\/v2\/media?parent=6588"}],"curies":[{"name":"wp","href":"https:\/\/api.w.org\/{rel}","templated":true}]}}