{"id":6600,"date":"2021-08-16T12:40:24","date_gmt":"2021-08-16T12:40:24","guid":{"rendered":"https:\/\/www.unidroit.org\/?page_id=6600"},"modified":"2021-09-07T15:24:46","modified_gmt":"2021-09-07T15:24:46","slug":"liens-utiles","status":"publish","type":"page","link":"https:\/\/www.unidroit.org\/fr\/instruments\/garanties-internationales\/convention-du-cap\/liens-utiles\/","title":{"rendered":"Liens utiles"},"content":{"rendered":"<div class=\"wpb-content-wrapper\"><p>[vc_row][vc_column css=&#8221;.vc_custom_1490017614850{margin-bottom: 30px !important;}&#8221;][vc_custom_heading text=&#8221;LIENS UTILES&#8221; font_container=&#8221;tag:h1|text_align:left&#8221; use_theme_fonts=&#8221;yes&#8221; css=&#8221;.vc_custom_1629117645592{margin-top: 0px !important;margin-bottom: 20px !important;}&#8221;][vc_custom_heading text=&#8221;CONVENTION DU CAP &#8211; LIENS UTILES&#8221; font_container=&#8221;tag:h4|text_align:left&#8221; use_theme_fonts=&#8221;yes&#8221;][\/vc_column][\/vc_row][vc_row css=&#8221;.vc_custom_1622455036974{background-color: #f2f2f2 !important;}&#8221;][vc_column css=&#8221;.vc_custom_1490017614850{margin-bottom: 30px !important;}&#8221;][vc_column_text]<a href=\"http:\/\/www.icao.int\/Pages\/default.aspx\" target=\"_blank\" rel=\"noopener\">Organisation de l&#8217;aviation civile internationale (OACI)<\/a>\u00a0<a href=\"http:\/\/unidroit.org\/french\/conventions\/mobile-equipment\/supervisoryauthority.htm\" data-mce-=\"\" target=\"_blank\" rel=\"noopener\">Autorit\u00e9 de surveillance<\/a>\u00a0d\u00e9sign\u00e9e du Registre international pour les biens a\u00e9ronautiques en vertu de l&#8217;article XVII du Protocole portant sur les questions sp\u00e9cifiques aux mat\u00e9riels d\u2019\u00e9quipement a\u00e9ronautiques \u00e0 la Convention relative aux garanties internationales portant sur des mat\u00e9riels d\u2019\u00e9quipement mobiles.<\/p>\n<p>&nbsp;<\/p>\n<p><a href=\"http:\/\/www.aviareto.aero\/\" target=\"_blank\" rel=\"noopener\">Aviareto<\/a>:\u00a0Conservateur d\u00e9sign\u00e9 du Registre international pour les biens a\u00e9ronautiques en vertu de l&#8217;article 17(2) de la Convention relative aux garanties internationales portant sur des mat\u00e9riels d\u2019\u00e9quipement mobiles.<\/p>\n<p>&nbsp;<\/p>\n<p><a href=\"http:\/\/www.awg.aero\/\" target=\"_blank\" rel=\"noopener\">Groupe de travail a\u00e9ronautique (GTA\/AWG)<\/a>: organisation ind\u00e9pendante \u00e0 but non lucratif regroupant des constructeurs a\u00e9ronautiques, des soci\u00e9t\u00e9s de leasing et des institutions financi\u00e8res, ayant \u00e9labor\u00e9 des documents de r\u00e9f\u00e9rence pour la mise en \u0153uvre du Protocole portant sur les questions sp\u00e9cifiques aux mat\u00e9riels d\u2019\u00e9quipement a\u00e9ronautiques \u00e0 la Convention relative aux garanties internationales portant sur des mat\u00e9riels d\u2019\u00e9quipement mobiles.<\/p>\n<p>&nbsp;<\/p>\n<p><a href=\"http:\/\/www.otif.org\/\" target=\"_blank\" rel=\"noopener\">Organisation intergouvernementale pour les transports internationaux ferroviaires (OTIF)<\/a><\/p>\n<p>&nbsp;<\/p>\n<p><a href=\"http:\/\/www.railworkinggroup.org\/\" target=\"_blank\" rel=\"noopener\">Groupe de travail ferroviaire (RWG)<\/a><\/p>\n<p>&nbsp;<\/p>\n<p><a href=\"https:\/\/www.unidroit.org\/fr\/projet-academique-du-cap\">Projet acad\u00e9mique \u00e0 la Convention du Cap<\/a><\/p>\n<p>&nbsp;<\/p>\n<p><span style=\"color: #993366;\">Clause de non-responsabilit\u00e9: les liens qui suivent renvoient \u00e0 des sites Internet externes. UNIDROIT\u00a0n&#8217;est responsable ni du contenu, ni de l&#8217;exactitude des informations contenues sur les sites externes.<\/span>[\/vc_column_text][\/vc_column][\/vc_row][vc_row][vc_column][vc_empty_space height=&#8221;10px&#8221;][\/vc_column][\/vc_row]<\/p>\n<\/div>","protected":false},"excerpt":{"rendered":"<p>[vc_row][vc_column css=&#8221;.vc_custom_1490017614850{margin-bottom: 30px !important;}&#8221;][vc_custom_heading text=&#8221;LIENS UTILES&#8221; font_container=&#8221;tag:h1|text_align:left&#8221; use_theme_fonts=&#8221;yes&#8221; css=&#8221;.vc_custom_1629117645592{margin-top: 0px !important;margin-bottom: 20px !important;}&#8221;][vc_custom_heading text=&#8221;CONVENTION DU CAP &#8211; LIENS UTILES&#8221; font_container=&#8221;tag:h4|text_align:left&#8221; use_theme_fonts=&#8221;yes&#8221;][\/vc_column][\/vc_row][vc_row css=&#8221;.vc_custom_1622455036974{background-color: #f2f2f2 !important;}&#8221;][vc_column css=&#8221;.vc_custom_1490017614850{margin-bottom: 30px !important;}&#8221;][vc_column_text]Organisation de l&#8217;aviation civile internationale (OACI)\u00a0Autorit\u00e9 de surveillance\u00a0d\u00e9sign\u00e9e du Registre international pour les biens a\u00e9ronautiques en vertu de l&#8217;article&nbsp;<a href=\"https:\/\/www.unidroit.org\/fr\/instruments\/garanties-internationales\/convention-du-cap\/liens-utiles\/\">&hellip;<\/a><\/p>\n","protected":false},"author":20,"featured_media":0,"parent":6481,"menu_order":0,"comment_status":"closed","ping_status":"closed","template":"","meta":{"ep_exclude_from_search":false,"footnotes":""},"class_list":["post-6600","page","type-page","status-publish","format-standard","hentry","odd"],"_links":{"self":[{"href":"https:\/\/www.unidroit.org\/fr\/wp-json\/wp\/v2\/pages\/6600","targetHints":{"allow":["GET"]}}],"collection":[{"href":"https:\/\/www.unidroit.org\/fr\/wp-json\/wp\/v2\/pages"}],"about":[{"href":"https:\/\/www.unidroit.org\/fr\/wp-json\/wp\/v2\/types\/page"}],"author":[{"embeddable":true,"href":"https:\/\/www.unidroit.org\/fr\/wp-json\/wp\/v2\/users\/20"}],"replies":[{"embeddable":true,"href":"https:\/\/www.unidroit.org\/fr\/wp-json\/wp\/v2\/comments?post=6600"}],"version-history":[{"count":0,"href":"https:\/\/www.unidroit.org\/fr\/wp-json\/wp\/v2\/pages\/6600\/revisions"}],"up":[{"embeddable":true,"href":"https:\/\/www.unidroit.org\/fr\/wp-json\/wp\/v2\/pages\/6481"}],"wp:attachment":[{"href":"https:\/\/www.unidroit.org\/fr\/wp-json\/wp\/v2\/media?parent=6600"}],"curies":[{"name":"wp","href":"https:\/\/api.w.org\/{rel}","templated":true}]}}