{"id":7393,"date":"2021-08-16T18:05:41","date_gmt":"2021-08-16T18:05:41","guid":{"rendered":"https:\/\/www.unidroit.org\/?page_id=7393"},"modified":"2025-10-06T09:45:10","modified_gmt":"2025-10-06T07:45:10","slug":"informations-nationales","status":"publish","type":"page","link":"https:\/\/www.unidroit.org\/fr\/instruments\/garanties-internationales\/protocole-aeronautique\/informations-nationales\/","title":{"rendered":"Informations nationales"},"content":{"rendered":"<div class=\"wpb-content-wrapper\"><p>[vc_row][vc_column css=&#8221;.vc_custom_1490017614850{margin-bottom: 30px !important;}&#8221;][vc_custom_heading text=&#8221;INFORMATIONS NATIONALES&#8221; font_container=&#8221;tag:h1|text_align:left&#8221; use_theme_fonts=&#8221;yes&#8221; css=&#8221;.vc_custom_1629137173995{margin-top: 0px !important;margin-bottom: 20px !important;}&#8221;][vc_custom_heading text=&#8221;INFORMATIONS FOURNIES A UNIDROIT PAR LES ETATS CONTRACTANTS CONCERNANT LA SITUATION AU REGARD DE LA LEGISLATION ET DES POLITIQUES APPLICABLES AUX MATIERES COUVERTES PAR LA CONVENTION DU CAP (2001)&#8221; font_container=&#8221;tag:h4|text_align:left&#8221; use_theme_fonts=&#8221;yes&#8221;][\/vc_column][\/vc_row][vc_row css=&#8221;.vc_custom_1622455036974{background-color: #f2f2f2 !important;}&#8221;][vc_column css=&#8221;.vc_custom_1490017614850{margin-bottom: 30px !important;}&#8221;][vc_column_text css=&#8221;&#8221;]<\/p>\n<p style=\"text-align: justify;\">UNIDROIT recueille les informations que les \u00c9tats contractants fournissent concernant la situation au regard de la l\u00e9gislation et des politiques applicables aux mati\u00e8res couvertes par la Convention et ses Protocoles. Les Etats contractants n&#8217;ont aucune obligation de fournir de telles informations, il s&#8217;agit d&#8217;un choix qui rel\u00e8ve de l&#8217;Etat en question. Ces informations sont distinctes des d\u00e9clarations faites par l&#8217;Etat contractant et d\u00e9pos\u00e9es aupr\u00e8s du D\u00e9positaire en application de la Convention et de ses Protocoles.<\/p>\n<p>&nbsp;<\/p>\n<table border=\"0\">\n<tbody>\n<tr>\n<td><strong>ETAT CONTRACTANT<br \/>\n<\/strong><\/td>\n<td><strong>INFORMATIONS FOURNIES<br \/>\n<\/strong><\/td>\n<\/tr>\n<tr>\n<td><strong>\u00a0<\/strong><\/p>\n<p><img loading=\"lazy\" decoding=\"async\" src=\"https:\/\/www.unidroit.org\/images\/flags\/ireland.gif\" alt=\"ireland\" width=\"57\" height=\"38\" \/>\u00a0\u00a0\u00a0<strong>Irlande<\/strong><\/p>\n<p>&nbsp;<\/td>\n<td>&nbsp;<\/p>\n<p>Informations fournies<br \/>\n<a href=\"https:\/\/www.unidroit.org\/english\/conventions\/mobile-equipment\/information-contractingstates\/ireland-e.pdf\">le 25 septembre 2017<\/a><\/td>\n<\/tr>\n<tr>\n<td>\u00a0<img loading=\"lazy\" decoding=\"async\" src=\"https:\/\/www.unidroit.org\/images\/flags\/malta.gif\" alt=\"malta\" width=\"57\" height=\"38\" \/>\u00a0<strong>Malte<\/strong><\/td>\n<td><a href=\"https:\/\/www.unidroit.org\/english\/conventions\/mobile-equipment\/information-contractingstates\/malta.pdf\"><br \/>\n<\/a>Informations fournies<br \/>\n<a href=\"https:\/\/www.unidroit.org\/english\/conventions\/mobile-equipment\/information-contractingstates\/malta.pdf\">le 1<sup>er<\/sup>\u00a0octobre 2010<\/a><\/td>\n<\/tr>\n<tr>\n<td><\/td>\n<td><\/td>\n<\/tr>\n<tr>\n<td><img loading=\"lazy\" decoding=\"async\" src=\"https:\/\/www.unidroit.org\/images\/flags\/netherlands.gif\" alt=\"netherlands\" width=\"57\" height=\"38\" \/>\u00a0<strong>Pays-Bas<\/strong><\/td>\n<td>Informations fournies<br \/>\n<a href=\"https:\/\/www.unidroit.org\/english\/conventions\/mobile-equipment\/information-contractingstates\/netherlands1-e.pdf\">le 10 octobre 2010<\/a> Informations fournies<br \/>\n<a href=\"https:\/\/www.unidroit.org\/english\/conventions\/mobile-equipment\/information-contractingstates\/netherlands2-e.pdf\">le 18 avril 2011<\/a><\/td>\n<\/tr>\n<tr>\n<td><\/td>\n<td><\/td>\n<\/tr>\n<tr>\n<td><img loading=\"lazy\" decoding=\"async\" src=\"https:\/\/www.unidroit.org\/images\/flags\/unitedkingdom.gif\" alt=\"\" width=\"57\" height=\"38\" \/>\u00a0<strong>Royaume-Uni<\/strong><\/p>\n<p>&nbsp;<\/p>\n<p>&nbsp;<\/td>\n<td>&nbsp;<\/p>\n<p>Informations fournies<br \/>\n<a href=\"https:\/\/www.gov.uk\/government\/publications\/international-interests-in-aircraft-equipment-cape-town-convention-regulations-2015\" target=\"_blank\" rel=\"noopener\">Department for Business, Innovation &amp; Skills<\/a><br \/>\n<a href=\"https:\/\/www.unidroit.org\/english\/conventions\/mobile-equipment\/depositaryfunction\/information\/aircraft%20protocol\/ctc-ac-nat-inf-uk-e.pdf\">Foreign &amp; Commonwealth Office<\/a><\/p>\n<p>&nbsp;<\/td>\n<\/tr>\n<tr>\n<td><\/td>\n<td><\/td>\n<\/tr>\n<tr>\n<td><img loading=\"lazy\" decoding=\"async\" class=\"alignnone wp-image-32339\" src=\"https:\/\/www.unidroit.org\/wp-content\/uploads\/2025\/04\/Suede-73x49.jpg\" alt=\"\" width=\"50\" height=\"34\" \/> <strong>Su\u00e8de<\/strong><\/td>\n<td>Informations fournies<br \/>\n<a href=\"https:\/\/www.unidroit.org\/wp-content\/uploads\/2025\/04\/250305-Min-Justice-site-Internet.pdf\">le 5 mars 2025<\/a><\/td>\n<\/tr>\n<\/tbody>\n<\/table>\n<p>[\/vc_column_text][\/vc_column][\/vc_row][vc_row][vc_column][vc_empty_space height=&#8221;10px&#8221;][\/vc_column][\/vc_row]<\/p>\n<\/div>","protected":false},"excerpt":{"rendered":"<p>[vc_row][vc_column css=&#8221;.vc_custom_1490017614850{margin-bottom: 30px !important;}&#8221;][vc_custom_heading text=&#8221;INFORMATIONS NATIONALES&#8221; font_container=&#8221;tag:h1|text_align:left&#8221; use_theme_fonts=&#8221;yes&#8221; css=&#8221;.vc_custom_1629137173995{margin-top: 0px !important;margin-bottom: 20px !important;}&#8221;][vc_custom_heading text=&#8221;INFORMATIONS FOURNIES A UNIDROIT PAR LES ETATS CONTRACTANTS CONCERNANT LA SITUATION AU REGARD DE LA LEGISLATION ET DES POLITIQUES APPLICABLES AUX MATIERES COUVERTES PAR LA CONVENTION DU CAP (2001)&#8221; font_container=&#8221;tag:h4|text_align:left&#8221; use_theme_fonts=&#8221;yes&#8221;][\/vc_column][\/vc_row][vc_row css=&#8221;.vc_custom_1622455036974{background-color:&nbsp;<a href=\"https:\/\/www.unidroit.org\/fr\/instruments\/garanties-internationales\/protocole-aeronautique\/informations-nationales\/\">&hellip;<\/a><\/p>\n","protected":false},"author":20,"featured_media":0,"parent":7353,"menu_order":0,"comment_status":"closed","ping_status":"closed","template":"","meta":{"ep_exclude_from_search":false,"footnotes":""},"class_list":["post-7393","page","type-page","status-publish","format-standard","hentry","odd"],"_links":{"self":[{"href":"https:\/\/www.unidroit.org\/fr\/wp-json\/wp\/v2\/pages\/7393","targetHints":{"allow":["GET"]}}],"collection":[{"href":"https:\/\/www.unidroit.org\/fr\/wp-json\/wp\/v2\/pages"}],"about":[{"href":"https:\/\/www.unidroit.org\/fr\/wp-json\/wp\/v2\/types\/page"}],"author":[{"embeddable":true,"href":"https:\/\/www.unidroit.org\/fr\/wp-json\/wp\/v2\/users\/20"}],"replies":[{"embeddable":true,"href":"https:\/\/www.unidroit.org\/fr\/wp-json\/wp\/v2\/comments?post=7393"}],"version-history":[{"count":10,"href":"https:\/\/www.unidroit.org\/fr\/wp-json\/wp\/v2\/pages\/7393\/revisions"}],"predecessor-version":[{"id":35804,"href":"https:\/\/www.unidroit.org\/fr\/wp-json\/wp\/v2\/pages\/7393\/revisions\/35804"}],"up":[{"embeddable":true,"href":"https:\/\/www.unidroit.org\/fr\/wp-json\/wp\/v2\/pages\/7353"}],"wp:attachment":[{"href":"https:\/\/www.unidroit.org\/fr\/wp-json\/wp\/v2\/media?parent=7393"}],"curies":[{"name":"wp","href":"https:\/\/api.w.org\/{rel}","templated":true}]}}