{"id":7400,"date":"2021-08-16T18:13:31","date_gmt":"2021-08-16T18:13:31","guid":{"rendered":"https:\/\/www.unidroit.org\/?page_id=7400"},"modified":"2021-08-16T18:13:35","modified_gmt":"2021-08-16T18:13:35","slug":"travaux-preparatoires","status":"publish","type":"page","link":"https:\/\/www.unidroit.org\/fr\/instruments\/garanties-internationales\/protocole-aeronautique\/travaux-preparatoires\/","title":{"rendered":"Travaux pr\u00e9paratoires"},"content":{"rendered":"<div class=\"wpb-content-wrapper\"><p>[vc_row][vc_column css=&#8221;.vc_custom_1490017614850{margin-bottom: 30px !important;}&#8221;][vc_custom_heading text=&#8221;TRAVAUX PREPARATOIRES&#8221; font_container=&#8221;tag:h1|text_align:left&#8221; use_theme_fonts=&#8221;yes&#8221; css=&#8221;.vc_custom_1629137653594{margin-top: 0px !important;margin-bottom: 20px !important;}&#8221;][vc_custom_heading text=&#8221;ETUDE LXXII D &#8211; LES GARANTIES INTERNATIONALES PORTANT SUR DES MATERIELS D\u2019EQUIPEMENT AERONAUTIQUES &#8211; TRAVAUX PREPARATOIRES<br \/>\n&#8221; font_container=&#8221;tag:h4|text_align:left&#8221; use_theme_fonts=&#8221;yes&#8221;][\/vc_column][\/vc_row][vc_row css=&#8221;.vc_custom_1622455036974{background-color: #f2f2f2 !important;}&#8221;][vc_column css=&#8221;.vc_custom_1490017614850{margin-bottom: 30px !important;}&#8221;][vc_column_text]<a href=\"https:\/\/www.unidroit.org\/fr\/instruments\/garanties-internationales\/convention-du-cap\">CONFERENCE DIPLOMATIQUE\u00a0pour l\u2019adoption d\u2019une Convention relative aux mat\u00e9riels d\u2019\u00e9quipement mobiles et d\u2019un Protocole a\u00e9ronautique<\/a><\/p>\n<p>&nbsp;<\/p>\n<p><a href=\"https:\/\/www.unidroit.org\/french\/conventions\/mobile-equipment\/conference2001\/finalact.pdf\">ACTE FINAL de la Conf\u00e9rence diplomatique pour l\u2019adoption d\u2019une Convention relative aux mat\u00e9riels d\u2019\u00e9quipement mobiles et d\u2019un Protocole a\u00e9ronautique<\/a><\/p>\n<p>&nbsp;<\/p>\n<p><a href=\"https:\/\/www.unidroit.org\/english\/publications\/acts2006capetown.pdf\">ACTS AND PROCEEDINGS of the Diplomatic Conference to adopt a mobile equipment Convention and an Aircraft Protocol, November 2001, Cape Town (Rome, UNIDROIT, 2006)\u00a0<\/a>(en anglais seulement)<\/p>\n<p>&nbsp;<\/p>\n<p>&nbsp;<\/p>\n<p><strong>*\u00a0\u00a0 *\u00a0\u00a0 *<\/strong><\/p>\n<p><strong>\u00a0<\/strong><\/p>\n<p>&nbsp;<\/p>\n<p><strong>Comit\u00e9 d&#8217;experts gouvernementaux d&#8217;UNIDROIT charg\u00e9 d&#8217;\u00e9laborer un projet de Convention relative aux garanties internationales portant sur des mat\u00e9riels d&#8217;\u00e9quipement mobiles et un projet de Protocole portant sur les questions sp\u00e9cifiques aux mat\u00e9riels d&#8217;\u00e9quipement a\u00e9ronautiques \/ Sous-comit\u00e9 du Comit\u00e9 juridique de l\u2019OACI sur l&#8217;\u00e9tude des garanties internationales portant sur des mat\u00e9riels d&#8217;\u00e9quipement mobiles (mat\u00e9riels d&#8217;\u00e9quipement a\u00e9ronautiques)<\/strong><\/p>\n<p>&nbsp;<\/p>\n<p><strong>Troisi\u00e8me session conjointe (Rome, 20-31 mars 2000) &#8211; Rapport<\/strong><\/p>\n<p><strong><a href=\"https:\/\/www.unidroit.org\/french\/documents\/2000\/etude72\/s-72-sessionconjointe3-rapport-f.pdf\">UNIDROIT CEG\/Gar.Int.\/3-Rapport<\/a><br \/>\n<a href=\"https:\/\/www.unidroit.org\/french\/documents\/2000\/etude72\/s-72-sessionconjointe3-rapport-f.pdf\">OACI R\u00e9f. LSC\/ME\/3-Rapport<\/a><\/strong><\/p>\n<p>&nbsp;<\/p>\n<p><strong>Deuxi\u00e8me session conjointe (Montr\u00e9al, 24 ao\u00fbt &#8211; 3 septembre 1999) &#8211; Rapport<\/strong><\/p>\n<p><strong><a href=\"https:\/\/www.unidroit.org\/french\/documents\/1999\/etude72\/s-72-sessionconjointe2-rapport-f.pdf\">UNIDROIT CEG\/Gar.Int.\/2-Rapport<\/a><br \/>\n<a href=\"https:\/\/www.unidroit.org\/french\/documents\/1999\/etude72\/s-72-sessionconjointe2-rapport-f.pdf\">OACI R\u00e9f. LSC\/ME\/2-Rapport<\/a><\/strong><\/p>\n<p>&nbsp;<\/p>\n<p><strong>Premi\u00e8re session conjointe (Rome, 1er &#8211; 12 f\u00e9vrier 1999) &#8211; Rapport\u00a0<\/strong><\/p>\n<p><a href=\"https:\/\/www.unidroit.org\/french\/documents\/1999\/etude72\/s-72-sessionconjointe1-rapport-f.pdf\">UNIDROIT CEG \/ Gar.Int.\/Rapport<br \/>\n<\/a><a href=\"https:\/\/www.unidroit.org\/french\/documents\/1999\/etude72\/s-72-sessionconjointe1-rapport-f.pdf\">OACI R\u00e9f. LSC\/ME-Rapport<\/a><\/p>\n<p>&nbsp;<\/p>\n<p>&nbsp;<\/p>\n<p><a href=\"https:\/\/www.unidroit.org\/english\/documents\/1999\/study72\/s-72-49-e.pdf\">UNIDROIT 1999 &#8211; Study LXXII &#8211; Doc. 49 \/ UNIDROIT 1999 &#8211; Study LXXII D &#8211; Doc. 9<\/a>\u00a0\u00a0 [en anglais seulement]<\/p>\n<p>Committee of governmental experts for the preparation of a draft Convention on International Interests in Mobile Equipment and a draft Protocol on Matters specific to Aircraft Equipment. PRELIMINARY DRAFT UNIDROIT CONVENTION ON INTERNATIONAL INTERESTS IN MOBILE EQUIPMENT and PRELIMINARY DRAFT PROTOCOL TO THE PRELIMINARY DRAFT UNIDROIT CONVENTION ON INTERNATIONAL INTERESTS IN MOBILE EQUIPMENT ON MATTERS SPECIFIC TO AIRCRAFT EQUIPMENT: COMMENTS (submitted by the Government of Japan) \u2013 Rome, January 1999<\/p>\n<p>&nbsp;<\/p>\n<p><a href=\"https:\/\/www.unidroit.org\/french\/documents\/1999\/etude72\/s-72-48-f.pdf\">UNIDROIT 1999 &#8211; Etude LXXII &#8211; Doc. 48 \/ UNIDROIT 1999 &#8211; Etude LXXII D &#8211; Doc. 8<\/a><\/p>\n<p>Comit\u00e9 d&#8217;experts gouvernementaux charg\u00e9 d&#8217;\u00e9laborer un projet de Convention relative aux garanties internationales portant sur des mat\u00e9riels d&#8217;\u00e9quipement mobiles et un projet de Protocole portant sur les questions sp\u00e9cifiques aux mat\u00e9riels d&#8217;\u00e9quipement a\u00e9ronautiques: AVANT-PROJET DE CONVENTION D&#8217;UNIDROIT RELATIVE AUX GARANTIES INTERNATIONALES PORTANT SUR DES MATERIELS D&#8217;EQUIPEMENT MOBILES et AVANT-PROJET DE PROTOCOLE PORTANT SUR LES QUESTIONS SPECIFIQUES AUX MATERIELS D&#8217;EQUIPEMENT AERONAUTIQUES, A L&#8217;AVANT-PROJET DE CONVENTION D&#8217;UNIDROIT RELATIVE AUX GARANTIES INTERNATIONALES PORTANT SUR DES MATERIELS D&#8217;EQUIPEMENT MOBILES: OBSERVATIONS (pr\u00e9sent\u00e9s par le Gouvernement de la Suisse)<\/p>\n<p>&nbsp;<\/p>\n<p><a href=\"https:\/\/www.unidroit.org\/french\/documents\/1998\/etude72d\/s-72d-07-f.pdf\">UNIDROIT 1998 &#8211; Etude LXXII D &#8211; Doc. 7 \u00a0<\/a><\/p>\n<p>Comit\u00e9 d\u2019experts gouvernementaux charg\u00e9 d\u2019\u00e9laborer un projet de Convention relative aux garanties internationales portant sur des mat\u00e9riels d&#8217;\u00e9quipement mobiles et un projet de Protocole portant sur les questions sp\u00e9cifiques aux mat\u00e9riels d\u2019\u00e9quipement a\u00e9ronautiques. AVANT-PROJET DE PROTOCOLE PORTANT SUR LES QUESTIONS SPECIFIQUES AUX MATERIELS D\u2019EQUIPEMENT AERONAUTIQUES, A L\u2019AVANT-PROJET DE CONVENTION D&#8217;UNIDROIT RELATIVE AUX GARANTIES INTERNATIONALES PORTANT SUR DES MATERIELS D&#8217;EQUIPEMENT MOBILES: OBSERVATIONS (pr\u00e9sent\u00e9es par le Gouvernement du Canada)<\/p>\n<p>&nbsp;<\/p>\n<p><a href=\"https:\/\/www.unidroit.org\/french\/documents\/1998\/etude72\/s-72-45-f.pdf\">UNIDROIT 1998 &#8211; Etude LXXII D &#8211; Doc. 6 \/ UNIDROIT 1998 &#8211; Etude LXXII &#8211; Doc. 45<\/a><\/p>\n<p>Comit\u00e9 d\u2019experts gouvernementaux charg\u00e9 d\u2019\u00e9laborer un projet de Convention relative aux garanties internationales portant sur des mat\u00e9riels d&#8217;\u00e9quipement mobiles et un projet de Protocole portant sur les questions sp\u00e9cifiques aux mat\u00e9riels d\u2019\u00e9quipement a\u00e9ronautiques. AVANT-PROJET DE CONVENTION D&#8217;UNIDROIT RELATIVE AUX GARANTIES INTERNATIONALES PORTANT SUR DES MATERIELS D&#8217;EQUIPEMENT MOBILES et AVANT-PROJET DE PROTOCOLE PORTANT SUR LES QUESTIONS SPECIFIQUES AUX MATERIELS D\u2019EQUIPEMENT AERONAUTIQUES, A L\u2019AVANT-PROJET DE CONVENTION D&#8217;UNIDROIT RELATIVE AUX GARANTIES INTERNATIONALES PORTANT SUR DES MATERIELS D&#8217;EQUIPEMENT MOBILES: OBSERVATIONS (pr\u00e9sent\u00e9es conjointement par l\u2019Association du transport a\u00e9rien international et le Groupe de travail a\u00e9ronautique)<\/p>\n<p>&nbsp;<\/p>\n<p><a href=\"https:\/\/www.unidroit.org\/french\/documents\/1998\/etude72d\/s-72d-05-f.pdf\">UNIDROIT 1998 &#8211; Etude LXXII D &#8211; Doc. 5 \u00a0<\/a><\/p>\n<p>Comit\u00e9 d\u2019experts gouvernementaux charg\u00e9 d\u2019\u00e9laborer un projet de Convention relative aux garanties internationales portant sur des mat\u00e9riels d&#8217;\u00e9quipement mobiles et un projet de Protocole portant sur les questions sp\u00e9cifiques aux mat\u00e9riels d\u2019\u00e9quipement a\u00e9ronautiques. AVANT-PROJET DE PROTOCOLE PORTANT SUR LES QUESTIONS SPECIFIQUES AUX MATERIELS D\u2019EQUIPEMENT AERONAUTIQUES, A L\u2019AVANT-PROJET DE CONVENTION D&#8217;UNIDROIT RELATIVE AUX GARANTIES INTERNATIONALES PORTANT SUR DES MATERIELS D&#8217;EQUIPEMENT MOBILES: OBSERVATIONS (pr\u00e9sent\u00e9es par le Gouvernement d\u2019Australie)<\/p>\n<p>&nbsp;<\/p>\n<p><a href=\"https:\/\/www.unidroit.org\/french\/documents\/1998\/etude72\/s-72-43-f.pdf\">UNIDROIT 1998 &#8211; Etude LXXII D &#8211; Doc. 4 \/ UNIDROIT 1998 &#8211; Etude LXXII &#8211; Doc. 43 \u00a0<\/a><\/p>\n<p>Comit\u00e9 d\u2019experts gouvernementaux charg\u00e9 d\u2019\u00e9laborer un projet de Convention relative aux garanties internationales portant sur des mat\u00e9riels d&#8217;\u00e9quipement mobiles et un projet de Protocole portant sur les questions sp\u00e9cifiques aux mat\u00e9riels d\u2019\u00e9quipement a\u00e9ronautiques. AVANT-PROJET DE CONVENTION D&#8217;UNIDROIT RELATIVE AUX GARANTIES INTERNATIONALES PORTANT SUR DES MATERIELS D&#8217;EQUIPEMENT MOBILES et AVANT-PROJET DE PROTOCOLE PORTANT SUR LES QUESTIONS SPECIFIQUES AUX MATERIELS D\u2019EQUIPEMENT AERONAUTIQUES, A L\u2019AVANT-PROJET DE CONVENTION D&#8217;UNIDROIT RELATIVE AUX GARANTIES INTERNATIONALES PORTANT SUR DES MATERIELS D&#8217;EQUIPEMENT MOBILES: OBSERVATIONS (pr\u00e9sent\u00e9es par le Gouvernement des Etats-Unis d\u2019Am\u00e9rique)<\/p>\n<p>&nbsp;<\/p>\n<p><a href=\"https:\/\/www.unidroit.org\/french\/documents\/1998\/etude72d\/s-72d-03-f.pdf\">UNIDROIT 1998 &#8211; Etude LXXII D &#8211; Doc. 3 \u00a0<\/a><\/p>\n<p>AVANT-PROJET DE PROTOCOLE PORTANT SUR LES QUESTIONS SPECIFIQUES AUX BIENS AERONAUTIQUES, A L\u2019AVANT-PROJET DE CONVENTION D&#8217;UNIDROIT RELATIVE AUX GARANTIES INTERNATIONALES PORTANT SUR DES MATERIELS D&#8217;EQUIPEMENT MOBILES (tel qu\u2019arr\u00eat\u00e9 par un groupe de travail organis\u00e9, \u00e0 l\u2019invitation du Pr\u00e9sident d\u2019UNIDROIT, par M. J. Wool, expert consultant sur les questions de financement a\u00e9ronautique internationale aupr\u00e8s du Comit\u00e9 d\u2019\u00e9tude d\u2019UNIDROIT charg\u00e9 de l\u2019\u00e9laboration d\u2019une r\u00e9glementation uniforme relative aux garanties internationales portant sur des mat\u00e9riels d\u2019\u00e9quipement mobiles, et r\u00e9vis\u00e9 par un Comit\u00e9 pilote et de r\u00e9vision r\u00e9uni \u00e0 Rome du 27 au 29 juin 1998, conform\u00e9ment \u00e0 la d\u00e9cision prise par le Conseil de Direction d\u2019UNIDROIT \u00e0 sa 77\u00e8me session tenue \u00e0 Rome du 16 au 20 f\u00e9vrier 1998)<\/p>\n<p>&nbsp;<\/p>\n<p><a href=\"https:\/\/www.unidroit.org\/french\/documents\/1998\/etude72d\/s-72d-02-f.pdf\">UNIDROIT 1998 &#8211; Etude LXXII D &#8211; Doc. 2 \u00a0<\/a><\/p>\n<p>Comit\u00e9 pilote et de r\u00e9vision charg\u00e9 de la derni\u00e8re mise au point de l\u2019avant-projet de Convention d&#8217;UNIDROIT relative aux garanties internationales portant sur des mat\u00e9riels d&#8217;\u00e9quipement mobiles et de l\u2019avant-projet de Protocole portant sur les questions sp\u00e9cifiques aux mat\u00e9riels d\u2019\u00e9quipement mobiles. AVANT-PROJET DE CONVENTION D&#8217;UNIDROIT RELATIVE AUX GARANTIES INTERNATIONALES PORTANT SUR DES MATERIELS D&#8217;EQUIPEMENT MOBILES (tel qu\u2019arr\u00eat\u00e9 par le Comit\u00e9 d\u2019\u00e9tude \u00e0 l\u2019issue de sa quatri\u00e8me session, tenue \u00e0 Rome du 3 au 7 novembre 1997 et r\u00e9vis\u00e9 par le Pr\u00e9sident du Comit\u00e9 d\u2019\u00e9tude) : AVANT-PROJET DE PROTOCOLE PORTANT SUR LES QUESTIONS SPECIFIQUES AUX BIENS AERONAUTIQUES (tel qu\u2019arr\u00eat\u00e9 par un groupe de travail organis\u00e9 et pr\u00e9sid\u00e9 par M. J. Wool, expert consultant aupr\u00e8s du Comit\u00e9 d\u2019\u00e9tude sur les questions de financement a\u00e9ronautique internationale, \u00e0 l\u2019invitation du Pr\u00e9sident, \u00e0 l\u2019issue de sa seconde session, tenue \u00e0 Gen\u00e8ve du 19 au 21 novembre 1997, et r\u00e9vis\u00e9 par le Pr\u00e9sident du Comit\u00e9 d\u2019\u00e9tude en collaboration avec M. Wool)<\/p>\n<p>&nbsp;<\/p>\n<p><a href=\"https:\/\/www.unidroit.org\/french\/documents\/1998\/etude72d\/s-72d-01-f.pdf\">UNIDROIT 1998 &#8211; Etude LXXII D &#8211; Doc. 1\u00a0<\/a><\/p>\n<p>Comit\u00e9 d\u2019\u00e9tude charg\u00e9 de l\u2019\u00e9laboration d\u2019une r\u00e9glementation uniforme relative aux garanties internationales portant sur des mat\u00e9riels d\u2019\u00e9quipement mobiles. AVANT-PROJET DE CONVENTION D&#8217;UNIDROIT RELATIVE AUX GARANTIES INTERNATIONALES PORTANT SUR DES MATERIELS D&#8217;EQUIPEMENT MOBILES (tel qu\u2019arr\u00eat\u00e9 par le Comit\u00e9 d\u2019\u00e9tude \u00e0 l\u2019issue de sa quatri\u00e8me session, tenue \u00e0 Rome du 3 au 7 novembre 1997). AVANT-PROJET DE PROTOCOLE PORTANT SUR LES QUESTIONS SPECIFIQUES AUX MATERIELS D&#8217;EQUIPEMENT AERONAUTIQUES (tel qu\u2019arr\u00eat\u00e9 par un groupe de travail organis\u00e9 par M. J. Wool, expert consultant aupr\u00e8s du Comit\u00e9 d\u2019\u00e9tude sur les questions de financement a\u00e9ronautique internationale, \u00e0 l\u2019invitation du Pr\u00e9sident, \u00e0 l\u2019issue de sa seconde session, tenue \u00e0 Gen\u00e8ve du 19 au 21 novembre 1997)[\/vc_column_text][\/vc_column][\/vc_row][vc_row][vc_column][vc_empty_space height=&#8221;10px&#8221;][\/vc_column][\/vc_row]<\/p>\n<\/div>","protected":false},"excerpt":{"rendered":"<p>[vc_row][vc_column css=&#8221;.vc_custom_1490017614850{margin-bottom: 30px !important;}&#8221;][vc_custom_heading text=&#8221;TRAVAUX PREPARATOIRES&#8221; font_container=&#8221;tag:h1|text_align:left&#8221; use_theme_fonts=&#8221;yes&#8221; css=&#8221;.vc_custom_1629137653594{margin-top: 0px !important;margin-bottom: 20px !important;}&#8221;][vc_custom_heading text=&#8221;ETUDE LXXII D &#8211; LES GARANTIES INTERNATIONALES PORTANT SUR DES MATERIELS D\u2019EQUIPEMENT AERONAUTIQUES &#8211; TRAVAUX PREPARATOIRES &#8221; font_container=&#8221;tag:h4|text_align:left&#8221; use_theme_fonts=&#8221;yes&#8221;][\/vc_column][\/vc_row][vc_row css=&#8221;.vc_custom_1622455036974{background-color: #f2f2f2 !important;}&#8221;][vc_column css=&#8221;.vc_custom_1490017614850{margin-bottom: 30px !important;}&#8221;][vc_column_text]CONFERENCE DIPLOMATIQUE\u00a0pour l\u2019adoption d\u2019une Convention relative aux mat\u00e9riels&nbsp;<a href=\"https:\/\/www.unidroit.org\/fr\/instruments\/garanties-internationales\/protocole-aeronautique\/travaux-preparatoires\/\">&hellip;<\/a><\/p>\n","protected":false},"author":20,"featured_media":0,"parent":7353,"menu_order":0,"comment_status":"closed","ping_status":"closed","template":"","meta":{"ep_exclude_from_search":false,"footnotes":""},"class_list":["post-7400","page","type-page","status-publish","format-standard","hentry","odd"],"_links":{"self":[{"href":"https:\/\/www.unidroit.org\/fr\/wp-json\/wp\/v2\/pages\/7400","targetHints":{"allow":["GET"]}}],"collection":[{"href":"https:\/\/www.unidroit.org\/fr\/wp-json\/wp\/v2\/pages"}],"about":[{"href":"https:\/\/www.unidroit.org\/fr\/wp-json\/wp\/v2\/types\/page"}],"author":[{"embeddable":true,"href":"https:\/\/www.unidroit.org\/fr\/wp-json\/wp\/v2\/users\/20"}],"replies":[{"embeddable":true,"href":"https:\/\/www.unidroit.org\/fr\/wp-json\/wp\/v2\/comments?post=7400"}],"version-history":[{"count":0,"href":"https:\/\/www.unidroit.org\/fr\/wp-json\/wp\/v2\/pages\/7400\/revisions"}],"up":[{"embeddable":true,"href":"https:\/\/www.unidroit.org\/fr\/wp-json\/wp\/v2\/pages\/7353"}],"wp:attachment":[{"href":"https:\/\/www.unidroit.org\/fr\/wp-json\/wp\/v2\/media?parent=7400"}],"curies":[{"name":"wp","href":"https:\/\/api.w.org\/{rel}","templated":true}]}}