{"id":7406,"date":"2021-08-16T18:19:32","date_gmt":"2021-08-16T18:19:32","guid":{"rendered":"https:\/\/www.unidroit.org\/?page_id=7406"},"modified":"2021-08-16T18:20:15","modified_gmt":"2021-08-16T18:20:15","slug":"projet-academique-ctcap","status":"publish","type":"page","link":"https:\/\/www.unidroit.org\/fr\/instruments\/garanties-internationales\/protocole-aeronautique\/projet-academique-ctcap\/","title":{"rendered":"Projet acad\u00e9mique CTCAP"},"content":{"rendered":"<div class=\"wpb-content-wrapper\"><p>[vc_row][vc_column css=&#8221;.vc_custom_1490017614850{margin-bottom: 30px !important;}&#8221;][vc_custom_heading text=&#8221;PROJET ACADEMIQUE RELATIF A LA CONVENTION DU CAP<br \/>\n&#8221; font_container=&#8221;tag:h1|text_align:left&#8221; use_theme_fonts=&#8221;yes&#8221; css=&#8221;.vc_custom_1629138022714{margin-top: 0px !important;margin-bottom: 20px !important;}&#8221;][vc_custom_heading text=&#8221;&#8221; font_container=&#8221;tag:h4|text_align:left&#8221; use_theme_fonts=&#8221;yes&#8221;][\/vc_column][\/vc_row][vc_row css=&#8221;.vc_custom_1622455036974{background-color: #f2f2f2 !important;}&#8221;][vc_column css=&#8221;.vc_custom_1490017614850{margin-bottom: 30px !important;}&#8221;][vc_column_text]<strong>Projet acad\u00e9mique relatif \u00e0 la Convention du Cap<\/strong><\/p>\n<p><strong>\u00a0<\/strong><\/p>\n<p>L\u2019Universit\u00e9 d\u2019Oxford et l\u2019Universit\u00e9 de Washington ont mis en place un\u00a0<a href=\"http:\/\/www.ctcap.org\/\" target=\"_blank\" rel=\"noopener\">Projet acad\u00e9mique commun relatif \u00e0 la Convention du Cap<\/a>\u00a0pour faciliter l\u2019\u00e9tude et l\u2019\u00e9valuation sur le plan acad\u00e9mique de ladite Convention en vue de renforcer la compr\u00e9hension et la mise en \u0153uvre effective du trait\u00e9 et de progresser dans la r\u00e9alisation de ses objectifs. Le Groupe de travail a\u00e9ronautique est le parrain fondateur du projet. Un acc\u00e8s \u00e9lectronique \u00e0 une base de donn\u00e9es num\u00e9ris\u00e9e et consultable de l\u2019ensemble des documents et mat\u00e9riels, une revue, des conf\u00e9rences, du mat\u00e9riel p\u00e9dagogique, ou encore une \u00e9valuation juridique et \u00e9conomique, font partie des activit\u00e9s propos\u00e9es pour ce projet, toutes li\u00e9es \u00e0 la Convention du Cap (et \u00e0 tous ses Protocoles). Deux \u00e9l\u00e9ments (la base de donn\u00e9es et la revue) sont entrepris sous les auspices conjoints d\u2019UNIDROIT\u00a0et du Projet.<\/p>\n<p>&nbsp;<\/p>\n<p>&nbsp;<\/p>\n<p><strong>Bourses d\u2019\u00e9tudes<\/strong><\/p>\n<p><strong>\u00a0<\/strong><\/p>\n<p>Le projet acad\u00e9mique relatif \u00e0 la Convention du Cap sollicite des candidatures pour une bourse d&#8217;\u00e9tudes de doctorat \u00e0 la Facult\u00e9 de droit de l&#8217;Universit\u00e9 d&#8217;Oxford. La bourse d&#8217;\u00e9tudes a \u00e9t\u00e9 cr\u00e9\u00e9e pour financer la recherche afin de permettre l\u2019ach\u00e8vement et la publication d\u2019une th\u00e8se de doctorat sur l&#8217;histoire de la Convention du Cap de 2001 relative aux garanties internationales portant sur des mat\u00e9riels d\u2019\u00e9quipement mobiles et de ses Protocoles. Le candidat retenu sera encadr\u00e9 par le Professeur Sir Roy Goode et le Professeur Louise Gullifer. La bourse offrira un financement pouvant aller jusqu&#8217;\u00e0 \u00a3 25.000 par an afin de couvrir les frais d\u2019inscription et \u00e0 titre de contribution aux frais de subsistance. Cette bourse n\u2019est pas cumulable avec une autre bourse d&#8217;Oxford. La demande de bourse d&#8217;\u00e9tudes peut \u00eatre faite en remplissant le formulaire de candidature aux \u00e9tudes sup\u00e9rieures. Plus d\u2019informations sont disponibles en cliquant\u00a0<a href=\"http:\/\/www.law.ox.ac.uk\/postgraduate\/scholarships.php#international\" target=\"_blank\" rel=\"noopener\">ici<\/a>[\/vc_column_text][\/vc_column][\/vc_row][vc_row][vc_column][vc_empty_space height=&#8221;10px&#8221;][\/vc_column][\/vc_row]<\/p>\n<\/div>","protected":false},"excerpt":{"rendered":"<p>[vc_row][vc_column css=&#8221;.vc_custom_1490017614850{margin-bottom: 30px !important;}&#8221;][vc_custom_heading text=&#8221;PROJET ACADEMIQUE RELATIF A LA CONVENTION DU CAP &#8221; font_container=&#8221;tag:h1|text_align:left&#8221; use_theme_fonts=&#8221;yes&#8221; css=&#8221;.vc_custom_1629138022714{margin-top: 0px !important;margin-bottom: 20px !important;}&#8221;][vc_custom_heading text=&#8221;&#8221; font_container=&#8221;tag:h4|text_align:left&#8221; use_theme_fonts=&#8221;yes&#8221;][\/vc_column][\/vc_row][vc_row css=&#8221;.vc_custom_1622455036974{background-color: #f2f2f2 !important;}&#8221;][vc_column css=&#8221;.vc_custom_1490017614850{margin-bottom: 30px !important;}&#8221;][vc_column_text]Projet acad\u00e9mique relatif \u00e0 la Convention du Cap \u00a0 L\u2019Universit\u00e9 d\u2019Oxford et l\u2019Universit\u00e9 de Washington ont mis&nbsp;<a href=\"https:\/\/www.unidroit.org\/fr\/instruments\/garanties-internationales\/protocole-aeronautique\/projet-academique-ctcap\/\">&hellip;<\/a><\/p>\n","protected":false},"author":20,"featured_media":0,"parent":7353,"menu_order":0,"comment_status":"closed","ping_status":"closed","template":"","meta":{"ep_exclude_from_search":false,"footnotes":""},"class_list":["post-7406","page","type-page","status-publish","format-standard","hentry","odd"],"_links":{"self":[{"href":"https:\/\/www.unidroit.org\/fr\/wp-json\/wp\/v2\/pages\/7406","targetHints":{"allow":["GET"]}}],"collection":[{"href":"https:\/\/www.unidroit.org\/fr\/wp-json\/wp\/v2\/pages"}],"about":[{"href":"https:\/\/www.unidroit.org\/fr\/wp-json\/wp\/v2\/types\/page"}],"author":[{"embeddable":true,"href":"https:\/\/www.unidroit.org\/fr\/wp-json\/wp\/v2\/users\/20"}],"replies":[{"embeddable":true,"href":"https:\/\/www.unidroit.org\/fr\/wp-json\/wp\/v2\/comments?post=7406"}],"version-history":[{"count":0,"href":"https:\/\/www.unidroit.org\/fr\/wp-json\/wp\/v2\/pages\/7406\/revisions"}],"up":[{"embeddable":true,"href":"https:\/\/www.unidroit.org\/fr\/wp-json\/wp\/v2\/pages\/7353"}],"wp:attachment":[{"href":"https:\/\/www.unidroit.org\/fr\/wp-json\/wp\/v2\/media?parent=7406"}],"curies":[{"name":"wp","href":"https:\/\/api.w.org\/{rel}","templated":true}]}}