{"id":7658,"date":"2021-08-17T08:27:09","date_gmt":"2021-08-17T08:27:09","guid":{"rendered":"https:\/\/www.unidroit.org\/?page_id=7658"},"modified":"2021-08-17T08:27:12","modified_gmt":"2021-08-17T08:27:12","slug":"service-de-mise-a-jour-par-message-electronique","status":"publish","type":"page","link":"https:\/\/www.unidroit.org\/fr\/instruments\/garanties-internationales\/convention-du-cap\/etats-parties\/service-de-mise-a-jour-par-message-electronique\/","title":{"rendered":"SERVICE DE MISE \u00c0 JOUR PAR MESSAGE \u00c9LECTRONIQUE"},"content":{"rendered":"<div class=\"wpb-content-wrapper\"><p>[vc_row][vc_column css=&#8221;.vc_custom_1490017614850{margin-bottom: 30px !important;}&#8221;][vc_custom_heading text=&#8221;SERVICE DE MISE \u00c0 JOUR PAR MESSAGE \u00c9LECTRONIQUE&#8221; font_container=&#8221;tag:h1|text_align:left&#8221; use_theme_fonts=&#8221;yes&#8221; css=&#8221;.vc_custom_1629188866134{margin-top: 0px !important;margin-bottom: 20px !important;}&#8221;][vc_custom_heading text=&#8221;SERVICE DE MISE \u00c0 JOUR PAR MESSAGE \u00c9LECTRONIQUE: LA CONVENTION DU CAP, LE PROTOCOLE A\u00c9RONAUTIQUE, LE PROTOCOLE FERROVIAIRE, LE PROTOCOLE SPATIAL ET LE PROTOCOLE MAC<br \/>\n&#8221; font_container=&#8221;tag:h4|text_align:left&#8221; use_theme_fonts=&#8221;yes&#8221;][\/vc_column][\/vc_row][vc_row css=&#8221;.vc_custom_1622455036974{background-color: #f2f2f2 !important;}&#8221;][vc_column css=&#8221;.vc_custom_1490017614850{margin-bottom: 30px !important;}&#8221;][vc_column_text]<strong>UNIDROIT<\/strong>\u00a0propose un service de mise \u00e0 jour par message \u00e9lectronique qui notifie toute mise \u00e0 jour concernant l\u2019\u00e9tat de mise en \u0153uvre de la Convention du Cap et de ses\u00a0Protocoles. Les notifications contiennent un lien \u00e0 l\u2019\u00e9tat de mise en \u0153uvre, ne contiennent pas de documents joints et sont habituellement envoy\u00e9es dans un d\u00e9lai de quelques jours apr\u00e8s que les notifications formelles du D\u00e9positaire aient \u00e9t\u00e9 faites aux Etats contractants, \u00e0 l\u2019Autorit\u00e9 de surveillance et au Registre international.<\/p>\n<p>&nbsp;<\/p>\n<p>&nbsp;<\/p>\n<p><strong>Comment s\u2019inscrire<\/strong><\/p>\n<p>Pour recevoir les messages \u00e9lectroniques de mise \u00e0 jour, il suffit d\u2019envoyer un message \u00e9lectronique avec les mots \u201cLe Cap &#8211; Inscription\u201d\u00a0comme objet du message l\u2019adresse suivante:\u00a0<span id=\"cloak1aa8bd93cce36d50ecb70e451514b6d0\"><a href=\"mailto:capetown.update@unidroit.org\">capetown.update@unidroit.org<\/a><\/span>. Vous recevrez un message \u00e9lectronique provenant de cette adresse pour confirmer votre inscription. Veuillez lire toutes les informations qui figurent sur cette page avant de commencer la proc\u00e9dure d\u2019inscription: vous y trouverez d\u2019importantes informations relatives aux modalit\u00e9s du service propos\u00e9.<\/p>\n<p>&nbsp;<\/p>\n<p>&nbsp;<\/p>\n<p><strong>Comment se d\u00e9sinscrire<\/strong><\/p>\n<p>Pour ne plus recevoir les messages \u00e9lectroniques de mise \u00e0 jour, envoyez un message \u00e9lectronique avec les mots \u201cLe Cap &#8211; D\u00e9sabonnement\u201d\u00a0comme objet du message l\u2019adresse suivante:\u00a0<span id=\"cloak79f0404e20b6b7a63146dd682ff6d414\"><a href=\"mailto:capetown.update@unidroit.org\">capetown.update@unidroit.org<\/a><\/span>. Vous recevrez un message \u00e9lectronique provenant de cette adresse pour confirmer l\u2019annulation de votre inscription. Les inscriptions peuvent \u00eatre annul\u00e9es de fa\u00e7on automatique si les messages ne parviennent pas \u00e0 l\u2019adresse \u00e9lectronique fournie.<\/p>\n<p>&nbsp;<\/p>\n<p>&nbsp;<\/p>\n<p><strong>A propos du service<\/strong><\/p>\n<p>Les messages \u00e9lectroniques indiquent que l\u2019\u00e9tat de mise en \u0153uvre de la Convention du Cap et de ses\u00a0Protocoles a \u00e9t\u00e9 mis \u00e0 jour. Ils portent la date de la mise \u00e0 jour et contiennent un lien \u00e0 la page du site Internet d\u2019UNIDROIT ou figure l\u2019\u00e9tat de mise en \u0153uvre. Ils contiennent \u00e9galement des informations sur la fa\u00e7on de se d\u00e9sabonner du service et peuvent \u00e9galement contenir de fa\u00e7on occasionnelle des informations concernant des \u00e9l\u00e9ments nouveaux importants (comme l\u2019adoption ou l\u2019entr\u00e9e en vigueur d\u2019un nouveau Protocole \u00e0 la Convention du Cap).<\/p>\n<p>&nbsp;<\/p>\n<p>&nbsp;<\/p>\n<p><strong>Modalit\u00e9s<\/strong><\/p>\n<p>Les personnes qui s\u2019inscrivent au service de mise \u00e0 jour par message \u00e9lectronique acceptent sans condition le fait qu\u2019UNIDROIT ne donne aucune garantie quant \u00e0 la pr\u00e9cision et au d\u00e9lai d\u2019envoi des messages et n\u2019a aucune responsable \u00e0 cet \u00e9gard. UNIDROIT se r\u00e9serve le droit de suspendre ou d\u2019annuler le service de mise \u00e0 jour par message \u00e9lectronique \u00e0 tout moment (UNIDROIT s\u2019efforcera de notifier toute suspension ou annulation avec un pr\u00e9avis raisonnable). Les personnes qui s\u2019inscrivent au service de mise \u00e0 jour par message \u00e9lectronique acceptent qu\u2019UNIDROIT n\u2019est pas responsable de la fiabilit\u00e9 ou de la s\u00e9curit\u00e9 de tout \u00e9quipement informatique externe ou services de communication que les utilisateurs du service utilisent pour acc\u00e9der au service de mise \u00e0 jour par message \u00e9lectronique.[\/vc_column_text][\/vc_column][\/vc_row][vc_row][vc_column][vc_empty_space height=&#8221;10px&#8221;][\/vc_column][\/vc_row]<\/p>\n<\/div>","protected":false},"excerpt":{"rendered":"<p>[vc_row][vc_column css=&#8221;.vc_custom_1490017614850{margin-bottom: 30px !important;}&#8221;][vc_custom_heading text=&#8221;SERVICE DE MISE \u00c0 JOUR PAR MESSAGE \u00c9LECTRONIQUE&#8221; font_container=&#8221;tag:h1|text_align:left&#8221; use_theme_fonts=&#8221;yes&#8221; css=&#8221;.vc_custom_1629188866134{margin-top: 0px !important;margin-bottom: 20px !important;}&#8221;][vc_custom_heading text=&#8221;SERVICE DE MISE \u00c0 JOUR PAR MESSAGE \u00c9LECTRONIQUE: LA CONVENTION DU CAP, LE PROTOCOLE A\u00c9RONAUTIQUE, LE PROTOCOLE FERROVIAIRE, LE PROTOCOLE SPATIAL ET LE PROTOCOLE MAC &#8221;&nbsp;<a href=\"https:\/\/www.unidroit.org\/fr\/instruments\/garanties-internationales\/convention-du-cap\/etats-parties\/service-de-mise-a-jour-par-message-electronique\/\">&hellip;<\/a><\/p>\n","protected":false},"author":20,"featured_media":0,"parent":6564,"menu_order":0,"comment_status":"closed","ping_status":"closed","template":"","meta":{"ep_exclude_from_search":false,"footnotes":""},"class_list":["post-7658","page","type-page","status-publish","format-standard","hentry","odd"],"_links":{"self":[{"href":"https:\/\/www.unidroit.org\/fr\/wp-json\/wp\/v2\/pages\/7658","targetHints":{"allow":["GET"]}}],"collection":[{"href":"https:\/\/www.unidroit.org\/fr\/wp-json\/wp\/v2\/pages"}],"about":[{"href":"https:\/\/www.unidroit.org\/fr\/wp-json\/wp\/v2\/types\/page"}],"author":[{"embeddable":true,"href":"https:\/\/www.unidroit.org\/fr\/wp-json\/wp\/v2\/users\/20"}],"replies":[{"embeddable":true,"href":"https:\/\/www.unidroit.org\/fr\/wp-json\/wp\/v2\/comments?post=7658"}],"version-history":[{"count":0,"href":"https:\/\/www.unidroit.org\/fr\/wp-json\/wp\/v2\/pages\/7658\/revisions"}],"up":[{"embeddable":true,"href":"https:\/\/www.unidroit.org\/fr\/wp-json\/wp\/v2\/pages\/6564"}],"wp:attachment":[{"href":"https:\/\/www.unidroit.org\/fr\/wp-json\/wp\/v2\/media?parent=7658"}],"curies":[{"name":"wp","href":"https:\/\/api.w.org\/{rel}","templated":true}]}}