{"id":7673,"date":"2021-08-17T08:32:11","date_gmt":"2021-08-17T08:32:11","guid":{"rendered":"https:\/\/www.unidroit.org\/?page_id=7673"},"modified":"2024-02-07T10:01:43","modified_gmt":"2024-02-07T09:01:43","slug":"depositaire","status":"publish","type":"page","link":"https:\/\/www.unidroit.org\/fr\/instruments\/garanties-internationales\/protocole-ferroviaire\/depositaire\/","title":{"rendered":"D\u00e9positaire"},"content":{"rendered":"<div class=\"wpb-content-wrapper\"><p>[vc_row][vc_column css=&#8221;.vc_custom_1490017614850{margin-bottom: 30px !important;}&#8221;][vc_custom_heading text=&#8221;D\u00c9POSITAIRE&#8221; font_container=&#8221;tag:h1|text_align:left&#8221; use_theme_fonts=&#8221;yes&#8221; css=&#8221;.vc_custom_1631030266496{margin-top: 0px !important;margin-bottom: 20px !important;}&#8221;][vc_custom_heading text=&#8221;FONCTIONS DE D\u00c9POSITAIRE D&#8217;UNIDROIT: PROTOCOLE FERROVIAIRE&#8221; font_container=&#8221;tag:h4|text_align:left&#8221; use_theme_fonts=&#8221;yes&#8221;][\/vc_column][\/vc_row][vc_row css=&#8221;.vc_custom_1622455036974{background-color: #f2f2f2 !important;}&#8221;][vc_column css=&#8221;.vc_custom_1490017614850{margin-bottom: 30px !important;}&#8221;][vc_column_text]<strong>Protocole de Luxembourg\u00a0<\/strong><\/p>\n<p>&nbsp;<\/p>\n<p>Conform\u00e9ment \u00e0 l\u2019article XXXIV(1)\u00a0du\u00a0<a href=\"https:\/\/www.unidroit.org\/french\/conventions\/mobile-equipment\/railprotocol.pdf\">Protocole de Luxembourg portant sur les questions sp\u00e9cifiques au mat\u00e9riel roulant ferroviaire \u00e0 la Convention relative aux garanties internationales portant sur des mat\u00e9riels d&#8217;\u00e9quipement mobiles<\/a>, UNIDROIT\u00a0a \u00e9t\u00e9 d\u00e9sign\u00e9 comme D\u00e9positaire du Protocole ferroviaire. Les fonctions du D\u00e9positaire sont \u00e9tablies dans le Protocole (article XXXIV(2)).<\/p>\n<p style=\"padding-left: 40px;\"><a href=\"https:\/\/www.unidroit.org\/fr\/instruments\/garanties-internationales\/protocole-ferroviaire\/depositaire\/declarations-deposees-en-vertu-du-protocole-de-luxembourg\/\">D\u00e9clarations d\u00e9pos\u00e9es en vertu du Protocole de Luxembourg class\u00e9es par article<\/a><\/p>\n<p>&nbsp;<\/p>\n<p>Les informations suivantes sont fournies dans le but d&#8217;aider les \u00c9tats envisageant de devenir parties \u00e0 la Convention et au Protocole de Luxembourg:<\/p>\n<p>&nbsp;<\/p>\n<p style=\"padding-left: 40px;\"><a href=\"https:\/\/www.unidroit.org\/french\/conventions\/mobile-equipment\/180306%20rail-model-instr-rat-f.pdf\">Mod\u00e8les d&#8217;instruments de ratification, d&#8217;acceptation, d&#8217;approbation et d&#8217;adh\u00e9sion<\/a><\/p>\n<p>&nbsp;<\/p>\n<p style=\"padding-left: 40px;\">Memorandum des d\u00e9clarations en\u00a0<a href=\"https:\/\/www.unidroit.org\/wp-content\/uploads\/2023\/10\/dc10-dep-01-f.pdf\">pdf<\/a>\u00a0en\u00a0<a href=\"https:\/\/www.unidroit.org\/wp-content\/uploads\/2023\/10\/dc10-dep-01-f.docx\">Word<\/a><\/p>\n<p>&nbsp;<\/p>\n<p>&nbsp;<\/p>\n<p>&nbsp;<\/p>\n<p style=\"text-align: center;\">*\u00a0\u00a0 *\u00a0\u00a0 *<\/p>\n<p>&nbsp;<\/p>\n<p>&nbsp;<\/p>\n<p>&nbsp;<\/p>\n<p><strong>CONTACT:<\/strong><\/p>\n<p>Mme Marina SCHNEIDER<\/p>\n<p>Juriste principale et D\u00e9positaire des trait\u00e9s<\/p>\n<p><span id=\"cloakbb3c6e8391039ececa13905005b863b3\"><a href=\"mailto:m.schneider@unidroit.org\">m.schneider@unidroit.org<\/a><\/span><\/p>\n<p>&nbsp;<\/p>\n<p>&nbsp;<\/p>\n<p><strong>Service de mise \u00e0 jour par message \u00e9lectronique<\/strong><\/p>\n<p>UNIDROIT fournit par message \u00e9lectronique des informations relatives \u00e0 la mise \u00e0 jour de l&#8217;\u00e9tat de mise en oeuvre de la Convention du Cap et de ses Protocoles. D\u2019autres d\u00e9tails, y compris des informations sur la fa\u00e7on de s\u2019inscrire, sont disponibles \u00e0 la page \u201c<a href=\"\/fr\/instruments\/garanties-internationales\/convention-du-cap\/etat\/service-de-mise-a-jour-par-message-electronique\/\">Service de mise \u00e0 jour par message \u00e9lectronique<\/a>\u201d.<\/p>\n<p>&nbsp;<\/p>\n<p>&nbsp;<\/p>\n<p><strong>Rapports du D\u00e9positaire<br \/>\n<\/strong><\/p>\n<p>Lorsque le Protocole ferroviaire sera entr\u00e9 en vigueur, UNIDROIT publiera les rapports du D\u00e9positaire conform\u00e9ment \u00e0 l&#8217;article 61(1) de la Convention et \u00e0 l&#8217;article XXXIII(1)\u00a0du Protocole de Luxembourg.[\/vc_column_text][\/vc_column][\/vc_row][vc_row][vc_column][vc_empty_space height=&#8221;10px&#8221;][\/vc_column][\/vc_row]<\/p>\n<\/div>","protected":false},"excerpt":{"rendered":"<p>[vc_row][vc_column css=&#8221;.vc_custom_1490017614850{margin-bottom: 30px !important;}&#8221;][vc_custom_heading text=&#8221;D\u00c9POSITAIRE&#8221; font_container=&#8221;tag:h1|text_align:left&#8221; use_theme_fonts=&#8221;yes&#8221; css=&#8221;.vc_custom_1631030266496{margin-top: 0px !important;margin-bottom: 20px !important;}&#8221;][vc_custom_heading text=&#8221;FONCTIONS DE D\u00c9POSITAIRE D&#8217;UNIDROIT: PROTOCOLE FERROVIAIRE&#8221; font_container=&#8221;tag:h4|text_align:left&#8221; use_theme_fonts=&#8221;yes&#8221;][\/vc_column][\/vc_row][vc_row css=&#8221;.vc_custom_1622455036974{background-color: #f2f2f2 !important;}&#8221;][vc_column css=&#8221;.vc_custom_1490017614850{margin-bottom: 30px !important;}&#8221;][vc_column_text]Protocole de Luxembourg\u00a0 &nbsp; Conform\u00e9ment \u00e0 l\u2019article XXXIV(1)\u00a0du\u00a0Protocole de Luxembourg portant sur les questions sp\u00e9cifiques au mat\u00e9riel roulant ferroviaire \u00e0&nbsp;<a href=\"https:\/\/www.unidroit.org\/fr\/instruments\/garanties-internationales\/protocole-ferroviaire\/depositaire\/\">&hellip;<\/a><\/p>\n","protected":false},"author":20,"featured_media":0,"parent":7603,"menu_order":0,"comment_status":"closed","ping_status":"closed","template":"","meta":{"ep_exclude_from_search":false,"footnotes":""},"class_list":["post-7673","page","type-page","status-publish","format-standard","hentry","odd"],"_links":{"self":[{"href":"https:\/\/www.unidroit.org\/fr\/wp-json\/wp\/v2\/pages\/7673","targetHints":{"allow":["GET"]}}],"collection":[{"href":"https:\/\/www.unidroit.org\/fr\/wp-json\/wp\/v2\/pages"}],"about":[{"href":"https:\/\/www.unidroit.org\/fr\/wp-json\/wp\/v2\/types\/page"}],"author":[{"embeddable":true,"href":"https:\/\/www.unidroit.org\/fr\/wp-json\/wp\/v2\/users\/20"}],"replies":[{"embeddable":true,"href":"https:\/\/www.unidroit.org\/fr\/wp-json\/wp\/v2\/comments?post=7673"}],"version-history":[{"count":0,"href":"https:\/\/www.unidroit.org\/fr\/wp-json\/wp\/v2\/pages\/7673\/revisions"}],"up":[{"embeddable":true,"href":"https:\/\/www.unidroit.org\/fr\/wp-json\/wp\/v2\/pages\/7603"}],"wp:attachment":[{"href":"https:\/\/www.unidroit.org\/fr\/wp-json\/wp\/v2\/media?parent=7673"}],"curies":[{"name":"wp","href":"https:\/\/api.w.org\/{rel}","templated":true}]}}