{"id":7695,"date":"2021-08-17T08:37:09","date_gmt":"2021-08-17T08:37:09","guid":{"rendered":"https:\/\/www.unidroit.org\/?page_id=7695"},"modified":"2024-02-12T13:17:15","modified_gmt":"2024-02-12T12:17:15","slug":"travaux-preparatoires","status":"publish","type":"page","link":"https:\/\/www.unidroit.org\/fr\/instruments\/garanties-internationales\/protocole-ferroviaire\/travaux-preparatoires\/","title":{"rendered":"Travaux pr\u00e9paratoires"},"content":{"rendered":"<div class=\"wpb-content-wrapper\"><p>[vc_row][vc_column css=&#8221;.vc_custom_1490017614850{margin-bottom: 30px !important;}&#8221;][vc_custom_heading text=&#8221;TRAVAUX PREPARATOIRES&#8221; font_container=&#8221;tag:h1|text_align:left&#8221; use_theme_fonts=&#8221;yes&#8221; css=&#8221;.vc_custom_1629189462432{margin-top: 0px !important;margin-bottom: 20px !important;}&#8221;][vc_custom_heading text=&#8221;ETUDE LXXII H &#8211; LES GARANTIES INTERNATIONALES PORTANT SUR DES MATERIELS D\u2019EQUIPEMENT MOBILES &#8211; TRAVAUX PREPARATOIRES&#8221; font_container=&#8221;tag:h4|text_align:left&#8221; use_theme_fonts=&#8221;yes&#8221;][\/vc_column][\/vc_row][vc_row css=&#8221;.vc_custom_1622455036974{background-color: #f2f2f2 !important;}&#8221;][vc_column css=&#8221;.vc_custom_1490017614850{margin-bottom: 30px !important;}&#8221;][vc_column_text]<a href=\"https:\/\/www.unidroit.org\/wp-content\/uploads\/2024\/02\/dcme-rp-all-docs-linked-f.pdf\">Conf\u00e9rence diplomatique pour l\u2019adoption d\u2019un Protocole portant sur les questions sp\u00e9cifiques aux biens spatiaux \u00e0 la Convention relative aux garanties internationales portant sur des mat\u00e9riels d\u2019\u00e9quipement mobiles (Berlin, 27 f\u00e9vrier &#8211; 9 mars 2012)<\/a><\/p>\n<p>&nbsp;<\/p>\n<p><a href=\"https:\/\/www.unidroit.org\/french\/conventions\/mobile-equipment\/conference2007\/finalact-f.pdf\">ACTE FINAL de la Conf\u00e9rence diplomatique pour l\u2019adoption du projet de Protocole portant sur les questions sp\u00e9cifiques aux biens spatiaux \u00e0 la Convention relative aux garanties internationales portant sur des mat\u00e9riels d\u2019\u00e9quipement mobile<\/a><\/p>\n<p>&nbsp;<\/p>\n<p><strong>*\u00a0\u00a0 *\u00a0\u00a0 *<\/strong><\/p>\n<p>&nbsp;<\/p>\n<p><strong>COMITE D\u2019EXPERTS GOUVERNEMENTAUX<\/strong>\u00a0pour la pr\u00e9paration d\u2019un projet de Protocole portant sur les questions sp\u00e9cifiques au mat\u00e9riel roulant ferroviaire \u00e0 la Convention du Cap relative aux garanties internationales portant sur des mat\u00e9riels d\u2019\u00e9quipement mobiles (UNIDROIT \/ OTIF)<\/p>\n<p>&nbsp;<\/p>\n<p>&nbsp;<\/p>\n<p><strong>Troisi\u00e8me session conjointe (Berne, 5 \u2013 13 mai 2003) \u2013 Rapport<\/strong><\/p>\n<p><a href=\"https:\/\/www.unidroit.org\/french\/documents\/2003\/etude72h\/s-72h-13-f.pdf\">UNIDROIT 2003 \u2013 Etude LXXII H \u2013 Doc. 13<\/a><\/p>\n<p>OTIF\/JGR\/11<\/p>\n<p>&nbsp;<\/p>\n<p><strong>Deuxi\u00e8me session conjointe (Rome, 17 \u2013 19 juin 2002) \u2013 Rapport<\/strong><\/p>\n<p><a href=\"https:\/\/www.unidroit.org\/french\/documents\/2002\/etude72h\/s-72h-07-f.pdf\">UNIDROIT 2002 \u2013 Etude LXXII H \u2013 Doc. 7<\/a><\/p>\n<p>OTIF\/JGR\/5<\/p>\n<p>&nbsp;<\/p>\n<p><strong>Premi\u00e8re session conjointe (Berne, 15 &#8211; 16 mars 2001) \u2013 Rapport<\/strong><\/p>\n<p><a href=\"https:\/\/www.unidroit.org\/french\/documents\/2001\/etude72h\/s-72h-05-f.pdf\">UNIDROIT 2001 \u2013<\/a><a href=\"https:\/\/www.unidroit.org\/french\/documents\/2002\/etude72h\/s-72h-07-f.pdf\">\u00a0<\/a><a href=\"https:\/\/www.unidroit.org\/french\/documents\/2001\/etude72h\/s-72h-05-f.pdf\">Etude LXXII H &#8211; Doc. 5<\/a><\/p>\n<p>OTIF\/JGR\/3<\/p>\n<p>&nbsp;<\/p>\n<p>&nbsp;<\/p>\n<p><a href=\"https:\/\/www.unidroit.org\/french\/documents\/2005\/etude72h\/s-72h-18-f.pdf\">UNIDROIT 2002 \u2013 Etude LXXII \u2013 Doc 18<\/a><\/p>\n<p>Comit\u00e9 d\u2019experts gouvernementaux charg\u00e9 d\u2019\u00e9laborer un projet de Protocole portant sur les questions sp\u00e9cifiques au mat\u00e9riel roulant ferroviaire au projet de Convention d\u2019UNIDROIT relative aux garanties internationales portant sur des mat\u00e9riels d\u2019\u00e9quipement mobiles. Avant-projet de Protocole sur les questions sp\u00e9cifiques au mat\u00e9riel roulant ferroviaire \u00e0 la Convention relative aux garanties internationales portant sur des mat\u00e9riels d\u2019\u00e9quipement mobiles (Articles V, XIII, XVII et XVIII, modifi\u00e9s par un Sous-comit\u00e9 du Comit\u00e9 de r\u00e9daction du Comit\u00e9 conjoint UNIDROIT\/OTIF d\u2019experts gouvernementaux, qui s\u2019est r\u00e9uni \u00e0 Rome le 23 f\u00e9vrier 2005, sur la base des discussions du Groupe sp\u00e9cial sur le Registre ferroviaire qui a tenu sa quatri\u00e8me r\u00e9union \u00e0 Rome du 22 au 24 f\u00e9vrier 2005). Introduction par le Secr\u00e9tariat d\u2019UNIDROIT<\/p>\n<p>&nbsp;<\/p>\n<p>&nbsp;<\/p>\n<p><a href=\"https:\/\/www.unidroit.org\/french\/documents\/2005\/etude72h\/s-72h-17-f.pdf\">UNIDROIT 2002 \u2013 Etude LXXII \u2013 Doc 17<\/a><\/p>\n<p>Comit\u00e9 d\u2019experts gouvernementaux charg\u00e9 d\u2019\u00e9laborer un projet de Protocole portant sur les questions sp\u00e9cifiques au mat\u00e9riel roulant ferroviaire au projet de Convention d\u2019UNIDROIT relative aux garanties internationales portant sur des mat\u00e9riels d\u2019\u00e9quipement mobiles. Groupe sp\u00e9cial sur le registre ferroviaire (Quatri\u00e8me r\u00e9union, Rome 22 \u2013 24 f\u00e9vrier 2005) Rapport (pr\u00e9par\u00e9 par le Secr\u00e9tariat d\u2019UNIDROIT)<\/p>\n<p>&nbsp;<\/p>\n<p><a href=\"https:\/\/www.unidroit.org\/french\/documents\/2004\/etude72h\/s-72h-16-f.pdf\">UNIDROIT 2004 &#8211; Study LXXII H &#8211; Doc. 16<\/a><\/p>\n<p>The International Legal Regimen for the Taking of Security in High-Value Mobile Equipment \u2013 Possibilities and Challenges. A colloquium organised by the International Institute for the Unification of Private Law (UNIDROIT), the Intergovernmental Organisation for International Carriage by Rail (OTIF), under the auspices of the Government of Mexico and the Mexican Center of Uniform Law, Ex-Colegio de la Santa Cruz de Tlatelolco, Mexico City, 11-12 October 2004. Acts (en anglais seulement)<\/p>\n<p>&nbsp;<\/p>\n<p><a href=\"https:\/\/www.unidroit.org\/french\/documents\/2004\/etude72h\/s-72h-15-f.pdf\">UNIDROIT 2004 &#8211; Study LXXII H &#8211; Doc. 15<\/a><\/p>\n<p>The Preliminary Draft Rail Protocol to the Cape Town Convention on International Interests in Mobile Equipment: An Opportunity for Government and Industry to Compare Notes in the Run-up to the Diplomatic Conference (A colloquium organised by the International Institute for the Unification of Private Law (UNIDROIT), the Intergovernmental Organisation for International Carriage by Rail (OTIF) and the Rail Working Group, in co-operation with the Government of Poland, at the headquarters of the Organisation for the Collaboration between Railways (OSShD OSJD), Warsaw, 15-16 April 2004). Acts (en anglais seulement)<\/p>\n<p>&nbsp;<\/p>\n<p><a href=\"https:\/\/www.unidroit.org\/french\/documents\/2003\/etude72h\/s-72h-14-f.pdf\">UNIDROIT 2002 \u2013 Etude LXXII \u2013 Doc 14<\/a><\/p>\n<p>Comit\u00e9 d\u2019experts gouvernementaux charg\u00e9 d\u2019\u00e9laborer un projet de Protocole portant sur les questions sp\u00e9cifiques au mat\u00e9riel roulant ferroviaire au projet de Convention d\u2019UNIDROIT relative aux garanties internationales portant sur des mat\u00e9riels d\u2019\u00e9quipement mobiles. Avant-projet de Protocole sur les questions sp\u00e9cifiques au mat\u00e9riel roulant ferroviaire (tel qu\u2019adopt\u00e9 par le Comit\u00e9 d\u2019experts gouvernementaux \u00e0 sa troisi\u00e8me session tenue \u00e0 Berne du 5 au 13 mai 2003)<\/p>\n<p>&nbsp;<\/p>\n<p><a href=\"https:\/\/www.unidroit.org\/french\/documents\/2003\/etude72h\/s-72h-13-f.pdf\">UNIDROIT 2002 \u2013 Etude LXXII \u2013 Doc 13<\/a><\/p>\n<p>Comit\u00e9 d\u2019experts gouvernementaux charg\u00e9 d\u2019\u00e9laborer un projet de Protocole portant sur les questions sp\u00e9cifiques au mat\u00e9riel roulant ferroviaire au projet de Convention d\u2019UNIDROIT relative aux garanties internationales portant sur des mat\u00e9riels d\u2019\u00e9quipement mobiles. Troisi\u00e8me session conjointe (Berne, 5 \u2013 13 mai 2003) Rapport (prepar\u00e9 par les Secr\u00e9tariats d\u2019UNIDROIT et de l\u2019OTIF)<\/p>\n<p>&nbsp;<\/p>\n<p><a href=\"https:\/\/www.unidroit.org\/french\/documents\/2003\/etude72h\/s-72h-12-f.pdf\">UNIDROIT 2002 \u2013 Etude LXXII \u2013 Doc 12<\/a><\/p>\n<p>Comit\u00e9 d\u2019experts gouvernementaux charg\u00e9 d\u2019\u00e9laborer un projet de Protocole portant sur les questions sp\u00e9cifiques au mat\u00e9riel roulant ferroviaire au projet de Convention d\u2019UNIDROIT relative aux garanties internationales portant sur des mat\u00e9riels d\u2019\u00e9quipement mobiles. Avant-projet de Protocole sur les questions sp\u00e9cifiques au mat\u00e9riel roulant ferroviaire. Observations (pr\u00e9sent\u00e9es par le Gouvernement du Chili)<\/p>\n<p>&nbsp;<\/p>\n<p><a href=\"https:\/\/www.unidroit.org\/french\/documents\/2003\/etude72h\/s-72h-11-f.pdf\">UNIDROIT 2002 \u2013 Etude LXXII \u2013 Doc 11<\/a><\/p>\n<p>Comit\u00e9 d\u2019experts gouvernementaux charg\u00e9 d\u2019\u00e9laborer un projet de Protocole portant sur les questions sp\u00e9cifiques au mat\u00e9riel roulant ferroviaire au projet de Convention d\u2019UNIDROIT relative aux garanties internationales portant sur des mat\u00e9riels d\u2019\u00e9quipement mobiles. Avant-projet de Protocole sur les questions sp\u00e9cifiques au mat\u00e9riel roulant ferroviaire. Observations (pr\u00e9sent\u00e9es par le Minist\u00e8re de la Justice autrichien)<\/p>\n<p>&nbsp;<\/p>\n<p><a href=\"https:\/\/www.unidroit.org\/french\/documents\/2003\/etude72h\/s-72h-10-f.pdf\">UNIDROIT 2002 \u2013 Etude LXXII \u2013 Doc 10<\/a><\/p>\n<p>Comit\u00e9 d\u2019experts gouvernementaux charg\u00e9 d\u2019\u00e9laborer un projet de Protocole portant sur les questions sp\u00e9cifiques au mat\u00e9riel roulant ferroviaire au projet de Convention d\u2019UNIDROIT relative aux garanties internationales portant sur des mat\u00e9riels d\u2019\u00e9quipement mobiles. Groupe sp\u00e9cial sur le registre ferroviaire (Deuxi\u00e8me r\u00e9union, Washington 19 \u2013 20 mars 2003) Rapport (pr\u00e9par\u00e9 par M. Peter Bloch, Co-pr\u00e9sident)<\/p>\n<p>&nbsp;<\/p>\n<p><a href=\"https:\/\/www.unidroit.org\/french\/documents\/2003\/etude72h\/s-72h-09-f.pdf\">UNIDROIT 2002 \u2013 Etude LXXII \u2013 Doc 9<\/a><\/p>\n<p>Comit\u00e9 d\u2019experts gouvernementaux charg\u00e9 d\u2019\u00e9laborer un projet de Protocole portant sur les questions sp\u00e9cifiques au mat\u00e9riel roulant ferroviaire au projet de Convention d\u2019UNIDROIT relative aux garanties internationales portant sur des mat\u00e9riels d\u2019\u00e9quipement mobiles. Propositions de modification de l\u2019avant-projet de Protocole portant sur les questions sp\u00e9cifiques au mat\u00e9riel roulant ferroviaire (tel que r\u00e9vis\u00e9 par le Comit\u00e9 de r\u00e9daction lors de sa deuxi\u00e8me session, tenue \u00e0 Rome du 23 au 25 octobre 2002) (pr\u00e9sent\u00e9es par le Groupe de travail ferroviaire (GTF))<\/p>\n<p>&nbsp;<\/p>\n<p><a href=\"https:\/\/www.unidroit.org\/french\/documents\/2002\/etude72h\/s-72h-08-f.pdf\">UNIDROIT 2002 &#8211; Etude LXXII H &#8211; Doc. 8<\/a><\/p>\n<p>Comit\u00e9 d\u2019experts gouvernementaux charg\u00e9 d\u2019\u00e9laborer un projet de Protocole portant sur les questions sp\u00e9cifiques au mat\u00e9riel roulant ferroviaire au projet de Convention d\u2019UNIDROIT relative aux garanties internationales portant sur des mat\u00e9riels d\u2019\u00e9quipement mobiles. Avant-projet de Protocole portant sur les questions sp\u00e9cifiques au mat\u00e9riel roulant ferroviaire (tel que r\u00e9vis\u00e9 par le Comit\u00e9 de r\u00e9daction lors de sa deuxi\u00e8me session, tenue \u00e0 Rome du 23 au 25 octobre 2002)<\/p>\n<p>&nbsp;<\/p>\n<p><a href=\"https:\/\/www.unidroit.org\/french\/documents\/2002\/etude72h\/s-72h-07-f.pdf\">UNIDROIT 2002 \u2013 Etude LXXII \u2013 Doc 7<\/a><\/p>\n<p>Comit\u00e9 d\u2019experts gouvernementaux charg\u00e9 d\u2019\u00e9laborer un projet de Protocole portant sur les questions sp\u00e9cifiques au mat\u00e9riel roulant ferroviaire au projet de Convention d\u2019UNIDROIT relative aux garanties internationales portant sur des mat\u00e9riels d\u2019\u00e9quipement mobiles. Premi\u00e8re session conjointe (Rome, 17 \u2013 19 juin 2002): Rapport (prepar\u00e9 par les Secr\u00e9tariats d\u2019UNIDROIT et de l\u2019OTIF)<\/p>\n<p>&nbsp;<\/p>\n<p><a href=\"https:\/\/www.unidroit.org\/french\/documents\/2002\/etude72h\/s-72h-06-f.pdf\">UNIDROIT 2002 &#8211; Etude LXXII H &#8211; Doc. 6<\/a><\/p>\n<p>Comit\u00e9 d\u2019experts gouvernementaux charg\u00e9 d\u2019\u00e9laborer un projet de Protocole portant sur les questions sp\u00e9cifiques au mat\u00e9riel roulant ferroviaire au projet de Convention d\u2019UNIDROIT relative aux garanties internationales portant sur des mat\u00e9riels d\u2019\u00e9quipement mobiles. Projet de Protocole portant sur les questions sp\u00e9cifiques au mat\u00e9riel roulant ferroviaire (tel que r\u00e9vis\u00e9 par le Comit\u00e9 de r\u00e9daction lors de sa premi\u00e8re session, tenue \u00e0 Rome du 4 au 6 f\u00e9vrier 2002)<\/p>\n<p>&nbsp;<\/p>\n<p><a href=\"https:\/\/www.unidroit.org\/french\/documents\/2001\/etude72h\/s-72h-05-f.pdf\">UNIDROIT 2001 &#8211; Etude LXXII H &#8211; Doc. 5<\/a><\/p>\n<p>Comit\u00e9 d\u2019experts gouvernementaux charg\u00e9 d\u2019\u00e9laborer un projet de Protocole portant sur les questions sp\u00e9cifiques au mat\u00e9riel roulant ferroviaire au projet de convention d\u2019UNIDROIT relative aux garanties internationales portant sur des mat\u00e9riels d\u2019\u00e9quipement mobiles. Premi\u00e8re Session conjointe (Berne, 15 et 16 mars 2001) Rapport (pr\u00e9par\u00e9 par les Secr\u00e9tariats de l\u2019OTIF et d\u2019UNIDROIT)<\/p>\n<p>&nbsp;<\/p>\n<p><a href=\"https:\/\/www.unidroit.org\/french\/documents\/2000\/etude72h\/s-72h-04corr-f.pdf\">UNIDROIT 200 \u2013 Etude LXXII H \u2013 Doc. 4 Corr.<\/a><\/p>\n<p>Comit\u00e9 d\u2019experts gouvernementaux charg\u00e9 d\u2019\u00e9laborer un projet de Protocole portant sur les questions sp\u00e9cifiques au mat\u00e9riel roulant ferroviaire au projet de Convention d\u2019UNIDROIT relative aux garanties internationales portant sur des mat\u00e9riels d\u2019\u00e9quipement mobiles. Premi\u00e8re session conjointe (Berne, 15 et 16 mars 2001). Avant-projet de Protocole portant sur les questions sp\u00e9cifiques au mat\u00e9riel roulant ferroviaire<\/p>\n<p>&nbsp;<\/p>\n<p><a href=\"https:\/\/www.unidroit.org\/french\/documents\/2000\/etude72h\/s-72h-03-f.pdf\">UNIDROIT 2000 &#8211; Etude LXXII H &#8211; Doc. 3<\/a><\/p>\n<p>Comit\u00e9 d\u2019experts gouvernementaux charge d\u2019\u00e9laborer un projet de protocole portant sur les questions sp\u00e9cifiques au mat\u00e9riel roulant ferroviaire au projet de convention d&#8217;UNIDROIT relative aux garanties internationales portant sur des mat\u00e9riels d&#8217;\u00e9quipement mobiles. Premi\u00e8re Session conjointe (Berne, 15 et 16 mars 2001). Projet de Convention d&#8217;UNIDROIT relative aux garanties internationales portant sur des mat\u00e9riels d&#8217;\u00e9quipement mobiles<\/p>\n<p>&nbsp;<\/p>\n<p><a href=\"https:\/\/www.unidroit.org\/french\/documents\/2000\/etude72h\/s-72h-02-f.pdf\">UNIDROIT 2000 &#8211; Etude LXXII H &#8211; Doc. 2<\/a><\/p>\n<p>Comit\u00e9 pilote et de r\u00e9vision (Rome, 16 &#8211; 17 mars 2000). Rapport (pr\u00e9par\u00e9 par le Secr\u00e9tariat d&#8217;UNIDROIT)<\/p>\n<p>&nbsp;<\/p>\n<p><a href=\"https:\/\/www.unidroit.org\/french\/documents\/2000\/etude72h\/s-72h-01-f.pdf\">UNIDROIT 200 \u2013 Etude LXXII H \u2013 Doc. 1<\/a><\/p>\n<p>Comit\u00e9 pilote et de r\u00e9vision charg\u00e9 de l&#8217;examen de l&#8217;avant-projet de Protocole portant sur les questions sp\u00e9cifiques au mat\u00e9riel roulant ferroviaire, \u00e0 l&#8217;avant-projet de Convention d&#8217;UNIDROIT relative aux garanties internationales portant sur des materiels d&#8217;equipement mobiles. Avant-projet de Convention d&#8217;UNIDROIT relative aux garanties internationales portant sur des mat\u00e9riels d&#8217;\u00e9quipement mobiles (tel que r\u00e9vis\u00e9 par le Groupe de r\u00e9daction ad hoc, constitu\u00e9 lors de la deuxi\u00e8me Session conjointe du Comit\u00e9 d&#8217;experts gouvernementaux, \u00e0 la lumi\u00e8re de la seconde lecture par la Session pl\u00e9ni\u00e8re, lors de sa r\u00e9union tenue \u00e0 Rome du 25 au 27 novembre 1999). Avant-projet de Protocole portant sur les questions sp\u00e9cifiques au mat\u00e9riel roulant ferroviaire (tel qu\u2019arr\u00eat\u00e9 par un groupe de travail organis\u00e9 et pr\u00e9sid\u00e9 par M. H. Rosen, expert consultant sur les questions de financement ferroviaire international aupr\u00e8s du Comit\u00e9 d&#8217;\u00e9tude d&#8217;UUNIDROIT charg\u00e9 de l&#8217;\u00e9laboration d&#8217;une r\u00e9glementation uniforme relative aux garanties internationales portant sur des mat\u00e9riels d&#8217;\u00e9quipement mobiles, \u00e0 l&#8217;invitation du Pr\u00e9sident, \u00e0 l&#8217;issue de sa septi\u00e8me session, tenue \u00e0 Londres le 19 janvier 2000)[\/vc_column_text][\/vc_column][\/vc_row][vc_row][vc_column][vc_empty_space height=&#8221;10px&#8221;][\/vc_column][\/vc_row]<\/p>\n<\/div>","protected":false},"excerpt":{"rendered":"<p>[vc_row][vc_column css=&#8221;.vc_custom_1490017614850{margin-bottom: 30px !important;}&#8221;][vc_custom_heading text=&#8221;TRAVAUX PREPARATOIRES&#8221; font_container=&#8221;tag:h1|text_align:left&#8221; use_theme_fonts=&#8221;yes&#8221; css=&#8221;.vc_custom_1629189462432{margin-top: 0px !important;margin-bottom: 20px !important;}&#8221;][vc_custom_heading text=&#8221;ETUDE LXXII H &#8211; LES GARANTIES INTERNATIONALES PORTANT SUR DES MATERIELS D\u2019EQUIPEMENT MOBILES &#8211; TRAVAUX PREPARATOIRES&#8221; font_container=&#8221;tag:h4|text_align:left&#8221; use_theme_fonts=&#8221;yes&#8221;][\/vc_column][\/vc_row][vc_row css=&#8221;.vc_custom_1622455036974{background-color: #f2f2f2 !important;}&#8221;][vc_column css=&#8221;.vc_custom_1490017614850{margin-bottom: 30px !important;}&#8221;][vc_column_text]Conf\u00e9rence diplomatique pour l\u2019adoption d\u2019un Protocole portant sur les&nbsp;<a href=\"https:\/\/www.unidroit.org\/fr\/instruments\/garanties-internationales\/protocole-ferroviaire\/travaux-preparatoires\/\">&hellip;<\/a><\/p>\n","protected":false},"author":20,"featured_media":0,"parent":7603,"menu_order":0,"comment_status":"closed","ping_status":"closed","template":"","meta":{"ep_exclude_from_search":false,"footnotes":""},"class_list":["post-7695","page","type-page","status-publish","format-standard","hentry","odd"],"_links":{"self":[{"href":"https:\/\/www.unidroit.org\/fr\/wp-json\/wp\/v2\/pages\/7695","targetHints":{"allow":["GET"]}}],"collection":[{"href":"https:\/\/www.unidroit.org\/fr\/wp-json\/wp\/v2\/pages"}],"about":[{"href":"https:\/\/www.unidroit.org\/fr\/wp-json\/wp\/v2\/types\/page"}],"author":[{"embeddable":true,"href":"https:\/\/www.unidroit.org\/fr\/wp-json\/wp\/v2\/users\/20"}],"replies":[{"embeddable":true,"href":"https:\/\/www.unidroit.org\/fr\/wp-json\/wp\/v2\/comments?post=7695"}],"version-history":[{"count":0,"href":"https:\/\/www.unidroit.org\/fr\/wp-json\/wp\/v2\/pages\/7695\/revisions"}],"up":[{"embeddable":true,"href":"https:\/\/www.unidroit.org\/fr\/wp-json\/wp\/v2\/pages\/7603"}],"wp:attachment":[{"href":"https:\/\/www.unidroit.org\/fr\/wp-json\/wp\/v2\/media?parent=7695"}],"curies":[{"name":"wp","href":"https:\/\/api.w.org\/{rel}","templated":true}]}}