{"id":7710,"date":"2021-08-17T08:40:18","date_gmt":"2021-08-17T08:40:18","guid":{"rendered":"https:\/\/www.unidroit.org\/?page_id=7710"},"modified":"2021-08-17T08:49:37","modified_gmt":"2021-08-17T08:49:37","slug":"liens-utiles","status":"publish","type":"page","link":"https:\/\/www.unidroit.org\/fr\/instruments\/garanties-internationales\/protocole-ferroviaire\/liens-utiles\/","title":{"rendered":"Liens utiles"},"content":{"rendered":"<div class=\"wpb-content-wrapper\"><p>[vc_row][vc_column css=&#8221;.vc_custom_1490017614850{margin-bottom: 30px !important;}&#8221;][vc_custom_heading text=&#8221;LIENS UTILES&#8221; font_container=&#8221;tag:h1|text_align:left&#8221; use_theme_fonts=&#8221;yes&#8221; css=&#8221;.vc_custom_1629189592493{margin-top: 0px !important;margin-bottom: 20px !important;}&#8221;][vc_custom_heading text=&#8221;PROTOCOLE FERROVIAIRE &#8211; LIENS UTILES&#8221; font_container=&#8221;tag:h4|text_align:left&#8221; use_theme_fonts=&#8221;yes&#8221;][\/vc_column][\/vc_row][vc_row css=&#8221;.vc_custom_1622455036974{background-color: #f2f2f2 !important;}&#8221;][vc_column css=&#8221;.vc_custom_1490017614850{margin-bottom: 30px !important;}&#8221;][vc_column_text]<a href=\"http:\/\/www.otif.org\/\" target=\"_blank\" rel=\"noopener\">Organisation Intergouvernementale pour les Transports Internationaux Ferroviaires<\/a><\/p>\n<p>Groupe de travail ferroviaire (<a href=\"http:\/\/www.railworkinggroup.org\/\" target=\"_blank\" rel=\"noopener\">Rail Working Group<\/a>) : organisation \u00e0 but non lucratif constitu\u00e9e \u00e0 la demande d\u2019UNIDROIT pour repr\u00e9senter les milieux ferroviaires en vue de l\u2019adoption et de la mise en oeuvre du Protocole de Luxembourg de 2007 portant sur les questions sp\u00e9cifiques au mat\u00e9riel roulant ferroviaire \u00e0 la Convention relative aux garanties internationales portant sur des mat\u00e9riels d&#8217;\u00e9quipement mobiles (Le Protocole ferroviaire de Luxembourg).<\/p>\n<p><a href=\"\/fr\/instruments\/garanties-internationales\/convention-du-cap\/ctc-academic-project\/\">Projet acad\u00e9mique relatif \u00e0 la Convention du Cap<\/a><\/p>\n<p>[\/vc_column_text][\/vc_column][\/vc_row][vc_row][vc_column][vc_empty_space height=&#8221;10px&#8221;][\/vc_column][\/vc_row]<\/p>\n<\/div>","protected":false},"excerpt":{"rendered":"<p>[vc_row][vc_column css=&#8221;.vc_custom_1490017614850{margin-bottom: 30px !important;}&#8221;][vc_custom_heading text=&#8221;LIENS UTILES&#8221; font_container=&#8221;tag:h1|text_align:left&#8221; use_theme_fonts=&#8221;yes&#8221; css=&#8221;.vc_custom_1629189592493{margin-top: 0px !important;margin-bottom: 20px !important;}&#8221;][vc_custom_heading text=&#8221;PROTOCOLE FERROVIAIRE &#8211; LIENS UTILES&#8221; font_container=&#8221;tag:h4|text_align:left&#8221; use_theme_fonts=&#8221;yes&#8221;][\/vc_column][\/vc_row][vc_row css=&#8221;.vc_custom_1622455036974{background-color: #f2f2f2 !important;}&#8221;][vc_column css=&#8221;.vc_custom_1490017614850{margin-bottom: 30px !important;}&#8221;][vc_column_text]Organisation Intergouvernementale pour les Transports Internationaux Ferroviaires Groupe de travail ferroviaire (Rail Working Group) : organisation \u00e0 but non lucratif&nbsp;<a href=\"https:\/\/www.unidroit.org\/fr\/instruments\/garanties-internationales\/protocole-ferroviaire\/liens-utiles\/\">&hellip;<\/a><\/p>\n","protected":false},"author":20,"featured_media":0,"parent":7603,"menu_order":0,"comment_status":"closed","ping_status":"closed","template":"","meta":{"ep_exclude_from_search":false,"footnotes":""},"class_list":["post-7710","page","type-page","status-publish","format-standard","hentry","odd"],"_links":{"self":[{"href":"https:\/\/www.unidroit.org\/fr\/wp-json\/wp\/v2\/pages\/7710","targetHints":{"allow":["GET"]}}],"collection":[{"href":"https:\/\/www.unidroit.org\/fr\/wp-json\/wp\/v2\/pages"}],"about":[{"href":"https:\/\/www.unidroit.org\/fr\/wp-json\/wp\/v2\/types\/page"}],"author":[{"embeddable":true,"href":"https:\/\/www.unidroit.org\/fr\/wp-json\/wp\/v2\/users\/20"}],"replies":[{"embeddable":true,"href":"https:\/\/www.unidroit.org\/fr\/wp-json\/wp\/v2\/comments?post=7710"}],"version-history":[{"count":0,"href":"https:\/\/www.unidroit.org\/fr\/wp-json\/wp\/v2\/pages\/7710\/revisions"}],"up":[{"embeddable":true,"href":"https:\/\/www.unidroit.org\/fr\/wp-json\/wp\/v2\/pages\/7603"}],"wp:attachment":[{"href":"https:\/\/www.unidroit.org\/fr\/wp-json\/wp\/v2\/media?parent=7710"}],"curies":[{"name":"wp","href":"https:\/\/api.w.org\/{rel}","templated":true}]}}